{"id":84,"date":"2020-03-20T20:41:36","date_gmt":"2020-03-20T17:41:36","guid":{"rendered":"http:\/\/blog.metu.edu.tr\/ceitech\/?page_id=84"},"modified":"2020-03-20T22:41:08","modified_gmt":"2020-03-20T19:41:08","slug":"uzaktan-egitim","status":"publish","type":"page","link":"https:\/\/blog.metu.edu.tr\/ceitech\/uzaktan-egitim\/","title":{"rendered":"Uzaktan E\u011fitim"},"content":{"rendered":"<p>Zoom uygulamas\u0131 kullanarak asenkron ve senkron nas\u0131l ders i\u015flenir \u00f6\u011frenmek i\u00e7in a\u015fa\u011f\u0131daki ad\u0131m ad\u0131m videolar\u0131 izleyebilirsiniz. Dersinizi ger\u00e7ekle\u015ftirmeden \u00f6nce olas\u0131 aksakl\u0131klar ya\u015famamak i\u00e7in bir deneme yapman\u0131z\u0131 \u00f6neririz.<\/p>\n<table style=\"border-collapse: collapse\" border=\"0\" width=\"100%\">\n<tbody>\n<tr>\n<td width=\"40%\"><a href=\"\/\/www.youtube.com\/watch?v=BCs5qUzqB2M&amp;list=PLnBT3Ci4DOybzyIc0oFZDqW-dhLdmizJM&amp;index=1\" target=\"_blank\" rel=\"noopener noreferrer\"><br \/>\n<img decoding=\"async\" class=\"alignnone size-thumbnail\" src=\"https:\/\/blog.metu.edu.tr\/ceitech\/files\/2020\/03\/zoom1.png\" width=\"300\" title=\"\" alt=\"\" \/><br \/>\n<\/a><\/td>\n<td><b><a href=\"\/\/www.youtube.com\/watch?v=BCs5qUzqB2M&amp;list=PLnBT3Ci4DOybzyIc0oFZDqW-dhLdmizJM&amp;index=1\" target=\"_blank\" rel=\"noopener noreferrer\">1. Ba\u015flang\u0131\u00e7 Ayarlar\u0131<\/a><\/b><br \/>\nZoom \u00dcyeli\u011fi Alma, Meeting Olu\u015fturma ve Ayarlar\u0131<\/td>\n<\/tr>\n<tr>\n<td width=\"40%\"><a href=\"https:\/\/www.youtube.com\/watch?v=FawRV3XTEzA&amp;list=PLnBT3Ci4DOybzyIc0oFZDqW-dhLdmizJM&amp;index=2\" target=\"_blank\" rel=\"noopener noreferrer\"><br \/>\n<img decoding=\"async\" class=\"alignnone size-thumbnail\" src=\"https:\/\/blog.metu.edu.tr\/ceitech\/files\/2020\/03\/zoom3.png\" width=\"300\" title=\"\" alt=\"\" \/><br \/>\n<\/a><\/td>\n<td><b><a href=\"https:\/\/www.youtube.com\/watch?v=FawRV3XTEzA&amp;list=PLnBT3Ci4DOybzyIc0oFZDqW-dhLdmizJM&amp;index=2\" target=\"_blank\" rel=\"noopener noreferrer\">2. Asenkron Ders \u0130\u015fleme<\/a><\/b><br \/>\nVideo Kayd\u0131 Olu\u015fturma, Ekran ve Sunum Dosyas\u0131 Payla\u015f\u0131m\u0131, \u00c7izim<\/td>\n<\/tr>\n<tr>\n<td width=\"40%\"><a href=\"https:\/\/www.youtube.com\/watch?v=HSG-0cdCrXI&amp;list=PLnBT3Ci4DOybzyIc0oFZDqW-dhLdmizJM&amp;index=3\" target=\"_blank\" rel=\"noopener noreferrer\"><br \/>\n<img decoding=\"async\" class=\"alignnone size-thumbnail\" src=\"https:\/\/blog.metu.edu.tr\/ceitech\/files\/2020\/03\/zoom2.png\" width=\"300\" title=\"\" alt=\"\" \/><br \/>\n<\/a><\/td>\n<td><b><a href=\"https:\/\/www.youtube.com\/watch?v=HSG-0cdCrXI&amp;list=PLnBT3Ci4DOybzyIc0oFZDqW-dhLdmizJM&amp;index=3\" target=\"_blank\" rel=\"noopener noreferrer\">3. Senkron (Canl\u0131) Ders \u0130\u015fleme<\/a><\/b><br \/>\nCanl\u0131 Ders Ba\u015flatma, ODTUClass&#8217;dan \u00d6\u011frencilerle Payla\u015fma, Yaz\u0131l\u0131 ve S\u00f6zl\u00fc Soru Alma, Ders Kayd\u0131<\/td>\n<\/tr>\n<tr>\n<td width=\"40%\"><a href=\"https:\/\/www.youtube.com\/watch?v=GSMM3Y9L3nw&amp;list=PLnBT3Ci4DOybzyIc0oFZDqW-dhLdmizJM&amp;index=4\" target=\"_blank\" rel=\"noopener noreferrer\"><br \/>\n<img decoding=\"async\" class=\"alignnone size-thumbnail\" src=\"https:\/\/blog.metu.edu.tr\/ceitech\/files\/2020\/03\/zoom4.png\" width=\"300\" title=\"\" alt=\"\" \/><br \/>\n<\/a><\/td>\n<td><b><a href=\"https:\/\/www.youtube.com\/watch?v=GSMM3Y9L3nw&amp;list=PLnBT3Ci4DOybzyIc0oFZDqW-dhLdmizJM&amp;index=4\" target=\"_blank\" rel=\"noopener noreferrer\">4. Telefon Kameras\u0131 ile Ders \u0130\u015fleme<\/a><\/b><br \/>\nBilgisayar ve Telefonu Birbirine Ba\u011flama, Telefon Uygulama Kurulumu ve Sabitleme<\/td>\n<\/tr>\n<tr>\n<td width=\"40%\"><a href=\"https:\/\/www.youtube.com\/watch?v=DFqIghEDSN0&amp;list=PLnBT3Ci4DOybzyIc0oFZDqW-dhLdmizJM&amp;index=5\" target=\"_blank\" rel=\"noopener noreferrer\"><br \/>\n<img decoding=\"async\" class=\"alignnone size-thumbnail\" src=\"https:\/\/blog.metu.edu.tr\/ceitech\/files\/2020\/03\/zoom5.png\" width=\"300\" title=\"\" alt=\"\" \/><br \/>\n<\/a><\/td>\n<td><b><a href=\"https:\/\/www.youtube.com\/watch?v=DFqIghEDSN0&amp;list=PLnBT3Ci4DOybzyIc0oFZDqW-dhLdmizJM&amp;index=5\" target=\"_blank\" rel=\"noopener noreferrer\">5. Ders Kayd\u0131 Payla\u015f\u0131m\u0131<\/a><\/b><br \/>\nDers Kayd\u0131n\u0131n Youtube&#8217;a Eklenmesi ve \u00d6\u011frencilere Duyurulmas\u0131<\/td>\n<\/tr>\n<\/tbody>\n<\/table>\n","protected":false},"excerpt":{"rendered":"<p>Zoom uygulamas\u0131 kullanarak asenkron ve senkron nas\u0131l ders i\u015flenir \u00f6\u011frenmek i\u00e7in a\u015fa\u011f\u0131daki ad\u0131m ad\u0131m videolar\u0131 izleyebilirsiniz. Dersinizi ger\u00e7ekle\u015ftirmeden \u00f6nce olas\u0131 aksakl\u0131klar ya\u015famamak i\u00e7in bir deneme yapman\u0131z\u0131 \u00f6neririz. 1. Ba\u015flang\u0131\u00e7 Ayarlar\u0131 Zoom \u00dcyeli\u011fi Alma, Meeting Olu\u015fturma ve Ayarlar\u0131 2. Asenkron Ders \u0130\u015fleme Video Kayd\u0131 Olu\u015fturma, Ekran ve Sunum Dosyas\u0131 Payla\u015f\u0131m\u0131, \u00c7izim 3. Senkron (Canl\u0131) Ders \u0130\u015fleme [&hellip;]<\/p>\n","protected":false},"author":3630,"featured_media":0,"parent":0,"menu_order":0,"comment_status":"closed","ping_status":"closed","template":"","meta":{"footnotes":"","_links_to":"","_links_to_target":""},"class_list":["post-84","page","type-page","status-publish","hentry"],"_links":{"self":[{"href":"https:\/\/blog.metu.edu.tr\/ceitech\/wp-json\/wp\/v2\/pages\/84","targetHints":{"allow":["GET"]}}],"collection":[{"href":"https:\/\/blog.metu.edu.tr\/ceitech\/wp-json\/wp\/v2\/pages"}],"about":[{"href":"https:\/\/blog.metu.edu.tr\/ceitech\/wp-json\/wp\/v2\/types\/page"}],"author":[{"embeddable":true,"href":"https:\/\/blog.metu.edu.tr\/ceitech\/wp-json\/wp\/v2\/users\/3630"}],"replies":[{"embeddable":true,"href":"https:\/\/blog.metu.edu.tr\/ceitech\/wp-json\/wp\/v2\/comments?post=84"}],"version-history":[{"count":0,"href":"https:\/\/blog.metu.edu.tr\/ceitech\/wp-json\/wp\/v2\/pages\/84\/revisions"}],"wp:attachment":[{"href":"https:\/\/blog.metu.edu.tr\/ceitech\/wp-json\/wp\/v2\/media?parent=84"}],"curies":[{"name":"wp","href":"https:\/\/api.w.org\/{rel}","templated":true}]}}