{"id":4,"date":"2015-09-10T15:55:37","date_gmt":"2015-09-10T12:55:37","guid":{"rendered":"http:\/\/blog.metu.edu.tr\/ceitech\/?page_id=4"},"modified":"2024-10-14T14:23:42","modified_gmt":"2024-10-14T11:23:42","slug":"ekibimiz","status":"publish","type":"page","link":"https:\/\/blog.metu.edu.tr\/ceitech\/","title":{"rendered":"Ekibimiz"},"content":{"rendered":"\n<table style=\"border-collapse: collapse\" border=\"0\" width=\"100%\">\n<tbody>\n<tr>\n<td width=\"25%\"><img loading=\"lazy\" decoding=\"async\" class=\"alignnone size-thumbnail wp-image-22\" src=\"https:\/\/blog.metu.edu.tr\/ceitech\/files\/2021\/03\/ahmet_bahaddin_ersoz.jpg\" width=\"150\" height=\"150\" title=\"\" alt=\"\" \/><\/td>\n<td><b>Ahmet Bahaddin Ers\u00f6z<\/b><br>Ara\u015f. G\u00f6r.<\/td>\n<\/tr>\n<tr>\n<td width=\"25%\"><img loading=\"lazy\" decoding=\"async\" class=\"alignnone size-thumbnail wp-image-22\" src=\"https:\/\/blog.metu.edu.tr\/ceitech\/files\/2020\/03\/berkay.jpg\" width=\"150\" height=\"150\" title=\"\" alt=\"\" \/><\/td>\n<td><b>Berkay Ak\u00e7\u00f6ren<\/b><br>Ara\u015f. G\u00f6r.<\/td>\n<\/tr>\n<tr>\n<td width=\"25%\"><img loading=\"lazy\" decoding=\"async\" class=\"alignnone size-thumbnail wp-image-22\" src=\"https:\/\/blog.metu.edu.tr\/ceitech\/files\/2024\/10\/ozan_kaynar.jpg\" width=\"150\" height=\"150\" title=\"\" alt=\"\" \/><\/td>\n<td><b>Ozan \u00d6zg\u00fcr Kaynar<\/b><br>Ara\u015f. G\u00f6r.<\/td>\n<\/tr>\n<tr><td width=\"25%\"><img decoding=\"async\" class=\"alignnone wp-image-67 size-full\" src=\"https:\/\/blog.metu.edu.tr\/ceitech\/files\/2020\/03\/ali2-e1584722405153.jpg\" alt=\"\" width=\"150\" \/><\/td>\n<td><b>Ali \u00d6zdemir<\/b><br>\u0130dari G\u00f6r.<\/td>\n<\/tr>\n<\/tbody>\n<\/table>\n","protected":false},"excerpt":{"rendered":"<p>Ahmet Bahaddin Ers\u00f6zAra\u015f. G\u00f6r. Berkay Ak\u00e7\u00f6renAra\u015f. G\u00f6r. Ozan \u00d6zg\u00fcr KaynarAra\u015f. G\u00f6r. Ali \u00d6zdemir\u0130dari G\u00f6r.<\/p>\n","protected":false},"author":3630,"featured_media":0,"parent":0,"menu_order":0,"comment_status":"closed","ping_status":"closed","template":"","meta":{"footnotes":"","_links_to":"","_links_to_target":""},"class_list":["post-4","page","type-page","status-publish","hentry"],"_links":{"self":[{"href":"https:\/\/blog.metu.edu.tr\/ceitech\/wp-json\/wp\/v2\/pages\/4","targetHints":{"allow":["GET"]}}],"collection":[{"href":"https:\/\/blog.metu.edu.tr\/ceitech\/wp-json\/wp\/v2\/pages"}],"about":[{"href":"https:\/\/blog.metu.edu.tr\/ceitech\/wp-json\/wp\/v2\/types\/page"}],"author":[{"embeddable":true,"href":"https:\/\/blog.metu.edu.tr\/ceitech\/wp-json\/wp\/v2\/users\/3630"}],"replies":[{"embeddable":true,"href":"https:\/\/blog.metu.edu.tr\/ceitech\/wp-json\/wp\/v2\/comments?post=4"}],"version-history":[{"count":0,"href":"https:\/\/blog.metu.edu.tr\/ceitech\/wp-json\/wp\/v2\/pages\/4\/revisions"}],"wp:attachment":[{"href":"https:\/\/blog.metu.edu.tr\/ceitech\/wp-json\/wp\/v2\/media?parent=4"}],"curies":[{"name":"wp","href":"https:\/\/api.w.org\/{rel}","templated":true}]}}