{"id":35,"date":"2015-09-18T16:23:50","date_gmt":"2015-09-18T13:23:50","guid":{"rendered":"http:\/\/blog.metu.edu.tr\/ceitech\/?page_id=35"},"modified":"2020-03-20T19:41:43","modified_gmt":"2020-03-20T16:41:43","slug":"sikca-sorulan-sorular","status":"publish","type":"page","link":"https:\/\/blog.metu.edu.tr\/ceitech\/sikca-sorulan-sorular\/","title":{"rendered":"S\u0131k\u00e7a Sorulan Sorular"},"content":{"rendered":"<p><strong>Akademik personel kart\u0131m ile kartla ge\u00e7ilen b\u00f6l\u00fcmdeki yerlere giremiyorum. Ne yapmal\u0131y\u0131m?<\/strong><\/p>\n<ul>\n<li>Kart\u0131n\u0131z\u0131 sisteme kaydettirmek i\u00e7in\u00a0<span style=\"color: #3366ff\"><strong>K1-250\u00a0<\/strong><\/span> odas\u0131na ba\u015fvurabilirsiniz. Giri\u015f izinleri sadece in\u015faat m\u00fchendisli\u011fi b\u00f6l\u00fcm\u00fcn\u00fcn i\u00e7indeki kartl\u0131 ge\u00e7i\u015f sistemine yap\u0131labilmektedir.<\/li>\n<\/ul>\n<p><strong>Bilgisayar\u0131m a\u00e7\u0131lm\u0131yor\/Bilgisayar\u0131m internete girmiyor\/Bilgisayara lisansl\u0131 yaz\u0131l\u0131m y\u00fcklemek istiyorum ne yapmal\u0131y\u0131m?<\/strong><\/p>\n<ul>\n<li>\u0130steklerinizi 09:00-12:30 saatleri aras\u0131nda \u00a0<span style=\"color: #3366ff\"><strong>210 54 21 <\/strong><\/span>numaradan, di\u011fer saatlerde \u00a0<span style=\"color: #3366ff\"><strong>cehelp@metu.edu.tr\u00a0<\/strong><\/span>\u00a0e-posta adresinden Bilgi \u0130\u015flem Ofisi \u00e7al\u0131\u015fan\u0131 Ali \u00d6zdemir&#8217;e iletebilirsiniz.<\/li>\n<\/ul>\n<p><strong>B\u00f6l\u00fcm web sayfas\u0131na duyuru eklemek istiyorum ne yapmal\u0131y\u0131m?<\/strong><\/p>\n<ul>\n<li>ce.metu.edu.tr adresinde istedi\u011finiz bir duyurunun yay\u0131nlanmas\u0131n\u0131 istiyorsan\u0131z\u00a0\u00a0<span style=\"color: #3366ff\"><strong>ceitech@metu.edu.tr\u00a0<\/strong><\/span>e-posta adresini kullanarak duyurunuzu g\u00f6nderebilirsiniz. Duyurunuzun yay\u0131nlanmabilmesi i\u00e7in ba\u015fl\u0131k ve metni hem T\u00fcrk\u00e7e hem \u0130ngilizce g\u00f6ndermelisiniz.<\/li>\n<\/ul>\n<p><strong>Bir dersin asistan\u0131y\u0131m ders i\u00e7in web sayfas\u0131 olu\u015fturmak istiyorum ne yapmal\u0131y\u0131m?<\/strong><\/p>\n<ul>\n<li>Web sayfas\u0131n\u0131 a\u00e7t\u0131rmak istedi\u011finiz dersin kodunu belirterek\u00a0<span style=\"color: #3366ff\"><strong>ceitech@metu.edu.tr <\/strong><\/span>\u00a0adresine istekte bulunman\u0131z gerekmektedir. Dersinizin sayfas\u0131 courses.ce.metu.edu.tr\/ce221 gibi bir sayfa olarak a\u00e7\u0131lacak ve sayfaya y\u00f6netebilece\u011finiz kullan\u0131c\u0131 ad\u0131 ve \u015fifre size e-posta yoluyla iletilecektir.<\/li>\n<\/ul>\n<p><strong>K1 binas\u0131n\u0131n giri\u015f kat\u0131ndaki dijital ekranda i\u00e7erik yay\u0131nlatmak istiyorum ne yapmal\u0131y\u0131m?<\/strong><\/p>\n<ul>\n<li>\u0130\u00e7eri\u011finizin medyalar\u0131n\u0131 dosya ekine ekleyerek <span style=\"color: #3366ff\"><b>ceitech@metu.edu.tr <\/b><\/span>adresine e-posta g\u00f6nderebilirsiniz. Videolar\u0131n\u0131z\u0131n uzunlu\u011funun 2 dakikay\u0131 ge\u00e7memesine dikkat ediniz.<\/li>\n<\/ul>\n","protected":false},"excerpt":{"rendered":"<p>Akademik personel kart\u0131m ile kartla ge\u00e7ilen b\u00f6l\u00fcmdeki yerlere giremiyorum. Ne yapmal\u0131y\u0131m? Kart\u0131n\u0131z\u0131 sisteme kaydettirmek i\u00e7in\u00a0K1-250\u00a0 odas\u0131na ba\u015fvurabilirsiniz. Giri\u015f izinleri sadece in\u015faat m\u00fchendisli\u011fi b\u00f6l\u00fcm\u00fcn\u00fcn i\u00e7indeki kartl\u0131 ge\u00e7i\u015f sistemine yap\u0131labilmektedir. Bilgisayar\u0131m a\u00e7\u0131lm\u0131yor\/Bilgisayar\u0131m internete girmiyor\/Bilgisayara lisansl\u0131 yaz\u0131l\u0131m y\u00fcklemek istiyorum ne yapmal\u0131y\u0131m? \u0130steklerinizi 09:00-12:30 saatleri aras\u0131nda \u00a0210 54 21 numaradan, di\u011fer saatlerde \u00a0cehelp@metu.edu.tr\u00a0\u00a0e-posta adresinden Bilgi \u0130\u015flem Ofisi \u00e7al\u0131\u015fan\u0131 Ali [&hellip;]<\/p>\n","protected":false},"author":3630,"featured_media":0,"parent":0,"menu_order":0,"comment_status":"closed","ping_status":"closed","template":"","meta":{"footnotes":"","_links_to":"","_links_to_target":""},"class_list":["post-35","page","type-page","status-publish","hentry"],"_links":{"self":[{"href":"https:\/\/blog.metu.edu.tr\/ceitech\/wp-json\/wp\/v2\/pages\/35","targetHints":{"allow":["GET"]}}],"collection":[{"href":"https:\/\/blog.metu.edu.tr\/ceitech\/wp-json\/wp\/v2\/pages"}],"about":[{"href":"https:\/\/blog.metu.edu.tr\/ceitech\/wp-json\/wp\/v2\/types\/page"}],"author":[{"embeddable":true,"href":"https:\/\/blog.metu.edu.tr\/ceitech\/wp-json\/wp\/v2\/users\/3630"}],"replies":[{"embeddable":true,"href":"https:\/\/blog.metu.edu.tr\/ceitech\/wp-json\/wp\/v2\/comments?post=35"}],"version-history":[{"count":0,"href":"https:\/\/blog.metu.edu.tr\/ceitech\/wp-json\/wp\/v2\/pages\/35\/revisions"}],"wp:attachment":[{"href":"https:\/\/blog.metu.edu.tr\/ceitech\/wp-json\/wp\/v2\/media?parent=35"}],"curies":[{"name":"wp","href":"https:\/\/api.w.org\/{rel}","templated":true}]}}