{"id":29,"date":"2015-09-10T17:44:16","date_gmt":"2015-09-10T14:44:16","guid":{"rendered":"http:\/\/blog.metu.edu.tr\/ceitech\/?page_id=29"},"modified":"2024-10-16T14:08:50","modified_gmt":"2024-10-16T11:08:50","slug":"hizmetlerimiz","status":"publish","type":"page","link":"https:\/\/blog.metu.edu.tr\/ceitech\/hizmetlerimiz\/","title":{"rendered":"Hizmetlerimiz"},"content":{"rendered":"<ul>\n<li>\u0130n\u015faat M\u00fchendisli\u011fi Bilgi \u0130\u015flem B\u00fct\u00fcnle\u015fik Paneli Geli\u015ftirme (panel.ce.metu.edu.tr)\n<ul>\n<li>Ki\u015fisel Bilgi D\u00fczenleme<\/li>\n<li>IP Kay\u0131t Servisi<\/li>\n<li>FTP Hizmetleri<\/li>\n<li>Rezervasyon Hizmetleri<\/li>\n<li>Sorun Bildirim Sistemi<\/li>\n<li>Telefon Rehberi<\/li>\n<li>Lisansl\u0131 Yaz\u0131l\u0131mlar\u0131n Bilgileri<\/li>\n<\/ul>\n<\/li>\n<li>Drupal altyap\u0131s\u0131 ile b\u00f6l\u00fcm websitesi y\u00f6netimi<\/li>\n<li>Dijital Duyuru Ekranlar\u0131<\/li>\n<li>Bilgisayar Laboratuvarlar\u0131 Bak\u0131m ve Teknik Deste\u011fi<\/li>\n<li>Mevcut Sunucular\u0131n Bak\u0131m\u0131<\/li>\n<li>G\u00fcvenlik Kameralar\u0131 Bak\u0131m\u0131<\/li>\n<li>Se\u00e7meli Ders Se\u00e7me Sistemi<\/li>\n<\/ul>\n<p><a href=\"http:\/\/blog.metu.edu.tr\/ceitech\/detayli-gorev-tanimlari-ve-ornek-is-kalemleri\/\">CEITECH Detayl\u0131 G\u00f6rev Tan\u0131mlar\u0131 ve \u00d6rnek \u0130\u015f Kalemleri<\/a><\/p>\n","protected":false},"excerpt":{"rendered":"<p>\u0130n\u015faat M\u00fchendisli\u011fi Bilgi \u0130\u015flem B\u00fct\u00fcnle\u015fik Paneli Geli\u015ftirme (panel.ce.metu.edu.tr) Ki\u015fisel Bilgi D\u00fczenleme IP Kay\u0131t Servisi FTP Hizmetleri Rezervasyon Hizmetleri Sorun Bildirim Sistemi Telefon Rehberi Lisansl\u0131 Yaz\u0131l\u0131mlar\u0131n Bilgileri Drupal altyap\u0131s\u0131 ile b\u00f6l\u00fcm websitesi y\u00f6netimi Dijital Duyuru Ekranlar\u0131 Bilgisayar Laboratuvarlar\u0131 Bak\u0131m ve Teknik Deste\u011fi Mevcut Sunucular\u0131n Bak\u0131m\u0131 G\u00fcvenlik Kameralar\u0131 Bak\u0131m\u0131 Se\u00e7meli Ders Se\u00e7me Sistemi CEITECH Detayl\u0131 G\u00f6rev Tan\u0131mlar\u0131 [&hellip;]<\/p>\n","protected":false},"author":3630,"featured_media":0,"parent":0,"menu_order":0,"comment_status":"closed","ping_status":"closed","template":"","meta":{"footnotes":"","_links_to":"","_links_to_target":""},"class_list":["post-29","page","type-page","status-publish","hentry"],"_links":{"self":[{"href":"https:\/\/blog.metu.edu.tr\/ceitech\/wp-json\/wp\/v2\/pages\/29","targetHints":{"allow":["GET"]}}],"collection":[{"href":"https:\/\/blog.metu.edu.tr\/ceitech\/wp-json\/wp\/v2\/pages"}],"about":[{"href":"https:\/\/blog.metu.edu.tr\/ceitech\/wp-json\/wp\/v2\/types\/page"}],"author":[{"embeddable":true,"href":"https:\/\/blog.metu.edu.tr\/ceitech\/wp-json\/wp\/v2\/users\/3630"}],"replies":[{"embeddable":true,"href":"https:\/\/blog.metu.edu.tr\/ceitech\/wp-json\/wp\/v2\/comments?post=29"}],"version-history":[{"count":0,"href":"https:\/\/blog.metu.edu.tr\/ceitech\/wp-json\/wp\/v2\/pages\/29\/revisions"}],"wp:attachment":[{"href":"https:\/\/blog.metu.edu.tr\/ceitech\/wp-json\/wp\/v2\/media?parent=29"}],"curies":[{"name":"wp","href":"https:\/\/api.w.org\/{rel}","templated":true}]}}