{"id":4,"date":"2009-10-20T11:17:20","date_gmt":"2009-10-20T08:17:20","guid":{"rendered":"http:\/\/blog.metu.edu.tr\/ccig\/?page_id=3"},"modified":"2009-10-20T11:17:20","modified_gmt":"2009-10-20T08:17:20","slug":"personel","status":"publish","type":"page","link":"https:\/\/blog.metu.edu.tr\/ccig\/personel\/","title":{"rendered":"Personel"},"content":{"rendered":"<p>Enformatik Grubu 7 ki\u015fiden olu\u015fuyor. \u0130\u015fte o \u00e7al\u0131\u015fanlar:<\/p>\n<p>Can \u0130z &#8211; Web Tasar\u0131mc\u0131<br \/>\n<img loading=\"lazy\" decoding=\"async\" class=\"alignnone size-full wp-image-6\" src=\"http:\/\/blog.metu.edu.tr\/ccig\/files\/2009\/10\/caniz.jpg\" alt=\"Can \u0130z\" width=\"114\" height=\"101\" \/><\/p>\n<p>Cihan &#8211; Grup Y\u00f6neticisi<br \/>\n<img loading=\"lazy\" decoding=\"async\" class=\"alignnone size-full wp-image-6\" src=\"http:\/\/blog.metu.edu.tr\/ccig\/files\/2009\/10\/cihan.gif\" alt=\"Cihan\" width=\"114\" height=\"101\" \/><\/p>\n<p>Evrim &#8211; Servis Y\u00f6neticisi<br \/>\n<img loading=\"lazy\" decoding=\"async\" class=\"alignnone size-full wp-image-7\" src=\"http:\/\/blog.metu.edu.tr\/ccig\/files\/2009\/10\/evrim.gif\" alt=\"Evrim\" width=\"114\" height=\"101\" \/><\/p>\n<p>Ezgi &#8211; Yaz\u0131l\u0131m Geli\u015ftirici<br \/>\n<img loading=\"lazy\" decoding=\"async\" class=\"alignnone size-full wp-image-6\" src=\"http:\/\/blog.metu.edu.tr\/ccig\/files\/2009\/10\/ezgi.gif\" alt=\"Ezgi\" width=\"114\" height=\"101\" \/><\/p>\n<p>Mustafa &#8211; Web Tasar\u0131mc\u0131<br \/>\n<img loading=\"lazy\" decoding=\"async\" class=\"alignnone size-full wp-image-8\" src=\"http:\/\/blog.metu.edu.tr\/ccig\/files\/2009\/10\/mustafa.gif\" alt=\"Mustafa\" width=\"114\" height=\"101\" \/><\/p>\n<p>Onur &#8211; Servis Y\u00f6neticisi<br \/>\n<img loading=\"lazy\" decoding=\"async\" class=\"alignnone size-full wp-image-8\" src=\"http:\/\/blog.metu.edu.tr\/ccig\/files\/2009\/10\/onur.jpg\" alt=\"Onur\" width=\"114\" height=\"101\" \/><\/p>\n<p>Yasemin &#8211; Grafik Tasar\u0131mc\u0131<br \/>\n<img loading=\"lazy\" decoding=\"async\" class=\"alignnone size-full wp-image-5\" src=\"http:\/\/blog.metu.edu.tr\/ccig\/files\/2009\/10\/yasemin.gif\" alt=\"Yasemin\" width=\"114\" height=\"101\" \/><\/p>\n","protected":false},"excerpt":{"rendered":"<p>Enformatik Grubu 7 ki\u015fiden olu\u015fuyor. \u0130\u015fte o \u00e7al\u0131\u015fanlar: Can \u0130z &#8211; Web Tasar\u0131mc\u0131 Cihan &#8211; Grup Y\u00f6neticisi Evrim &#8211; Servis Y\u00f6neticisi Ezgi &#8211; Yaz\u0131l\u0131m Geli\u015ftirici Mustafa &#8211; Web Tasar\u0131mc\u0131 Onur &#8211; Servis Y\u00f6neticisi Yasemin &#8211; Grafik Tasar\u0131mc\u0131<\/p>\n","protected":false},"author":29,"featured_media":0,"parent":0,"menu_order":0,"comment_status":"closed","ping_status":"open","template":"","meta":{"footnotes":"","_links_to":"","_links_to_target":""},"class_list":["post-4","page","type-page","status-publish","hentry"],"_links":{"self":[{"href":"https:\/\/blog.metu.edu.tr\/ccig\/wp-json\/wp\/v2\/pages\/4","targetHints":{"allow":["GET"]}}],"collection":[{"href":"https:\/\/blog.metu.edu.tr\/ccig\/wp-json\/wp\/v2\/pages"}],"about":[{"href":"https:\/\/blog.metu.edu.tr\/ccig\/wp-json\/wp\/v2\/types\/page"}],"author":[{"embeddable":true,"href":"https:\/\/blog.metu.edu.tr\/ccig\/wp-json\/wp\/v2\/users\/29"}],"replies":[{"embeddable":true,"href":"https:\/\/blog.metu.edu.tr\/ccig\/wp-json\/wp\/v2\/comments?post=4"}],"version-history":[{"count":0,"href":"https:\/\/blog.metu.edu.tr\/ccig\/wp-json\/wp\/v2\/pages\/4\/revisions"}],"wp:attachment":[{"href":"https:\/\/blog.metu.edu.tr\/ccig\/wp-json\/wp\/v2\/media?parent=4"}],"curies":[{"name":"wp","href":"https:\/\/api.w.org\/{rel}","templated":true}]}}