{"id":3,"date":"2009-10-20T09:16:13","date_gmt":"2009-10-20T06:16:13","guid":{"rendered":"http:\/\/blog.metu.edu.tr\/ccig\/hakkinda\/"},"modified":"2009-10-20T09:16:13","modified_gmt":"2009-10-20T06:16:13","slug":"hakkinda","status":"publish","type":"page","link":"https:\/\/blog.metu.edu.tr\/ccig\/hakkinda\/","title":{"rendered":"Hakk\u0131nda"},"content":{"rendered":"<p>ODT\u00dc Enformatik grubu;<\/p>\n<li>ODT\u00dc-B\u0130DB Web siteleri<\/li>\n<li>ODT\u00dc Duyuru-Etkinlik-\u0130\u015f Olanaklar\u0131 Sistemleri<\/li>\n<li>Elektronik liste servisi<\/li>\n<li>Web kullan\u0131c\u0131lar\u0131 servisi<\/li>\n<li>Tasar\u0131m hizmeti<\/li>\n<li>Blog servisi<\/li>\n<p>gibi servisler sunar. Amac\u0131 ODT\u00dc kullan\u0131c\u0131lar\u0131 ile T\u00fcrkiye&#8217;de ve d\u00fcnyada ODT\u00dc hakk\u0131nda bilgi edinmek isteyen kullan\u0131c\u0131lara, elektronik ortamda \u00e7e\u015fitli ara\u00e7lar kullanarak ileti\u015fim ve bilgi edinme ihtiya\u00e7lar\u0131n\u0131 kar\u015f\u0131layabilecekleri se\u00e7enekler sunmakt\u0131r.<\/p>\n","protected":false},"excerpt":{"rendered":"<p>ODT\u00dc Enformatik grubu; ODT\u00dc-B\u0130DB Web siteleri ODT\u00dc Duyuru-Etkinlik-\u0130\u015f Olanaklar\u0131 Sistemleri Elektronik liste servisi Web kullan\u0131c\u0131lar\u0131 servisi Tasar\u0131m hizmeti Blog servisi gibi servisler sunar. Amac\u0131 ODT\u00dc kullan\u0131c\u0131lar\u0131 ile T\u00fcrkiye&#8217;de ve d\u00fcnyada ODT\u00dc hakk\u0131nda bilgi edinmek isteyen kullan\u0131c\u0131lara, elektronik ortamda \u00e7e\u015fitli ara\u00e7lar kullanarak ileti\u015fim ve bilgi edinme ihtiya\u00e7lar\u0131n\u0131 kar\u015f\u0131layabilecekleri se\u00e7enekler sunmakt\u0131r.<\/p>\n","protected":false},"author":29,"featured_media":0,"parent":0,"menu_order":0,"comment_status":"open","ping_status":"open","template":"","meta":{"footnotes":"","_links_to":"","_links_to_target":""},"class_list":["post-3","page","type-page","status-publish","hentry"],"_links":{"self":[{"href":"https:\/\/blog.metu.edu.tr\/ccig\/wp-json\/wp\/v2\/pages\/3","targetHints":{"allow":["GET"]}}],"collection":[{"href":"https:\/\/blog.metu.edu.tr\/ccig\/wp-json\/wp\/v2\/pages"}],"about":[{"href":"https:\/\/blog.metu.edu.tr\/ccig\/wp-json\/wp\/v2\/types\/page"}],"author":[{"embeddable":true,"href":"https:\/\/blog.metu.edu.tr\/ccig\/wp-json\/wp\/v2\/users\/29"}],"replies":[{"embeddable":true,"href":"https:\/\/blog.metu.edu.tr\/ccig\/wp-json\/wp\/v2\/comments?post=3"}],"version-history":[{"count":0,"href":"https:\/\/blog.metu.edu.tr\/ccig\/wp-json\/wp\/v2\/pages\/3\/revisions"}],"wp:attachment":[{"href":"https:\/\/blog.metu.edu.tr\/ccig\/wp-json\/wp\/v2\/media?parent=3"}],"curies":[{"name":"wp","href":"https:\/\/api.w.org\/{rel}","templated":true}]}}