{"id":40,"date":"2011-01-17T10:22:03","date_gmt":"2011-01-17T07:22:03","guid":{"rendered":"http:\/\/blog.metu.edu.tr\/cbilgin\/?page_id=40"},"modified":"2023-05-17T05:05:27","modified_gmt":"2023-05-17T05:05:27","slug":"c-can-bilgin-kimdir","status":"publish","type":"page","link":"https:\/\/blog.metu.edu.tr\/cbilgin\/c-can-bilgin-kimdir\/","title":{"rendered":"C. Can Bilgin kimdir?"},"content":{"rendered":"<p>1961 y\u0131l\u0131nda Ankara&#8217;da do\u011fan Can, s\u0131ras\u0131yla \u00c7ankaya \u0130lkokulu, Atat\u00fcrk Koleji (\u015fimdi <a href=\"https:\/\/aaal.meb.k12.tr\/\">Ankara Atat\u00fcrk Anadolu Lisesi<\/a>) ve <a href=\"https:\/\/ankarafenlisesi.meb.k12.tr\/\">Fen Lisesi<\/a>&#8216;nde okuduktan sonra <a href=\"http:\/\/bio.metu.edu.tr\/\">ODT\u00dc Biyoloji B\u00f6l\u00fcm\u00fc<\/a>&#8216;ne girdi. Bir s\u00fcre <a href=\"https:\/\/www.stonybrook.edu\/ecoevo\/\">SUNY at Stony Brook<\/a>&#8216;ta lisans\u00fcst\u00fc \u00f6\u011frenim g\u00f6rd\u00fc. Y\u00fcksek lisans ve doktoras\u0131n\u0131 ODT\u00dc&#8217;den ald\u0131ktan sonra ayn\u0131 b\u00f6l\u00fcmde \u00f6\u011fretim \u00fcyesi olarak \u00e7al\u0131\u015fmaya ba\u015flad\u0131.<\/p>\n<p>Biyo\u00e7e\u015fitlilik veritabanlar\u0131, tehdit alt\u0131ndaki t\u00fcrlerin populasyon biyolojileri, ku\u015f g\u00f6\u00e7\u00fc, uzamsal ekoloji, sistematik koruma planlamas\u0131, yaban hayat-insan \u00e7at\u0131\u015fmas\u0131, t\u00fcr komplekslerinin molek\u00fcler sistemati\u011fi gibi geni\u015f bir yelpazede ara\u015ft\u0131rmalar s\u00fcrd\u00fcrd\u00fc. Ara\u015ft\u0131rmalarda bir\u00e7ok yeni y\u00f6ntemi \u00f6\u011frencileriyle birlikte T\u00fcrkiye&#8217;de ilk defa ger\u00e7ekle\u015ftirdi. Bug\u00fcne kadar 40&#8217;\u0131n \u00fczerinde lisans\u00fcst\u00fc tez y\u00f6netmi\u015ftir.<\/p>\n<p>\u00dcniversite \u00e7evreleri d\u0131\u015f\u0131nda, \u00f6zellikle do\u011fa koruma alan\u0131ndaki u\u011fra\u015flar\u0131yla da tan\u0131nan Can, <a href=\"http:\/\/bioces.tubitak.gov.tr\/\">T\u00fcrkiye Faunas\u0131 Veritaban\u0131<\/a> ve Ulusal Halkalama Program\u0131 gibi kapsaml\u0131 giri\u015fimlere emek verdi; ayr\u0131ca bir\u00e7ok b\u00fcy\u00fck do\u011fa koruma\/s\u00fcrd\u00fcr\u00fclebilir kalk\u0131nma projesinde y\u00fcr\u00fct\u00fcc\u00fc veya dan\u0131\u015fman olarak \u00e7al\u0131\u015ft\u0131. 1980&#8217;lerden ba\u015flayarak T\u00fcrkiye Tabiat\u0131n\u0131 Koruma Derne\u011fi (\u00fcye), Do\u011fal Hayat\u0131 Koruma Derne\u011fi (YK \u00fcyesi) ve Ku\u015f Ara\u015ft\u0131rmalar\u0131 Derne\u011fi (\u015fimdi <a href=\"_wp_link_placeholder\" data-wplink-edit=\"true\">DAD<\/a>) (kurucu ba\u015fkan) gibi STK&#8217;larda yer ald\u0131. \u015eimdi <a href=\"http:\/\/dkm.org.tr\/\">Do\u011fa Koruma Merkezi<\/a>&#8216;nin \u00e7al\u0131\u015fmalar\u0131na bilimsel dan\u0131\u015fman olarak katk\u0131da bulunuyor.<\/p>\n<p>\u00dcniversite y\u0131llar\u0131nda tan\u0131\u015ft\u0131\u011f\u0131 Ay\u015fe Turak&#8217;la otuz k\u00fcsur y\u0131ll\u0131k beraberli\u011fini s\u00fcrd\u00fcr\u00fcyor. Gelincik Deniz ve Yasemin adl\u0131 iki k\u0131zlar\u0131 var.<\/p>\n<div id=\"attachment_42\" style=\"width: 442px\" class=\"wp-caption alignnone\"><img loading=\"lazy\" decoding=\"async\" aria-describedby=\"caption-attachment-42\" class=\"size-full wp-image-42\" src=\"http:\/\/blog.metu.edu.tr\/cbilgin\/files\/2011\/10\/Gelo-ve-Can-2010.JPG\" alt=\"Gelo ve Can 2010\" width=\"432\" height=\"299\" \/><p id=\"caption-attachment-42\" class=\"wp-caption-text\">Gelincik ve Can (Sydney, 2010)<\/p><\/div>\n<div id=\"attachment_43\" style=\"width: 442px\" class=\"wp-caption alignnone\"><img loading=\"lazy\" decoding=\"async\" aria-describedby=\"caption-attachment-43\" class=\"size-full wp-image-43\" src=\"http:\/\/blog.metu.edu.tr\/cbilgin\/files\/2011\/10\/Yase-2006.JPG\" alt=\"Yase 2006\" width=\"432\" height=\"324\" \/><p id=\"caption-attachment-43\" class=\"wp-caption-text\">Yasemin (ODT\u00dc, 2006)<\/p><\/div>\n<div id=\"attachment_100\" style=\"width: 635px\" class=\"wp-caption alignnone\"><img loading=\"lazy\" decoding=\"async\" aria-describedby=\"caption-attachment-100\" class=\"size-large wp-image-100\" src=\"https:\/\/blog.metu.edu.tr\/cbilgin\/files\/2019\/07\/Aral\u0131k_2016-1024x768.jpg\" alt=\"\" width=\"625\" height=\"469\" srcset=\"https:\/\/blog.metu.edu.tr\/cbilgin\/files\/2019\/07\/Aral\u0131k_2016-1024x768.jpg 1024w, https:\/\/blog.metu.edu.tr\/cbilgin\/files\/2019\/07\/Aral\u0131k_2016-300x225.jpg 300w, https:\/\/blog.metu.edu.tr\/cbilgin\/files\/2019\/07\/Aral\u0131k_2016-768x576.jpg 768w, https:\/\/blog.metu.edu.tr\/cbilgin\/files\/2019\/07\/Aral\u0131k_2016-624x468.jpg 624w, https:\/\/blog.metu.edu.tr\/cbilgin\/files\/2019\/07\/Aral\u0131k_2016.jpg 2000w\" sizes=\"auto, (max-width: 625px) 100vw, 625px\" \/><p id=\"caption-attachment-100\" class=\"wp-caption-text\">The family in Dec 2016<\/p><\/div>\n","protected":false},"excerpt":{"rendered":"<p>1961 y\u0131l\u0131nda Ankara&#8217;da do\u011fan Can, s\u0131ras\u0131yla \u00c7ankaya \u0130lkokulu, Atat\u00fcrk Koleji (\u015fimdi Ankara Atat\u00fcrk Anadolu Lisesi) ve Fen Lisesi&#8216;nde okuduktan sonra ODT\u00dc Biyoloji B\u00f6l\u00fcm\u00fc&#8216;ne girdi. Bir s\u00fcre SUNY at Stony Brook&#8216;ta lisans\u00fcst\u00fc \u00f6\u011frenim g\u00f6rd\u00fc. Y\u00fcksek lisans ve doktoras\u0131n\u0131 ODT\u00dc&#8217;den ald\u0131ktan sonra ayn\u0131 b\u00f6l\u00fcmde \u00f6\u011fretim \u00fcyesi olarak \u00e7al\u0131\u015fmaya ba\u015flad\u0131. Biyo\u00e7e\u015fitlilik veritabanlar\u0131, tehdit alt\u0131ndaki t\u00fcrlerin populasyon biyolojileri, ku\u015f [&hellip;]<\/p>\n","protected":false},"author":28,"featured_media":0,"parent":0,"menu_order":2,"comment_status":"closed","ping_status":"open","template":"","meta":{"footnotes":"","_links_to":"","_links_to_target":""},"class_list":["post-40","page","type-page","status-publish","hentry"],"_links":{"self":[{"href":"https:\/\/blog.metu.edu.tr\/cbilgin\/wp-json\/wp\/v2\/pages\/40","targetHints":{"allow":["GET"]}}],"collection":[{"href":"https:\/\/blog.metu.edu.tr\/cbilgin\/wp-json\/wp\/v2\/pages"}],"about":[{"href":"https:\/\/blog.metu.edu.tr\/cbilgin\/wp-json\/wp\/v2\/types\/page"}],"author":[{"embeddable":true,"href":"https:\/\/blog.metu.edu.tr\/cbilgin\/wp-json\/wp\/v2\/users\/28"}],"replies":[{"embeddable":true,"href":"https:\/\/blog.metu.edu.tr\/cbilgin\/wp-json\/wp\/v2\/comments?post=40"}],"version-history":[{"count":0,"href":"https:\/\/blog.metu.edu.tr\/cbilgin\/wp-json\/wp\/v2\/pages\/40\/revisions"}],"wp:attachment":[{"href":"https:\/\/blog.metu.edu.tr\/cbilgin\/wp-json\/wp\/v2\/media?parent=40"}],"curies":[{"name":"wp","href":"https:\/\/api.w.org\/{rel}","templated":true}]}}