{"id":2,"date":"2011-04-13T18:23:32","date_gmt":"2011-04-13T15:23:32","guid":{"rendered":"http:\/\/blog.metu.edu.tr\/cbilgin\/hakkimizda\/"},"modified":"2025-10-08T17:31:52","modified_gmt":"2025-10-08T17:31:52","slug":"hakkimizda","status":"publish","type":"page","link":"https:\/\/blog.metu.edu.tr\/cbilgin\/hakkimizda\/","title":{"rendered":"Hakk\u0131m\u0131zda"},"content":{"rendered":"<div>\n<div id=\"attachment_180\" style=\"width: 635px\" class=\"wp-caption alignnone\"><img loading=\"lazy\" decoding=\"async\" aria-describedby=\"caption-attachment-180\" class=\"wp-image-180 size-large\" src=\"https:\/\/blog.metu.edu.tr\/cbilgin\/files\/2025\/10\/WhatsApp-Image-2025-08-16-at-21.08.49_a8ebfd07-1-1024x776.jpg\" alt=\"\" width=\"625\" height=\"474\" srcset=\"https:\/\/blog.metu.edu.tr\/cbilgin\/files\/2025\/10\/WhatsApp-Image-2025-08-16-at-21.08.49_a8ebfd07-1-1024x776.jpg 1024w, https:\/\/blog.metu.edu.tr\/cbilgin\/files\/2025\/10\/WhatsApp-Image-2025-08-16-at-21.08.49_a8ebfd07-1-300x227.jpg 300w, https:\/\/blog.metu.edu.tr\/cbilgin\/files\/2025\/10\/WhatsApp-Image-2025-08-16-at-21.08.49_a8ebfd07-1-768x582.jpg 768w, https:\/\/blog.metu.edu.tr\/cbilgin\/files\/2025\/10\/WhatsApp-Image-2025-08-16-at-21.08.49_a8ebfd07-1-624x473.jpg 624w, https:\/\/blog.metu.edu.tr\/cbilgin\/files\/2025\/10\/WhatsApp-Image-2025-08-16-at-21.08.49_a8ebfd07-1.jpg 1302w\" sizes=\"auto, (max-width: 625px) 100vw, 625px\" \/><p id=\"caption-attachment-180\" class=\"wp-caption-text\">Some lab members during the EEBST Conference (July 2025)<\/p><\/div>\n<p>ODT\u00dc Biyo\u00e7e\u015fitlilik ve Koruma Laboratuar\u0131 (BKL) tan\u0131t\u0131m\u0131na ho\u015f geldiniz.<\/p>\n<p>Ziyaret etti\u011finiz i\u00e7in te\u015fekk\u00fcrler..<\/p>\n<p>Dr. C. Can Bilgin<\/p>\n<\/div>\n","protected":false},"excerpt":{"rendered":"<p>ODT\u00dc Biyo\u00e7e\u015fitlilik ve Koruma Laboratuar\u0131 (BKL) tan\u0131t\u0131m\u0131na ho\u015f geldiniz. Ziyaret etti\u011finiz i\u00e7in te\u015fekk\u00fcrler.. Dr. C. Can Bilgin<\/p>\n","protected":false},"author":28,"featured_media":0,"parent":0,"menu_order":0,"comment_status":"closed","ping_status":"open","template":"","meta":{"footnotes":"","_links_to":"","_links_to_target":""},"class_list":["post-2","page","type-page","status-publish","hentry"],"_links":{"self":[{"href":"https:\/\/blog.metu.edu.tr\/cbilgin\/wp-json\/wp\/v2\/pages\/2","targetHints":{"allow":["GET"]}}],"collection":[{"href":"https:\/\/blog.metu.edu.tr\/cbilgin\/wp-json\/wp\/v2\/pages"}],"about":[{"href":"https:\/\/blog.metu.edu.tr\/cbilgin\/wp-json\/wp\/v2\/types\/page"}],"author":[{"embeddable":true,"href":"https:\/\/blog.metu.edu.tr\/cbilgin\/wp-json\/wp\/v2\/users\/28"}],"replies":[{"embeddable":true,"href":"https:\/\/blog.metu.edu.tr\/cbilgin\/wp-json\/wp\/v2\/comments?post=2"}],"version-history":[{"count":0,"href":"https:\/\/blog.metu.edu.tr\/cbilgin\/wp-json\/wp\/v2\/pages\/2\/revisions"}],"wp:attachment":[{"href":"https:\/\/blog.metu.edu.tr\/cbilgin\/wp-json\/wp\/v2\/media?parent=2"}],"curies":[{"name":"wp","href":"https:\/\/api.w.org\/{rel}","templated":true}]}}