{"id":29,"date":"2018-06-29T13:51:17","date_gmt":"2018-06-29T13:51:17","guid":{"rendered":"http:\/\/blog.metu.edu.tr\/cbaykal\/?page_id=29"},"modified":"2018-06-30T08:07:55","modified_gmt":"2018-06-30T08:07:55","slug":"contact","status":"publish","type":"page","link":"https:\/\/blog.metu.edu.tr\/cbaykal\/contact\/","title":{"rendered":"Contact"},"content":{"rendered":"<p><strong>Address:<\/strong><br \/>\nMiddle East Technical University (METU)<br \/>\nDepartment of Civil Engineering<br \/>\nOcean Engineering Research Centre<br \/>\nK5 Building, Room 106<br \/>\nDumlup\u0131nar Blv., 06800, \u00c7ankaya<br \/>\nAnkara, Turkey<\/p>\n<p>Tel: +90 312 210 54 35<br \/>\nFax: +90 312 210 18 00<br \/>\nE-mail:\u00a0<a href=\"mailto:cbaykal@metu.edu.tr\">cbaykal@metu.edu.tr<\/a><br \/>\nE-mail:\u00a0<a href=\"mailto:cbaykal@gmail.com\">cbaykal@gmail.com<\/a><br \/>\nWeb:\u00a0<a href=\"http:\/\/ocean2.ce.metu.edu.tr\/en\/\">http:\/\/ocean.ce.metu.edu.tr<\/a><br \/>\nWeb:\u00a0<a href=\"http:\/\/blog.metu.edu.tr\/cbaykal\">http:\/\/blog.metu.edu.tr\/cbaykal<\/a><br \/>\n<a href=\"https:\/\/www.researchgate.net\/profile\/Cueneyt_Baykal\">ResearchGate<\/a>\u00a0|\u00a0<a href=\"https:\/\/orcid.org\/0000-0002-8514-2758\">ORCID<\/a>\u00a0|\u00a0<a href=\"http:\/\/www.linkedin.com\/in\/cuneyt-baykal-07370412\">LinkedIn<\/a><\/p>\n[gmap width=&#8221;600&#8243; height=&#8221;400&#8243; responsive=&#8221;yes&#8221; address=&#8221;In\u015faat M\u00fchendisli\u011fi K5 Blok&#8221;]\n","protected":false},"excerpt":{"rendered":"<p>Address: Middle East Technical University (METU) Department of Civil Engineering Ocean Engineering Research Centre K5 Building, Room 106 Dumlup\u0131nar Blv., 06800, \u00c7ankaya Ankara, Turkey Tel: +90 312 210 54 35 Fax: +90 312 210 18 00 E-mail:\u00a0cbaykal@metu.edu.tr E-mail:\u00a0cbaykal@gmail.com Web:\u00a0http:\/\/ocean.ce.metu.edu.tr Web:\u00a0http:\/\/blog.metu.edu.tr\/cbaykal ResearchGate\u00a0|\u00a0ORCID\u00a0|\u00a0LinkedIn [gmap width=&#8221;600&#8243; height=&#8221;400&#8243; responsive=&#8221;yes&#8221; address=&#8221;In\u015faat M\u00fchendisli\u011fi K5 Blok&#8221;]<\/p>\n","protected":false},"author":5651,"featured_media":0,"parent":0,"menu_order":0,"comment_status":"closed","ping_status":"closed","template":"","meta":{"footnotes":"","_links_to":"","_links_to_target":""},"class_list":["post-29","page","type-page","status-publish","hentry"],"_links":{"self":[{"href":"https:\/\/blog.metu.edu.tr\/cbaykal\/wp-json\/wp\/v2\/pages\/29","targetHints":{"allow":["GET"]}}],"collection":[{"href":"https:\/\/blog.metu.edu.tr\/cbaykal\/wp-json\/wp\/v2\/pages"}],"about":[{"href":"https:\/\/blog.metu.edu.tr\/cbaykal\/wp-json\/wp\/v2\/types\/page"}],"author":[{"embeddable":true,"href":"https:\/\/blog.metu.edu.tr\/cbaykal\/wp-json\/wp\/v2\/users\/5651"}],"replies":[{"embeddable":true,"href":"https:\/\/blog.metu.edu.tr\/cbaykal\/wp-json\/wp\/v2\/comments?post=29"}],"version-history":[{"count":0,"href":"https:\/\/blog.metu.edu.tr\/cbaykal\/wp-json\/wp\/v2\/pages\/29\/revisions"}],"wp:attachment":[{"href":"https:\/\/blog.metu.edu.tr\/cbaykal\/wp-json\/wp\/v2\/media?parent=29"}],"curies":[{"name":"wp","href":"https:\/\/api.w.org\/{rel}","templated":true}]}}