{"id":48,"date":"2016-10-07T14:15:55","date_gmt":"2016-10-07T11:15:55","guid":{"rendered":"http:\/\/blog.metu.edu.tr\/capa\/?page_id=48"},"modified":"2017-11-02T13:26:29","modified_gmt":"2017-11-02T10:26:29","slug":"instruments-developed","status":"publish","type":"page","link":"https:\/\/blog.metu.edu.tr\/capa\/instruments-developed\/","title":{"rendered":"Instruments developed"},"content":{"rendered":"<p><em>For full form\u00a0of the scales and permission letter to use the scales, please send an email to capa@metu.edu.tr<\/em><\/p>\n<ul>\n<li style=\"list-style-type: none\">\n<ul>\n<li><strong><span style=\"color: #0000ff\">High School Chemistry Self-Efficacy Scale (HCSS)<\/span><\/strong> (Turkish and English)<br \/>\n<a href=\"https:\/\/blog.metu.edu.tr\/capa\/files\/2016\/11\/HCSS.pdf\" target=\"_blank\" rel=\"noopener\"><img loading=\"lazy\" decoding=\"async\" class=\"alignleft wp-image-72 size-full\" title=\"For further info about the scale\" src=\"https:\/\/blog.metu.edu.tr\/capa\/files\/2016\/10\/yellow-document-download-icon-1.png\" alt=\"yellow-document-download-icon-1\" width=\"32\" height=\"32\" \/><\/a><span style=\"text-decoration: underline\">Developers<\/span>: Ye\u015fim \u00c7apa Ayd\u0131n &amp; Esen Uzuntiryaki<br \/>\n<span style=\"text-decoration: underline\">For more information<\/span>: Capa Aydin, Y., &amp; Uzuntiryaki, E. (2009). Development and psychometric evaluation of the High School Chemistry Self-Efficacy Scale. <em>Educational and Psychological Measurement, 69<\/em>(5), 868-880.<\/li>\n<li><strong><span style=\"color: #0000ff\">College Chemistry Self-Efficacy Scale (CCSS)<\/span><\/strong> (Turkish and English)<br \/>\n<a href=\"https:\/\/blog.metu.edu.tr\/capa\/files\/2016\/11\/CCSS.pdf\" target=\"_blank\" rel=\"attachment wp-att-72 noopener\"><img loading=\"lazy\" decoding=\"async\" class=\"alignleft wp-image-72 size-full\" title=\"For further info about the scale\" src=\"https:\/\/blog.metu.edu.tr\/capa\/files\/2016\/10\/yellow-document-download-icon-1.png\" alt=\"yellow-document-download-icon-1\" width=\"32\" height=\"32\" \/><\/a><span style=\"text-decoration: underline\">Developers<\/span>: Ye\u015fim \u00c7apa Ayd\u0131n &amp; Esen Uzuntiryaki<br \/>\n<span style=\"text-decoration: underline\">For more information<\/span>: Uzuntiryaki, E., &amp; Capa Aydin, Y. (2009). Development and validation of chemistry self-efficacy scale for college students. <em>Research in Science Education, 39<\/em>, 539-551.<\/li>\n<li><strong><span style=\"color: #0000ff\">Teacher Self-Regulation Scale (TSRS)<\/span><\/strong> (Turkish and English)<br \/>\n<a href=\"https:\/\/blog.metu.edu.tr\/capa\/files\/2017\/09\/TSRS_All.pdf\" target=\"_blank\" rel=\"attachment wp-att-72 noopener\"><img loading=\"lazy\" decoding=\"async\" class=\"alignleft wp-image-72 size-full\" title=\"For further information about the scale\" src=\"https:\/\/blog.metu.edu.tr\/capa\/files\/2016\/10\/yellow-document-download-icon-1.png\" alt=\"yellow-document-download-icon-1\" width=\"32\" height=\"32\" \/><\/a><span style=\"text-decoration: underline\">Developers<\/span>: Ye\u015fim \u00c7apa Ayd\u0131n, Semra Sungur &amp; Esen Uzuntiryaki<br \/>\n<span style=\"text-decoration: underline\">For more information<\/span>: Capa Aydin, Y., Sungur, S., &amp; Uzuntiryaki, E. (2009). Teacher self-regulation: Examining a multidimensional construct. <em>Educational Psychology, 29<\/em>(3), 345-356.<\/li>\n<li><strong><span style=\"color: #0000ff\">Teachers\u2019 Self-efficacy Beliefs regarding Constructivist Approach<\/span><\/strong> (Turkish)<br \/>\n<span style=\"text-decoration: underline\">Developers<\/span>: Esen Uzuntiryaki, Ye\u015fim \u00c7apa Ayd\u0131n, Ay\u015feg\u00fcl Tark\u0131n &amp; Yeliz Temli<br \/>\n<span style=\"text-decoration: underline\">For more information<\/span>: Tark\u0131n, A., Temli, Y., \u00c7apa Ayd\u0131n, Y., &amp; Uzuntiryaki, E. (2010, September). <em>Yap\u0131land\u0131rmac\u0131 yakla\u015f\u0131ma dayal\u0131 \u00f6\u011fretmen \u00f6zyeterlik \u00f6l\u00e7e\u011fi<\/em> [Self-efficacy towards constructivist teaching scale]. Paper presented at the 19th National Educational Science Congress, Cyprus.<\/li>\n<li><strong><span style=\"color: #0000ff\">Self-Regulatory Strategies Scale<\/span><\/strong> (SRSS) (Turkish)<br \/>\n<span style=\"text-decoration: underline\">Developers<\/span>: Cansel Kad\u0131o\u011flu, Esen Uzuntiryaki &amp; Ye\u015fim \u00c7apa Ayd\u0131n<br \/>\n<span style=\"text-decoration: underline\">For more information<\/span>: Kad\u0131o\u011flu, C., Uzuntiryaki, E., &amp; \u00c7apa Ayd\u0131n, Y. (2011). Development of Self-Regulatory Strategies Scale (SRSS). <em>E\u011fitim ve Bilim (Education and Science), 36<\/em>(160), 11-23.<\/li>\n<li><strong><span style=\"color: #0000ff\">Mentoring Scale<\/span><\/strong> (English)<br \/>\n<span style=\"text-decoration: underline\">Developers<\/span>: Ye\u015fim \u00c7apa Ayd\u0131n &amp; William E. Loadman<br \/>\n<span style=\"text-decoration: underline\">For more information<\/span>: Capa, Y., &amp; Loadman, W. E. (2004, April). <em>Evaluation of mentoring practices experienced by student teachers during teacher preparation program<\/em>. Paper presented at the annual meeting of the American Educational Research Association, San Diego, CA. (ERIC Document Reproduction Service No. ED. 491388)<\/li>\n<\/ul>\n<\/li>\n<\/ul>\n","protected":false},"excerpt":{"rendered":"<p>For full form\u00a0of the scales and permission letter to use the scales, please send an email to capa@metu.edu.tr High School Chemistry Self-Efficacy Scale (HCSS) (Turkish and English) Developers: Ye\u015fim \u00c7apa Ayd\u0131n &amp; Esen Uzuntiryaki For more information: Capa Aydin, Y., &amp; Uzuntiryaki, E. (2009). Development and psychometric evaluation of the &#8230;<\/p>\n","protected":false},"author":1338,"featured_media":0,"parent":0,"menu_order":0,"comment_status":"closed","ping_status":"closed","template":"","meta":{"footnotes":"","_links_to":"","_links_to_target":""},"class_list":["post-48","page","type-page","status-publish","hentry","column","twocol"],"_links":{"self":[{"href":"https:\/\/blog.metu.edu.tr\/capa\/wp-json\/wp\/v2\/pages\/48","targetHints":{"allow":["GET"]}}],"collection":[{"href":"https:\/\/blog.metu.edu.tr\/capa\/wp-json\/wp\/v2\/pages"}],"about":[{"href":"https:\/\/blog.metu.edu.tr\/capa\/wp-json\/wp\/v2\/types\/page"}],"author":[{"embeddable":true,"href":"https:\/\/blog.metu.edu.tr\/capa\/wp-json\/wp\/v2\/users\/1338"}],"replies":[{"embeddable":true,"href":"https:\/\/blog.metu.edu.tr\/capa\/wp-json\/wp\/v2\/comments?post=48"}],"version-history":[{"count":0,"href":"https:\/\/blog.metu.edu.tr\/capa\/wp-json\/wp\/v2\/pages\/48\/revisions"}],"wp:attachment":[{"href":"https:\/\/blog.metu.edu.tr\/capa\/wp-json\/wp\/v2\/media?parent=48"}],"curies":[{"name":"wp","href":"https:\/\/api.w.org\/{rel}","templated":true}]}}