{"id":41,"date":"2016-10-07T10:39:04","date_gmt":"2016-10-07T07:39:04","guid":{"rendered":"http:\/\/blog.metu.edu.tr\/capa\/?page_id=41"},"modified":"2024-10-03T10:50:46","modified_gmt":"2024-10-03T07:50:46","slug":"home","status":"publish","type":"page","link":"https:\/\/blog.metu.edu.tr\/capa\/","title":{"rendered":"Home"},"content":{"rendered":"<p><strong><span style=\"color: #800000\"><a href=\"https:\/\/blog.metu.edu.tr\/capa\/files\/2016\/10\/FullSizeRender.jpg\"><img loading=\"lazy\" decoding=\"async\" class=\"size-medium wp-image-45 alignleft\" src=\"https:\/\/blog.metu.edu.tr\/capa\/files\/2016\/10\/FullSizeRender-300x225.jpg\" alt=\"fullsizerender\" width=\"300\" height=\"225\" srcset=\"https:\/\/blog.metu.edu.tr\/capa\/files\/2016\/10\/FullSizeRender-300x225.jpg 300w, https:\/\/blog.metu.edu.tr\/capa\/files\/2016\/10\/FullSizeRender-768x576.jpg 768w, https:\/\/blog.metu.edu.tr\/capa\/files\/2016\/10\/FullSizeRender-700x525.jpg 700w, https:\/\/blog.metu.edu.tr\/capa\/files\/2016\/10\/FullSizeRender-332x249.jpg 332w, https:\/\/blog.metu.edu.tr\/capa\/files\/2016\/10\/FullSizeRender.jpg 960w\" sizes=\"auto, (max-width: 300px) 100vw, 300px\" \/><\/a><\/span><\/strong><\/p>\n<p><strong><span style=\"color: #800000\">Ye\u015fim \u00c7apa Ayd\u0131n, Ph.D.<\/span><\/strong><br \/>\n<em>Professor<\/em>,\u00a0<a href=\"https:\/\/eds.metu.edu.tr\/\">Department of Educational Sciences<\/a><br \/>\n<em>Director,<\/em>\u00a0<a href=\"https:\/\/ogem.metu.edu.tr\/\">Center for Advancing Learning and Teaching<\/a><br \/>\n<em>Coordinator, <\/em>Academic Emotions and Motivation Research Group<br \/>\nMiddle East Technical University<br \/>\n06800 Ankara T\u00dcRK\u0130YE<br \/>\nemail: capa@metu.edu.tr<\/p>\n<p>\u201c<em>In the midst of winter, I found there was, within me, an invincible summer. And that makes me happy. For it says that no matter how hard the world pushes against me, within me, there\u2019s something stronger\u2013something better, pushing right back<\/em>.\u201d \u2013 Albert Camus<\/p>\n","protected":false},"excerpt":{"rendered":"<p>Ye\u015fim \u00c7apa Ayd\u0131n, Ph.D. Professor,\u00a0Department of Educational Sciences Director,\u00a0Center for Advancing Learning and Teaching Coordinator, Academic Emotions and Motivation Research Group Middle East Technical University 06800 Ankara T\u00dcRK\u0130YE email: capa@metu.edu.tr \u201cIn the midst of winter, I found there was, within me, an invincible summer. And that makes me happy. For &#8230;<\/p>\n","protected":false},"author":1338,"featured_media":0,"parent":0,"menu_order":0,"comment_status":"closed","ping_status":"closed","template":"","meta":{"footnotes":"","_links_to":"","_links_to_target":""},"class_list":["post-41","page","type-page","status-publish","hentry","column","twocol"],"_links":{"self":[{"href":"https:\/\/blog.metu.edu.tr\/capa\/wp-json\/wp\/v2\/pages\/41","targetHints":{"allow":["GET"]}}],"collection":[{"href":"https:\/\/blog.metu.edu.tr\/capa\/wp-json\/wp\/v2\/pages"}],"about":[{"href":"https:\/\/blog.metu.edu.tr\/capa\/wp-json\/wp\/v2\/types\/page"}],"author":[{"embeddable":true,"href":"https:\/\/blog.metu.edu.tr\/capa\/wp-json\/wp\/v2\/users\/1338"}],"replies":[{"embeddable":true,"href":"https:\/\/blog.metu.edu.tr\/capa\/wp-json\/wp\/v2\/comments?post=41"}],"version-history":[{"count":0,"href":"https:\/\/blog.metu.edu.tr\/capa\/wp-json\/wp\/v2\/pages\/41\/revisions"}],"wp:attachment":[{"href":"https:\/\/blog.metu.edu.tr\/capa\/wp-json\/wp\/v2\/media?parent=41"}],"curies":[{"name":"wp","href":"https:\/\/api.w.org\/{rel}","templated":true}]}}