{"id":213,"date":"2019-04-27T13:02:18","date_gmt":"2019-04-27T10:02:18","guid":{"rendered":"http:\/\/blog.metu.edu.tr\/capa\/?page_id=213"},"modified":"2025-12-22T13:44:36","modified_gmt":"2025-12-22T10:44:36","slug":"service","status":"publish","type":"page","link":"https:\/\/blog.metu.edu.tr\/capa\/service\/","title":{"rendered":"Service"},"content":{"rendered":"<p><strong>Consulting<\/strong><\/p>\n<ul>\n<li><em>Beyaz Yaka E\u011fitim Faaliyetlerinin De\u011ferlendirilmesi <\/em>[Evaluation of Training Activities for White Collars]. Consultant to KORDSA, 2020-present.<\/li>\n<li><em>\u00d6\u011fretim Performans\u0131n\u0131n De\u011ferlendirilmesi<\/em> [Faculty Teaching Performance Evaluation]. Consultant to TED\u00dc, 2021.<\/li>\n<li><em>Meslek Ilgi Envanterinin Geli\u015ftirilmesi<\/em> [Development of Career Interest Inventory]. Consultant to Hal\u0131c\u0131 Bilgi \u0130\u015flem, 2018-2019.<\/li>\n<li><em>Zenginle\u015ftirilmi\u015f, Mobil S\u0131nav, De\u011ferlendirme ve Belgelendirme Sisteminin Geli\u015ftirilmesi<\/em> [Development of Enriched Mobile Testing, Evaluation and Certification System]. Consultant to YD Yaz\u0131l\u0131m, 2015-2016.<\/li>\n<li><em>Erken Uyar\u0131 ve Y\u00f6nlendirme Sisteminin Modellenmesi <\/em>[Modelling of early identification and referral system]. Consultant to UNICEF, 2013.<\/li>\n<li><em>Hak Temelli Kent Analizleri<\/em> [Human Rights Based Urban Analyses].Consultant to UNICEF, 2011.<\/li>\n<li><em>Canl\u0131 SBS Denemeleri<\/em> [Live SBS Trial Exams]. Consultant to SEB\u0130T E\u011fitim ve Bilgi Teknolojileri, 2009.<\/li>\n<\/ul>\n<p><strong>Seminars\/Workshops Given<\/strong><\/p>\n<p><em>Higher Education<\/em><\/p>\n<ul>\n<li><em>Effective Teaching Seminar: Measurement and Evaluation<\/em>. Middle East Technical University, December 26, 2025, Ankara<\/li>\n<li><em>Measurement and Evaluation, <\/em>TED University, November 20, 2025, Ankara.<\/li>\n<li><em>Educational Measurement and Evaluation, <\/em>Fenerbah\u00e7e University, October 3, 2025, \u0130stanbul<\/li>\n<li><em>Designing rubrics, <\/em>Middle East Technical University, March 21, 2025, Ankara.<\/li>\n<li><em>Effective Teaching Seminar: Measurement and Evaluation<\/em> Middle East Technical University, January 24, 2025, Ankara.<\/li>\n<li><em>Designing rubrics, <\/em>Middle East Technical University, June 16, 2023, Ankara.<\/li>\n<li><em>Effective Teaching Seminar: Measurement and Evaluation<\/em> Middle East Technical University, February 25, 2023, Ankara, Turkey.<\/li>\n<li><em>Instructional design,<\/em> October 14, 2022, \u0130stanbul Technical University, \u0130stanbul.<\/li>\n<li><em>Designing rubrics, <\/em>\u0130stanbul Technical University, June 8, 2022 (online).<\/li>\n<li><em>Designing rubrics, <\/em>Middle East Technical University, April 15, 2022, Ankara, Turkey.<\/li>\n<li><em>Effective Teaching Seminar: Measurement and Evaluation<\/em> Middle East Technical University, February 25, 2022, Ankara, Turkey.<\/li>\n<li><em>Assessment and Evaluation<\/em><em> in Higher Education, <\/em>Hacettepe University, December, 2021 (online).<\/li>\n<li><em>Effective Teaching Seminar: Measurement and Evaluation<\/em> TED University, February 7, 2020, Ankara, Turkey.<\/li>\n<li><em>Effective Teaching Seminar for Teaching Assistants: Assessment and Evaluation, <\/em>Middle East Technical University, February 10, 17 2020, Ankara, Turkey.<\/li>\n<li><em>Effective Teaching Seminar: Measurement and Evaluation<\/em> Middle East Technical University, March 22, 2019, Ankara, Turkey.<\/li>\n<li><em>Scoring: Point-based, rubrics, and other scales, <\/em>Middle East Technical University Department of Physics, February 22, 2019, Ankara, Turkey.<\/li>\n<li><em>Effective Teaching Seminar for Teaching Assistants: Assessment and Evaluation, <\/em>Middle East Technical University, September 18-19, November 23, December 7, 10 2018, Ankara, Turkey.<\/li>\n<li><em>An Introduction to Survey Research in Education, <\/em>June 2018, University of Kent, United Kingdom.<\/li>\n<li><em>Assessment and Evaluation in Nursing Education, <\/em>November 2017, Ko\u00e7 University College of Nursing, \u0130stanbul, Turkey.<\/li>\n<li><em>Frequently Asked Questions about Educational Assessment<\/em>, METU Center for Advancing Learning and Teaching, May 26, 2017, Ankara, Turkey.<\/li>\n<li><em>Learner-centered Approach in Higher Education: Assessment for Learning<\/em>, Middle East Technical University Northern Cyprus Campus, February 10, 2017, Northern Cyprus.<\/li>\n<li><em>Assessment for Learning<\/em>, METU Center for Advancing Learning and Teaching, April 22, 2016, Ankara, Turkey.<\/li>\n<li><em>Assessment for Learning<\/em>, METU Learning and Student Development Office, April 27, 2015, Ankara, Turkey.<\/li>\n<li><em>Use of Rubrics for an Effective Assessment<\/em>, METU Learning and Student Development Office, May 16, 2014, Ankara, Turkey.<\/li>\n<li><em>Measurement and Evaluation<\/em>, Middle East Technical University, January 27-28, 2014, Ankara, Turkey.<\/li>\n<li><em>Use of Rubrics for an Effective and Fair Assessment<\/em>, METU Learning and Student Development Office, April 19, 2013, Ankara, Turkey.<\/li>\n<li><em>Sports Statistics<\/em>, Abant \u0130zzet Baysal \u00dcniversitesi, December 1-2, 2007, Bolu, Turkey.<\/li>\n<\/ul>\n<p><em>K-12 Education<\/em><\/p>\n<ul>\n<li><em>Assessment for Learning, <\/em>Tarabya British Schools, August 20, 2025, \u0130stanbul<\/li>\n<li><em>Assessment for Learning<\/em>, TED College \u2013 High School Teachers, January 20, 2025, online.<\/li>\n<li><em>Assessment for Learning<\/em>, TED College \u2013 Elementary and Secondary School Teachers, January 20, 2025, online.<\/li>\n<li><em>Assessment for Learning<\/em>, TED Ankara College, August 31, 2023, Ankara.<\/li>\n<li><em>Assessment Design in Elementary School<\/em>, \u0130zmir \u00c7akabey Schools, August 18, 2023, \u0130zmir.<\/li>\n<li><em>Assessment Design in Secondary School<\/em>, \u0130zmir \u00c7akabey Schools, August 18, 2023, \u0130zmir.<\/li>\n<li><em>Measurement and Evaluation<\/em>, Robert College, November 26-27, 2011, \u0130stanbul, Turkey.<\/li>\n<\/ul>\n<p><em>Other<\/em><\/p>\n<ul>\n<li><em>Measurement and evaluation, <\/em>OYAK, November-December, 2022 (online certification program).<\/li>\n<li><em>Measurement and evaluation, <\/em>TURKCELL, October-November, 2022 (online certification program).<\/li>\n<li><em>Tips to make training more engaging, <\/em>Indo KORDSA, June 2, 2022 (online).<\/li>\n<li><em>Measurement and evaluation, <\/em>KORDSA (for white collar trainers), June, 2022 (online).<\/li>\n<li><em>Measurement and evaluation, <\/em>OYAK, November, 2021 (online).<\/li>\n<li><em>Measurement and Evaluation, <\/em>KORDSA (for blue collar trainers), October 2021 (online).<\/li>\n<li><em>Measurement and Evaluation, <\/em>KORDSA (for white collar trainers), June 2021 (online).<\/li>\n<li><em>Scale Development \u2013 Trainee Evaluation<\/em>, KORDSA, October 1, 2020 (online).<\/li>\n<li><em>Designing and Using Rubrics<\/em>, KORDSA, September 4, 2020 (online).<\/li>\n<li><em>Measurement and Evaluation,<\/em> KORDSA, July 10, 2020 (online).<\/li>\n<li><em>Measurement and Evaluation,<\/em> ASELSAN, June 2018, Ankara, Turkey.<\/li>\n<li><em>E&amp;T Analysis, Design, and Evaluation, NATO Center of Excellence Defense against Terrorism,\u00a0<\/em>November 14-18, 2016, Ankara.<\/li>\n<li><em>Measurement and Evaluation<\/em>, Sun Express Airlines, October 13, 2012, Antalya, Turkey.<\/li>\n<li><em>Measurement and Evaluation<\/em>, Sun Express Airlines, November 6, 2010, Antalya, Turkey.<\/li>\n<\/ul>\n<p><strong>Committees<\/strong><\/p>\n<ul>\n<li>Institute Administrative Committee Member, Graduate School of Social Science, Middle East Technical University, 2017 \u2013 present.<\/li>\n<li>Board Director and Member, Center for Advancing Learning and Teaching, Middle East Technical University, 2015 \u2013 2017, 2020 \u2013 present.<\/li>\n<li>Board Member, METU Disability Support Office, 2011 \u2013 present.<\/li>\n<li>Member, University Strategy Planning Committee, Middle East Technical University, 2021 \u2013 present.<\/li>\n<li>Member, Educational Policy Advisory Board (EP\u0130D), Middle East Technical University, 2017 \u2013 2020.<\/li>\n<li>Member, University Strategy Planning Committee, Middle East Technical University, October 2016 \u2013 2017.<\/li>\n<li>Member, Educational Policy Committee, Middle East Technical University, March \u2013 May, 2011.<\/li>\n<li>Committee Member, American Association for Employment in Education, Supply and Demand Research, 2001- 2005.<\/li>\n<\/ul>\n","protected":false},"excerpt":{"rendered":"<p>Consulting Beyaz Yaka E\u011fitim Faaliyetlerinin De\u011ferlendirilmesi [Evaluation of Training Activities for White Collars]. Consultant to KORDSA, 2020-present. \u00d6\u011fretim Performans\u0131n\u0131n De\u011ferlendirilmesi [Faculty Teaching Performance Evaluation]. Consultant to TED\u00dc, 2021. Meslek Ilgi Envanterinin Geli\u015ftirilmesi [Development of Career Interest Inventory]. Consultant to Hal\u0131c\u0131 Bilgi \u0130\u015flem, 2018-2019. Zenginle\u015ftirilmi\u015f, Mobil S\u0131nav, De\u011ferlendirme ve Belgelendirme Sisteminin &#8230;<\/p>\n","protected":false},"author":1338,"featured_media":0,"parent":0,"menu_order":0,"comment_status":"closed","ping_status":"closed","template":"","meta":{"footnotes":"","_links_to":"","_links_to_target":""},"class_list":["post-213","page","type-page","status-publish","hentry","column","twocol"],"_links":{"self":[{"href":"https:\/\/blog.metu.edu.tr\/capa\/wp-json\/wp\/v2\/pages\/213","targetHints":{"allow":["GET"]}}],"collection":[{"href":"https:\/\/blog.metu.edu.tr\/capa\/wp-json\/wp\/v2\/pages"}],"about":[{"href":"https:\/\/blog.metu.edu.tr\/capa\/wp-json\/wp\/v2\/types\/page"}],"author":[{"embeddable":true,"href":"https:\/\/blog.metu.edu.tr\/capa\/wp-json\/wp\/v2\/users\/1338"}],"replies":[{"embeddable":true,"href":"https:\/\/blog.metu.edu.tr\/capa\/wp-json\/wp\/v2\/comments?post=213"}],"version-history":[{"count":0,"href":"https:\/\/blog.metu.edu.tr\/capa\/wp-json\/wp\/v2\/pages\/213\/revisions"}],"wp:attachment":[{"href":"https:\/\/blog.metu.edu.tr\/capa\/wp-json\/wp\/v2\/media?parent=213"}],"curies":[{"name":"wp","href":"https:\/\/api.w.org\/{rel}","templated":true}]}}