{"id":148,"date":"2022-11-02T15:24:47","date_gmt":"2022-11-02T15:24:47","guid":{"rendered":"https:\/\/blog.metu.edu.tr\/ayseguls\/?page_id=148"},"modified":"2022-12-02T19:15:06","modified_gmt":"2022-12-02T19:15:06","slug":"group-3","status":"publish","type":"page","link":"https:\/\/blog.metu.edu.tr\/ca18137\/projects\/group-3\/","title":{"rendered":"GROUP 3"},"content":{"rendered":"\n<p><strong>Members<\/strong><\/p>\n\n\n\n<ul class=\"wp-block-list\">\n<li>Hadeel ABUZAID<\/li>\n\n\n\n<li>Ayb\u00fcke BALAHUN \u00c7OBAN<\/li>\n\n\n\n<li>Bernard HAUMONT<\/li>\n\n\n\n<li>Shiza MUSHTAQ<\/li>\n\n\n\n<li>Sanjin SUBIC<\/li>\n<\/ul>\n\n\n\n<figure class=\"wp-block-image size-large\"><img loading=\"lazy\" decoding=\"async\" width=\"1024\" height=\"713\" src=\"https:\/\/blog.metu.edu.tr\/ca18137\/files\/2022\/12\/group_3_2-1024x713.jpeg\" alt=\"\" class=\"wp-image-316\" srcset=\"https:\/\/blog.metu.edu.tr\/ca18137\/files\/2022\/12\/group_3_2-1024x713.jpeg 1024w, https:\/\/blog.metu.edu.tr\/ca18137\/files\/2022\/12\/group_3_2-300x209.jpeg 300w, https:\/\/blog.metu.edu.tr\/ca18137\/files\/2022\/12\/group_3_2-768x535.jpeg 768w, https:\/\/blog.metu.edu.tr\/ca18137\/files\/2022\/12\/group_3_2-624x434.jpeg 624w, https:\/\/blog.metu.edu.tr\/ca18137\/files\/2022\/12\/group_3_2.jpeg 1280w\" sizes=\"auto, (max-width: 1024px) 100vw, 1024px\" \/><\/figure>\n\n\n\n<p><strong><em>Reported by Ayb\u00fcke Balahun \u00c7OBAN<\/em><\/strong><\/p>\n\n\n\n<p><strong><em>RETHINKING THE IMAGE OF \u00dcM\u0130TK\u00d6Y S\u0130TES\u0130<\/em><\/strong><\/p>\n\n\n\n<p>Group 3 determines a sub-theme suitable for the workshop, which is about increasing the quality of life for the \u00dcmitk\u00f6y cooperative houses. They rethink the image of the housing site and identify four key topics to achieve a better living environment for the residents. There are: 1) Exterior Facades, 2) Changing Pedestrian Experience, 3) Landscaping Gardens and Common Places, Community Belonging, and 4) Energy Efficiency. Firstly, the \u00abfacade\u00bb is critical for renovating the image of the cooperation site. The fa\u00e7ade renovation will improve buildings&#8217; heat insulation by parge coat and revitalize the building image to impulse innovation and modernity in the community. Second, to make the living area more suitable for different pedestrian uses, Group 3 offers design solutions such as soft pedestrian road material, suitable traffic lights, and a pedestrian road rearrangement that can address the needs of different user groups such as the elderly, children and disadvantaged people. Third, for the arrangement of common areas with the landscape, Group 3 suggests that the waste of organic food be composted by the residents and used to regenerate the soil. In this way, the earth will be suitable for developing new species by meeting with organic fertilizer, and residents will be able to create more collective relations. Fourth, within the scope of energy efficiency, the group suggests successful exterior insulation that can reduce annual energy consumption by 30-45% in the housing site. Thanks to the location of the houses on the southwest axis, Group 3 claims that the site is suitable for solutions such as insulation and central heating, taking into account the sunshine data of Ankara. The group developed new solutions for the housing site thanks to communication, collaboration, and exchanging ideas between the expert team and the residents.<\/p>\n\n\n\n<figure class=\"wp-block-image size-large is-resized\"><img loading=\"lazy\" decoding=\"async\" src=\"https:\/\/blog.metu.edu.tr\/ca18137\/files\/2022\/11\/group3_1-2-1024x616.jpg\" alt=\"\" class=\"wp-image-191\" width=\"512\" height=\"308\" srcset=\"https:\/\/blog.metu.edu.tr\/ca18137\/files\/2022\/11\/group3_1-2-1024x616.jpg 1024w, https:\/\/blog.metu.edu.tr\/ca18137\/files\/2022\/11\/group3_1-2-300x181.jpg 300w, https:\/\/blog.metu.edu.tr\/ca18137\/files\/2022\/11\/group3_1-2-768x462.jpg 768w, https:\/\/blog.metu.edu.tr\/ca18137\/files\/2022\/11\/group3_1-2.jpg 1140w\" sizes=\"auto, (max-width: 512px) 100vw, 512px\" \/><\/figure>\n","protected":false},"excerpt":{"rendered":"<p>Members Reported by Ayb\u00fcke Balahun \u00c7OBAN RETHINKING THE IMAGE OF \u00dcM\u0130TK\u00d6Y S\u0130TES\u0130 Group 3 determines a sub-theme suitable for the workshop, which is about increasing the quality of life for the \u00dcmitk\u00f6y cooperative houses. They rethink the image of the housing site and identify four key topics to achieve a better living environment for the [&hellip;]<\/p>\n","protected":false},"author":8591,"featured_media":0,"parent":141,"menu_order":0,"comment_status":"closed","ping_status":"closed","template":"","meta":{"footnotes":"","_links_to":"","_links_to_target":""},"class_list":["post-148","page","type-page","status-publish","hentry"],"_links":{"self":[{"href":"https:\/\/blog.metu.edu.tr\/ca18137\/wp-json\/wp\/v2\/pages\/148","targetHints":{"allow":["GET"]}}],"collection":[{"href":"https:\/\/blog.metu.edu.tr\/ca18137\/wp-json\/wp\/v2\/pages"}],"about":[{"href":"https:\/\/blog.metu.edu.tr\/ca18137\/wp-json\/wp\/v2\/types\/page"}],"author":[{"embeddable":true,"href":"https:\/\/blog.metu.edu.tr\/ca18137\/wp-json\/wp\/v2\/users\/8591"}],"replies":[{"embeddable":true,"href":"https:\/\/blog.metu.edu.tr\/ca18137\/wp-json\/wp\/v2\/comments?post=148"}],"version-history":[{"count":0,"href":"https:\/\/blog.metu.edu.tr\/ca18137\/wp-json\/wp\/v2\/pages\/148\/revisions"}],"up":[{"embeddable":true,"href":"https:\/\/blog.metu.edu.tr\/ca18137\/wp-json\/wp\/v2\/pages\/141"}],"wp:attachment":[{"href":"https:\/\/blog.metu.edu.tr\/ca18137\/wp-json\/wp\/v2\/media?parent=148"}],"curies":[{"name":"wp","href":"https:\/\/api.w.org\/{rel}","templated":true}]}}