{"id":144,"date":"2022-11-02T15:24:13","date_gmt":"2022-11-02T15:24:13","guid":{"rendered":"https:\/\/blog.metu.edu.tr\/ayseguls\/?page_id=144"},"modified":"2022-12-02T19:14:50","modified_gmt":"2022-12-02T19:14:50","slug":"group-1","status":"publish","type":"page","link":"https:\/\/blog.metu.edu.tr\/ca18137\/projects\/group-1\/","title":{"rendered":"GROUP 1"},"content":{"rendered":"\n<p><strong>Members<\/strong><\/p>\n\n\n\n<ul class=\"wp-block-list\">\n<li>Nurten M\u00fcge AYLA<\/li>\n\n\n\n<li>Claus DANIELSEN-BECH<\/li>\n\n\n\n<li>Lora NICOLOAU<\/li>\n\n\n\n<li>Ay\u015feg\u00fcl SARI<\/li>\n\n\n\n<li>Hamdi TEK\u0130N<\/li>\n\n\n\n<li>Fatmanur TOK<\/li>\n<\/ul>\n\n\n\n<figure class=\"wp-block-image size-large is-resized is-style-default\"><img loading=\"lazy\" decoding=\"async\" src=\"https:\/\/blog.metu.edu.tr\/ca18137\/files\/2022\/11\/group1_2-edited.jpg\" alt=\"\" class=\"wp-image-166\" width=\"424\" height=\"424\" srcset=\"https:\/\/blog.metu.edu.tr\/ca18137\/files\/2022\/11\/group1_2-edited.jpg 848w, https:\/\/blog.metu.edu.tr\/ca18137\/files\/2022\/11\/group1_2-edited-300x300.jpg 300w, https:\/\/blog.metu.edu.tr\/ca18137\/files\/2022\/11\/group1_2-edited-150x150.jpg 150w, https:\/\/blog.metu.edu.tr\/ca18137\/files\/2022\/11\/group1_2-edited-768x768.jpg 768w\" sizes=\"auto, (max-width: 424px) 100vw, 424px\" \/><\/figure>\n\n\n\n<p><strong><em>Reported by Ay\u015feg\u00fcl SARI<\/em><\/strong><\/p>\n\n\n\n<p><strong><em>THE BOLD MOVE<\/em><\/strong><\/p>\n\n\n\n<p>\u00dcmitk\u00f6y Sitesi offers a sense of belonging to its residents who have been there for a long time. That is why Group 1 is interested in community engagement within the site at the risk of diminishment. Although the former households, with a lower percentage, still maintain a sense of belonging, the recent tenants feel less attached to the area. To bring back the healthy communal life, Group 1 was after the question, &#8220;<em>How can we have a community whose members want to be here, to be together, and to sustain the estate?&#8221;. <\/em>The group used the site visit to take notes and photographs from the site, ask questions and make voice recordings of the residents (with the approval of the surveyed person). The analyses revealed that the site&#8217;s value is a secondary feature for the residents because of the poor structural conditions of the site. It is necessary to provide some structural improvements; otherwise, this site will not survive after about 20 years. Group 1 developed a design idea within a strategic plan called the <strong><em>Bold Move<\/em><\/strong> to attain durability to the site and save the community engagement and sense of attachment to the site. Accordingly, Group 1 proposes the three critical interventions for the community -communal services, the buildings (structural conditions) and the environmental issues. Ultimately, Group 1 aims to balance the plan and the customized\/individualized development. <\/p>\n\n\n\n<figure class=\"wp-block-image size-large is-resized\"><img loading=\"lazy\" decoding=\"async\" src=\"https:\/\/blog.metu.edu.tr\/ca18137\/files\/2022\/11\/group1_1-1024x745.jpg\" alt=\"\" class=\"wp-image-167\" width=\"512\" height=\"373\" srcset=\"https:\/\/blog.metu.edu.tr\/ca18137\/files\/2022\/11\/group1_1-1024x745.jpg 1024w, https:\/\/blog.metu.edu.tr\/ca18137\/files\/2022\/11\/group1_1-300x218.jpg 300w, https:\/\/blog.metu.edu.tr\/ca18137\/files\/2022\/11\/group1_1-768x559.jpg 768w, https:\/\/blog.metu.edu.tr\/ca18137\/files\/2022\/11\/group1_1.jpg 1170w\" sizes=\"auto, (max-width: 512px) 100vw, 512px\" \/><\/figure>\n","protected":false},"excerpt":{"rendered":"<p>Members Reported by Ay\u015feg\u00fcl SARI THE BOLD MOVE \u00dcmitk\u00f6y Sitesi offers a sense of belonging to its residents who have been there for a long time. That is why Group 1 is interested in community engagement within the site at the risk of diminishment. Although the former households, with a lower percentage, still maintain a [&hellip;]<\/p>\n","protected":false},"author":8591,"featured_media":0,"parent":141,"menu_order":0,"comment_status":"closed","ping_status":"closed","template":"","meta":{"footnotes":"","_links_to":"","_links_to_target":""},"class_list":["post-144","page","type-page","status-publish","hentry"],"_links":{"self":[{"href":"https:\/\/blog.metu.edu.tr\/ca18137\/wp-json\/wp\/v2\/pages\/144","targetHints":{"allow":["GET"]}}],"collection":[{"href":"https:\/\/blog.metu.edu.tr\/ca18137\/wp-json\/wp\/v2\/pages"}],"about":[{"href":"https:\/\/blog.metu.edu.tr\/ca18137\/wp-json\/wp\/v2\/types\/page"}],"author":[{"embeddable":true,"href":"https:\/\/blog.metu.edu.tr\/ca18137\/wp-json\/wp\/v2\/users\/8591"}],"replies":[{"embeddable":true,"href":"https:\/\/blog.metu.edu.tr\/ca18137\/wp-json\/wp\/v2\/comments?post=144"}],"version-history":[{"count":0,"href":"https:\/\/blog.metu.edu.tr\/ca18137\/wp-json\/wp\/v2\/pages\/144\/revisions"}],"up":[{"embeddable":true,"href":"https:\/\/blog.metu.edu.tr\/ca18137\/wp-json\/wp\/v2\/pages\/141"}],"wp:attachment":[{"href":"https:\/\/blog.metu.edu.tr\/ca18137\/wp-json\/wp\/v2\/media?parent=144"}],"curies":[{"name":"wp","href":"https:\/\/api.w.org\/{rel}","templated":true}]}}