{"id":130,"date":"2022-11-02T15:21:49","date_gmt":"2022-11-02T15:21:49","guid":{"rendered":"https:\/\/blog.metu.edu.tr\/ayseguls\/?page_id=130"},"modified":"2022-12-02T18:39:26","modified_gmt":"2022-12-02T18:39:26","slug":"programme","status":"publish","type":"page","link":"https:\/\/blog.metu.edu.tr\/ca18137\/programme\/","title":{"rendered":"PROGRAMME"},"content":{"rendered":"\n<figure class=\"wp-block-table is-style-stripes\"><table class=\"has-fixed-layout\"><tbody><tr><td><strong>THURSDAY, 29 September 2022<\/strong><\/td><td><\/td><td><strong>Session Place  <\/strong>                                    <\/td><\/tr><tr><td>Arrivals to Ankara<\/td><td>&nbsp;<\/td><td><\/td><\/tr><tr><td><strong>FRIDAY, 30 September 2022<\/strong><\/td><td><\/td><td><strong>METU, FoA<\/strong><\/td><\/tr><tr><td><strong>8.45<\/strong><\/td><td><strong>REGISTRATION<\/strong><\/td><td><strong>Room# 52<\/strong><br><strong>(Upper ground floor)<\/strong><\/td><\/tr><tr><td>9.00-10.30<\/td><td><strong>Welcome speeches<\/strong>:<br>&#8211; Prof. Dr Neriman \u015eahin G\u00fc\u00e7han, <br><em>Dean of the Faculty of Architecture, METU<\/em><br>&#8211; Prof. Dr Serap Kayas\u00fc, <br><em>Chair of the Department of City and Regional Planning, METU<\/em><br>&#8211; Prof. Dr M\u00fcge Akkar Ercan, <br><em>on behalf of the workshop coordinators of the Stakeholder Workshop, METU<\/em><\/td><td><strong>Room# 52<\/strong><\/td><\/tr><tr><td><strong>10.30-11.00<\/strong><\/td><td><strong>Coffee Break<\/strong><\/td><td><\/td><\/tr><tr><td>11.00-11.30<\/td><td><strong>Introduction to the Stakeholder Workshop<\/strong> <strong>and the case study site<\/strong><br>Prof. Dr. M\u00fcge Akkar Ercan, \u0130rem Duygu Tiryaki, Furkan Erdem S\u00f6zeri<\/td><td><\/td><\/tr><tr><td>11.30-11.45<\/td><td><strong>The inevitable? ideological bias of urban indicator systems. Madrid as a paradigm.<\/strong> <br>Prof. Dr. Roberto Goycoolea Prado, Prof. Dr. Paz Nunez Marti<\/td><td><\/td><\/tr><tr><td>11.45-12.30<\/td><td><strong>Meeting group members: <\/strong><br><strong>Who is who session<\/strong><\/td><td><\/td><\/tr><tr><td><strong>12.30-13.30<\/strong><\/td><td><strong>Lunch<\/strong><\/td><td><\/td><\/tr><tr><td>13.30-17.00<\/td><td><strong>Site visit and first impressions<\/strong> <br>(Bus will depart in front of the cafeteria where we will have lunch)<\/td><td><strong>\u00dcmitk\u00f6y Sitesi<\/strong><\/td><\/tr><tr><td>17.00 -18.30<\/td><td><strong>Working time for groups<\/strong><\/td><td><\/td><\/tr><tr><td>&nbsp;<\/td><td><strong>&nbsp;<\/strong><\/td><td><\/td><\/tr><tr><td><strong>SATURDAY, 1 October 2022<\/strong><\/td><td><strong>&nbsp;<\/strong><\/td><td><\/td><\/tr><tr><td><strong>8.45<\/strong><\/td><td><strong>REGISTRATION<\/strong><\/td><td><strong>Room# 52<\/strong><\/td><\/tr><tr><td>9.00-12.30<\/td><td><strong>Stakeholder meeting 1:<\/strong> exploring challenges and opportunities (researchers\/designers\/experts\/residents) Each group will discuss the problems and what can be done for the MCMH site <br><strong>Coffee\/tea and cookies available in the Studio<\/strong><\/td><td><\/td><\/tr><tr><td><strong>12.30-13.30<\/strong><\/td><td><strong>Lunch<\/strong><\/td><td><\/td><\/tr><tr><td>13.30-17.30<br><\/td><td><strong>Working in groups:<\/strong> Co(designing) strategies for improving quality of life&nbsp; and sustainability (researchers\/designers\/experts\/residents) <br><strong>Coffee\/tea and cookies available in the Studio<\/strong><\/td><td><\/td><\/tr><tr><td><strong>20.00<\/strong><\/td><td><strong>SOCIAL DINNER<\/strong><\/td><td><\/td><\/tr><tr><td>&nbsp;<\/td><td><strong>&nbsp;<\/strong><\/td><td><\/td><\/tr><tr><td><strong>SUNDAY 2 October 2022<\/strong><\/td><td><strong>&nbsp;&nbsp;&nbsp;&nbsp;<\/strong><\/td><td><\/td><\/tr><tr><td><strong>8.45<\/strong><\/td><td><strong>REGISTRATION<\/strong><\/td><td><strong>Room# 52<\/strong><\/td><\/tr><tr><td>9.00-12.30<\/td><td><strong>Working in groups: <\/strong>Preparing presentations for improving quality of life and sustainability <br><strong>Coffee\/tea and cookies available in the Studio<\/strong><\/td><td><\/td><\/tr><tr><td><strong>12.30-13.30<\/strong><\/td><td><strong>Lunch<\/strong><\/td><td><\/td><\/tr><tr><td>13.30-14.30<\/td><td><strong>Preparation for presentations<\/strong> <strong>for improving quality of life and sustainability<\/strong> &nbsp;<\/td><td><\/td><\/tr><tr><td>14.30-17.00<\/td><td><strong>Presentations of groups to stakeholders<\/strong> <br>&#8211; Residents and cooperative management committee members of \u00dcmitk\u00f6y Sitesi, <br>&#8211; the Mukhtar of \u00dcmitk\u00f6y Neighbourhood, <br>&#8211; City and Regional planner, and urban design expert from \u00c7ankaya Municipality<br><strong>Coffee\/tea and cookies are available in the Studio<\/strong><\/td><td><\/td><\/tr><tr><td>&nbsp;<\/td><td>&nbsp;<\/td><td><\/td><\/tr><tr><td><strong>MONDAY 3 October 2022<\/strong><\/td><td><strong>&nbsp;&nbsp;&nbsp;&nbsp;&nbsp;<\/strong><\/td><td><\/td><\/tr><tr><td>Departures from Ankara<\/td><\/tr><\/tbody><\/table><\/figure>\n","protected":false},"excerpt":{"rendered":"<p>THURSDAY, 29 September 2022 Session Place Arrivals to Ankara &nbsp; FRIDAY, 30 September 2022 METU, FoA 8.45 REGISTRATION Room# 52(Upper ground floor) 9.00-10.30 Welcome speeches:&#8211; Prof. Dr Neriman \u015eahin G\u00fc\u00e7han, Dean of the Faculty of Architecture, METU&#8211; Prof. Dr Serap Kayas\u00fc, Chair of the Department of City and Regional Planning, METU&#8211; Prof. Dr M\u00fcge Akkar [&hellip;]<\/p>\n","protected":false},"author":8591,"featured_media":0,"parent":0,"menu_order":1,"comment_status":"closed","ping_status":"closed","template":"page-templates\/full-width.php","meta":{"footnotes":"","_links_to":"","_links_to_target":""},"class_list":["post-130","page","type-page","status-publish","hentry"],"_links":{"self":[{"href":"https:\/\/blog.metu.edu.tr\/ca18137\/wp-json\/wp\/v2\/pages\/130","targetHints":{"allow":["GET"]}}],"collection":[{"href":"https:\/\/blog.metu.edu.tr\/ca18137\/wp-json\/wp\/v2\/pages"}],"about":[{"href":"https:\/\/blog.metu.edu.tr\/ca18137\/wp-json\/wp\/v2\/types\/page"}],"author":[{"embeddable":true,"href":"https:\/\/blog.metu.edu.tr\/ca18137\/wp-json\/wp\/v2\/users\/8591"}],"replies":[{"embeddable":true,"href":"https:\/\/blog.metu.edu.tr\/ca18137\/wp-json\/wp\/v2\/comments?post=130"}],"version-history":[{"count":0,"href":"https:\/\/blog.metu.edu.tr\/ca18137\/wp-json\/wp\/v2\/pages\/130\/revisions"}],"wp:attachment":[{"href":"https:\/\/blog.metu.edu.tr\/ca18137\/wp-json\/wp\/v2\/media?parent=130"}],"curies":[{"name":"wp","href":"https:\/\/api.w.org\/{rel}","templated":true}]}}