{"id":52,"date":"2018-05-30T22:27:31","date_gmt":"2018-05-30T22:27:31","guid":{"rendered":"http:\/\/blog.metu.edu.tr\/burakk\/?page_id=52"},"modified":"2026-03-19T20:15:13","modified_gmt":"2026-03-19T20:15:13","slug":"lecture-notes-videos-and-slides","status":"publish","type":"page","link":"https:\/\/blog.metu.edu.tr\/burakk\/lecture-notes-videos-and-slides\/","title":{"rendered":"Teaching material"},"content":{"rendered":"<p><strong>Lecture notes<\/strong><\/p>\n<p align=\"justify\">Below you will find my lecture notes for some of the courses I have taught at the Department of Mathematics of Middle East Technical University.<\/p>\n<ul>\n<li><a href=\"https:\/\/blog.metu.edu.tr\/burakk\/some-notes-for-math119-spring-2020\/\">MATH 119 Calculus with Analytic Geometry<\/a><br \/>\nLecture notes for a course I taught during Spring 2020<\/li>\n<li><a href=\"https:\/\/drive.google.com\/file\/d\/10az0LEIGcn-7ZxRSifWGRFcoWkJxpWfb\/view?usp=sharing\">MATH 320 Set Theory<\/a><br \/>\nLecture notes for a course I teach regularly<\/li>\n<li><a href=\"https:\/\/drive.google.com\/drive\/folders\/1Mx8PXmwOE6N_fEtgUapKtm1NAh3NBDHF\">MATH 320 Set Theory<\/a><br \/>\nThese are the hand-written notes of the live lectures from Spring 2021. They (mostly) follow the LaTeXed lecture notes that are linked above.<\/li>\n<li><a href=\"https:\/\/drive.google.com\/file\/d\/1_HxwPiBqhg9ayUOmo3sdt35fuYJIkaqL\/view?usp=sharing\">MATH349 Introduction to Mathematical Analysis<\/a><br \/>\nThese are the hand-written lecture notes from Fall 2023 taken by Atakan Erdem<\/li>\n<li><a href=\"https:\/\/drive.google.com\/file\/d\/102A-NDiPsnA6-PnA1P-V5RXJiN8arkRI\/view?usp=sharing\">MATH 452 Introduction to Functional Analysis<\/a><br \/>\nLecture notes for a course I taught during Fall 2021<\/li>\n<li><a href=\"https:\/\/drive.google.com\/file\/d\/1207CR1Vla2ZjAjlTFX12JuzuhUcfkJAS\/view?usp=sharing\">MATH 501 Analysis<\/a><br \/>\nLecture notes for a course I taught during Fall 2019<\/li>\n<li><a href=\"https:\/\/blog.metu.edu.tr\/burakk\/lecture-notes-for-math535\/\">MATH 535 Topology<\/a><br \/>\nLecture notes for a course I taught during Fall 2020<\/li>\n<\/ul>\n<p>Below you will find my lecture notes for some of the courses I have taught at <a href=\"https:\/\/nesinkoyleri.org\/en\/nesin-villages\/\">the Nesin Mathematics Village<\/a>.<\/p>\n<ul>\n<li><a href=\"http:\/\/users.metu.edu.tr\/burakk\/lecturenotes\/village2017lecturenotes.pdf\">An Introduction to Infinitary Combinatorics<\/a><br \/>\nLecture notes of a course I taught during Summer 2017.<\/li>\n<li><a href=\"http:\/\/users.metu.edu.tr\/burakk\/lecturenotes\/village2018lecturenotes.pdf\">Paradoxical decompositions: The Banach-Tarski paradox and others<\/a><br \/>\nLecture notes of a course I taught during Summer 2018.<\/li>\n<li><a href=\"http:\/\/users.metu.edu.tr\/burakk\/lecturenotes\/village2019lecturenotes.pdf\">Ultrafilters and how to use them<\/a> (Incomplete at the moment.)<br \/>\nLecture notes of a course I taught during Summer 2019.<\/li>\n<\/ul>\n<hr \/>\n<p><strong>Lecture videos<\/strong><\/p>\n<ul>\n<li>I have contributed and will contribute to <a href=\"http:\/\/ocw.metu.edu.tr\/\">METU OpenCourseWare project<\/a>. You may find some video lectures of mine at <a href=\"https:\/\/www.youtube.com\/channel\/UC6Fkq1ovVbI-U352qv245UQ\">the official YouTube channel<\/a> of this project.<\/li>\n<li>I also recorded some of my lectures, as a part of online lectures that are held during the COVID-19 crisis in 2020. You can reach the YouTube playlists of MATH 119 (Spring 2020) from <a href=\"https:\/\/www.youtube.com\/playlist?list=PLqe_vF-j6q2pU-BPKZBOIrA6Sm0rhXsxA\">this link<\/a> and MATH406 (Spring 2020) from <a href=\"https:\/\/www.youtube.com\/playlist?list=PLqe_vF-j6q2pHSTi3kseZZKjb-Gx2S7XZ\">this link<\/a>.<\/li>\n<li>During Fall 2020, Spring 2021 and Fall 2021, I also recorded videos of my live lectures over Zoom. However, these video recordings are only available to the students who took these courses, mainly due to privacy concerns. If you are one of these students and want to rewatch these lecture videos, please visit the relevant <a href=\"https:\/\/odtuclass.metu.edu.tr\/\">ODTU Class<\/a> page to access these recordings or contact me over e-mail.<\/li>\n<\/ul>\n<hr \/>\n<p><strong>Slides and videos of talks for undergraduate students and general audience<\/strong><\/p>\n<p align=\"justify\">Since I started working at METU, I have been being asked to give popular and semi-popular talks by various student clubs and societies. Here are the slides and videos of some these talks:<\/p>\n<ul>\n<li><a href=\"http:\/\/users.metu.edu.tr\/burakk\/slides\/godelformathematicians.pdf\">G\u00f6del&#8217;s incompleteness theorem for mathematicians<\/a><br \/>\nSlides of a seminar organized by <a href=\"https:\/\/mathc.metu.edu.tr\/\">METU Math Club<\/a>.<\/li>\n<li><a href=\"http:\/\/users.metu.edu.tr\/burakk\/slides\/nonstandardanalysis.pdf\">A gentle introduction to non-standard analysis<\/a><br \/>\nSlides of a talk for a <a href=\"https:\/\/mathc.metu.edu.tr\/calistay\/\">workshop<\/a> organized by <a href=\"https:\/\/mathc.metu.edu.tr\/\">METU Math Club<\/a>.<\/li>\n<li><a href=\"http:\/\/users.metu.edu.tr\/burakk\/slides\/infinityandbeyond.pdf\">Sonlu \u00f6tesi say\u0131lara bir yolculuk ve sonsuzlar\u0131n hiyerar\u015fisi<\/a> (in Turkish)<br \/>\nSlides of a talk for\u00a0<a href=\"https:\/\/www.facebook.com\/events\/1934618260105858\/\">3. ODT\u00dc Bilim G\u00fcnleri<\/a>.<\/li>\n<li><a href=\"https:\/\/www.youtube.com\/watch?v=s711IAv57T8\">Borel kromatik say\u0131s\u0131<\/a> (in Turkish)<br \/>\nVideo recording of a seminar organized by <a href=\"https:\/\/mathc.metu.edu.tr\/\">METU Math Club<\/a>.<\/li>\n<li><a href=\"https:\/\/www.youtube.com\/watch?v=JBFTOSZ9ZSc\">T\u0131k\u0131zl\u0131k teoremi ve uygulamalar\u0131<\/a> (in Turkish)<br \/>\nVideo recording of an online seminar organized by <a href=\"https:\/\/mathc.metu.edu.tr\/\">METU Math Club<\/a>.<\/li>\n<li><a href=\"https:\/\/www.youtube.com\/watch?v=QP6_QOWymdA\">Cebirsel kapal\u0131 gruplar ve genellemeleri<\/a> (in Turkish)<br \/>\nVideo recording of an online seminar for a <a href=\"https:\/\/etkinlikler.matematikturkiye.com\/etkinlik\/ii-cebir-calistayi\/\">workshop<\/a> organized by <a href=\"https:\/\/matematikturkiye.com\/\">T\u00fcrkiye Matematik Kul\u00fcb\u00fc<\/a>.<\/li>\n<li><a href=\"http:\/\/users.metu.edu.tr\/burakk\/slides\/egrilerianlamak.pdf\">E\u011frileri anlamak<\/a> (in Turkish)<br \/>\nSlides of a seminar organized by <a href=\"https:\/\/www.alkev.k12.tr\/\">ALKEV \u00d6zel Okullar\u0131<\/a>.<\/li>\n<li><a href=\"http:\/\/users.metu.edu.tr\/burakk\/slides\/bounseminer.pdf\">Betimsel k\u00fcmeler kuram\u0131, tan\u0131mlanabilir in\u015falar ve \u00e7izgeler<\/a> (in Turkish)<br \/>\nSlides of a seminar organized by BO\u00dcN Matematik Toplulu\u011fu<\/li>\n<li><a href=\"https:\/\/www.youtube.com\/watch?v=RXdDZmp1GCo\">Video Podcast Serisi: John von Neumann<\/a><br \/>\nVideo recording of a podcast organized by ODT\u00dc<\/li>\n<li><a href=\"https:\/\/www.youtube.com\/watch?v=B0gcFmKm3Gw\">Video Podcast Serisi: Kurt G\u00f6del<\/a><br \/>\nVideo recording of a podcast organized by ODT\u00dc<\/li>\n<li><a href=\"https:\/\/users.metu.edu.tr\/burakk\/slides\/hacettepeseminer.pdf\">Sonlu\u00f6tesi say\u0131lar, Hidra oyunu ve Goodstein teoremi<\/a><br \/>\nSlides of a seminar organized by <a href=\"https:\/\/twitter.com\/MDusunme\/status\/1661783884911063069\">H\u00dcMDAT<\/a><\/li>\n<\/ul>\n<hr \/>\n<p><strong>Past exams<\/strong><\/p>\n<p>Below you will find past exams of some of the courses that I taught.<\/p>\n<ul>\n<li>MATH 779, Fall 2025<br \/>\n<a href=\"https:\/\/users.metu.edu.tr\/burakk\/pastexams\/77920251\/homework1.pdf\">Homework I<\/a>, <a href=\"https:\/\/users.metu.edu.tr\/burakk\/pastexams\/77920251\/homework2.pdf\">Homework II<\/a>, <a href=\"https:\/\/users.metu.edu.tr\/burakk\/pastexams\/77920251\/homework3.pdf\">Homework III<\/a>, <a href=\"https:\/\/users.metu.edu.tr\/burakk\/pastexams\/77920251\/homework4.pdf\">Homework IV<\/a>, <a href=\"https:\/\/users.metu.edu.tr\/burakk\/pastexams\/77920251\/homework56.pdf\">Homework V+VI<\/a>, <a href=\"https:\/\/users.metu.edu.tr\/burakk\/pastexams\/77920251\/finaltakehome.pdf\">Final Take-Home<\/a>.<\/li>\n<li>MATH 497, Fall 2025<br \/>\n<a href=\"https:\/\/users.metu.edu.tr\/burakk\/pastexams\/49720251\/midterm1.pdf\">Midterm I<\/a>, <a href=\"https:\/\/users.metu.edu.tr\/burakk\/pastexams\/49720251\/midterm2.pdf\">Midterm II<\/a>, <a href=\"https:\/\/users.metu.edu.tr\/burakk\/pastexams\/49720251\/finalexam.pdf\">Final<\/a>.<\/li>\n<li>MATH 111, Fall 2025<br \/>\n<a href=\"https:\/\/users.metu.edu.tr\/burakk\/pastexams\/11120251\/midterm1.pdf\">Midterm I<\/a>, <a href=\"https:\/\/users.metu.edu.tr\/burakk\/pastexams\/11120251\/midterm2.pdf\">Midterm II<\/a>, <a href=\"https:\/\/users.metu.edu.tr\/burakk\/pastexams\/11120251\/finalexam.pdf\">Final<\/a>.<\/li>\n<li>MATH 262, Spring 2025<br \/>\n<a href=\"https:\/\/users.metu.edu.tr\/burakk\/pastexams\/26220242\/midterm1.pdf\">Midterm I<\/a>, <a href=\"https:\/\/users.metu.edu.tr\/burakk\/pastexams\/26220242\/midterm2.pdf\">Midterm II<\/a>, <a href=\"https:\/\/users.metu.edu.tr\/burakk\/pastexams\/26220242\/midterm3.pdf\">Midterm II<\/a>, <a href=\"https:\/\/users.metu.edu.tr\/burakk\/pastexams\/26220242\/final.pdf\">Final<\/a>.<\/li>\n<li>MATH782, Spring 2025<br \/>\n<a href=\"https:\/\/users.metu.edu.tr\/burakk\/pastexams\/78220242\/homework1.pdf\">Homework I<\/a>, <a href=\"https:\/\/users.metu.edu.tr\/burakk\/pastexams\/78220242\/homework2.pdf\">Homework II<\/a>, <a href=\"https:\/\/users.metu.edu.tr\/burakk\/pastexams\/78220242\/homework3.pdf\">Homework III<\/a>, <a href=\"https:\/\/users.metu.edu.tr\/burakk\/pastexams\/78220242\/homework4.pdf\">Homework IV<\/a>, <a href=\"https:\/\/users.metu.edu.tr\/burakk\/pastexams\/78220242\/final.pdf\">Final<\/a>.<\/li>\n<li>MATH320, Fall 2024<br \/>\n<a href=\"http:\/\/users.metu.edu.tr\/burakk\/pastexams\/32020241\/midterm1.pdf\">Midterm 1<\/a>, <a href=\"https:\/\/users.metu.edu.tr\/burakk\/pastexams\/32020241\/midterm2.pdf\">Midterm 2<\/a>, <a href=\"https:\/\/users.metu.edu.tr\/burakk\/pastexams\/32020241\/final.pdf\">Final<\/a>.<\/li>\n<li>MATH261, Fall 2024<br \/>\n<a href=\"https:\/\/users.metu.edu.tr\/burakk\/pastexams\/26120241\/midterm1.pdf\">Midterm 1<\/a>, <a href=\"https:\/\/users.metu.edu.tr\/burakk\/pastexams\/26120241\/midterm2.pdf\">Midterm 2<\/a>, <a href=\"https:\/\/users.metu.edu.tr\/burakk\/pastexams\/26120241\/midterm3.pdf\">Midterm 3<\/a>, <a href=\"https:\/\/users.metu.edu.tr\/burakk\/pastexams\/26120241\/final.pdf\">Final<\/a>.<\/li>\n<li>MATH452, Spring 2024<br \/>\n<a href=\"https:\/\/users.metu.edu.tr\/burakk\/pastexams\/45220232\/m1solutions.pdf\">Midterm 1<\/a>, <a href=\"https:\/\/users.metu.edu.tr\/burakk\/pastexams\/45220232\/m2solutions.pdf\">Midterm 2<\/a>, <a href=\"https:\/\/users.metu.edu.tr\/burakk\/pastexams\/45220232\/final.pdf\">Final<\/a>.<\/li>\n<li>MATH124, Spring 2024<br \/>\n<a href=\"https:\/\/users.metu.edu.tr\/burakk\/pastexams\/12420232\/m1solutions.pdf\">Midterm 1<\/a>, <a href=\"https:\/\/users.metu.edu.tr\/burakk\/pastexams\/12420232\/m2solutions.pdf\">Midterm 2<\/a>, <a href=\"https:\/\/users.metu.edu.tr\/burakk\/pastexams\/12420232\/m3solutions.pdf\">Midterm 3<\/a>, <a href=\"https:\/\/users.metu.edu.tr\/burakk\/pastexams\/12420232\/final.pdf\">Final<\/a>.<\/li>\n<li>MATH123, Fall 2023<br \/>\n<a href=\"https:\/\/users.metu.edu.tr\/burakk\/pastexams\/12320231\/midterm1.pdf\">Midterm 1<\/a>, <a href=\"https:\/\/users.metu.edu.tr\/burakk\/pastexams\/12320231\/midterm2.pdf\">Midterm 2<\/a>, <a href=\"https:\/\/users.metu.edu.tr\/burakk\/pastexams\/12320231\/final.pdf\">Final<\/a>.<\/li>\n<li>MATH349, Fall 2023<br \/>\n<a href=\"https:\/\/users.metu.edu.tr\/burakk\/pastexams\/34920231\/midterm1.pdf\">Midterm 1<\/a>, <a href=\"https:\/\/users.metu.edu.tr\/burakk\/pastexams\/34920231\/midterm2.pdf\">Midterm 2<\/a>, <a href=\"https:\/\/users.metu.edu.tr\/burakk\/pastexams\/34920231\/midterm3.pdf\">Midterm 3<\/a>, <a href=\"https:\/\/users.metu.edu.tr\/burakk\/pastexams\/34920231\/final.pdf\">Final<\/a>.<\/li>\n<li>MATH320, Spring 2023<br \/>\n<a href=\"https:\/\/users.metu.edu.tr\/burakk\/pastexams\/32020222\/takehome1.pdf\">Take-Home Exam I<\/a>, <a href=\"https:\/\/users.metu.edu.tr\/burakk\/pastexams\/32020222\/takehome2.pdf\">Take-Home Exam II<\/a>, <a href=\"https:\/\/users.metu.edu.tr\/burakk\/pastexams\/32020222\/final.pdf\">Final<\/a>.<\/li>\n<li>MATH501, Fall 2022<br \/>\n<a href=\"https:\/\/users.metu.edu.tr\/burakk\/pastexams\/50120221\/mquestions.pdf\">Midterm<\/a>, <a href=\"https:\/\/users.metu.edu.tr\/burakk\/pastexams\/50120221\/final.pdf\">Final<\/a>. For homework assignments, I used the same problem sets from Fall 2020.<\/li>\n<li>MATH779, Spring 2022<br \/>\n<a href=\"https:\/\/users.metu.edu.tr\/burakk\/pastexams\/77920212\/mquestions.pdf\">Midterm<\/a>, <a href=\"https:\/\/users.metu.edu.tr\/burakk\/pastexams\/77920212\/finalquestions.pdf\">Final<\/a>.<\/li>\n<li>MATH406, Fall 2021<br \/>\n<a href=\"http:\/\/users.metu.edu.tr\/burakk\/pastexams\/40620211\/midterm1.pdf\">Midterm 1<\/a>, <a href=\"https:\/\/users.metu.edu.tr\/burakk\/pastexams\/40620211\/midterm2.pdf\">Midterm 2<\/a>, <a href=\"https:\/\/users.metu.edu.tr\/burakk\/pastexams\/40620211\/final.pdf\">Final<\/a>, <a href=\"https:\/\/users.metu.edu.tr\/burakk\/pastexams\/40620211\/takehome.pdf\">Bonus Take-Home<\/a>.<\/li>\n<li>MATH452, Fall 2021<br \/>\n<a href=\"https:\/\/users.metu.edu.tr\/burakk\/pastexams\/45220211\/midterm1.pdf\">Midterm 1<\/a>, <a href=\"https:\/\/users.metu.edu.tr\/burakk\/pastexams\/45220211\/midterm2.pdf\">Midterm 2<\/a>, <a href=\"https:\/\/users.metu.edu.tr\/burakk\/pastexams\/45220211\/final.pdf\">Final<\/a>.<\/li>\n<li>MATH320, Spring 2021<br \/>\n<a href=\"http:\/\/users.metu.edu.tr\/burakk\/pastexams\/32020202\/takehome1.pdf\">Take-Home Exam I<\/a>, <a href=\"http:\/\/users.metu.edu.tr\/burakk\/pastexams\/32020202\/takehome2.pdf\">Take-Home Exam II<\/a>, <a href=\"https:\/\/users.metu.edu.tr\/burakk\/pastexams\/32020202\/final.pdf\">Final<\/a>.<\/li>\n<li>MATH535, Fall 2020<br \/>\n<a href=\"http:\/\/users.metu.edu.tr\/burakk\/pastexams\/53520201\/homework1.pdf\">Homework I<\/a>, <a href=\"http:\/\/users.metu.edu.tr\/burakk\/pastexams\/53520201\/homework2.pdf\">Homework II<\/a>, <a href=\"http:\/\/users.metu.edu.tr\/burakk\/pastexams\/53520201\/homework3.pdf\">Homework III<\/a>, <a href=\"http:\/\/users.metu.edu.tr\/burakk\/pastexams\/53520201\/homework4.pdf\">Homework IV<\/a>, <a href=\"http:\/\/users.metu.edu.tr\/burakk\/pastexams\/53520201\/homework5.pdf\">Homework V<\/a>, <a href=\"http:\/\/users.metu.edu.tr\/burakk\/pastexams\/53520201\/final-take-home.pdf\">Final Take-Home<\/a>.<\/li>\n<li>MATH406, Spring 2020<br \/>\n<a href=\"http:\/\/users.metu.edu.tr\/burakk\/pastexams\/40620192\/takehome1.pdf\">Take-Home Exam I<\/a>, <a href=\"http:\/\/users.metu.edu.tr\/burakk\/pastexams\/40620192\/takehome2.pdf\">Take-Home Exam II<\/a>, <a href=\"http:\/\/users.metu.edu.tr\/burakk\/pastexams\/40620192\/finaltakehome.pdf\">Final Take-Home<\/a>.<\/li>\n<li>MATH501, Fall 2020<br \/>\n<a href=\"http:\/\/users.metu.edu.tr\/burakk\/501-Homeworks\/homework1.pdf\">Homework I<\/a>, <a href=\"http:\/\/users.metu.edu.tr\/burakk\/501-Homeworks\/homework2.pdf\">Homework II<\/a>,\u00a0<a href=\"http:\/\/users.metu.edu.tr\/burakk\/501-Homeworks\/homework3.pdf\">Homework III<\/a>, <a href=\"http:\/\/users.metu.edu.tr\/burakk\/501-Homeworks\/homework4.pdf\">Homework IV<\/a>, <a href=\"http:\/\/users.metu.edu.tr\/burakk\/501-Homeworks\/homework5.pdf\">Homework V<\/a>, <a href=\"http:\/\/users.metu.edu.tr\/burakk\/501-Homeworks\/homework6.pdf\">Homework VI<\/a>, <a href=\"http:\/\/users.metu.edu.tr\/burakk\/501-Homeworks\/homework7.pdf\">Homework VII<\/a>,\u00a0<a href=\"http:\/\/users.metu.edu.tr\/burakk\/pastexams\/50120191\/midterm.pdf\">Midterm<\/a>, <a href=\"http:\/\/users.metu.edu.tr\/burakk\/pastexams\/50120191\/final.pdf\">Final<\/a>.<\/li>\n<li>MATH111, Fall 2019<br \/>\n<a href=\"http:\/\/users.metu.edu.tr\/burakk\/pastexams\/11120191\/midterm1solutions.pdf\">Midterm 1<\/a>, <a href=\"http:\/\/users.metu.edu.tr\/burakk\/pastexams\/11120191\/midterm2solutions.pdf\">Midterm 2<\/a>, <a href=\"http:\/\/users.metu.edu.tr\/burakk\/pastexams\/11120191\/midterm3solutions.pdf\">Midterm 3<\/a>, <a href=\"http:\/\/users.metu.edu.tr\/burakk\/pastexams\/11120191\/finalsolutions.pdf\">Final<\/a>.<\/li>\n<li>MATH320 Spring 2019<br \/>\n<a href=\"http:\/\/users.metu.edu.tr\/burakk\/pastexams\/32020182\/midterm1.pdf\">Midterm 1<\/a>, <a href=\"http:\/\/users.metu.edu.tr\/burakk\/pastexams\/32020182\/midterm2.pdf\">Midterm 2<\/a>, <a href=\"http:\/\/users.metu.edu.tr\/burakk\/pastexams\/32020182\/final.pdf\">Final<\/a>.<\/li>\n<li>MATH116 Spring 2019<br \/>\n<a href=\"http:\/\/users.metu.edu.tr\/burakk\/pastexams\/11620182\/midterm1solutions.pdf\">Midterm 1<\/a>, <a href=\"http:\/\/users.metu.edu.tr\/burakk\/pastexams\/11620182\/midterm2solutions.pdf\">Midterm 2<\/a>, <a href=\"http:\/\/users.metu.edu.tr\/burakk\/pastexams\/11620182\/mquestions_solutions_f.pdf\">Midterm 3<\/a>, <a href=\"http:\/\/users.metu.edu.tr\/burakk\/pastexams\/11620182\/fquestionssolutions.pdf\">Final<\/a>.<\/li>\n<li>MATH111 Fall 2018<br \/>\n<a href=\"http:\/\/users.metu.edu.tr\/burakk\/pastexams\/11120181\/Midterm1.pdf\">Midterm 1<\/a>, <a href=\"http:\/\/users.metu.edu.tr\/burakk\/pastexams\/11120181\/Midterm2.pdf\">Midterm 2<\/a>, <a href=\"http:\/\/users.metu.edu.tr\/burakk\/pastexams\/11120181\/Midterm3.pdf\">Midterm 3<\/a>, <a href=\"http:\/\/users.metu.edu.tr\/burakk\/pastexams\/11120181\/Midterm4.pdf\">Midterm 4<\/a>, <a href=\"http:\/\/users.metu.edu.tr\/burakk\/pastexams\/11120181\/Final.pdf\">Final<\/a>.<\/li>\n<li>MATH320 Spring 2018<br \/>\n<a href=\"http:\/\/users.metu.edu.tr\/burakk\/pastexams\/32020172\/Midterm1.pdf\">Midterm 1<\/a>, <a href=\"http:\/\/users.metu.edu.tr\/burakk\/pastexams\/32020172\/Midterm2.pdf\">Midterm 2<\/a>, <a href=\"http:\/\/users.metu.edu.tr\/burakk\/pastexams\/32020172\/Final.pdf\">Final<\/a>.<\/li>\n<li>MATH319 Fall 2017<br \/>\n<a href=\"http:\/\/users.metu.edu.tr\/burakk\/pastexams\/31920171\/Midterm1.pdf\">Midterm 1<\/a>, <a href=\"http:\/\/users.metu.edu.tr\/burakk\/pastexams\/31920171\/Midterm2.pdf\">Midterm 2<\/a>, <a href=\"http:\/\/users.metu.edu.tr\/burakk\/pastexams\/31920171\/Midterm3.pdf\">Midterm 3<\/a>, <a href=\"http:\/\/users.metu.edu.tr\/burakk\/pastexams\/31920171\/Final.pdf\">Final<\/a>, <a href=\"http:\/\/users.metu.edu.tr\/burakk\/pastexams\/31920171\/Take-home.pdf\">Take-Home<\/a>.<\/li>\n<li>MATH320 Spring 2017<br \/>\n<a href=\"http:\/\/users.metu.edu.tr\/burakk\/pastexams\/32020162\/Midterm1.pdf\">Midterm 1<\/a>, <a href=\"http:\/\/users.metu.edu.tr\/burakk\/pastexams\/32020162\/Midterm2.pdf\">Midterm 2<\/a>, <a href=\"http:\/\/users.metu.edu.tr\/burakk\/pastexams\/32020162\/Final.pdf\">Final<\/a>.<\/li>\n<\/ul>\n<hr \/>\n<ul>\n<li><a href=\"http:\/\/ma119.math.metu.edu.tr\/\">MATH119<\/a> and <a href=\"http:\/\/ma120.math.metu.edu.tr\/\">MATH120<\/a> past exam questions can be found from the relevant course webpages.<\/li>\n<\/ul>\n","protected":false},"excerpt":{"rendered":"<p>Lecture notes Below you will find my lecture notes for some of the courses I have taught at the Department of Mathematics of Middle East Technical University. MATH 119 Calculus with Analytic Geometry Lecture notes for a course I taught during Spring 2020 MATH 320 Set Theory Lecture notes for a course I teach regularly [&hellip;]<\/p>\n","protected":false},"author":4571,"featured_media":0,"parent":0,"menu_order":0,"comment_status":"closed","ping_status":"closed","template":"","meta":{"footnotes":"","_links_to":"","_links_to_target":""},"class_list":["post-52","page","type-page","status-publish","hentry"],"_links":{"self":[{"href":"https:\/\/blog.metu.edu.tr\/burakk\/wp-json\/wp\/v2\/pages\/52","targetHints":{"allow":["GET"]}}],"collection":[{"href":"https:\/\/blog.metu.edu.tr\/burakk\/wp-json\/wp\/v2\/pages"}],"about":[{"href":"https:\/\/blog.metu.edu.tr\/burakk\/wp-json\/wp\/v2\/types\/page"}],"author":[{"embeddable":true,"href":"https:\/\/blog.metu.edu.tr\/burakk\/wp-json\/wp\/v2\/users\/4571"}],"replies":[{"embeddable":true,"href":"https:\/\/blog.metu.edu.tr\/burakk\/wp-json\/wp\/v2\/comments?post=52"}],"version-history":[{"count":0,"href":"https:\/\/blog.metu.edu.tr\/burakk\/wp-json\/wp\/v2\/pages\/52\/revisions"}],"wp:attachment":[{"href":"https:\/\/blog.metu.edu.tr\/burakk\/wp-json\/wp\/v2\/media?parent=52"}],"curies":[{"name":"wp","href":"https:\/\/api.w.org\/{rel}","templated":true}]}}