{"id":309,"date":"2021-09-29T21:11:05","date_gmt":"2021-09-29T21:11:05","guid":{"rendered":"https:\/\/blog.metu.edu.tr\/burakk\/?page_id=309"},"modified":"2021-10-18T11:36:09","modified_gmt":"2021-10-18T11:36:09","slug":"math-452-spring-2021","status":"publish","type":"page","link":"https:\/\/blog.metu.edu.tr\/burakk\/math-452-spring-2021\/","title":{"rendered":"MATH 452 (Fall 2021)"},"content":{"rendered":"<p><strong>MATH 452, Introduction to functional analysis<\/strong><br \/>\nCourse Syllabus<\/p>\n<table width=\"623\">\n<tbody>\n<tr>\n<td width=\"132\"><strong>Instructor:<\/strong><\/td>\n<td width=\"491\">Asst. Prof. Burak Kaya<\/td>\n<\/tr>\n<tr>\n<td width=\"132\"><strong>E-mail:<\/strong><\/td>\n<td width=\"491\">burakk@metu.edu.tr<\/td>\n<\/tr>\n<tr>\n<td width=\"132\"><strong>Website:<\/strong><\/td>\n<td width=\"491\"><a href=\"http:\/\/blog.metu.edu.tr\/burakk\">http:\/\/blog.metu.edu.tr\/burakk<\/a><\/td>\n<\/tr>\n<tr>\n<td width=\"132\"><strong>Office:<\/strong><\/td>\n<td width=\"491\">M-126<\/td>\n<\/tr>\n<tr>\n<td width=\"132\"><strong>Phone number:<\/strong><\/td>\n<td width=\"491\">+90 (312) 210 2996<\/td>\n<\/tr>\n<tr>\n<td width=\"132\"><strong>Office hours:<\/strong><\/td>\n<td width=\"491\">Announced <a href=\"https:\/\/blog.metu.edu.tr\/burakk\/office-hours-2\/\">at this link<\/a><\/td>\n<\/tr>\n<tr>\n<td width=\"132\"><strong>Class hours:<\/strong><\/td>\n<td width=\"491\">Wednesday 10:40-12:30<br \/>\nFriday 14:40-15:30<\/td>\n<\/tr>\n<tr>\n<td width=\"132\"><strong>Classroom:<\/strong><\/td>\n<td width=\"491\">M-13<\/td>\n<\/tr>\n<\/tbody>\n<\/table>\n<hr \/>\n<p><strong>Prerequisites:<\/strong> \u00a0 There are no official prerequisites for <a href=\"https:\/\/catalog.metu.edu.tr\/course.php?prog=236&amp;course_code=2360406\">this course<\/a>. However, by nature of the topic, you are expected to have a good understanding of topology of metric spaces as covered in MATH349 and fundamental results regarding vector spaces and functionals as covered in MATH261.<\/p>\n<p><strong>Instruction method:<\/strong> Although the instruction method for this course has been <a href=\"https:\/\/math.metu.edu.tr\/en\/announcement\/instruction-methods-2021-2022-fall-semester-courses-1\">announced<\/a> as &#8220;hybrid&#8221;, <strong>100% of the lectures will be held face-to-face. <\/strong>I would like to point out that this possibility (that all lectures are held face-to-face) was stated in the relevant announcement.<\/p>\n<p>I will be holding lectures online <strong>only in the case<\/strong> that I have to be quarantined due to COVID-19 precautions. I am hoping that I stay not infected and this situation never occurs.<\/p>\n<p>While the lectures will be held face-to-face, I will also be recording each lecture and the recordings will be available each week on ODTU Class and YouTube. <strong>Consequently, students who do not want to show up for the class can watch the lecture videos online.<\/strong><\/p>\n<p><strong>Course description:<\/strong> This is an introductory undergraduate level course to <a href=\"https:\/\/www.wikiwand.com\/en\/Functional_analysis\">functional analysis<\/a>. The aim of the course is to introduce the basic theory of Banach spaces and cover some classical results such as the Hahn-Banach theorem, the uniform boundedness principle, the open mapping and closed graph theorems, as well as, their applications.\u00a0 (If time permits, we may cover some basic results regarding Hilbert spaces, though, there is a separate course MATH497 for this topic.)<\/p>\n<p><strong>Textbook:<\/strong> I am going to TeX lecture notes for this course, which will mostly be based on Prof. Dr. Zafer Nurlu&#8217;s past lecture notes for this class. These TeXed lecture notes will be available in the <a href=\"https:\/\/blog.metu.edu.tr\/burakk\/lecture-notes-videos-and-slides\/\">teaching material<\/a> section of my departmental web site every week before the lectures. (You may check out my previously TeXed lecture notes for MATH320 and MATH501 to get a sense of what you should expect.) Besides these lecture notes, students who wish to have a textbook may take a look at the following textbook.<\/p>\n<ul>\n<li><a href=\"https:\/\/www.wiley.com\/en-us\/Introductory+Functional+Analysis+with+Applications-p-9780471504597\">Introductory functional analysis with applications<\/a> by Erwin Kreyszig, ISBN: 978-0-471-50459-7.<\/li>\n<\/ul>\n<p>A copy of this textbook is available in the library. Actually, the course material that we will cover is pretty classical and consequently, any standard textbook on functional analysis should be fine, as long as you pay attention to potential minor differences in notation and some definitions.<\/p>\n<p><strong>Attendance:<\/strong> Attendance is not mandatory.<\/p>\n<p>Based on a note by the Dean&#8217;s Office which is forwarded to the faculty members of department, no student is going to be admitted to the classroom without registering their HES code to the university&#8217;s system via <a href=\"https:\/\/portal.metu.edu.tr\/\">portal.metu.edu.tr<\/a>.<\/p>\n<p>Recall also that the university administration <a href=\"https:\/\/oidb.metu.edu.tr\/tr\/2021-2022-akademik-yili-guz-donemi\">announced<\/a> on September 3, 2021 that<\/p>\n<p>&#8220;Y\u00fcz y\u00fcze e\u011fitim yap\u0131lan ders ve uygulama mekanlar\u0131nda ve t\u00fcm kapal\u0131 alanlarda maske takma zorunlulu\u011fu getirilecektir. Bu \u015fart\u0131 yerine getirmek istemeyenler dersliklere ve ilgili alanlara al\u0131nmayacak; bu konudaki takip, uygulama ve sorumluluklar ilgili akademik ve idari birim y\u00f6neticilerine verilecektir.&#8221;<\/p>\n<p>and that<\/p>\n<p>&#8220;B\u00fct\u00fcn \u00f6\u011frencilerin ve t\u00fcm personelin dersliklere, ortak \u00e7al\u0131\u015fma ve kullan\u0131m alanlar\u0131na girebilmeleri i\u00e7in e-Nab\u0131z ko\u015fullar\u0131na g\u00f6re a\u015f\u0131 s\u00fcre\u00e7lerini tamamlam\u0131\u015f olmalar\u0131; hen\u00fcz a\u015f\u0131lar\u0131n\u0131 tamamlamam\u0131\u015f olan \u00f6\u011frencilerin ve personelin ise beyan edilen g\u00fcn dahil en fazla 3 g\u00fcn \u00f6nce al\u0131nm\u0131\u015f negatif sonu\u00e7lu PCR testi sunmalar\u0131 gereklidir.&#8221;<\/p>\n<p>You can find English versions of these announcements <a href=\"https:\/\/oidb.metu.edu.tr\/en\/2021-2022-academic-year-fall-semester\">following this link<\/a> in Academic Procedures Item 9 and Administrative Procedures Item 1.<\/p>\n<p><em>For this reason, any student who refuses to wear a mask in the classroom will be reported to the chair of the department and will be physically removed from the classroom by the authorities, if necessary. Your vaccination status or PCR tests may also be checked while entering the classroom.<\/em><\/p>\n<hr \/>\n<p style=\"padding-left: 40px\"><strong>Exams and grading:<\/strong> There will be two midterm exams (each out of 60 points) and a final exam (out of 80 points). Your total grade (out of 100 points) will be computed by the following formula:<\/p>\n<p>Total grade=(Midterm 1+Midterm 2+Final exam)*0.5<\/p>\n<p><strong>Both midterms and the final exam are planned to be held in-person and are NOT online exams.<\/strong><\/p>\n<p>Let me now talk about some imaginary scenarios which hopefully are not going to not take place. <strong>If at any point during the semester, the Council of Higher Education or the university administration decides that we cannot hold face-to-face exams due to new COVID-19 restrictions<\/strong>, then<\/p>\n<ul>\n<li>the remaining exams will be conduced as <strong>webcam-proctored online exams<\/strong> via Zoom or BigBlueButton and these remaining exams will be worth 80% of what they are originally planned to be worth. In this case, there will be an oral exam that is worth the remaining points (excluding the bonus take-home assignment).<\/li>\n<li>For example, suppose that before we conduct the first midterm, the university decides that there will be no more in-person exams due to new COVID-19 restrictions. In that case, the two midterms and the final exam will be worth 48 points, 48 points and 64 points respectively. Then the exams add up to (48+48+64)*0.5=80 points. This means that the oral exam will be worth 20 points.<\/li>\n<li>Now, suppose that after we conduct the first midterm as an in-person exam, the university decides that there will be no more in-person exams due to new COVID-19 restrictions. In that case, the second midterm and the final exam will be worth 48 points and 64 points respectively. Then the exams add up to (60+48+64)*0.5=86 points. This means that the oral exam will be worth 14 points.<\/li>\n<li>Finally, suppose that we conduct both midterms as in-person exams and then it is decided that there will be no more in-person exams due to new COVID-19 restrictions. In that case, the final is worth 64 points. Then the exams add up to (60+60+64)*0.5=92 points. This means that the oral exam will be worth 8 points.<\/li>\n<\/ul>\n<p>While it may be obvious at this point, to avoid confusion, let me emphasize the following: <strong>There will not be an oral exam if we can have all exams held in-person<\/strong>.<\/p>\n<hr \/>\n<p><strong>Academic dishonesty policy:<\/strong> You are expected to be familiar with the university\u2019s academic integrity guide for students. No form of academic dishonesty is tolerated.<\/p>\n","protected":false},"excerpt":{"rendered":"<p>MATH 452, Introduction to functional analysis Course Syllabus Instructor: Asst. Prof. Burak Kaya E-mail: burakk@metu.edu.tr Website: http:\/\/blog.metu.edu.tr\/burakk Office: M-126 Phone number: +90 (312) 210 2996 Office hours: Announced at this link Class hours: Wednesday 10:40-12:30 Friday 14:40-15:30 Classroom: M-13 Prerequisites: \u00a0 There are no official prerequisites for this course. However, by nature of the topic, [&hellip;]<\/p>\n","protected":false},"author":4571,"featured_media":0,"parent":0,"menu_order":0,"comment_status":"closed","ping_status":"closed","template":"","meta":{"footnotes":"","_links_to":"","_links_to_target":""},"class_list":["post-309","page","type-page","status-publish","hentry"],"_links":{"self":[{"href":"https:\/\/blog.metu.edu.tr\/burakk\/wp-json\/wp\/v2\/pages\/309","targetHints":{"allow":["GET"]}}],"collection":[{"href":"https:\/\/blog.metu.edu.tr\/burakk\/wp-json\/wp\/v2\/pages"}],"about":[{"href":"https:\/\/blog.metu.edu.tr\/burakk\/wp-json\/wp\/v2\/types\/page"}],"author":[{"embeddable":true,"href":"https:\/\/blog.metu.edu.tr\/burakk\/wp-json\/wp\/v2\/users\/4571"}],"replies":[{"embeddable":true,"href":"https:\/\/blog.metu.edu.tr\/burakk\/wp-json\/wp\/v2\/comments?post=309"}],"version-history":[{"count":0,"href":"https:\/\/blog.metu.edu.tr\/burakk\/wp-json\/wp\/v2\/pages\/309\/revisions"}],"wp:attachment":[{"href":"https:\/\/blog.metu.edu.tr\/burakk\/wp-json\/wp\/v2\/media?parent=309"}],"curies":[{"name":"wp","href":"https:\/\/api.w.org\/{rel}","templated":true}]}}