{"id":9,"date":"2011-01-14T10:29:11","date_gmt":"2011-01-14T08:29:11","guid":{"rendered":"http:\/\/blog.metu.edu.tr\/bozkus\/?page_id=9"},"modified":"2015-03-18T13:24:53","modified_gmt":"2015-03-18T13:24:53","slug":"consulting","status":"publish","type":"page","link":"https:\/\/blog.metu.edu.tr\/bozkus\/consulting\/","title":{"rendered":"Consulting"},"content":{"rendered":"<p><strong>C-16. <\/strong>G.Antep Projesinde Akademik Dan\u0131\u015fmanl\u0131k Hizmeti, Tubin \u0130n\u015faat A.\u015e., AG\u00dcDOS Project Code: 13.03.03.1.00.01, (1 Ocak 2013 &#8211; 31 Aral\u0131k 2013)<\/p>\n<p><strong>C-15. <\/strong>G.Antep Projesinde Akademik Dan\u0131\u015fmanl\u0131k Hizmeti, Tubin \u0130n\u015faat A.\u015e., AG\u00dcDOS Project Code: 11.03.03.1.00.106, (1 Ocak 2012 &#8211; 31 Aral\u0131k 2012)<\/p>\n<p><strong>C-14. <\/strong>G.Antep Projesinde Akademik Dan\u0131\u015fmanl\u0131k Hizmeti, Tubin \u0130n\u015faat A.\u015e., AG\u00dcDOS Project Code: 11.03.03.1.00.60, (1 Temmuz 2011 &#8211; 31 Aral\u0131k 2011)<\/p>\n<p><strong>C-13. <\/strong>Samsun-Azot Ayr\u0131m\u0131 \u00dcnye Yolu \u0130kmal \u0130n\u015faat\u0131nda Akademik Dan\u0131\u015fmanl\u0131k Hizmeti, Tubin \u0130n\u015faat A.\u015e., AG\u00dcDOS Project Code: 10.03.03.1.00.41, (1 Temmuz 2010 &#8211; 30 Haziran 2011)<\/p>\n<p><strong>C-12. <\/strong>Giresun TU\u011eRA I, II ve III Hidroelektrik Santrallerinde Akademik Dan\u0131\u015fmanl\u0131k Hizmeti, Vira Elektrik \u00dcretim A.\u015e., AG\u00dcD\u00d6S Project Code: 09.03.03.1.00.90, (Aral\u0131k 2009 \u2013 Aral\u0131k 2010)<\/p>\n<p><strong>C-11. <\/strong>Samsun-Azot Ayr\u0131m\u0131 \u00dcnye Yolu \u0130kmal \u0130n\u015faat\u0131nda Akademik Dan\u0131\u015fmanl\u0131k Hizmeti, Tubin \u0130n\u015faat A.\u015e., AG\u00dcDOS Project Code: 09.03.03.1.00.48, (1 Temmuz 2009 &#8211; 30 Haziran 2010)<\/p>\n<p><strong>C-10. <\/strong>B.O. Sanayi B\u00f6lgesindeki Tesislerde \u015eev Stabilitesini Tehdit Eden Su Ak\u0131\u015f\u0131n\u0131n \u00d6nlenmesine Y\u00f6nelik Teknik \u0130nceleme Yap\u0131lmas\u0131, Havelsan A.\u015e., AG\u00dcDOS No:09.03.03.1.00.29, (1-30 Nisan 2009)<\/p>\n<p><strong>C-9. <\/strong>22nd February Street &amp; Al Amir Street Upgrade &amp; Interchanges (Doha, Qatar), Consultancy Services to Tubin \u0130n\u015faat A.\u015e.,\u00a0 AG\u00dcDOS Project Code: 08.03.03.1.00.47, (1 July 2008 \u2013 30 June 2009)<\/p>\n<p><strong>C-8. <\/strong>22nd February Street &amp; Al Amir Street Upgrade &amp; Interchanges (Doha, Qatar), Consultancy Services to Tubin \u0130n\u015faat A.\u015e.,\u00a0 AG\u00dcDOS Project Code: 07.03.03.1.00.47, (1 July 2007 \u2013 30 June 2008)<\/p>\n<p><strong>C-7. <\/strong>22nd February Street &amp; Al Amir Street Upgrade &amp; Interchanges (Doha, Qatar), Consultancy Services to Tubin \u0130n\u015faat A.\u015e.,\u00a0 AG\u00dcDOS Project Code: 06.03.03.1.00.48, (1 July 2006 \u2013 30 June 2007)<\/p>\n<p><strong>C-6. <\/strong>Ballincollig ByPass Motorway (Cork, Rep. of Ireland), Consultancy Services to Tubin \u0130n\u015faat A.\u015e.,\u00a0 AG\u00dcDOS Project Code: 05.03.03.1.00.46, (1 July 2005 \u2013 30 June 2006)<\/p>\n<p><strong>C-5. <\/strong>Ballincollig ByPass Motorway (Cork, Rep. of Ireland), Consultancy Services to Tubin \u0130n\u015faat A.\u015e.,\u00a0 AG\u00dcDOS Project Code: 04.03.03.1.00.42, (1 July 2004 \u2013 30 June 2005)<\/p>\n<p><strong>C-4. <\/strong>Ballincollig ByPass Motorway (Cork, Rep. of Ireland), Consultancy Services to Tubin \u0130n\u015faat A.\u015e.,\u00a0 AG\u00dcDOS Project Code: 03.03.03.1.00.27, (1 July 2003 \u2013 30 June 2004)<br \/>\n<strong><br \/>\nC-3<\/strong>. Ballincollig ByPass Motorway (Cork, Rep. of Ireland), Consultancy Services to Tubin \u0130n\u015faat A.\u015e.,\u00a0 AG\u00dcDOS Project Code: 02.03.03.1.00.45, (1 Oct. 2002 \u2013 30 May 2003)<\/p>\n<p><strong>C-2.<\/strong> D\u00fczce Aksu, Hydropowerplant, Consultancy Services to Tubin \u0130n\u015faat A.\u015e., AG\u00dcDOS Project Code: 01.03.03.1.00.34, (1 Oct. 2001 \u2013 30 May 2002)<\/p>\n<p><strong>C-1.<\/strong> D\u00fczce Aksu,\u00a0Hydropowerplant, Consultancy Services to Tubin \u0130n\u015faat A.\u015e., AG\u00dcDOS Project Code: 00.03.03.1.00.35, \u00a0(3 Oct. 2000 \u2013 30 May 2001)<\/p>\n<p>&nbsp;<\/p>\n<p>&nbsp;<\/p>\n<table style=\"height: 848px\" width=\"756\">\n<tbody>\n<tr>\n<td>&nbsp;<\/td>\n<\/tr>\n<\/tbody>\n<\/table>\n","protected":false},"excerpt":{"rendered":"<p>C-16. G.Antep Projesinde Akademik Dan\u0131\u015fmanl\u0131k Hizmeti, Tubin \u0130n\u015faat A.\u015e., AG\u00dcDOS Project Code: 13.03.03.1.00.01, (1 Ocak 2013 &#8211; 31 Aral\u0131k 2013) C-15. G.Antep Projesinde Akademik Dan\u0131\u015fmanl\u0131k Hizmeti, Tubin \u0130n\u015faat A.\u015e., AG\u00dcDOS Project Code: 11.03.03.1.00.106, (1 Ocak 2012 &#8211; 31 Aral\u0131k 2012) &hellip; <a href=\"https:\/\/blog.metu.edu.tr\/bozkus\/consulting\/\">Continue reading <span class=\"meta-nav\">&rarr;<\/span><\/a><\/p>\n","protected":false},"author":26,"featured_media":0,"parent":0,"menu_order":0,"comment_status":"closed","ping_status":"open","template":"","meta":{"footnotes":"","_links_to":"","_links_to_target":""},"class_list":["post-9","page","type-page","status-publish","hentry"],"_links":{"self":[{"href":"https:\/\/blog.metu.edu.tr\/bozkus\/wp-json\/wp\/v2\/pages\/9","targetHints":{"allow":["GET"]}}],"collection":[{"href":"https:\/\/blog.metu.edu.tr\/bozkus\/wp-json\/wp\/v2\/pages"}],"about":[{"href":"https:\/\/blog.metu.edu.tr\/bozkus\/wp-json\/wp\/v2\/types\/page"}],"author":[{"embeddable":true,"href":"https:\/\/blog.metu.edu.tr\/bozkus\/wp-json\/wp\/v2\/users\/26"}],"replies":[{"embeddable":true,"href":"https:\/\/blog.metu.edu.tr\/bozkus\/wp-json\/wp\/v2\/comments?post=9"}],"version-history":[{"count":0,"href":"https:\/\/blog.metu.edu.tr\/bozkus\/wp-json\/wp\/v2\/pages\/9\/revisions"}],"wp:attachment":[{"href":"https:\/\/blog.metu.edu.tr\/bozkus\/wp-json\/wp\/v2\/media?parent=9"}],"curies":[{"name":"wp","href":"https:\/\/api.w.org\/{rel}","templated":true}]}}