{"id":6,"date":"2011-01-14T10:30:13","date_gmt":"2011-01-14T08:30:13","guid":{"rendered":"http:\/\/blog.metu.edu.tr\/bozkus\/?page_id=6"},"modified":"2026-03-02T11:33:44","modified_gmt":"2026-03-02T08:33:44","slug":"research","status":"publish","type":"page","link":"https:\/\/blog.metu.edu.tr\/bozkus\/research\/","title":{"rendered":"Theses Supervised"},"content":{"rendered":"<p><strong><em>Ongoing Thesis Studies Supervised by Dr. Zafer Bozku\u015f<\/em><\/strong><\/p>\n<p><strong>T5. <\/strong>&#8220;Life Cycle Assessment of Floating PV Systems&#8221; MSc Study by Mehmet Bu\u011fra AKDO\u011eAN in the Civil Engineering Department. (Co-Supervised by Assoc.Prof.Dr. Ali Ersin D\u0130N\u00c7ER)<\/p>\n<p><strong>T4. <\/strong>&#8220;2D Numerical Dam-Break Analyses of \u00c7amda\u011f\u0131 Dam with Various Breach\u00a0 Parameters&#8221; MSc Study by H\u00fcseyin ANKARA in the Civil Engineering Department.<\/p>\n<p><strong>T3.<\/strong> &#8220;Investigation of Effective Protection Devices against Column Separation Problem in Pumped Discharge Lines&#8221; MSc. study by \u0130smail DURGUT in the Civil Engineering Department.<\/p>\n<p><strong>T2. <\/strong>&#8220;Investigation of Sediment Transport of \u00c7oruh River by Field Observation, RUSLE and SWAT Methods&#8221; <strong>Ph.D. study<\/strong> by\u00a0 Sarp TOPRAKKALE\u00a0 in the Civil Engineering Department. (Co-Supervised by Prof.Dr. Yakup DARAMA)<\/p>\n<p><strong>T1.<\/strong> &#8220;Physics-Informed Neural Network\u2013Based Modeling of Liquid Slug Impact Forces on a Pipe Elbow&#8221; MSc. study by Ata Emir BEK\u0130RCAN in the Civil Engineering Department.<\/p>\n<p><strong>\u00a0<\/strong><strong><em>Completed Theses Supervised by Dr.Zafer Bozku\u015f<\/em><\/strong><\/p>\n<p><strong>T36.<\/strong> &#8220;A Data Driven Novel Approach to HydroPower Plant Feasibility Studies using Newly Developed Software,&#8221; <strong>Ph.D. study<\/strong> by\u00a0 Onur KEMALL\u0130, completed in February 2026. (Co-Supervised by Do\u00e7. Dr. Kutay \u00c7ELEB\u0130O\u011eLU)<\/p>\n<p><strong>T35. <\/strong>&#8220;A Flood Risk Assessment Based on Dam-Break Failure: Case Study on 19 MAYIS Dam,&#8221; <strong>Ph.D. study<\/strong> by\u00a0 Nazl\u0131 PALAMUT, completed in January 2025.<\/p>\n<p><strong>T34.<\/strong> &#8220;Calibration of a Plunger Valve Performance using Numerical and Experimental Methods: A Case Study on Kepez Hydropower Plant.&#8221; MSc. study by Abdul Rahman Sabra KAAK, completed in August 2024.<\/p>\n<p><strong>T33.<\/strong>&#8220;Numerical Investigation of Effective Air Chamber Volumes against Water Hammer Problem in Pumped Discharge Lines&#8221; MSc. study by Seyfi Berkay BARAN, completed in January 2024.\u00a0 (Co-Supervised by Do\u00e7. Dr. A. Ersin D\u0130N\u00c7ER)<\/p>\n<p><strong>T32. <\/strong>&#8220;Optimization of Cost and Energy Production at Hydroelectric Power Plants&#8221; <strong>Ph.D. study<\/strong> by\u00a0 Vedat ASLANKARA, completed in December 2023. (Co-Supervised by Do\u00e7. Dr. Kutay \u00c7ELEB\u0130O\u011eLU)<\/p>\n<p><strong>T31.<\/strong> &#8221; A\u00a0 New Computer Code Development for Solving Fluid Transient Problems in Pressurized Pipe Lines&#8221; MSc. study by M. Cenk UYANIK, completed in January 2023.<\/p>\n<p><strong>T30.<\/strong> &#8220;Investigation of Interaction between PRV and Turbines during a Transient Flow in a Hydropower Plant&#8221;\u00a0 MSc. study by Mehmet Ali \u00c7ET\u0130NTA\u015e, completed in February 2022. (Co-Supervised by Do\u00e7. Dr. Kutay \u00c7ELEB\u0130O\u011eLU)<\/p>\n<p><strong>T29. <\/strong>&#8221;\u00a0Numerical Investigation of 2-D Dam-Break Failures by using GIS Applications&#8221;\u00a0<strong>Ph.D. study<\/strong> by\u00a0 Ammar ASHRAF, completed in July 2021.<\/p>\n<p><strong>T28.<\/strong> &#8220;Software Development for Analyzing Fluid Transients in Pipe Lines&#8221; MSc. study by Saber Habibi TOPRAGHGHALEH, completed in August 2020.<\/p>\n<p><strong>T27.<\/strong> &#8220;Investigation of Water Hammer Problems and Potential Solutions in Pump Discharge Lines &#8221; MSc. study by Recep \u00c7a\u011fr\u0131 ERDEM, completed in December 2019.<\/p>\n<p><strong>T26.<\/strong> &#8221; Two-Dimensional Flood Control Simulations for Wami and D\u00fcden Rivers&#8221; MSc. study by U\u011fur Can KARAKU\u015e, completed in September 2019.<\/p>\n<p><strong>T25. <\/strong>&#8221; Two-Dimensional Dam-Break Analyses of Berdan Dam&#8221; MSc. study by\u00a0\u00c7a\u011fla Irmak \u00dcNAL,\u00a0 completed in September 2019.<\/p>\n<p><strong>T24. <\/strong>&#8221; Simulation of Free-Surface and Pipe Flow Problems with Smoothed Particle Hydrodynamics Method&#8221; <strong>Ph.D. study<\/strong> by\u00a0 Ali Ersin D\u0130N\u00c7ER, completed in August 2017.<\/p>\n<p><strong>T23. <\/strong>&#8221; Development of a Computer Code to Analyse Fluid Transients in Pressurized Pipe Systems &#8221; MSc. study by\u00a0 Hasan DALGI\u00c7, completed in June 2017.<\/p>\n<p><strong>T22. <\/strong>&#8221; Development of a Computer-Aided Engineering Tool for Pipe Lines&#8221; MSc. study by\u00a0 Kemal Y\u00fcce AYDINO\u011eLU, completed in September 2016. (Co-Supervised by Dr. Erdal OKTAY)<\/p>\n<p><strong>T21. <\/strong>&#8221; Comparison of Linear, Labyrinth and Piano Key Weirs to Increase the Discharge Capacity of Existing Spillways for a Given Head &#8221; MSc. study by\u00a0 Deniz KARAEREN, completed in August 2014.<\/p>\n<p><strong>T20.<\/strong> &#8221; Numerical Investigation of Protective Measures against Waterhammer in the Yesilvadi Hydropower Plant &#8221; MSc. study by\u00a0 Samet DURSUN, completed in December 2013.<\/p>\n<p><strong>T19.<\/strong> &#8221; Numerical Investigation of Effective Surge Tank Dimensions in Hydropower Plants under Various Hydraulic Conditions &#8221; MSc. study by\u00a0 P\u0131nar BERBERO\u011eLU, completed in January 2013.<\/p>\n<p><strong>T18. <\/strong>&#8221; Experimental Investigation of Local Scours around Bridge Pier Groups &#8221; MSc. study by\u00a0 Murat Can \u00d6ZALP, completed in January 2013.<\/p>\n<p><strong>T17.<\/strong> &#8221; Investigation Of Waterhammer Problems in the Penstocks of Pumped-Storage Power Plants&#8221; MSc. study by\u00a0 Ali Ersin D\u0130N\u00c7ER, completed in January 2013.<\/p>\n<p><strong>T16.<\/strong> &#8221; Development of a Computer Software for Hydraulic Design of Small Hydropower Facility &#8221; MSc. study by\u00a0 Emir AL\u0130MO\u011eLU, completed in September 2012. (Supervised by Dr. Melih Yanmaz and Cosupervised by Dr. Zafer Bozku\u015f)<\/p>\n<p><strong>T15.<\/strong> &#8221; Investigation of Waterhammer Problems in \u00c7aml\u0131dere Dam-\u0130vedik Water Treatment Pipeline at Various Hydraulic Conditions &#8221; MSc. study by\u00a0 Emre SAKABA\u015e, completed in February, 2012.<\/p>\n<p><strong>T14.<\/strong> &#8221; Investigation of Waterhammer Problems in the Penstocks of Small Hydropower Plants&#8221; MSc. study by\u00a0 Melih \u00c7ALAMAK, completed in September 2010.<\/p>\n<p><strong>T13.<\/strong> &#8221; Prediction of the Forcing Function of a Transient Liquid Mass Subsequent to Impact on an Elbow of an Initially Voided Line&#8221; <strong>Ph.D. study<\/strong> by\u00a0 B\u00fclent Abbas KAYHAN, completed in February, 2009.<\/p>\n<p><strong>T12.<\/strong> &#8221; Experimental Investigation of Tailwater Effect on Energy Dissipation by Screens&#8221; MSc. study by\u00a0 Vedat ASLANKARA, completed in September 2007. (Co-supervisor: Prof.Dr. Metin GER)<\/p>\n<p><strong>T11.<\/strong> &#8221; Numerical Simulation of Unsteady Flow in an Oil Pipeline Under Various Hydraulic Conditions&#8221; MSc. study by\u00a0 Emrah TURAN, completed in April 2006.<\/p>\n<p><strong>T10.<\/strong> &#8221; Experimental Investigation of Local Scours Around Vertically Inclined Dual Bridge Piers&#8221; MSc. study by\u00a0 Murat \u00c7E\u015eME, completed in September 2005.<\/p>\n<p><strong>T9.<\/strong> &#8221; Experimental Investigation of Energy Dissipation\u00a0 Through Triangular Screens&#8221; MSc. study by\u00a0 Endam G\u00dcNG\u00d6R, completed in May 2005. (Co-supervisor: Prof.Dr. Metin GER)<\/p>\n<p><strong>T8.<\/strong> &#8221; Numerical Simulation of the Kirazl\u0131k\u00f6pr\u00fc Dam Failure on the G\u00f6k\u0131rmak River &#8221; MSc. study by\u00a0 Koray KARAKAYA, completed in April 2005.<\/p>\n<p><strong>T7.<\/strong> &#8221; Numerical Simulation of the \u00c7\u0131narc\u0131k Dam Failure on the Orhaneli River&#8221; MSc. study by\u00a0 F\u0131rat BA\u011e, completed in January 2005.<\/p>\n<p><strong>T6.<\/strong> &#8221; Experimental Investigation of Energy Dissipation\u00a0 Through Inclined Screens&#8221; MSc. study by\u00a0 G\u00f6rkem BALKI\u015e, completed in Sep. 2004. (Co-supervisor: Prof.Dr. Metin GER)<\/p>\n<p><strong>T5.<\/strong> &#8221; Experimental Investigation of Energy Dissipation\u00a0 Through Screens&#8221; MSc. study by\u00a0 P\u0131nar \u00c7AKIR, completed in August 2003. (Co-supervisor: Prof.Dr. Metin GER)<\/p>\n<p><strong>T4.<\/strong> &#8221; Experimental Investigation of Scouring Around Inclined Bridge Piers&#8221; MSc. study by\u00a0 Osman YILDIZ, completed in Jan. 2001.<\/p>\n<p><strong>T3.<\/strong> &#8221; Computational and Experimental Analysis of Liquid Slug Motion in a Voided Line&#8221; MSc. study by\u00a0 \u00d6zg\u00fcr U\u011fra\u015f BARAN, completed in Dec. 1999. (Co-supervisor: Prof.Dr. Metin GER)<\/p>\n<p><strong>T2.<\/strong> &#8221; Pre-event Dam Failure Analyses for Emergency Management&#8221; MSc. study by\u00a0 Ali \u0130hsan G\u00dcNER, completed in Dec. 1998. (Co-supervisor:\u00a0 Assoc.Prof.Dr. Nuray Denli Tokyay)<\/p>\n<p><strong>T1.<\/strong> &#8221; Comparison of Physical and Numerical Dam-break Simulations: A case study.&#8221; MSc. study by Ali KASAP, completed in January 1996. (Co-supervisor: Prof.Dr. Do\u011fan ALTINB\u0130LEK).<\/p>\n","protected":false},"excerpt":{"rendered":"<p>Ongoing Thesis Studies Supervised by Dr. Zafer Bozku\u015f T5. &#8220;Life Cycle Assessment of Floating PV Systems&#8221; MSc Study by Mehmet Bu\u011fra AKDO\u011eAN in the Civil Engineering Department. (Co-Supervised by Assoc.Prof.Dr. Ali Ersin D\u0130N\u00c7ER) T4. &#8220;2D Numerical Dam-Break Analyses of \u00c7amda\u011f\u0131 &hellip; <a href=\"https:\/\/blog.metu.edu.tr\/bozkus\/research\/\">Continue reading <span class=\"meta-nav\">&rarr;<\/span><\/a><\/p>\n","protected":false},"author":26,"featured_media":0,"parent":0,"menu_order":0,"comment_status":"closed","ping_status":"open","template":"","meta":{"footnotes":"","_links_to":"","_links_to_target":""},"class_list":["post-6","page","type-page","status-publish","hentry"],"_links":{"self":[{"href":"https:\/\/blog.metu.edu.tr\/bozkus\/wp-json\/wp\/v2\/pages\/6","targetHints":{"allow":["GET"]}}],"collection":[{"href":"https:\/\/blog.metu.edu.tr\/bozkus\/wp-json\/wp\/v2\/pages"}],"about":[{"href":"https:\/\/blog.metu.edu.tr\/bozkus\/wp-json\/wp\/v2\/types\/page"}],"author":[{"embeddable":true,"href":"https:\/\/blog.metu.edu.tr\/bozkus\/wp-json\/wp\/v2\/users\/26"}],"replies":[{"embeddable":true,"href":"https:\/\/blog.metu.edu.tr\/bozkus\/wp-json\/wp\/v2\/comments?post=6"}],"version-history":[{"count":0,"href":"https:\/\/blog.metu.edu.tr\/bozkus\/wp-json\/wp\/v2\/pages\/6\/revisions"}],"wp:attachment":[{"href":"https:\/\/blog.metu.edu.tr\/bozkus\/wp-json\/wp\/v2\/media?parent=6"}],"curies":[{"name":"wp","href":"https:\/\/api.w.org\/{rel}","templated":true}]}}