{"id":52,"date":"2015-03-18T13:29:57","date_gmt":"2015-03-18T11:29:57","guid":{"rendered":"http:\/\/blog.metu.edu.tr\/bozkus\/?page_id=52"},"modified":"2018-10-30T15:58:12","modified_gmt":"2018-10-30T12:58:12","slug":"review","status":"publish","type":"page","link":"https:\/\/blog.metu.edu.tr\/bozkus\/review\/","title":{"rendered":"Review"},"content":{"rendered":"<table>\n<tbody>\n<tr>\n<td><b>A.1<\/b>\u00a0TMMOB \u0130n\u015faat M\u00fchendisleri Odas\u0131, Teknik Dergi. 2002.<br \/>\n<b>A.2<\/b>\u00a0Teknik Dergi, IMO.. 2003.<br \/>\n<b>A.3<\/b>\u00a0ASCE Journal of Irrigation and Drainage. 2005.<br \/>\n<b>A.4<\/b>\u00a0BAP Projesi. 2005.<br \/>\n<b>A.5<\/b>\u00a0II. Ulusal Su M\u00fchendisli\u011fi Sempozyumu. 2005.<br \/>\n<b>A.6<\/b>\u00a0ASCE, Journal of Irrigation and Drainage Engineering. 2006.<br \/>\n<b>A.7<\/b>\u00a0III. Ulusal Su M\u00fchendisli\u011fi Sempozyumu. 2007.<br \/>\n<b>A.8<\/b>\u00a0ASCE Journal of Irrigation &amp; Drainage Engineering. 2007.<br \/>\n<b>A.9<\/b>\u00a0BAP-I Project Evaluation-METU. 2007.<br \/>\n<b>A.10<\/b>\u00a0Teknik Dergi, TMMOB. 2007.<br \/>\n<b>A.11<\/b>\u00a0Chemical Engineering Communications. 2008.<br \/>\n<b>A.12<\/b>\u00a0ASCE Journal of Irrigation and Drainage Engineering. 2008.<br \/>\n<b>A.13<\/b>\u00a0ASCE Journal of Hydraulic Engineering. 2008.<br \/>\n<b>A.14<\/b>\u00a0Pamukkale University, Journal of Engineering Sciences. 2009.<br \/>\n<b>A.15<\/b>\u00a0BAP projects refereeing. 2009.<br \/>\n<b>A.16<\/b>\u00a0T\u00fcbitak (TEYDEP) Project Code: 7090183. 2009.<br \/>\n<b>A.17<\/b>\u00a0Teknik Dergi. 2010.<br \/>\n<b>A.18<\/b>\u00a0ASCE Journal of Irrigation and Drainage Engineering. 2010.<br \/>\n<b>A.19<\/b>\u00a0II. Ulusal Ta\u015fk\u0131n Sempozyumu. 2010.<br \/>\n<b>A.20<\/b>\u00a0Chemical Engineering Communications. 2010.<br \/>\n<b>A.21<\/b>\u00a0Teknik Dergi. 2011.<br \/>\n<b>A.22<\/b>\u00a0BAP Project Reviewing. 2011.<br \/>\n<b>A.23<\/b>\u00a010th Int. Congress on Advances in Civil Engineering. 2012.<br \/>\n<b>A.24<\/b>\u00a0BAP. 2012.<br \/>\n<b>A.25<\/b>\u00a010th Int. Congress on Advances in Civil Engineering. 2012.<br \/>\n<b>A.26<\/b>\u00a0ASCE-Journal of Irrigation and Drainage Engineering. 2013.<br \/>\n<b>A.27<\/b>\u00a0European Journal of Environmental and Civil Engineering. 2013.<br \/>\n<b>A.28<\/b>\u00a03. Ulusal Ta\u015fk\u0131n Sempozyumu. 2013.<br \/>\n<b>A.29<\/b>\u00a0ODT\u00dc Teknokent Proje De\u011ferlendirmesi. 2013.<br \/>\n<b>A.30<\/b>\u00a0Turkish Journal of Engineering and Environmental Sciences. 2014.<br \/>\n<b>A.31<\/b>\u00a0European Journal of Environmental and Civil Engineering. 2014.<br \/>\n<b>A.32<\/b>\u00a0IV. Ulusal Baraj G\u00fcvenli\u011fi Sempozyumu (Uluslararas\u0131 Kat\u0131l\u0131ml\u0131). 2014.<br \/>\n<b>A.33<\/b>\u00a0International Journal of Computational Methods. 2015.<br \/>\n<b>A.34<\/b>\u00a012th International Conference on Pressure Surges 2015, Dublin, Ireland. 2015.<br \/>\n<b>A.35<\/b>\u00a0Tubitak 1002 Project. 2016.<br \/>\n<b>A.36<\/b>\u00a0ASCE Journal of Irrigation and Drainage. 2016.<br \/>\n<b>A.37<\/b>\u00a0Teknik Dergi. 2016.<br \/>\n<b>A.38<\/b>\u00a0ASME 2017 Pressure Vessels &amp; Piping Conference, Jul 16-20, 2017, Hawaii, USA. 2017.<br \/>\n<b>A.39<\/b>\u00a0Journal of Hydrology and Hydromechanics. 2017.<br \/>\n<b>A.40<\/b>\u00a0Journal of Zhejiang University-SCIENCE A. 2017.<br \/>\n<b>A.41<\/b>\u00a0Canadian Journal of Civil Engineering. 2017.<br \/>\n<b>A.42<\/b>\u00a0Int. Journal of Hydrology Science and Technology. 2017.<\/td>\n<\/tr>\n<\/tbody>\n<\/table>\n<table>\n<tbody>\n<tr>\n<td><\/td>\n<\/tr>\n<\/tbody>\n<\/table>\n<table style=\"height: 5px\" width=\"519\">\n<tbody>\n<tr>\n<td><\/td>\n<\/tr>\n<\/tbody>\n<\/table>\n","protected":false},"excerpt":{"rendered":"<p>A.1\u00a0TMMOB \u0130n\u015faat M\u00fchendisleri Odas\u0131, Teknik Dergi. 2002. A.2\u00a0Teknik Dergi, IMO.. 2003. A.3\u00a0ASCE Journal of Irrigation and Drainage. 2005. A.4\u00a0BAP Projesi. 2005. A.5\u00a0II. Ulusal Su M\u00fchendisli\u011fi Sempozyumu. 2005. A.6\u00a0ASCE, Journal of Irrigation and Drainage Engineering. 2006. A.7\u00a0III. Ulusal Su M\u00fchendisli\u011fi Sempozyumu. &hellip; <a href=\"https:\/\/blog.metu.edu.tr\/bozkus\/review\/\">Continue reading <span class=\"meta-nav\">&rarr;<\/span><\/a><\/p>\n","protected":false},"author":26,"featured_media":0,"parent":0,"menu_order":0,"comment_status":"closed","ping_status":"closed","template":"onecolumn-page.php","meta":{"footnotes":"","_links_to":"","_links_to_target":""},"class_list":["post-52","page","type-page","status-publish","hentry"],"_links":{"self":[{"href":"https:\/\/blog.metu.edu.tr\/bozkus\/wp-json\/wp\/v2\/pages\/52","targetHints":{"allow":["GET"]}}],"collection":[{"href":"https:\/\/blog.metu.edu.tr\/bozkus\/wp-json\/wp\/v2\/pages"}],"about":[{"href":"https:\/\/blog.metu.edu.tr\/bozkus\/wp-json\/wp\/v2\/types\/page"}],"author":[{"embeddable":true,"href":"https:\/\/blog.metu.edu.tr\/bozkus\/wp-json\/wp\/v2\/users\/26"}],"replies":[{"embeddable":true,"href":"https:\/\/blog.metu.edu.tr\/bozkus\/wp-json\/wp\/v2\/comments?post=52"}],"version-history":[{"count":0,"href":"https:\/\/blog.metu.edu.tr\/bozkus\/wp-json\/wp\/v2\/pages\/52\/revisions"}],"wp:attachment":[{"href":"https:\/\/blog.metu.edu.tr\/bozkus\/wp-json\/wp\/v2\/media?parent=52"}],"curies":[{"name":"wp","href":"https:\/\/api.w.org\/{rel}","templated":true}]}}