{"id":50,"date":"2015-03-18T13:11:14","date_gmt":"2015-03-18T11:11:14","guid":{"rendered":"http:\/\/blog.metu.edu.tr\/bozkus\/?page_id=50"},"modified":"2019-12-31T15:29:55","modified_gmt":"2019-12-31T12:29:55","slug":"technical-reports","status":"publish","type":"page","link":"https:\/\/blog.metu.edu.tr\/bozkus\/technical-reports\/","title":{"rendered":"Technical Reports"},"content":{"rendered":"<p><strong>TR23.<\/strong> Zafer Bozku\u015f\u00a0 &#8220;Arhavi-Artvin Kavak Reg\u00fclat\u00f6r\u00fc ve HES Tesislerinde 28.09.2019 Tarihindeki Ya\u011f\u0131\u015flarda Olu\u015fan Hasarlar\u0131n Hidrolik A\u00e7\u0131dan \u0130ncelenmesi&#8221;, EKOL S\u0130GORTA EKSPERT\u0130Z LTD. \u015eti., AG\u00dcD\u00d6S Proje No: 2019-03-03-1-00-236, Aral\u0131k 2019, Ankara.<\/p>\n<p><strong>TR22.<\/strong> Zafer Bozku\u015f ve Ali Ersin Din\u00e7er &#8220;G\u00f6yn\u00fck Termik Santrali, \u00c7atak \u0130sale Hatt\u0131 \u0130yile\u015ftirme Projeleri &#8211; Zamanla De\u011fi\u015fen Ak\u0131m \u0130\u00e7in Say\u0131sal Analizlerin Yap\u0131lmas\u0131 \u0130\u015fi&#8221;, AKSA G\u00d6YN\u00dcK ENERJ\u0130 \u00dcRET\u0130M A.\u015e., \u015eubat 2019, Ankara.<\/p>\n<p><strong>TR21.<\/strong> Arris S. Tijsseling, Q. Hou, and\u00a0 Zafer Bozku\u015f, &#8220;Analytical and Numerical Solution for a Rigid Liquid-Column Moving in a Pipe with Fluctuating Reservoir-Head and Venting Entrapped Gas&#8221;, Eindhoven University of Technology, CASA, Centre for Analysis, Scientific Computing and Applications, Report 16-14, May 2016, Eindhoven, The Netherlands.<\/p>\n<p><strong>TR20.<\/strong> Ayd\u0131n, \u0130., Bozku\u015f, Z., \u0130\u015fcan, N., Din\u00e7er, A.E., \u015eahin, A.N., Yavuz, C.,\u00a0 &#8220;Incir Dam and Hydroelectric Power Plant Bottom Outlet and Dissipation Chamber Hydraulic Model Studies&#8221;, Middle East Technical University, AG\u00dcD\u00d6S Project Code: 2013.03.03.2.00.60, July 2014, Ankara.<\/p>\n<p><strong>TR19.<\/strong> Arris S. Tijsseling, Q. Hou, and Zafer Bozku\u015f, &#8220;An Improved 1D Model for Liquid Slugs Traveling in Pipelines&#8221;, Eindhoven University of Technology, CASA Report 14-16, May 2014, Eindhoven, The Netherlands.<\/p>\n<p><strong>TR18.<\/strong> Q. Hou, Arris S. Tijsseling, and Zafer Bozku\u015f, &#8220;Dynamic Force on an Elbow Caused by a Traveling Liquid Slug&#8221;, Eindhoven University of Technology, CASA Report 13-34, December 2013, Eindhoven, The Netherlands.<\/p>\n<p><strong>TR17.<\/strong> Bozkus, Z., \u201cHavelsan A.\u015e.\u2019nin OSB Tesislerinde Kaz\u0131 \u015eevlerindeki Stabilite Problemlerinin \u0130ncelenmesi\u201d, Middle East Technical University, AG\u00dcD\u00d6S Project Code: 09.03.03.1.00.29, May 2009, Ankara<strong>.<\/strong><\/p>\n<p><strong>TR16.<\/strong> Yanmaz, M.A., Bozkus, Z., Aky\u00fcrek, Z., Kentel, E., \u201cNehir Santrallerinin Yer Se\u00e7imi \u0130\u00e7in Havza Hidrolojik-Hidrolik Modelinin Kurulmas\u0131: \u00c7oruh Havzas\u0131 \u00d6rne\u011fi\u201d, Middle East Technical University, 57 sayfa, Temmuz 2007, Ankara<\/p>\n<p><strong>TR15.<\/strong> Bozkus, Z., \u201c\u00c7aml\u0131dere Baraj\u0131-\u0130vedik Ar\u0131tma Tesisi \u0130sale Hatlar\u0131nda \u00c7e\u015fitli Hidrolik Ko\u015fullar Alt\u0131nda Su Ko\u00e7u Analizleri\u201d, Middle East Technical University, AG\u00dcD\u00d6S Project Code: 05.03.03.1.00.93, December 2005, Ankara<strong>.<\/strong><\/p>\n<p><strong>TR14.<\/strong> Bozkus, Z.,\u00a0 &#8220;Investigation of the Damage on one of the Needles of the Pelton Turbine Injectors at Birkapili Hydro Electric Power Plant&#8221;, Middle East Technical University, AG\u00dcD\u00d6S Project Code: 05.03.03.1.00.59, August, 2005, Ankara. (\u0130ngilizce teknik rapor)<\/p>\n<p><strong>TR13.<\/strong> G\u00f6\u011f\u00fc\u015f, M., \u00d6nder, H., Tokyay, N.,\u00a0 Ayd\u0131n, \u0130., Bozkus, Z., Sakarya, B.,\u00a0 &#8220;Hydraulic Model Tests of Yamula Hydro-Power Plant&#8221;,Middle East Technical University, AG\u00dcD\u00d6S Project Code: 00.03.03.00.38, July, 2001, Ankara. (\u0130ngilizce teknik rapor)<\/p>\n<p><strong>TR12.<\/strong> Bozkus, Z., &#8220;Kestel Baraj\u0131 Y\u0131k\u0131lma Analizleri Nihai Raporu&#8221;,Middle East Technical University, <a href=\"http:\/\/www.metu.edu.tr\/home\/wwwdmc\/main-e.html\">Afet Y\u00f6netimi Uygulama ve Ara\u015ft\u0131rma Merkezi<\/a>, Report No: METU\/DMC 98-02 Temmuz 1998, Ankara.<\/p>\n<p><strong>TR11.<\/strong> Ayd\u0131n \u0130., G\u00f6\u011f\u00fc\u015f M., Bozkus, Z., &#8220;Hydraulic Model Tests of \u00c7aml\u0131ca-I Hydroelectric Power Plant&#8221;,Middle East Technical University, AG\u00dcD\u00d6S Project Code: 96.03.03.29, February 1997, Ankara. (\u0130ngilizce teknik rapor)<\/p>\n<p><strong>TR10.<\/strong> Bozkus, Z.&#8221;Investigation of the water conveyance line, and the pressure reduction gate in the intake structure of the \u00c7aml\u0131dere Dam under various hydraulic conditions&#8221;, Middle East Technical University, AG\u00dcD\u00d6S Project Code: 96.03.03.05, May 1996, Ankara. (\u0130ngilizce teknik rapor)<\/p>\n<p><strong>TR9.<\/strong> G\u00f6\u011f\u00fc\u015f M., Bozkus, Z. &#8220;TEPE Ah\u015fap Pencerelerinin Ya\u011fmur Ge\u00e7irgenli\u011fi&#8221;, Middle East Technical University, AG\u00dcD\u00d6S Proje Kodu: 96.03.03.16 Eyl\u00fcl 1995, Ankara.<\/p>\n<p><strong>TR8.<\/strong> Bozkus, Z., &#8220;Baraj Y\u0131k\u0131lmas\u0131 Analizleri \u0130\u00e7in Geli\u015ftirilmi\u015f Matematiksel Bir Model&#8221;, M\u00fchendisler i\u00e7in el kitab\u0131, <a href=\"http:\/\/www.dsi.gov.tr\/enghm.htm\">DS\u0130<\/a> Yay\u0131n No:H\u0130 -879, 85 pages, Eyl\u00fcl 1994, Ankara.<\/p>\n<p><strong>TR7.<\/strong> Bozkus, Z., &#8220;Ankara Kurtbo\u011faz\u0131 Baraj\u0131-\u0130vedik \u0130sale Hatt\u0131nda \u00c7e\u015fitli \u0130\u015fletme Ko\u015fullar\u0131nda Olu\u015fabilecek Su Darbesi Tahkiki&#8221;, <a href=\"http:\/\/www.dsi.gov.tr\/enghm.htm\">DS\u0130<\/a> Yay\u0131n No:H\u0130-874, 1993, Ankara.<\/p>\n<p><strong>TR6.<\/strong> Bozkus, Z. &#8220;K\u00fcrt\u00fcn Baraj\u0131 Ula\u015f\u0131m Yolu Koruma Mahmuzlar\u0131n\u0131n Hidrolik A\u00e7\u0131dan Teorik Olarak \u0130ncelenmesi&#8221;, <a href=\"http:\/\/www.dsi.gov.tr\/enghm.htm\">DS\u0130<\/a> Yay\u0131n No: H\u0130-871, Ankara, 1993.<\/p>\n<p><strong>TR5.<\/strong> Bozkus, Z., &#8220;\u00c7ubuk-II Baraj\u0131 \u0130\u00e7me suyu Bran\u015fman\u0131nda Debi \u00d6l\u00e7\u00fcmleri \u0130\u00e7in Yerle\u015ftirilecek Orifismetre Modeli Tasar\u0131m\u0131&#8221;, <a href=\"http:\/\/www.dsi.gov.tr\/enghm.htm\">DS\u0130<\/a> Yay\u0131n No:H\u0130-863, Kas\u0131m 1993, Ankara.<\/p>\n<p><strong>TR4.<\/strong> Bozkus, Z., &#8220;Berke Dam and Hydroelectric Power Plant Model Studies on the Performance of the Aerators in the Tunnel Spillways&#8221;, <a href=\"http:\/\/www.dsi.gov.tr\/enghm.htm\">DS\u0130<\/a>\u00a0 Hydraulics Laboratory, Ankara, Turkey, 1993 (\u0130ngilizce teknik rapor).<\/p>\n<p><strong>TR3.<\/strong> Bozkus, Z., &#8220;E\u011frekkaya Baraj\u0131 Dipsavak Cebri Borusunda Debi \u00d6l\u00e7\u00fcmleri \u0130\u00e7in Yerle\u015ftirilecek Orifismetre Modeli Tasar\u0131m\u0131&#8221;, <a href=\"http:\/\/www.dsi.gov.tr\/enghm.htm\">DS\u0130<\/a> Yay\u0131n No:H\u0130-838, Ankara, 1992.<\/p>\n<p><strong>TR2.<\/strong> Bozkus, Z., &#8220;Hydraulic Model Studies of\u00a0 the Intake Structure of the Incegez Tunnel&#8221;,<a href=\"http:\/\/www.dsi.gov.tr\"> DS\u0130<\/a>\u00a0 Publication No:H\u0130-828, Ankara, 1992.<\/p>\n<p><strong>TR1.<\/strong> Bozkus, Z., &#8220;Berke Dam and Hydropower Plant Model Studies Final Report&#8221;, <a href=\"http:\/\/www.dsi.gov.tr\/enghm.htm\">DS\u0130<\/a>\u00a0 , Hydraulics Laboratory, Ankara-Turkey, 1992.<\/p>\n","protected":false},"excerpt":{"rendered":"<p>TR23. Zafer Bozku\u015f\u00a0 &#8220;Arhavi-Artvin Kavak Reg\u00fclat\u00f6r\u00fc ve HES Tesislerinde 28.09.2019 Tarihindeki Ya\u011f\u0131\u015flarda Olu\u015fan Hasarlar\u0131n Hidrolik A\u00e7\u0131dan \u0130ncelenmesi&#8221;, EKOL S\u0130GORTA EKSPERT\u0130Z LTD. \u015eti., AG\u00dcD\u00d6S Proje No: 2019-03-03-1-00-236, Aral\u0131k 2019, Ankara. TR22. Zafer Bozku\u015f ve Ali Ersin Din\u00e7er &#8220;G\u00f6yn\u00fck Termik Santrali, \u00c7atak &hellip; <a href=\"https:\/\/blog.metu.edu.tr\/bozkus\/technical-reports\/\">Continue reading <span class=\"meta-nav\">&rarr;<\/span><\/a><\/p>\n","protected":false},"author":26,"featured_media":0,"parent":0,"menu_order":0,"comment_status":"closed","ping_status":"closed","template":"","meta":{"footnotes":"","_links_to":"","_links_to_target":""},"class_list":["post-50","page","type-page","status-publish","hentry"],"_links":{"self":[{"href":"https:\/\/blog.metu.edu.tr\/bozkus\/wp-json\/wp\/v2\/pages\/50","targetHints":{"allow":["GET"]}}],"collection":[{"href":"https:\/\/blog.metu.edu.tr\/bozkus\/wp-json\/wp\/v2\/pages"}],"about":[{"href":"https:\/\/blog.metu.edu.tr\/bozkus\/wp-json\/wp\/v2\/types\/page"}],"author":[{"embeddable":true,"href":"https:\/\/blog.metu.edu.tr\/bozkus\/wp-json\/wp\/v2\/users\/26"}],"replies":[{"embeddable":true,"href":"https:\/\/blog.metu.edu.tr\/bozkus\/wp-json\/wp\/v2\/comments?post=50"}],"version-history":[{"count":0,"href":"https:\/\/blog.metu.edu.tr\/bozkus\/wp-json\/wp\/v2\/pages\/50\/revisions"}],"wp:attachment":[{"href":"https:\/\/blog.metu.edu.tr\/bozkus\/wp-json\/wp\/v2\/media?parent=50"}],"curies":[{"name":"wp","href":"https:\/\/api.w.org\/{rel}","templated":true}]}}