{"id":47,"date":"2015-03-05T15:25:50","date_gmt":"2015-03-05T13:25:50","guid":{"rendered":"http:\/\/blog.metu.edu.tr\/bozkus\/?page_id=47"},"modified":"2018-02-01T17:53:35","modified_gmt":"2018-02-01T14:53:35","slug":"awards-scholarships","status":"publish","type":"page","link":"https:\/\/blog.metu.edu.tr\/bozkus\/awards-scholarships\/","title":{"rendered":"Awards &amp; Scholarships"},"content":{"rendered":"<p><strong>A.1<\/strong> Istanbul Technical University.<em> &#8220;First Place among the graduates of 1982 in Civil Engineering.&#8221;<\/em>, (20.7.1982 )(\u0130T\u00dc Ma\u00e7ka \u0130n\u015faat Fak\u00fcltesini Birincilikle Bitirme \u00d6d\u00fcl\u00fc, 1982)<\/p>\n<p><strong>A.2<\/strong> Ministry of National Education.<em> &#8220;Government Scholarship for Language School, MSc and Ph.D. Studies in the USA.&#8221;<\/em>, (1983-1991 )(Milli E\u011fitim Bakanl\u0131\u011f\u0131\u2019n\u0131n, ABD\u2019de Dil Okulu, Y.Lisans ve Doktora Burslar\u0131, 1983-1991)<\/p>\n<p><strong>A.3<\/strong> Michigan State University.<em> &#8220;Outstanding Academic Achievement Award&#8221;<\/em>, (24.5.1989)(Michigan State \u00dcniversitesinde \u00dcst\u00fcn Akademik Ba\u015far\u0131 \u00d6d\u00fcl\u00fc, 1989)<\/p>\n<p><strong>A.4<\/strong> Middle East Technical University.<em> &#8220;Academic Performance Award&#8221;<\/em>, (12.7.2005 )(Orta Do\u011fu Teknik \u00dcniversitesinde Akademik Performans \u00d6d\u00fcl\u00fc, 2005)<\/p>\n<p><strong>A.5 <\/strong>Prof.Dr. Mustafa N. Parlar Foundation. <em>\u201cMETU Educator of the Year Award\u201d, <\/em>(December, 2011) (Prof.Dr. Mustafa N. Parlar E\u011fitim ve Ara\u015ft\u0131rma Vakf\u0131, 2010-2011 Akademik Y\u0131l\u0131, ODT\u00dc Y\u0131l\u0131n E\u011fitimcisi \u00d6d\u00fcl\u00fc)<\/p>\n<p><strong>A.6 <\/strong>Prof.Dr. Mustafa N. Parlar Foundation. <em>\u201cMETU Educator of the Year Award\u201d, <\/em>(December, 2016) (Prof.Dr. Mustafa N. Parlar E\u011fitim ve Ara\u015ft\u0131rma Vakf\u0131, 2015-2016 Akademik Y\u0131l\u0131, ODT\u00dc Y\u0131l\u0131n E\u011fitimcisi \u00d6d\u00fcl\u00fc)<\/p>\n","protected":false},"excerpt":{"rendered":"<p>A.1 Istanbul Technical University. &#8220;First Place among the graduates of 1982 in Civil Engineering.&#8221;, (20.7.1982 )(\u0130T\u00dc Ma\u00e7ka \u0130n\u015faat Fak\u00fcltesini Birincilikle Bitirme \u00d6d\u00fcl\u00fc, 1982) A.2 Ministry of National Education. &#8220;Government Scholarship for Language School, MSc and Ph.D. Studies in the USA.&#8221;, &hellip; <a href=\"https:\/\/blog.metu.edu.tr\/bozkus\/awards-scholarships\/\">Continue reading <span class=\"meta-nav\">&rarr;<\/span><\/a><\/p>\n","protected":false},"author":26,"featured_media":0,"parent":0,"menu_order":0,"comment_status":"closed","ping_status":"closed","template":"","meta":{"footnotes":"","_links_to":"","_links_to_target":""},"class_list":["post-47","page","type-page","status-publish","hentry"],"_links":{"self":[{"href":"https:\/\/blog.metu.edu.tr\/bozkus\/wp-json\/wp\/v2\/pages\/47","targetHints":{"allow":["GET"]}}],"collection":[{"href":"https:\/\/blog.metu.edu.tr\/bozkus\/wp-json\/wp\/v2\/pages"}],"about":[{"href":"https:\/\/blog.metu.edu.tr\/bozkus\/wp-json\/wp\/v2\/types\/page"}],"author":[{"embeddable":true,"href":"https:\/\/blog.metu.edu.tr\/bozkus\/wp-json\/wp\/v2\/users\/26"}],"replies":[{"embeddable":true,"href":"https:\/\/blog.metu.edu.tr\/bozkus\/wp-json\/wp\/v2\/comments?post=47"}],"version-history":[{"count":0,"href":"https:\/\/blog.metu.edu.tr\/bozkus\/wp-json\/wp\/v2\/pages\/47\/revisions"}],"wp:attachment":[{"href":"https:\/\/blog.metu.edu.tr\/bozkus\/wp-json\/wp\/v2\/media?parent=47"}],"curies":[{"name":"wp","href":"https:\/\/api.w.org\/{rel}","templated":true}]}}