{"id":14,"date":"2011-01-14T14:11:02","date_gmt":"2011-01-14T12:11:02","guid":{"rendered":"http:\/\/blog.metu.edu.tr\/bozkus\/?page_id=14"},"modified":"2019-02-25T11:02:24","modified_gmt":"2019-02-25T08:02:24","slug":"national","status":"publish","type":"page","link":"https:\/\/blog.metu.edu.tr\/bozkus\/publications\/national\/","title":{"rendered":"National"},"content":{"rendered":"<p><strong>A) Peer Reviewed Journal Papers<\/strong> (<strong><em>Screened by Engineering Index)<\/em><\/strong><\/p>\n<p><strong>A6.<\/strong><strong>Bozkus, Z.,<\/strong> &#8220;<a href=\"http:\/\/e-imo.imo.org.tr\/DosyaDizin\/WPX\/Portal\/Yayin\/td\/Cilt15\/15-4-3ZaferBozkus.pdf\">Dam Break Analyses for Disaster Management <\/a>&#8220;, <strong><em><a href=\"http:\/\/e-imo.imo.org.tr\/DosyaDizin\/WPX\/Portal\/Yayin\/td\/Cilt15\/15-4-3ZaferBozkus.pdf\">Teknik Dergi, TMMOB \u0130n\u015faat M\u00fchendisleri Odas\u0131,<\/a><\/em><\/strong> Cilt 15, Say\u0131: 4, 3335-3350, Ekim 2004.<\/p>\n<p><strong>A5.<\/strong> <strong>Bozkus, Z<\/strong>., &#8220;<a href=\"http:\/\/www.ari.itu.edu.tr\/current_articles\/zafer.pdf\">Pre-Event Failure Analyses of Kestel Dam for Disaster Management<\/a>&#8220;, <strong><em>Journal of Physical and Engineering Science<\/em><\/strong>, <strong><em>ARI<\/em><\/strong>, The Bulletin of the Istanbul Technical University, Istanbul, Turkey, Vol. 53 No. 2, September 2003. (This paper was published in this journal as it was voted by the reviewers among the top 20 papers presented in the 5th Int. Cong. on Advances in Civil Engineering, ITU, Sep, 2002.).<\/p>\n<p><strong>A4.<\/strong><strong>Bozkus, Z.<\/strong> and G\u00fcner Ali \u0130., &#8220;<a href=\"http:\/\/journals.tubitak.gov.tr\/engineering\/issues\/muh-01-25-6\/muh-25-6-9-0009-3.pdf\">Pre-Event Dam Failure Analyses for Emergency Management<\/a>&#8220;, <strong><em><span style=\"text-decoration: underline\"><a href=\"http:\/\/mistug.tubitak.gov.tr\/bdyim\/toc.php?dergi=muh&amp;yilsayi=2001\/6\">Turkish Journal of Engineering and Environmental Sciences, TUBITAK<\/a><\/span><\/em><\/strong>, Vol. 25, No.6, 2001.<\/p>\n<p><strong>A3.<\/strong><strong>Bozkus, Z.<\/strong> and Kasap A., &#8220;<a href=\"http:\/\/journals.tubitak.gov.tr\/engineering\/issues\/muh-98-22-5\/muh-22-5-6-97085.pdf\">Comparison of Physical and Numerical Dam-Break Simulations<\/a>&#8220;,<strong><a href=\"http:\/\/mistug.tubitak.gov.tr\/bdyim\/toc.php?dergi=muh&amp;yilsayi=1998\/5\"> <em>Turkish Journal of Engineering and Environmental Sciences<\/em><em>, TUBITAK<\/em>,<\/a><\/strong> Vol.22, No.5, 1998.<\/p>\n<p><strong>A2.<\/strong><strong>Bozkus, Z.,<\/strong> &#8220;Bo\u015f Bir Boru Sisteminde De\u011fi\u015fken Ak\u0131ml\u0131 Bir Su K\u00fctlesinin (Paketinin) Hidrodinami\u011fi&#8221;, <strong><em><span style=\"text-decoration: underline\">Turkish Journal of Engineering and Environmental Sciences<\/span><\/em><\/strong><strong><span style=\"text-decoration: underline\">, <em>TUBITAK<\/em><\/span><\/strong>, Vol.19, 1995.<\/p>\n<p><strong>A1. Bozku\u015f, Z., \u201c<\/strong>T\u00fcrkiye&#8217;nin Hidroelektrik Potansiyeli\u201d<strong>. <em>\u00c7evre ve M\u00fchendis<\/em>, <\/strong>1, (1993), s.35-38.<\/p>\n<p>&nbsp;<\/p>\n<p><strong>B) Conference Papers<\/strong><\/p>\n<p><strong>B6. <\/strong>Din\u00e7er, A. Ersin, Bozkus, Z. \u201cBaraj Y\u0131k\u0131lmas\u0131 Probleminin Say\u0131sal Olarak \u0130ncelenmesi\u201d, IV. Su Yap\u0131lar\u0131 Sempozyumu-TMMOB-IMO, 19-21 Kas\u0131m 2015, Antalya.<\/p>\n<p><strong>B5.<\/strong> Bozkus, Z., &#8220;\u00c7aml\u0131dere Baraj\u0131 \u2013 \u0130vedik Ar\u0131tma Tesisleri \u0130sale Hatt\u0131nda Su Darbesi Analizleri&#8221;, III. Ulusal Su M\u00fchendisli\u011fi Sempozyumu, 10-14 Eyl\u00fcl 2007, G\u00fcm\u00fcld\u00fcr\/\u0130zmir.<\/p>\n<p><strong>B4.<\/strong> Bozkus, Z., &#8220;\u00c7ubuk II Baraj\u0131 \u0130\u00e7me Suyu Bran\u015fman\u0131nda Debi \u00d6l\u00e7\u00fcmleri \u0130\u00e7in Orifismetre Tasar\u0131m\u0131&#8221;, II. Ulusal Su M\u00fchendisli\u011fi Sempozyumu, 21-24 Eyl\u00fcl 2005, G\u00fcm\u00fcld\u00fcr\/\u0130zmir.<\/p>\n<p><strong>B3.<\/strong> Bozkus, Z., &#8220;Ankara Kurtbo\u011faz\u0131 Baraj\u0131 &#8211; \u0130vedik \u0130sale Hatt\u0131nda \u00c7e\u015fitli \u0130\u015fletme Ko\u015fullar\u0131nda Olu\u015fabilecek Su Darbesi (Waterhammer) Tahkiki&#8221;, I. Ulusal Su M\u00fchendisli\u011fi Sempozyumu, 22-26 Eyl\u00fcl 2003, G\u00fcm\u00fcld\u00fcr\/\u0130zmir.<\/p>\n<p><strong>B2.<\/strong> Bozkus, Z., &#8220;\u00c7aml\u0131dere Baraj\u0131 \u0130sale Hatt\u0131n\u0131n \u00c7e\u015fitli Hidrolik Ko\u015fullarda Tahkiki&#8221;, I. Ulusal Su M\u00fchendisli\u011fi Sempozyumu, 22-26 Eyl\u00fcl 2003, G\u00fcm\u00fcld\u00fcr\/\u0130zmir.<\/p>\n<p><strong>B1.<\/strong> Bozkus, Z., &#8220;Baraj Y\u0131k\u0131lmas\u0131 Analizlerinde Kullan\u0131lan Matematiksel Modellerin K\u0131yaslanmas\u0131 ve Uygulamal\u0131 \u00d6rnekler&#8221;, <a href=\"http:\/\/www.dsi.gov.tr\/enghm.htm\">DS\u0130<\/a> &#8216;nin 40. Kurulu\u015f Y\u0131l\u0131, Su ve Toprak Kaynaklar\u0131n\u0131n Geli\u015ftirilmesi Konferans\u0131 Bildirileri, Cilt 2, 1994, Ankara.<\/p>\n","protected":false},"excerpt":{"rendered":"<p>A) Peer Reviewed Journal Papers (Screened by Engineering Index) A6.Bozkus, Z., &#8220;Dam Break Analyses for Disaster Management &#8220;, Teknik Dergi, TMMOB \u0130n\u015faat M\u00fchendisleri Odas\u0131, Cilt 15, Say\u0131: 4, 3335-3350, Ekim 2004. A5. Bozkus, Z., &#8220;Pre-Event Failure Analyses of Kestel Dam &hellip; <a href=\"https:\/\/blog.metu.edu.tr\/bozkus\/publications\/national\/\">Continue reading <span class=\"meta-nav\">&rarr;<\/span><\/a><\/p>\n","protected":false},"author":26,"featured_media":0,"parent":7,"menu_order":0,"comment_status":"closed","ping_status":"closed","template":"","meta":{"footnotes":"","_links_to":"","_links_to_target":""},"class_list":["post-14","page","type-page","status-publish","hentry"],"_links":{"self":[{"href":"https:\/\/blog.metu.edu.tr\/bozkus\/wp-json\/wp\/v2\/pages\/14","targetHints":{"allow":["GET"]}}],"collection":[{"href":"https:\/\/blog.metu.edu.tr\/bozkus\/wp-json\/wp\/v2\/pages"}],"about":[{"href":"https:\/\/blog.metu.edu.tr\/bozkus\/wp-json\/wp\/v2\/types\/page"}],"author":[{"embeddable":true,"href":"https:\/\/blog.metu.edu.tr\/bozkus\/wp-json\/wp\/v2\/users\/26"}],"replies":[{"embeddable":true,"href":"https:\/\/blog.metu.edu.tr\/bozkus\/wp-json\/wp\/v2\/comments?post=14"}],"version-history":[{"count":0,"href":"https:\/\/blog.metu.edu.tr\/bozkus\/wp-json\/wp\/v2\/pages\/14\/revisions"}],"up":[{"embeddable":true,"href":"https:\/\/blog.metu.edu.tr\/bozkus\/wp-json\/wp\/v2\/pages\/7"}],"wp:attachment":[{"href":"https:\/\/blog.metu.edu.tr\/bozkus\/wp-json\/wp\/v2\/media?parent=14"}],"curies":[{"name":"wp","href":"https:\/\/api.w.org\/{rel}","templated":true}]}}