{"id":252,"date":"2020-11-13T20:39:06","date_gmt":"2020-11-13T17:39:06","guid":{"rendered":"http:\/\/blog.metu.edu.tr\/bkirkici\/?page_id=252"},"modified":"2022-01-02T17:18:44","modified_gmt":"2022-01-02T14:18:44","slug":"bildiriler","status":"publish","type":"page","link":"https:\/\/blog.metu.edu.tr\/bkirkici\/tr\/bildiriler\/","title":{"rendered":"Bildiriler"},"content":{"rendered":"<p><strong>2021<\/strong><\/p>\n<p>\u00d6zkan, A., <strong>K\u0131rk\u0131c\u0131, B. <\/strong>&amp; Acart\u00fcrk, C. (2021). Phonological Mediation in Reading: A Theoretical Framework. Poster at the 2nd Words in the World 2021 (WoW 2021) Online Conference, 26-27 November 2021.<\/p>\n<p><strong>K\u0131rk\u0131c\u0131, B.<\/strong>, Ataman, E., \u00c7a\u011flar, O.C., O\u011fuz, E., Demir, O. &amp; \u00c7elikkol-Berk, N. (2021). Farkl\u0131 a\u00e7\u0131lardan bi\u00e7imbilimsel i\u015flemleme (Round Table). 20th International Conference on Turkish Linguistics (ICTL), 02-04 August 2021, organized by Anadolu University, held online.<\/p>\n<p>\u00c7a\u011flar, O.C. &amp; Ataman, E. &amp; <strong>K\u0131rk\u0131c\u0131, B.<\/strong> (2021). Bile\u015fik S\u00f6zc\u00fcklerin Yaz\u0131l\u0131 \u00dcretiminde Bi\u00e7imbilimsel ve Dilleraras\u0131 Fakt\u00f6rlerin Etkisi. 34. National Linguistics Conference, 29-30 Nisan 2021, ODT\u00dc (Ankara).<\/p>\n<p><strong>2020<\/strong><\/p>\n<p>\u00c7a\u011flar, O.C. &amp; Ataman, E. &amp;\u00a0<strong>K\u0131rk\u0131c\u0131, B.\u00a0<\/strong>(2020). Evidence for Cascaded Processing in L1 and L2 Written Production. The 26th Architectures and Mechanisms for Language Processing Conference (AMLaP 2020), 3-5 Eyl\u00fcl 2020, Potsdam \u00dcniversitesi (\u00e7evrim i\u00e7i).<\/p>\n<p><strong>2019<\/strong><\/p>\n<p><strong>K\u0131rk\u0131c\u0131, B.,\u00a0<\/strong>\u00c7a\u011flar, O.C. &amp; Ataman, E. (2019). The Effect of Morphological Factors on the Written Production of Turkish Compounds. 11th International Morphological Processing Conference (MoProc), 04-06 Kas\u0131m 2019, T\u00fcbingen, Almanya.<\/p>\n<p>Kahraman, H. &amp; <strong>K\u0131rk\u0131c\u0131, B.<\/strong> (2019). Individual differences in the processing of morphologically complex words. Capturing and Quantifying Individual Differences in Bilingualism \u00c7al\u0131\u015ftay\u0131, 2-3 September 2019, UiT the Arctic University of Norway, Troms\u00f8, Norve\u00e7.<\/p>\n<p><strong>K\u0131rk\u0131c\u0131, B.<\/strong>, \u00c7a\u011flar, O.C. &amp; Ataman, E. (2019). T\u00fcrk\u00e7e Birle\u015fik S\u00f6zc\u00fcklerin Yaz\u0131l\u0131 \u00dcretiminde Bi\u00e7imbilimsel Fakt\u00f6rlerin Etkisi: Ruhdilbilimsel Bir \u0130nceleme. 33. Ulusal Dilbilim Kurultay\u0131, 9-10 May\u0131s 2019, Mersin \u00dcniversitesi (Mersin).<\/p>\n<p><strong>2018<\/strong><\/p>\n<p><strong>K\u0131rk\u0131c\u0131, B.<\/strong>, \u00c7a\u011flar, O. C. &amp; Ataman, E. (2018). The processing of English-Turkish (false) cognates: What is the role of morphology? 2nd International Symposium on Bilingual Processing in Adults and Children (ISBPAC-TU), 24-25 May\u0131s 2018, Braunschweig, Almanya.<\/p>\n<p>U\u011fuz, E. &amp;\u00a0<strong>K\u0131rk\u0131c\u0131, B.<\/strong>\u00a0(2018). \u0130lkokul \u00c7ocuklar\u0131nda Bi\u00e7imbilimsel \u0130\u015flemleme. 32. National Linguistics Conference, 3-4 May\u0131s 2018, 9 Eyl\u00fcl \u00dcniversitesi (\u0130zmir).<\/p>\n<p>Gracanin-Y\u00fcksek, M. &amp;\u00a0<strong>K\u0131rk\u0131c\u0131, B.<\/strong>\u00a0(2018). Zaman G\u00f6steren T\u00fcmcelerin \u0130kinci Dilde Edinimi: \u201cbefore\u201d ve \u201cafter\u201d. 32. Ulusal Dilbilim Kurultay\u0131, 3-4 May\u0131s 2018, 9 Eyl\u00fcl \u00dcniversitesi (\u0130zmir).<\/p>\n<p><strong>2017<\/strong><\/p>\n<p>Jacob, G., \u015eafak, D.F., Demir, O. &amp;\u00a0<strong>K\u0131rk\u0131c\u0131, B.<\/strong>\u00a0(2017). Preserved morphological processing in heritage speakers: Evidence from a masked priming study on Turkish. 10th Conference on Multilingualism 2017, 6-8 Kas\u0131m 2017, Groningen, Hollanda.<\/p>\n<p>Acart\u00fcrk, C., K\u0131l\u0131\u00e7, \u00d6.,\u00a0<strong>K\u0131rk\u0131c\u0131, B.<\/strong>, Can, B., &amp; \u00d6zkan, A. (2017).\u00a0 The Role of Letter Frequency on Eye Movements in Sentential Pseudoword Reading. 39th Annual Meeting of the Cognitive Science Society, CogSci 2017, 26-29 Temmuz 2017, Londra, Birle\u015fik Krall\u0131k.<\/p>\n<p><strong>K\u0131rk\u0131c\u0131, B.<\/strong>, \u00c7a\u011flar, O. C. &amp; Ataman, E. (2017). The role of morphology in the processing of English-Turkish false cognates: Evidence from a backward lexical translation task. 10th International Morphological Processing Conference (MoProc), 22-24 Haziran 2017, Trieste, \u0130talya.<\/p>\n<p>Lago, S., Gra\u010danin-Yuksek, M., \u015eafak, D. F., Demir, O., &amp;\u00a0<strong>K\u0131rk\u0131c\u0131, B.<\/strong>\u00a0(2017). Anaphor interpretation in Turkish heritage speakers. International Symposium on Bilingualism, Limerick, \u0130rlanda, 11-15 Haziran 2017.<\/p>\n<p>Acart\u00fcrk, C., K\u0131l\u0131\u00e7, \u00d6.,\u00a0<strong>K\u0131rk\u0131c\u0131, B.<\/strong>, Can, B., &amp; \u00d6zkan, A. (2017).\u00a0 The Role of Letter Frequency on Eye Movements in Turkish Pseudowords. 4th International Symposium on Brain and Cognitive Science, ISBCS 2017, 30 Nisan 2017.<\/p>\n<p>Acart\u00fcrk, C.,\u00a0<strong>K\u0131rk\u0131c\u0131, B.<\/strong>, K\u0131l\u0131\u00e7, \u00d6., \u00d6zkan, A., Bozkurt, T.N., Ormanoglu, Z., \u00a0&amp; G\u00f6l, A.Y. (2017).\u00a0 The Investigation of Cognitive Processes in Reading: Development of a Corpus of Turkish Reading Patterns for Eye Movement Control Modeling. 4th International Symposium on Brain and Cognitive Science, ISBCS 2017, 30 Nisan 2017.<\/p>\n<p>Acart\u00fcrk, C., K\u0131l\u0131\u00e7, \u00d6.,\u00a0<strong>K\u0131rk\u0131c\u0131, B.<\/strong>, Can, B. &amp; \u00d6zkan, A. (2017). Harf Frekanslar\u0131n\u0131n Sahte Kelime Okumada G\u00f6z Hareketlerine Etkisi. EyeTR \u2013 T\u00fcrk\u00e7e Okumada G\u00f6z Hareketleri Sempozyumu. 8 Nisan 2017, ODT\u00dc, Ankara.<\/p>\n<p><strong>K\u0131rk\u0131c\u0131, B.<\/strong>\u00a0(2017). T\u00fcrk\u00e7e Okumada G\u00f6z Hareketleri: Genel Bulgular. EyeTR \u2013 T\u00fcrk\u00e7e Okumada G\u00f6z Hareketleri Sempozyumu. 8 Nisan 2017, ODT\u00dc, Ankara.<\/p>\n<p>Lago, S., Gra\u010danin-Yuksek, M., \u015eafak, D. F., Demir, O.,\u00a0<strong>K\u0131rk\u0131c\u0131, B<\/strong>. (2017). Contextual and syntactic information jointly affect the processing of Turkish anaphors. CUNY, Cambridge, Massachusetts, ABD, 30 Mart \u2013 1 Nisan 2017.<\/p>\n<p>Acart\u00fcrk, C. &amp;\u00a0<strong>K\u0131rk\u0131c\u0131, B.<\/strong>\u00a0(2017). EyeTracking in Reading Research: Challenges for Agglutinative Languages. 18th International Conference on Turkish Linguistics (ICTL), 24-26 \u015eubat, Adana.<\/p>\n<p><strong>K\u0131rk\u0131c\u0131, B.<\/strong>\u00a0&amp; Acart\u00fcrk, C. (2017). Reading in an Agglutinative Language: Insights from Turkish. 18th International Conference on Turkish Linguistics (ICTL), 24-26 \u015eubat, Adana.<\/p>\n<p>Acart\u00fcrk, C., Can, B., K\u0131l\u0131\u00e7, \u00d6.\u00a0<strong>K\u0131rk\u0131c\u0131, B.\u00a0<\/strong>&amp; \u00d6zkan, A. (2017). Eye movements in Turkish Pseudoword Reading. 18th International Conference on Turkish Linguistics (ICTL), 24-26 \u015eubat, Adana.<\/p>\n<p>Demir, O., \u015eafak, D.F., Gracanin-Y\u00fcksek, M.,\u00a0<strong>K\u0131rk\u0131c\u0131, B.<\/strong>\u00a0&amp; Lago, S. (2017). The Effect of Contextual Biases on Anaphor Resolution in Turkish. 18th International Conference on Turkish Linguistics (ICTL), 24-26 \u015eubat, Adana.<\/p>\n<p><strong>2016<\/strong><\/p>\n<p>Lago, S., Gracanin-Y\u00fcksek, M., \u015eafak, D., Demir, O.,\u00a0<strong>K\u0131rk\u0131c\u0131, B.\u00a0<\/strong>&amp; Felser, C. (2016). Agreement Attraction in Turkish. 22nd Architectures and Mechanisms for Language Processing (AMLaP) Conference, 1-3 Eyl\u00fcl 2016, Bilbao, \u0130spanya.<\/p>\n<p>Lago, S., Gracanin-Y\u00fcksek, M., \u015eafak, D., Demir, O.,\u00a0<strong>K\u0131rk\u0131c\u0131, B.\u00a0<\/strong>&amp; Felser, C. (2016). Straight from the horse\u2019s mouth: agreement attraction effects with Turkish possessors. Workshop on Sentence Processing in Multilingual and Other Less Commonly Studied Populations, 4-5 A\u011fustos 2016, Potsdam, Almanya.<\/p>\n<p>Ko\u00e7ak, O.M., \u00d6zdel, K.,\u00a0<strong>K\u0131rk\u0131c\u0131, B.<\/strong>, U\u011furlu, M., Kale, E., Y\u0131lmaz \u00d6zpolat, A., Buturak, S. &amp; Oymak, D. (2016). Do obsessive compulsive disorder patients have difficulty forming an internal model of the completed state of an action? 29th Congress of the European College of Neuropsychopharmacology (ECNP), 17-20 Eyl\u00fcl 2016, Viyana, Avusturya.<\/p>\n<p><strong>K\u0131rk\u0131c\u0131, B.<\/strong>\u00a0(2016). When butchers butch and hammers ham: Morphological processing in late second language learners. 6<sup>th<\/sup>\u00a0METU Undergraduate Students Conference, 4-6 Haziran 2016, ODT\u00dc.<\/p>\n<p>Demir, O., Gracanin-Y\u00fcksek, M., \u015eafak, D., &amp;\u00a0<strong>K\u0131rk\u0131c\u0131, B.\u00a0<\/strong>(2016). Kendisi ve o\u2019nun \u00d6nc\u00fcllere G\u00f6nderimi \u00dczerine Ruhdilbilimsel Deneyler. 30. National Linguistics Conference, 13-14 May\u0131s 2016, Ankara \u00dcniversitesi.<\/p>\n<p>\u015eafak, D.F., Gacan Ertu\u011frul, P. &amp;\u00a0<strong>K\u0131rk\u0131c\u0131, B.<\/strong>\u00a0(2016). The processing of derived words in L2 English: Further evidence for the effect of orthography. International Symposium on Bilingual Processing in Adults and Children (ISBPAC), 14-15 Nisan 2016, Kaiserslautern, Almanya.<\/p>\n<p><strong>2015<\/strong><\/p>\n<p>Deniz, S. &amp;\u00a0<strong>K\u0131rk\u0131c\u0131, B.<\/strong>\u00a0(2015). Form and Meaning in Early Morphological Processing: A Masked Priming Study on Turkish. 9th International Morphological Processing Conference, 18-20 Haziran 2015, Potsdam, Almanya.<\/p>\n<p>Gacan Ertu\u011frul, P. &amp;\u00a0<strong>K\u0131rk\u0131c\u0131, B.\u00a0<\/strong>(2015). The morphological processing of derived words in L1 and L2 Turkish. 9th International Morphological Processing Conference, 18-20 Haziran 2015, Potsdam, Almanya.<\/p>\n<p><strong>K\u0131rk\u0131c\u0131, B.<\/strong>\u00a0(2015). Adding a third dimension: Morphological processing in L1 speakers, late L2 learners and heritage speakers of Turkish. Workshop on Bilingual Morphology, 10th International Symposium on Bilingualism (ISB 10), 20-24 May\u0131s 2015, New Jersey, ABD.<\/p>\n<p>Acart\u00fcrk, C., Beken, F. &amp;\u00a0<strong>K\u0131rk\u0131c\u0131, B.<\/strong>\u00a0(2015). Eye Movement Control in Turkish: Word-Length and Morphological-Complexity Effects on Fixation Landing Positions. 18th European Conference on Eye Movements (ECEM 2015), 16-21 A\u011fustos 2015, Viyana, Avusturya.<\/p>\n<p><strong>2014<\/strong><\/p>\n<p>Heyer, V., Jacob, G.,\u00a0<strong>K\u0131rk\u0131c\u0131, B.<\/strong>\u00a0&amp; Clahsen, H. (2014). Bilinguals see a \u2018scan\u2019 in \u2018scanner\u2019 AND in \u2018scandal\u2019:Masked priming evidence from English, German and Turkish. 9th International Conference on the Mental Lexicon, 30 Eyl\u00fcl-2 Ekim 2014, Ontario, Kanada.<\/p>\n<p>Jacob, G. &amp;\u00a0<strong>K\u0131rk\u0131c\u0131, B<\/strong>. (2014). The processing of morphologically complex words in Turkish heritage speakers. 20th Architectures and Mechanisms for Language Processing (AMLaP) Conference, 3-6 Eyl\u00fcl 2014, Edinburgh, \u0130sko\u00e7ya.<\/p>\n<p>Gacan, P.\u00a0<strong>&amp; K\u0131rk\u0131c\u0131, B.\u00a0<\/strong>(2014). The processing of derived words in L1 Turkish. 17th International Conference on Turkish Linguistic (ICTL), 3-5 Eyl\u00fcl 2014, Rouen, Fransa.<\/p>\n<p><strong>K\u0131rk\u0131c\u0131, B.\u00a0<\/strong>(2014). Ana dilin(d)e yabanc\u0131 olmak: Almanya\u2019da ya\u015fayan T\u00fcrklerde bi\u00e7imbilimsel i\u015flemleme. 28. Ulusal Dilbilim Kurultay\u0131, 8-9 May\u0131s 2014, Sakarya \u00dcniversitesi.<\/p>\n<p><strong>2013<\/strong><\/p>\n<p><strong>K\u0131rk\u0131c\u0131, B.<\/strong>\u00a0(2013). Dil: S\u00f6zc\u00fckler ve Kurallar. 20. Ulusal Psikiyatri Kongresi, 7-10 Eyl\u00fcl 2013, Ankara.<\/p>\n<p>Demir, O., \u015eafak, D.F. &amp;\u00a0<strong>K\u0131rk\u0131c\u0131, B.<\/strong>\u00a0(2013). Ambiguity resolution strategies in a second language: Another look at L2 relative clause attachment preferences. 23. EUROSLA Conference, 28-31 A\u011fustos 2013, Amsterdam (Hollanda).<\/p>\n<p>Gracanin-Y\u00fcksek, M. &amp;\u00a0<strong>K\u0131rk\u0131c\u0131, B<\/strong>. (2013). \u0130kinci dil olarak T\u00fcrk\u00e7ede soru t\u00fcmcelerinin s\u00f6zdizimsel, anlambilimsel ve edimbilimsel \u00f6zellikleri \u00fczerine. 27. Ulusal Dilbilim Kurultay\u0131, 2-4 May\u0131s 2013, Hacettepe \u00dcniversitesi.<\/p>\n<p>Ko\u00e7ak, O.M.,\u00a0<strong>K\u0131rk\u0131c\u0131, B.<\/strong>, Da\u011fl\u0131, M. &amp; Kafadar, T. (2013). Obsesif Kompulsif Bozukluk\u2019ta bitmi\u015fli\u011fin zihinsel temsili: Ruhdilbilimsel bir inceleme. 27. Ulusal Dilbilim Kurultay\u0131, 2-4 May\u0131s 2013, Hacettepe \u00dcniversitesi.<\/p>\n<p><strong>2012<\/strong><\/p>\n<p><strong>K\u0131rk\u0131c\u0131, B.<\/strong>\u00a0(2012). L1 vs. L2 Processing of Turkish Derivational Morphology. 16th International Conference on Turkish Linguistic (ICTL), 18-21 Eyl\u00fcl 2012, ODT\u00dc.<\/p>\n<p>Da\u011fdeviren, G. &amp;\u00a0<strong>K\u0131rk\u0131c\u0131, B.\u00a0<\/strong>(2012). T\u00fcrk\u00e7ede konumsal alma\u015fmalar: ruhdilbilimsel bir inceleme. 26. Ulusal Dilbilim Kurultay\u0131, 24-26 May\u0131s 2012, S\u00fcleyman Demirel \u00dcniversitesi, Isparta.<\/p>\n<p><strong>2011<\/strong><\/p>\n<p><strong>K\u0131rk\u0131c\u0131,\u00a0B.\u00a0<\/strong>&amp; Clahsen, H. (2011). Word-formation and inflectional processes in native and non-native language comprehension: Evidence from masked priming experiments in Turkish. 7<sup>th<\/sup>\u00a0International Morphological Processing Conference. Basque Center on Cognition, Brain and Language, 22-25 Haziran 2011, San Sebastian (\u0130spanya).<\/p>\n<p><strong>K\u0131rk\u0131c\u0131, B.\u00a0<\/strong>(2011). T\u00fcrk\u00e7e Birinci ve \u0130kinci Dilde Bi\u00e7imbilimsel \u0130\u015flemleme: Maskelenmi\u015f Haz\u0131rlama Deneylerinden Elde Edilen Bulgular. 25. Ulusal Dilbilim Kurultay\u0131, 5-7 May\u0131s 2011, \u00c7ukurova \u00dcniversitesi (Adana).<\/p>\n<p><strong>2009<\/strong><\/p>\n<p><strong>K\u0131rk\u0131c\u0131, B.\u00a0<\/strong>&amp; K\u0131rk\u0131c\u0131, K. (2009). T\u00fcrk\u00e7e Geni\u015f Zamanda S\u00f6zc\u00fckler ve Kurallar. 23. Ulusal Dilbilim Kurultay\u0131, 14-15 May\u0131s 2009, Do\u011fu Akdeniz \u00dcniversitesi, KKTC.<\/p>\n<p><strong>K\u0131rk\u0131c\u0131, B.<\/strong>, Da\u011fdeviren, G., Alpayd\u0131n, S.N., Demir, O. &amp; Karakaya, E. (2009). T\u00fcrk\u00e7e \u0130lgi \u0130\u00e7t\u00fcmcelerini \u0130li\u015ftirmede Belirsizlik ve Belirlenim(siz)cilik \u00dczerine. 23. Ulusal Dilbilim Kurultay\u0131, 14-15 May\u0131s 2009, Do\u011fu Akdeniz \u00dcniversitesi, KKTC.<\/p>\n<p><strong>2008<\/strong><\/p>\n<p><strong>K\u0131rk\u0131c\u0131, B.\u00a0<\/strong>(2008). From Words to Rules: Developmental Changes in L2 English Morphological Processing. 12<sup>th<\/sup>\u00a0Meeting of the International Clinical Phonetics and Linguistics Association. 25-28 Haziran 2008, Anadolu \u00dcniversitesi.<\/p>\n<p><strong>K\u0131rk\u0131c\u0131, B.,\u00a0<\/strong>Da\u011fdeviren, G. K\u00fct\u00fcko\u011flu, A.\u0130., Y\u00fccesoy, G. (2008). T\u00fcrk\u00e7ede \u0130lgi \u0130\u00e7t\u00fcmcelerinin \u0130li\u015ftirme Belirsizli\u011finde Kurucular\u0131n Etkisi. 22. Ulusal Dilbilim Kurultay\u0131, 8-9 May\u0131s 2008, 100. Y\u0131l \u00dcniversitesi, Van.<\/p>\n<p><strong>K\u0131rk\u0131c\u0131, B.\u00a0<\/strong>(2008). Distinct Mechanisms in the Processing of English Past Tense Morphology: A View from L2 Processing. 33<sup>rd<\/sup>\u00a0International LAUD Symposium (Cognitive Approaches to Second\/Foreign Language Processing: Theory and Pedagogy), 10-13 Mart 2008, University of Koblenz-Landau, Landau (Almanya).<\/p>\n<p><strong>2006<\/strong><\/p>\n<p><strong>K\u0131rk\u0131c\u0131, B.\u00a0<\/strong>(2006). Developmental Restructuring in the Processing of English Synthetic Compounds by Turkish Learners of L2 English: A Dual-Mechanism Account.\u00a0 EUROSLA 16 (European Second Language Association Conference), 13-16 Eyl\u00fcl 2006,\u00a0 Bo\u011fazi\u00e7i University.<\/p>\n<p><strong>\u00a02004<\/strong><\/p>\n<p><strong>K\u0131rk\u0131c\u0131, B.\u00a0<\/strong>(2004). Relative Clause Attachment in Turkish: A Psycholinguistic Analysis. 12th International Conference on Turkish Linguistics, 11-13 A\u011fustos 2004,\u00a0 Dokuz Eyl\u00fcl \u00dcniversitesi (\u0130zmir).<\/p>\n","protected":false},"excerpt":{"rendered":"<p>2021 \u00d6zkan, A., K\u0131rk\u0131c\u0131, B. &amp; Acart\u00fcrk, C. (2021). Phonological Mediation in Reading: A Theoretical Framework. Poster at the 2nd Words in the World 2021 (WoW 2021) Online Conference, 26-27 November 2021. K\u0131rk\u0131c\u0131, B., Ataman, E., \u00c7a\u011flar, O.C., O\u011fuz, E., Demir, O. &amp; \u00c7elikkol-Berk, N. (2021). Farkl\u0131 a\u00e7\u0131lardan bi\u00e7imbilimsel i\u015flemleme (Round Table). 20th International Conference [&hellip;]<\/p>\n","protected":false},"author":25,"featured_media":0,"parent":0,"menu_order":0,"comment_status":"closed","ping_status":"closed","template":"","meta":{"footnotes":"","_links_to":"","_links_to_target":""},"class_list":["post-252","page","type-page","status-publish","hentry"],"_links":{"self":[{"href":"https:\/\/blog.metu.edu.tr\/bkirkici\/tr\/wp-json\/wp\/v2\/pages\/252","targetHints":{"allow":["GET"]}}],"collection":[{"href":"https:\/\/blog.metu.edu.tr\/bkirkici\/tr\/wp-json\/wp\/v2\/pages"}],"about":[{"href":"https:\/\/blog.metu.edu.tr\/bkirkici\/tr\/wp-json\/wp\/v2\/types\/page"}],"author":[{"embeddable":true,"href":"https:\/\/blog.metu.edu.tr\/bkirkici\/tr\/wp-json\/wp\/v2\/users\/25"}],"replies":[{"embeddable":true,"href":"https:\/\/blog.metu.edu.tr\/bkirkici\/tr\/wp-json\/wp\/v2\/comments?post=252"}],"version-history":[{"count":0,"href":"https:\/\/blog.metu.edu.tr\/bkirkici\/tr\/wp-json\/wp\/v2\/pages\/252\/revisions"}],"wp:attachment":[{"href":"https:\/\/blog.metu.edu.tr\/bkirkici\/tr\/wp-json\/wp\/v2\/media?parent=252"}],"curies":[{"name":"wp","href":"https:\/\/api.w.org\/{rel}","templated":true}]}}