{"id":143,"date":"2015-03-09T08:55:47","date_gmt":"2015-03-09T08:55:47","guid":{"rendered":"http:\/\/blog.metu.edu.tr\/bkirkici\/?page_id=143"},"modified":"2024-12-14T22:06:23","modified_gmt":"2024-12-14T19:06:23","slug":"hakkimda","status":"publish","type":"page","link":"https:\/\/blog.metu.edu.tr\/bkirkici\/tr\/","title":{"rendered":"Hakk\u0131mda"},"content":{"rendered":"<p><a href=\"https:\/\/blog.metu.edu.tr\/bkirkici\/files\/2024\/12\/IMG_20241204_114048-scaled.jpg\"><img loading=\"lazy\" decoding=\"async\" class=\"alignleft wp-image-307 size-medium\" src=\"https:\/\/blog.metu.edu.tr\/bkirkici\/files\/2024\/12\/IMG_20241204_114048-233x300.jpg\" alt=\"\" width=\"233\" height=\"300\" srcset=\"https:\/\/blog.metu.edu.tr\/bkirkici\/files\/2024\/12\/IMG_20241204_114048-233x300.jpg 233w, https:\/\/blog.metu.edu.tr\/bkirkici\/files\/2024\/12\/IMG_20241204_114048-794x1024.jpg 794w, https:\/\/blog.metu.edu.tr\/bkirkici\/files\/2024\/12\/IMG_20241204_114048-768x991.jpg 768w, https:\/\/blog.metu.edu.tr\/bkirkici\/files\/2024\/12\/IMG_20241204_114048-1191x1536.jpg 1191w, https:\/\/blog.metu.edu.tr\/bkirkici\/files\/2024\/12\/IMG_20241204_114048-1588x2048.jpg 1588w, https:\/\/blog.metu.edu.tr\/bkirkici\/files\/2024\/12\/IMG_20241204_114048-624x805.jpg 624w, https:\/\/blog.metu.edu.tr\/bkirkici\/files\/2024\/12\/IMG_20241204_114048-scaled.jpg 1985w\" sizes=\"auto, (max-width: 233px) 100vw, 233px\" \/><\/a><\/p>\n<p>Lisans ve y\u00fcksek lisans e\u011fitimlerimi s\u0131ras\u0131yla 1997 ve 2000 y\u0131llar\u0131nda ODT\u00dc\u2019de tamamlad\u0131m. Ard\u0131ndan 2002 y\u0131l\u0131nda \u0130ngiltere Essex \u00dcniversitesinden Uygulamal\u0131 Dilbilim alan\u0131nda ikinci y\u00fcksek lisans derecemi ald\u0131m. 2005 y\u0131l\u0131nda ise Doktora derecemi \u0130ngiliz Dili \u00d6\u011fretimi alan\u0131nda yine ODT\u00dc\u2019den ald\u0131m. Lisans\u00fcst\u00fc e\u011fitimim boyunca (1997-2005) ODT\u00dc\u2019de ara\u015ft\u0131rma g\u00f6revlisi olarak g\u00f6rev yapt\u0131ktan sonra, doktora sonras\u0131 d\u00f6nemde \u00f6nce 2006-2009 y\u0131llar\u0131 aras\u0131nda Ba\u015fkent \u00dcniversitesi Yabanc\u0131 Diller E\u011fitimi B\u00f6l\u00fcm\u00fcnde \u00e7al\u0131\u015ft\u0131m. Ard\u0131ndan \u0130ngiltere\u2019de Oxford \u00dcniversitesinde \u00d6\u011fretim Eleman\u0131 ve Essex \u00dcniversitesinde Britanya Bilimler Akademisi doktora sonras\u0131 ara\u015ft\u0131rma burslusu olarak g\u00f6rev yapt\u0131m. 2011 y\u0131l\u0131nda ODT\u00dc Yabanc\u0131 Diller E\u011fitimi B\u00f6l\u00fcm\u00fcne \u00d6\u011fretim \u00dcyesi olarak geri d\u00f6nd\u00fcm. Halen ODT\u00dc Yabanc\u0131 Diller E\u011fitimi B\u00f6l\u00fcm\u00fcnde Dilbilim Profes\u00f6r\u00fc olarak \u00e7al\u0131\u015f\u0131yorum.<\/p>\n<p>Ara\u015ft\u0131rmalar\u0131m\u0131 a\u011f\u0131rl\u0131kl\u0131 olarak anadil, ikinci dil ve miras dilde deneysel psikodilbilimsel y\u00f6ntemler kullanarak bi\u00e7imbilimsel i\u015flemleme (morphological processing) konusunda y\u00fcr\u00fct\u00fcyorum. Bunun yan\u0131 s\u0131ra, t\u00fcmce i\u015flemleme (sentence processing), \u00e7okdillilik, ikinci dil edinimi ve a\u00e7\u0131k bilim konusunda da \u00e7al\u0131\u015fmalar\u0131m ve projelerim bulunmaktad\u0131r. Sa\u011fl\u0131kl\u0131 bireylerin yan\u0131 s\u0131ra, \u00f6zellikle Obsesif Kompulsif Bozukluk (OKB) ve \u015eizofreni tan\u0131s\u0131 alm\u0131\u015f bireylerde bi\u00e7imbilimsel ve s\u00f6zdizimsel i\u015flemleme konusunda interdisipliner \u00e7al\u0131\u015fmalar y\u00fcr\u00fcten bir ara\u015ft\u0131rma ekibinin par\u00e7as\u0131y\u0131m. Yak\u0131n ge\u00e7mi\u015fte, 23 \u00fclkeden ara\u015ft\u0131rmac\u0131lar\u0131n olu\u015fturdu\u011fu uluslararas\u0131 bir ekiple \u00e7ocuklar\u0131n ve ergenlerin yarg\u0131 s\u00fcre\u00e7lerine etkin bir bi\u00e7imde kat\u0131labilmeleri i\u00e7in sahip olmalar\u0131 gereken dil becerilerini belirlemeye y\u00f6nelik ara\u015ft\u0131rmalar yapmaya ba\u015flad\u0131m.<\/p>\n","protected":false},"excerpt":{"rendered":"<p>Lisans ve y\u00fcksek lisans e\u011fitimlerimi s\u0131ras\u0131yla 1997 ve 2000 y\u0131llar\u0131nda ODT\u00dc\u2019de tamamlad\u0131m. Ard\u0131ndan 2002 y\u0131l\u0131nda \u0130ngiltere Essex \u00dcniversitesinden Uygulamal\u0131 Dilbilim alan\u0131nda ikinci y\u00fcksek lisans derecemi ald\u0131m. 2005 y\u0131l\u0131nda ise Doktora derecemi \u0130ngiliz Dili \u00d6\u011fretimi alan\u0131nda yine ODT\u00dc\u2019den ald\u0131m. Lisans\u00fcst\u00fc e\u011fitimim boyunca (1997-2005) ODT\u00dc\u2019de ara\u015ft\u0131rma g\u00f6revlisi olarak g\u00f6rev yapt\u0131ktan sonra, doktora sonras\u0131 d\u00f6nemde \u00f6nce 2006-2009 y\u0131llar\u0131 [&hellip;]<\/p>\n","protected":false},"author":25,"featured_media":0,"parent":0,"menu_order":1,"comment_status":"closed","ping_status":"closed","template":"","meta":{"footnotes":"","_links_to":"","_links_to_target":""},"class_list":["post-143","page","type-page","status-publish","hentry"],"_links":{"self":[{"href":"https:\/\/blog.metu.edu.tr\/bkirkici\/tr\/wp-json\/wp\/v2\/pages\/143","targetHints":{"allow":["GET"]}}],"collection":[{"href":"https:\/\/blog.metu.edu.tr\/bkirkici\/tr\/wp-json\/wp\/v2\/pages"}],"about":[{"href":"https:\/\/blog.metu.edu.tr\/bkirkici\/tr\/wp-json\/wp\/v2\/types\/page"}],"author":[{"embeddable":true,"href":"https:\/\/blog.metu.edu.tr\/bkirkici\/tr\/wp-json\/wp\/v2\/users\/25"}],"replies":[{"embeddable":true,"href":"https:\/\/blog.metu.edu.tr\/bkirkici\/tr\/wp-json\/wp\/v2\/comments?post=143"}],"version-history":[{"count":0,"href":"https:\/\/blog.metu.edu.tr\/bkirkici\/tr\/wp-json\/wp\/v2\/pages\/143\/revisions"}],"wp:attachment":[{"href":"https:\/\/blog.metu.edu.tr\/bkirkici\/tr\/wp-json\/wp\/v2\/media?parent=143"}],"curies":[{"name":"wp","href":"https:\/\/api.w.org\/{rel}","templated":true}]}}