{"id":140,"date":"2015-03-09T08:51:39","date_gmt":"2015-03-09T08:51:39","guid":{"rendered":"http:\/\/blog.metu.edu.tr\/bkirkici\/?page_id=140"},"modified":"2022-09-21T21:51:59","modified_gmt":"2022-09-21T18:51:59","slug":"iletisim-bilgileri","status":"publish","type":"page","link":"https:\/\/blog.metu.edu.tr\/bkirkici\/tr\/iletisim-bilgileri\/","title":{"rendered":"\u0130leti\u015fim Bilgileri"},"content":{"rendered":"<p><strong>Prof. Dr. Bilal K\u0131rk\u0131c\u0131<\/strong><\/p>\n<p>Orta Do\u011fu Teknik \u00dcniversitesi (ODT\u00dc)<\/p>\n<p>Yabanc\u0131 Diller E\u011fitimi B\u00f6l\u00fcm\u00fc<\/p>\n<p>06800 ODT\u00dc \/ Ankara<\/p>\n<p><strong>Tel.:<\/strong> +90-312-2104081<\/p>\n<p><strong>E-posta:<\/strong> bkirkici[at]metu.edu.tr<\/p>\n","protected":false},"excerpt":{"rendered":"<p>Prof. Dr. Bilal K\u0131rk\u0131c\u0131 Orta Do\u011fu Teknik \u00dcniversitesi (ODT\u00dc) Yabanc\u0131 Diller E\u011fitimi B\u00f6l\u00fcm\u00fc 06800 ODT\u00dc \/ Ankara Tel.: +90-312-2104081 E-posta: bkirkici[at]metu.edu.tr<\/p>\n","protected":false},"author":25,"featured_media":0,"parent":0,"menu_order":0,"comment_status":"closed","ping_status":"open","template":"","meta":{"footnotes":"","_links_to":"","_links_to_target":""},"class_list":["post-140","page","type-page","status-publish","hentry"],"_links":{"self":[{"href":"https:\/\/blog.metu.edu.tr\/bkirkici\/tr\/wp-json\/wp\/v2\/pages\/140","targetHints":{"allow":["GET"]}}],"collection":[{"href":"https:\/\/blog.metu.edu.tr\/bkirkici\/tr\/wp-json\/wp\/v2\/pages"}],"about":[{"href":"https:\/\/blog.metu.edu.tr\/bkirkici\/tr\/wp-json\/wp\/v2\/types\/page"}],"author":[{"embeddable":true,"href":"https:\/\/blog.metu.edu.tr\/bkirkici\/tr\/wp-json\/wp\/v2\/users\/25"}],"replies":[{"embeddable":true,"href":"https:\/\/blog.metu.edu.tr\/bkirkici\/tr\/wp-json\/wp\/v2\/comments?post=140"}],"version-history":[{"count":0,"href":"https:\/\/blog.metu.edu.tr\/bkirkici\/tr\/wp-json\/wp\/v2\/pages\/140\/revisions"}],"wp:attachment":[{"href":"https:\/\/blog.metu.edu.tr\/bkirkici\/tr\/wp-json\/wp\/v2\/media?parent=140"}],"curies":[{"name":"wp","href":"https:\/\/api.w.org\/{rel}","templated":true}]}}