{"id":6,"date":"2025-05-20T12:36:31","date_gmt":"2025-05-20T12:36:31","guid":{"rendered":"http:\/\/blog.metu.edu.tr\/birgonul\/tr\/?page_id=6"},"modified":"2026-03-25T12:01:51","modified_gmt":"2026-03-25T12:01:51","slug":"ana-sayfa","status":"publish","type":"page","link":"https:\/\/blog.metu.edu.tr\/birgonul\/tr\/","title":{"rendered":"Ana Sayfa"},"content":{"rendered":"\n<p><\/p>\n\n\n<table>\n<tbody>\n<tr>\n<td rowspan=\"10\">\n<h3><img loading=\"lazy\" decoding=\"async\" class=\"aligncenter wp-image-217 size-full\" src=\"https:\/\/blog.metu.edu.tr\/birgonul\/files\/2021\/10\/Capture-123.png\" alt=\"\" width=\"523\" height=\"743\" srcset=\"https:\/\/blog.metu.edu.tr\/birgonul\/files\/2021\/10\/Capture-123.png 523w, https:\/\/blog.metu.edu.tr\/birgonul\/files\/2021\/10\/Capture-123-211x300.png 211w\" sizes=\"auto, (max-width: 523px) 100vw, 523px\" \/><\/h3>\n<\/td>\n<td>\n<h3 style=\"text-align: center\"><span class=\"style2\" lang=\"tr\" style=\"color: #cf0101\"><strong>Prof. Dr. M. Talat Birg\u00f6n\u00fcl <\/strong><\/span><\/h3>\n<\/td>\n<\/tr>\n<tr>\n<td style=\"text-align: center\" width=\"450\">\n<h6><span style=\"color: #000000\">ORTA DO\u011eU TEKN\u0130K \u00dcN\u0130VERS\u0130TES\u0130<\/span><\/h6>\n<\/td>\n<\/tr>\n<tr>\n<td style=\"text-align: center\">\n<h6><span style=\"color: #000000\">\u0130N\u015eAAT M\u00dcHEND\u0130SL\u0130\u011e\u0130 B\u00d6L\u00dcM\u00dc<\/span><\/h6>\n<\/td>\n<\/tr>\n<tr>\n<td style=\"text-align: center\">\n<h6><span style=\"color: #000000\">YAPIM M\u00dcHEND\u0130SL\u0130\u011e\u0130 VE Y\u00d6NET\u0130M\u0130 DALI<\/span><\/h6>\n<\/td>\n<\/tr>\n<tr>\n<td style=\"text-align: center\">\n<h6><span style=\"color: #000000\">ANKARA, T\u00dcRK\u0130YE<\/span><\/h6>\n<\/td>\n<\/tr>\n<tr>\n<td style=\"text-align: center\">\n<h6><span style=\"color: #000000\">TEL : +(90-312) 210 24 27<\/span><\/h6>\n<\/td>\n<\/tr>\n<tr>\n<td style=\"text-align: center\">\n<h6><span style=\"color: #000000\">FAKS : +(90-312) 210 54 01<\/span><\/h6>\n<\/td>\n<\/tr>\n<tr>\n<td style=\"text-align: center\">\n<h6><span style=\"color: #000000\">ORCID : 0000-0002-1638-2926<\/span><\/h6>\n<\/td>\n<\/tr>\n<tr>\n<td style=\"text-align: center\">\n<h6><span style=\"color: #000000\">WoS Researcher ID : ABA-1501-2020<\/span><\/h6>\n<\/td>\n<\/tr>\n<tr>\n<td style=\"text-align: center\">\n<h6><span style=\"color: #000000\">&nbsp;E-posta : <span style=\"color: #3366ff\"><a style=\"color: #3366ff\" href=\"mailto:birgonul@metu.edu.tr\"><em>birgonul@metu.edu.tr<\/em><\/a><\/span><\/span><\/h6>\n<\/td>\n<\/tr>\n<\/tbody>\n<\/table>\n\n\n<p><\/p>\n\n\n\n<p class=\"has-text-align-right has-small-font-size\">25.03.2025 tarihinde g\u00fcncellendi<\/p>\n\n\n\n<p><\/p>\n","protected":false},"excerpt":{"rendered":"<p>Prof. Dr. M. Talat Birg\u00f6n\u00fcl ORTA DO\u011eU TEKN\u0130K \u00dcN\u0130VERS\u0130TES\u0130 \u0130N\u015eAAT M\u00dcHEND\u0130SL\u0130\u011e\u0130 B\u00d6L\u00dcM\u00dc YAPIM M\u00dcHEND\u0130SL\u0130\u011e\u0130 VE Y\u00d6NET\u0130M\u0130 DALI ANKARA, T\u00dcRK\u0130YE TEL : +(90-312) 210 24 27 FAKS : +(90-312) 210 54 01 ORCID : 0000-0002-1638-2926 WoS Researcher ID : ABA-1501-2020 &nbsp;E-posta : birgonul@metu.edu.tr 25.03.2025 tarihinde g\u00fcncellendi<\/p>\n","protected":false},"author":4304,"featured_media":0,"parent":0,"menu_order":1,"comment_status":"closed","ping_status":"closed","template":"","meta":{"footnotes":"","_links_to":"","_links_to_target":""},"class_list":["post-6","page","type-page","status-publish","hentry"],"_links":{"self":[{"href":"https:\/\/blog.metu.edu.tr\/birgonul\/tr\/wp-json\/wp\/v2\/pages\/6","targetHints":{"allow":["GET"]}}],"collection":[{"href":"https:\/\/blog.metu.edu.tr\/birgonul\/tr\/wp-json\/wp\/v2\/pages"}],"about":[{"href":"https:\/\/blog.metu.edu.tr\/birgonul\/tr\/wp-json\/wp\/v2\/types\/page"}],"author":[{"embeddable":true,"href":"https:\/\/blog.metu.edu.tr\/birgonul\/tr\/wp-json\/wp\/v2\/users\/4304"}],"replies":[{"embeddable":true,"href":"https:\/\/blog.metu.edu.tr\/birgonul\/tr\/wp-json\/wp\/v2\/comments?post=6"}],"version-history":[{"count":0,"href":"https:\/\/blog.metu.edu.tr\/birgonul\/tr\/wp-json\/wp\/v2\/pages\/6\/revisions"}],"wp:attachment":[{"href":"https:\/\/blog.metu.edu.tr\/birgonul\/tr\/wp-json\/wp\/v2\/media?parent=6"}],"curies":[{"name":"wp","href":"https:\/\/api.w.org\/{rel}","templated":true}]}}