{"id":50,"date":"2016-08-26T20:00:28","date_gmt":"2016-08-26T20:00:28","guid":{"rendered":"http:\/\/blog.metu.edu.tr\/birgonul\/tr\/?page_id=50"},"modified":"2026-03-26T13:19:11","modified_gmt":"2026-03-26T13:19:11","slug":"oduller","status":"publish","type":"page","link":"https:\/\/blog.metu.edu.tr\/birgonul\/tr\/oduller\/","title":{"rendered":"\u00d6d\u00fcller"},"content":{"rendered":"<h4 style=\"text-align: center\">\u00a0\u00d6d\u00fcller ve Burslar<\/h4>\n<p style=\"text-align: justify\"><span style=\"color: #cf014f\">\u2022<\/span> \u0130ngiliz K\u00fclt\u00fcr M\u00fcste\u015farl\u0131\u011f\u0131 \u201c<strong><em>Teknik \u0130\u015fbirli\u011fi Bursu<\/em><\/strong>\u201d (1988).<\/p>\n<p style=\"text-align: justify\"><span style=\"color: #cf014f\">\u2022<\/span> G\u00f6k \u0130n\u015faat ve Ticaret A.\u015e. taraf\u0131ndan d\u00fczenlenen \u201c<strong><em>\u00dclkemiz Ko\u015fullar\u0131na Uygun Konut \u00dcretim Modeli<\/em><\/strong>\u201d yar\u0131\u015fmas\u0131nda <strong><em>ikincilik \u00f6d\u00fcl\u00fc<\/em><\/strong> (1992), (Prof. Dr. Murat Balamir ile birlikte).<\/p>\n<p style=\"text-align: justify\"><span style=\"color: #cf014f\">\u2022<\/span> Ankara B\u00fcy\u00fck\u015fehir Belediyesi taraf\u0131ndan d\u00fczenlenen; \u201c<strong><em>Ankara Merkezi \u0130\u015f Alan\u0131 (M\u0130A) Kuzey-bat\u0131 Kesimi Planlama ve Geli\u015ftirme<\/em><\/strong>\u201d yar\u0131\u015fmas\u0131nda <strong><em> Mansiyon <\/em><\/strong>(1993), (Prof. Dr. Murat Balamir ve Dr. Hakan G\u00fcrsu ile birlikte).<\/p>\n<p style=\"text-align: justify\"><span style=\"color: #cf014f\">\u2022<\/span> \u0130ngiliz K\u00fclt\u00fcr Heyeti \u201c<strong><em>Doktora Sonras\u0131 Ara\u015ft\u0131rma Bursu<\/em><\/strong>\u201d (1993).<\/p>\n<p style=\"text-align: justify\"><span style=\"color: #cf014f\">\u2022<\/span> Orta Do\u011fu Teknik \u00dcniversitesi, Prof. Dr. Mustafa N. Parlar E\u011fitim ve Ara\u015ft\u0131rma Vakf\u0131, \u201c<strong><em>1995-1996 Akademik Y\u0131l\u0131 E\u011fitim \u00d6d\u00fcl\u00fc<\/em><\/strong>\u201d (1996).<\/p>\n<p style=\"text-align: justify\"><span style=\"color: #cf014f\">\u2022<\/span> Orta Do\u011fu Teknik \u00dcniversitesi, Prof. Dr. Mustafa N. Parlar E\u011fitim ve Ara\u015ft\u0131rma Vakf\u0131, \u201c<strong><em>1996-1997 Akademik Y\u0131l\u0131 E\u011fitim \u00d6d\u00fcl\u00fc<\/em><\/strong>\u201d (1997).<\/p>\n<p style=\"text-align: justify\"><span style=\"color: #cf014f\">\u2022<\/span> Orta Do\u011fu Teknik \u00dcniversitesi, Prof. Dr. Mustafa N. Parlar E\u011fitim ve Ara\u015ft\u0131rma Vakf\u0131, \u201c<strong><em>1997-1998 Akademik Y\u0131l\u0131 E\u011fitimde \u00dcst\u00fcn Ba\u015far\u0131 \u00d6d\u00fcl\u00fc<\/em><\/strong>\u201d (1998).<\/p>\n<p style=\"text-align: justify\"><span style=\"color: #cf014f\">\u2022<\/span> Orta Do\u011fu Teknik \u00dcniversitesi, \u201c<strong><em>1999 Akademik Y\u0131l\u0131 \u00dcst\u00fcn Akademik Ba\u015far\u0131 \u00d6d\u00fcl\u00fc<\/em><\/strong>\u201d (Haziran 2000).<\/p>\n<p style=\"text-align: justify\"><span style=\"color: #cf014f\">\u2022<\/span> \u0130ngiliz K\u00fclt\u00fcr Heyeti \u201c<strong><em>Academic Link Bursu<\/em><\/strong>\u201d (1998-2001).<\/p>\n<p style=\"text-align: justify\"><span style=\"color: #cf014f\">\u2022<\/span> ARCOM Konferans\u0131nda sunulan \u201cStrategic Group Analysis by Using Self Organizing Maps\u201d ba\u015fl\u0131kl\u0131 bildiri ile <strong><em>\u201cRod Howes En \u0130yi Bildiri \u00d6d\u00fcl\u00fc\u201d<\/em><\/strong> (2007), (Cenk Budayan ve \u0130rem Dikmen ile birlikte).<\/p>\n<p style=\"text-align: justify\"><span style=\"color: #cf014f\">\u2022<\/span> T\u00dcB\u0130TAK taraf\u0131ndan desteklenen \u201c<strong><em>Uluslararas\u0131 \u0130n\u015faat Projeleri i\u00e7in \u00c7ok Arac\u0131l\u0131 Bir Risk Modelleme Platformunun Geli\u015ftirilmesi<\/em><\/strong>\u201d konulu ara\u015ft\u0131rma projesinde ara\u015ft\u0131rmac\u0131 (Ekim 2007-Haziran 2010).<\/p>\n<p style=\"text-align: justify\"><span style=\"color: #cf014f\">\u2022<\/span> Beliz \u00d6zorhon\u2019un Doktora Tezi Yard\u0131mc\u0131 Dan\u0131\u015fman\u0131, \u201c<strong><em>2006-2007 Akademik Y\u0131l\u0131 ODT\u00dc En \u0130yi Tez \u00d6d\u00fcl\u00fc<\/em><\/strong>\u201d (May\u0131s 2008).<\/p>\n<p style=\"text-align: justify\"><span style=\"color: #cf014f\">\u2022<\/span> T\u00dcB\u0130TAK taraf\u0131ndan desteklenen \u201c<strong><em>Binalarda \u00c7e\u015fitli Tehlikelerin Yaratt\u0131\u011f\u0131 Acil Durumlar i\u00e7in E\u015f Zamanl\u0131 Hasar Tesbit, Yerel Tahliye, Y\u00f6nlendirme ve Y\u00f6netim Modeli<\/em><\/strong>\u201d konulu ara\u015ft\u0131rma projesinde y\u00fcr\u00fct\u00fcc\u00fc (Mart 2010- Eyl\u00fcl 2012).<\/p>\n<p style=\"text-align: justify\"><span style=\"color: #cf014f\">\u2022<\/span> Sanayi ve Ticaret Bakanl\u0131\u011f\u0131 SAN-TEZ program\u0131 kapsam\u0131nda desteklenen \u201c<strong><em>\u0130n\u015faat Projeleri i\u00e7in Bilgi-Tabanl\u0131 Risk Haritalama Arac\u0131n\u0131n Geli\u015ftirilmesi<\/em><\/strong>\u201d konulu ara\u015ft\u0131rma projesine ara\u015ft\u0131rmac\u0131 (Aral\u0131k 2010- Aral\u0131k 2012).<\/p>\n<p style=\"text-align: justify\"><span style=\"color: #cf014f\">\u2022<\/span> T\u00dcB\u0130TAK taraf\u0131ndan desteklenen \u201c<strong><em>\u0130n\u015faat \u015firketleri i\u00e7in bilgisayar destekli bir portf\u00f6y de\u011ferlendirme ve y\u00f6netim arac\u0131n\u0131n geli\u015ftirilmesi<\/em><\/strong>\u201d konulu ara\u015ft\u0131rma projesinde ara\u015ft\u0131rmac\u0131 (Mart 2014- Eyl\u00fcl 2016).<\/p>\n<p style=\"text-align: justify\"><span style=\"color: #cf014f\">\u2022<\/span> Sahra Mohammadi\u2019nin Y\u00fcksek Lisans Tez Dan\u0131\u015fman\u0131, \u201c<strong><em>European Society of Construction Law taraf\u0131ndan d\u00fczenlenen Y\u0131l\u0131n Tezi yar\u0131\u015fmas\u0131nda ikincilik \u00f6d\u00fcl\u00fc<\/em><\/strong>\u201d (Ekim 2016).<\/p>\n<p style=\"text-align: justify\"><span style=\"color: #cf014f\">\u2022<\/span> T\u00dcB\u0130TAK taraf\u0131ndan desteklenen \u201c<strong><em>Mega in\u015faat projelerindeki karma\u015f\u0131kl\u0131k unsurlar\u0131n\u0131n g\u00f6rselle\u015ftirilmesi i\u00e7in bilgisayar destekli bir arac\u0131n geli\u015ftirilmesi<\/em><\/strong>\u201d konulu ara\u015ft\u0131rma projesinde ara\u015ft\u0131rmac\u0131 (May\u0131s 2018-Eyl\u00fcl 2021).<\/p>\n<p style=\"text-align: justify\"><span style=\"color: #cf014f\">\u2022<\/span> Qazi, I. Dikmen ve M.T. Birgonul taraf\u0131ndan haz\u0131rlan\u0131p 2020 y\u0131l\u0131nda Engineering Management dergisinde yay\u0131nlanan \u201cMapping Uncertainty for Risk and Opportunity Assessment in Projects\u201d isimli makaleye verilen <strong><em>2021 American Society for Engineering Management (ASEM)<\/em><\/strong> <strong><em>Eschenbach \u00f6d\u00fcl\u00fc <\/em><\/strong>(2021).<\/p>\n<p style=\"text-align: justify\"><span style=\"color: #cf014f\">\u2022<\/span> I. Dikmen, A. Qazi, H. Erol and M.T. Birgonul taraf\u0131ndan haz\u0131rlan\u0131p 2021 y\u0131l\u0131nda Engineering Management dergisinde yay\u0131nlanan \u201cMeta-Modeling of Complexity-Uncertainty-Performance Triad in Construction Projects\u201d isimli makaleye verilen <strong><em>2022 American Society for Engineering Management (ASEM)<\/em><\/strong> <strong><em>Eschenbach \u00f6d\u00fcl\u00fc <\/em><\/strong>(2022).<\/p>\n","protected":false},"excerpt":{"rendered":"<p>\u00a0\u00d6d\u00fcller ve Burslar \u2022 \u0130ngiliz K\u00fclt\u00fcr M\u00fcste\u015farl\u0131\u011f\u0131 \u201cTeknik \u0130\u015fbirli\u011fi Bursu\u201d (1988). \u2022 G\u00f6k \u0130n\u015faat ve Ticaret A.\u015e. taraf\u0131ndan d\u00fczenlenen \u201c\u00dclkemiz Ko\u015fullar\u0131na Uygun Konut \u00dcretim Modeli\u201d yar\u0131\u015fmas\u0131nda ikincilik \u00f6d\u00fcl\u00fc (1992), (Prof. Dr. Murat Balamir ile birlikte). \u2022 Ankara B\u00fcy\u00fck\u015fehir Belediyesi taraf\u0131ndan d\u00fczenlenen; \u201cAnkara Merkezi \u0130\u015f Alan\u0131 (M\u0130A) Kuzey-bat\u0131 Kesimi Planlama ve Geli\u015ftirme\u201d yar\u0131\u015fmas\u0131nda Mansiyon (1993), (Prof. [&hellip;]<\/p>\n","protected":false},"author":4304,"featured_media":0,"parent":0,"menu_order":7,"comment_status":"closed","ping_status":"closed","template":"","meta":{"footnotes":"","_links_to":"","_links_to_target":""},"class_list":["post-50","page","type-page","status-publish","hentry"],"_links":{"self":[{"href":"https:\/\/blog.metu.edu.tr\/birgonul\/tr\/wp-json\/wp\/v2\/pages\/50","targetHints":{"allow":["GET"]}}],"collection":[{"href":"https:\/\/blog.metu.edu.tr\/birgonul\/tr\/wp-json\/wp\/v2\/pages"}],"about":[{"href":"https:\/\/blog.metu.edu.tr\/birgonul\/tr\/wp-json\/wp\/v2\/types\/page"}],"author":[{"embeddable":true,"href":"https:\/\/blog.metu.edu.tr\/birgonul\/tr\/wp-json\/wp\/v2\/users\/4304"}],"replies":[{"embeddable":true,"href":"https:\/\/blog.metu.edu.tr\/birgonul\/tr\/wp-json\/wp\/v2\/comments?post=50"}],"version-history":[{"count":0,"href":"https:\/\/blog.metu.edu.tr\/birgonul\/tr\/wp-json\/wp\/v2\/pages\/50\/revisions"}],"wp:attachment":[{"href":"https:\/\/blog.metu.edu.tr\/birgonul\/tr\/wp-json\/wp\/v2\/media?parent=50"}],"curies":[{"name":"wp","href":"https:\/\/api.w.org\/{rel}","templated":true}]}}