{"id":41,"date":"2016-08-26T19:50:41","date_gmt":"2016-08-26T19:50:41","guid":{"rendered":"http:\/\/blog.metu.edu.tr\/birgonul\/?page_id=41"},"modified":"2019-08-21T13:10:17","modified_gmt":"2019-08-21T13:10:17","slug":"egitim","status":"publish","type":"page","link":"https:\/\/blog.metu.edu.tr\/birgonul\/tr\/egitim\/","title":{"rendered":"E\u011fitim"},"content":{"rendered":"<p style=\"text-align: justify\"><span style=\"color: #cf014f\">\u2022<\/span> T.E.D. Ankara Koleji, 1968-1974<\/p>\n<p style=\"text-align: justify\"><span style=\"color: #cf014f\">\u2022<\/span> Orta Do\u011fu Teknik \u00dcniversitesi, \u0130n\u015faat M\u00fchendisli\u011fi B\u00f6l\u00fcm\u00fc,\u00a0<strong><em>Lisans<\/em><\/strong>; 1974-1979<\/p>\n<p style=\"text-align: justify\"><span style=\"color: #cf014f\">\u2022<\/span> Orta Do\u011fu Teknik \u00dcniversitesi, \u0130n\u015faat M\u00fchendisli\u011fi B\u00f6l\u00fcm\u00fc,\u00a0<strong><em>Y\u00fcksek Lisans<\/em><\/strong>; 1979-1981<\/p>\n<p style=\"text-align: justify\"><span style=\"color: #cf014f\">\u2022\u00a0<\/span>Orta Do\u011fu Teknik \u00dcniversitesi, \u0130n\u015faat M\u00fchendisli\u011fi B\u00f6l\u00fcm\u00fc,\u00a0<strong><em>Doktora<\/em><\/strong>; 1983-1990<\/p>\n<p style=\"text-align: justify\"><span style=\"color: #cf014f\">\u2022<\/span> Bradford \u00dcniversitesi, Proje Planlama Merkezince y\u00fcr\u00fct\u00fclen \u201cTransport Project Planning, Implementation and Management\u201d kursundan sertifika, \u0130lkbahar 1988<\/p>\n<p style=\"text-align: justify\"><span style=\"color: #cf014f\">\u2022<\/span> Reading \u00dcniversitesi, Yap\u0131m Y\u00f6netimi ve M\u00fchendisli\u011fi B\u00f6l\u00fcm\u00fcnde 1993-1994 Akademik y\u0131l\u0131nda doktora sonras\u0131 ara\u015ft\u0131rma, 1993-1994<\/p>\n","protected":false},"excerpt":{"rendered":"<p>\u2022 T.E.D. Ankara Koleji, 1968-1974 \u2022 Orta Do\u011fu Teknik \u00dcniversitesi, \u0130n\u015faat M\u00fchendisli\u011fi B\u00f6l\u00fcm\u00fc,\u00a0Lisans; 1974-1979 \u2022 Orta Do\u011fu Teknik \u00dcniversitesi, \u0130n\u015faat M\u00fchendisli\u011fi B\u00f6l\u00fcm\u00fc,\u00a0Y\u00fcksek Lisans; 1979-1981 \u2022\u00a0Orta Do\u011fu Teknik \u00dcniversitesi, \u0130n\u015faat M\u00fchendisli\u011fi B\u00f6l\u00fcm\u00fc,\u00a0Doktora; 1983-1990 \u2022 Bradford \u00dcniversitesi, Proje Planlama Merkezince y\u00fcr\u00fct\u00fclen \u201cTransport Project Planning, Implementation and Management\u201d kursundan sertifika, \u0130lkbahar 1988 \u2022 Reading \u00dcniversitesi, Yap\u0131m Y\u00f6netimi ve [&hellip;]<\/p>\n","protected":false},"author":4304,"featured_media":0,"parent":0,"menu_order":2,"comment_status":"closed","ping_status":"closed","template":"","meta":{"footnotes":"","_links_to":"","_links_to_target":""},"class_list":["post-41","page","type-page","status-publish","hentry"],"_links":{"self":[{"href":"https:\/\/blog.metu.edu.tr\/birgonul\/tr\/wp-json\/wp\/v2\/pages\/41","targetHints":{"allow":["GET"]}}],"collection":[{"href":"https:\/\/blog.metu.edu.tr\/birgonul\/tr\/wp-json\/wp\/v2\/pages"}],"about":[{"href":"https:\/\/blog.metu.edu.tr\/birgonul\/tr\/wp-json\/wp\/v2\/types\/page"}],"author":[{"embeddable":true,"href":"https:\/\/blog.metu.edu.tr\/birgonul\/tr\/wp-json\/wp\/v2\/users\/4304"}],"replies":[{"embeddable":true,"href":"https:\/\/blog.metu.edu.tr\/birgonul\/tr\/wp-json\/wp\/v2\/comments?post=41"}],"version-history":[{"count":0,"href":"https:\/\/blog.metu.edu.tr\/birgonul\/tr\/wp-json\/wp\/v2\/pages\/41\/revisions"}],"wp:attachment":[{"href":"https:\/\/blog.metu.edu.tr\/birgonul\/tr\/wp-json\/wp\/v2\/media?parent=41"}],"curies":[{"name":"wp","href":"https:\/\/api.w.org\/{rel}","templated":true}]}}