{"id":84,"date":"2022-10-18T06:11:11","date_gmt":"2022-10-18T06:11:11","guid":{"rendered":"https:\/\/blog.metu.edu.tr\/bipek\/?page_id=84"},"modified":"2025-09-26T12:50:35","modified_gmt":"2025-09-26T12:50:35","slug":"research","status":"publish","type":"page","link":"https:\/\/blog.metu.edu.tr\/bipek\/research\/","title":{"rendered":"RESEARCH"},"content":{"rendered":"\n<p><strong>Ongoing Research Projects<\/strong><\/p>\n\n\n\n<ul class=\"wp-block-list\">\n<li>T\u00dcB\u0130TAK 1001 Project Title: &#8220;Development of hydrogen physical adsorption storage materials including Zeolite\/MOF composites&#8221;<\/li>\n\n\n\n<li>Scholars: \u0130rem \u00d6zer<\/li>\n\n\n\n<li>BAP ADEP Project Title (PI: Assoc. Prof. Dr. Cerag Dilek): &#8220;Direct CO2 Conversion to Aromatics over Novel Tandem Catalysts at High Pressure&#8221;<\/li>\n\n\n\n<li>Scholars: A. F\u0131rat Budak, Zehra Tatar<\/li>\n<\/ul>\n\n\n\n<p><strong>Completed Research Projects<\/strong><\/p>\n\n\n\n<ul class=\"wp-block-list\">\n<li>T\u00dcB\u0130TAK 1001 Project Title: &#8220;Carbon dioxide Hydrogenation to Methane using Ni containing Zeolite Catalysts&#8221;<\/li>\n\n\n\n<li>Scholars: Asena K\u0131z\u0131l, Cezar Aagha<\/li>\n\n\n\n<li>ODT\u00dc-BAP Project Title: &#8220;Effect of Extra-framework Cation and Zeolite Crystal Size on Ni Particle Size and CO<sub>2<\/sub> Methanation Activity&#8221; 2022-2024<\/li>\n\n\n\n<li>Scholar: Asena K\u0131z\u0131l<\/li>\n\n\n\n<li>T\u00dcB\u0130TAK 1001 Project Title: &#8220;CO<sub>2<\/sub> Hydrogenation at Atmospheric Pressure Using Supported Catalysts Containing Holmium&#8221; 2019-2022\n<ul class=\"wp-block-list\">\n<li>Scholars: Cezar Aagha, Dr. Yasemin Kaya<\/li>\n<\/ul>\n<\/li>\n\n\n\n<li>T\u00dcB\u0130TAK 3501 Project Title: &#8220;Direct Methane Conversion to Methanol Using Novel Zeolites&#8221; 2018-2020\n<ul class=\"wp-block-list\">\n<li>Scholars: \u00d6zg\u00fcn Memio\u011flu, \u0130klim G\u00f6k\u00e7e<\/li>\n<\/ul>\n<\/li>\n\n\n\n<li>T\u00dcB\u0130TAK B\u0130DEB 2232 Project Title: &#8220;H<sub>2<\/sub> Storage using Cu(I)-Zeolites&#8221; 2017-2019<\/li>\n\n\n\n<li>ODT\u00dc BAP Project Title: &#8220;Partial Methane Oxidation Using Cu-Ferrierite&#8221; 2021-2022\n<ul class=\"wp-block-list\">\n<li>Scholar: Azad Y\u0131lmaz<\/li>\n<\/ul>\n<\/li>\n\n\n\n<li>ODT\u00dc-BAP Project Title: &#8220;H<sub>2<\/sub> Storage using Co- and Ni-Zeolites&#8221; 2020-2021\n<ul class=\"wp-block-list\">\n<li>Scholar: Nurkan Sarohan<\/li>\n<\/ul>\n<\/li>\n\n\n\n<li>ODT\u00dc-BAP Project Title: &#8220;Synthesis of Mesoporous [Al]- and [B]-Zeolites&#8221; 2018-2019\n<ul class=\"wp-block-list\">\n<li>Scholar: B\u00fc\u015fra Karakaya<\/li>\n<\/ul>\n<\/li>\n<\/ul>\n","protected":false},"excerpt":{"rendered":"<p>Ongoing Research Projects Completed Research Projects<\/p>\n","protected":false},"author":8489,"featured_media":0,"parent":0,"menu_order":0,"comment_status":"closed","ping_status":"closed","template":"","meta":{"footnotes":"","_links_to":"","_links_to_target":""},"class_list":["post-84","page","type-page","status-publish","hentry"],"_links":{"self":[{"href":"https:\/\/blog.metu.edu.tr\/bipek\/wp-json\/wp\/v2\/pages\/84","targetHints":{"allow":["GET"]}}],"collection":[{"href":"https:\/\/blog.metu.edu.tr\/bipek\/wp-json\/wp\/v2\/pages"}],"about":[{"href":"https:\/\/blog.metu.edu.tr\/bipek\/wp-json\/wp\/v2\/types\/page"}],"author":[{"embeddable":true,"href":"https:\/\/blog.metu.edu.tr\/bipek\/wp-json\/wp\/v2\/users\/8489"}],"replies":[{"embeddable":true,"href":"https:\/\/blog.metu.edu.tr\/bipek\/wp-json\/wp\/v2\/comments?post=84"}],"version-history":[{"count":0,"href":"https:\/\/blog.metu.edu.tr\/bipek\/wp-json\/wp\/v2\/pages\/84\/revisions"}],"wp:attachment":[{"href":"https:\/\/blog.metu.edu.tr\/bipek\/wp-json\/wp\/v2\/media?parent=84"}],"curies":[{"name":"wp","href":"https:\/\/api.w.org\/{rel}","templated":true}]}}