{"id":61,"date":"2022-10-17T17:42:21","date_gmt":"2022-10-17T17:42:21","guid":{"rendered":"https:\/\/blog.metu.edu.tr\/bipek\/?page_id=61"},"modified":"2024-09-05T13:46:21","modified_gmt":"2024-09-05T13:46:21","slug":"news","status":"publish","type":"page","link":"https:\/\/blog.metu.edu.tr\/bipek\/news\/","title":{"rendered":"NEWS"},"content":{"rendered":"\n<p><strong>May 2024<\/strong><\/p>\n\n\n\n<ul class=\"wp-block-list\">\n<li>M.Sc. Student Asena K\u0131z\u0131l received the Hasan Orbey Research Award from Chemical Engineering Department, METU. Congrats Asena!<\/li>\n<\/ul>\n\n\n<div class=\"wp-block-image\">\n<figure class=\"aligncenter size-large is-resized\"><img loading=\"lazy\" decoding=\"async\" width=\"767\" height=\"1024\" src=\"https:\/\/blog.metu.edu.tr\/bipek\/files\/2024\/09\/24odultoreni_03-767x1024.jpg\" alt=\"\" class=\"wp-image-118\" style=\"width:400px;height:auto\" srcset=\"https:\/\/blog.metu.edu.tr\/bipek\/files\/2024\/09\/24odultoreni_03-767x1024.jpg 767w, https:\/\/blog.metu.edu.tr\/bipek\/files\/2024\/09\/24odultoreni_03-225x300.jpg 225w, https:\/\/blog.metu.edu.tr\/bipek\/files\/2024\/09\/24odultoreni_03-768x1025.jpg 768w, https:\/\/blog.metu.edu.tr\/bipek\/files\/2024\/09\/24odultoreni_03-1151x1536.jpg 1151w, https:\/\/blog.metu.edu.tr\/bipek\/files\/2024\/09\/24odultoreni_03-624x833.jpg 624w, https:\/\/blog.metu.edu.tr\/bipek\/files\/2024\/09\/24odultoreni_03.jpg 1199w\" sizes=\"auto, (max-width: 767px) 100vw, 767px\" \/><\/figure>\n<\/div>\n\n\n<p><strong>April 2024<\/strong><\/p>\n\n\n\n<ul class=\"wp-block-list\">\n<li>Assoc. Prof. Bahar \u0130pek Torun received BAGEP 2024 award (Science Academy\u2019s Young Scientist Award)<\/li>\n<\/ul>\n\n\n<div class=\"wp-block-image\">\n<figure class=\"aligncenter size-full is-resized\"><img loading=\"lazy\" decoding=\"async\" width=\"767\" height=\"563\" src=\"https:\/\/blog.metu.edu.tr\/bipek\/files\/2024\/09\/0bb933c5-d00d-4af1-837a-eb697e991b83.jpg\" alt=\"\" class=\"wp-image-116\" style=\"width:416px;height:auto\" srcset=\"https:\/\/blog.metu.edu.tr\/bipek\/files\/2024\/09\/0bb933c5-d00d-4af1-837a-eb697e991b83.jpg 767w, https:\/\/blog.metu.edu.tr\/bipek\/files\/2024\/09\/0bb933c5-d00d-4af1-837a-eb697e991b83-300x220.jpg 300w, https:\/\/blog.metu.edu.tr\/bipek\/files\/2024\/09\/0bb933c5-d00d-4af1-837a-eb697e991b83-624x458.jpg 624w\" sizes=\"auto, (max-width: 767px) 100vw, 767px\" \/><\/figure>\n<\/div>\n\n\n<p><strong>September 2023<\/strong><\/p>\n\n\n\n<ul class=\"wp-block-list\">\n<li>M.Sc. students Asena K\u0131z\u0131l and Azad Y\u0131lmaz successfully presented their work at Europacat 2023<\/li>\n<\/ul>\n\n\n\n<div class=\"wp-block-columns is-layout-flex wp-container-core-columns-is-layout-9d6595d7 wp-block-columns-is-layout-flex\">\n<div class=\"wp-block-column is-layout-flow wp-block-column-is-layout-flow\" style=\"flex-basis:100%\">\n<div class=\"wp-block-group is-nowrap is-layout-flex wp-container-core-group-is-layout-ad2f72ca wp-block-group-is-layout-flex\">\n<figure class=\"wp-block-image size-medium\"><img loading=\"lazy\" decoding=\"async\" width=\"225\" height=\"300\" src=\"https:\/\/blog.metu.edu.tr\/bipek\/files\/2023\/11\/242b626b-7a8b-4f09-b9e3-f62e9c73f8b5-225x300.jpg\" alt=\"\" class=\"wp-image-103\" srcset=\"https:\/\/blog.metu.edu.tr\/bipek\/files\/2023\/11\/242b626b-7a8b-4f09-b9e3-f62e9c73f8b5-225x300.jpg 225w, https:\/\/blog.metu.edu.tr\/bipek\/files\/2023\/11\/242b626b-7a8b-4f09-b9e3-f62e9c73f8b5-624x832.jpg 624w, https:\/\/blog.metu.edu.tr\/bipek\/files\/2023\/11\/242b626b-7a8b-4f09-b9e3-f62e9c73f8b5.jpg 768w\" sizes=\"auto, (max-width: 225px) 100vw, 225px\" \/><\/figure>\n\n\n\n<figure class=\"wp-block-image size-medium\"><img loading=\"lazy\" decoding=\"async\" width=\"225\" height=\"300\" src=\"https:\/\/blog.metu.edu.tr\/bipek\/files\/2023\/11\/5a874ead-8e81-4378-bbbd-291e2d938d83-1-225x300.jpg\" alt=\"\" class=\"wp-image-106\" srcset=\"https:\/\/blog.metu.edu.tr\/bipek\/files\/2023\/11\/5a874ead-8e81-4378-bbbd-291e2d938d83-1-225x300.jpg 225w, https:\/\/blog.metu.edu.tr\/bipek\/files\/2023\/11\/5a874ead-8e81-4378-bbbd-291e2d938d83-1-624x832.jpg 624w, https:\/\/blog.metu.edu.tr\/bipek\/files\/2023\/11\/5a874ead-8e81-4378-bbbd-291e2d938d83-1.jpg 768w\" sizes=\"auto, (max-width: 225px) 100vw, 225px\" \/><\/figure>\n\n\n\n<figure class=\"wp-block-image size-medium\"><img loading=\"lazy\" decoding=\"async\" width=\"225\" height=\"300\" src=\"https:\/\/blog.metu.edu.tr\/bipek\/files\/2023\/11\/ee6942cf-cd52-4a44-ad05-4ad3fa005704-225x300.jpg\" alt=\"\" class=\"wp-image-107\" srcset=\"https:\/\/blog.metu.edu.tr\/bipek\/files\/2023\/11\/ee6942cf-cd52-4a44-ad05-4ad3fa005704-225x300.jpg 225w, https:\/\/blog.metu.edu.tr\/bipek\/files\/2023\/11\/ee6942cf-cd52-4a44-ad05-4ad3fa005704-624x832.jpg 624w, https:\/\/blog.metu.edu.tr\/bipek\/files\/2023\/11\/ee6942cf-cd52-4a44-ad05-4ad3fa005704.jpg 768w\" sizes=\"auto, (max-width: 225px) 100vw, 225px\" \/><\/figure>\n\n\n\n<figure class=\"wp-block-image size-medium\"><img loading=\"lazy\" decoding=\"async\" width=\"225\" height=\"300\" src=\"https:\/\/blog.metu.edu.tr\/bipek\/files\/2023\/11\/25dd7b4c-f29d-427b-8194-a4ddbe77a510-225x300.jpg\" alt=\"\" class=\"wp-image-108\" srcset=\"https:\/\/blog.metu.edu.tr\/bipek\/files\/2023\/11\/25dd7b4c-f29d-427b-8194-a4ddbe77a510-225x300.jpg 225w, https:\/\/blog.metu.edu.tr\/bipek\/files\/2023\/11\/25dd7b4c-f29d-427b-8194-a4ddbe77a510-624x832.jpg 624w, https:\/\/blog.metu.edu.tr\/bipek\/files\/2023\/11\/25dd7b4c-f29d-427b-8194-a4ddbe77a510.jpg 768w\" sizes=\"auto, (max-width: 225px) 100vw, 225px\" \/><\/figure>\n<\/div>\n<\/div>\n<\/div>\n\n\n\n<div class=\"wp-block-group\"><div class=\"wp-block-group__inner-container is-layout-constrained wp-block-group-is-layout-constrained\"><\/div><\/div>\n\n\n\n<p><strong>September 2022<\/strong><\/p>\n\n\n\n<ul class=\"wp-block-list\">\n<li>M.Sc. Student Asena K\u0131z\u0131l received the second best poster award in the 6th Anatolian School of Catalysis, \u0130zmir. Congrats Asena!<\/li>\n<\/ul>\n\n\n\n<figure class=\"wp-block-image size-large\"><img loading=\"lazy\" decoding=\"async\" width=\"1024\" height=\"476\" src=\"https:\/\/blog.metu.edu.tr\/bipek\/files\/2022\/10\/Screen-Shot-2022-10-17-at-9.14.51-PM-1024x476.png\" alt=\"\" class=\"wp-image-79\" srcset=\"https:\/\/blog.metu.edu.tr\/bipek\/files\/2022\/10\/Screen-Shot-2022-10-17-at-9.14.51-PM-1024x476.png 1024w, https:\/\/blog.metu.edu.tr\/bipek\/files\/2022\/10\/Screen-Shot-2022-10-17-at-9.14.51-PM-300x140.png 300w, https:\/\/blog.metu.edu.tr\/bipek\/files\/2022\/10\/Screen-Shot-2022-10-17-at-9.14.51-PM-768x357.png 768w, https:\/\/blog.metu.edu.tr\/bipek\/files\/2022\/10\/Screen-Shot-2022-10-17-at-9.14.51-PM-1536x714.png 1536w, https:\/\/blog.metu.edu.tr\/bipek\/files\/2022\/10\/Screen-Shot-2022-10-17-at-9.14.51-PM-2048x953.png 2048w, https:\/\/blog.metu.edu.tr\/bipek\/files\/2022\/10\/Screen-Shot-2022-10-17-at-9.14.51-PM-624x290.png 624w\" sizes=\"auto, (max-width: 1024px) 100vw, 1024px\" \/><\/figure>\n\n\n\n<p><strong>May 2022<\/strong><\/p>\n\n\n\n<ul class=\"wp-block-list\">\n<li>M.Sc. Student Nurkan Sarohan received the Hasan Orbey Research Award from Chemical Engineering Department, METU. Congrats Nurkan!<\/li>\n<\/ul>\n\n\n<div class=\"wp-block-image\">\n<figure class=\"aligncenter size-medium\"><img loading=\"lazy\" decoding=\"async\" width=\"225\" height=\"300\" src=\"https:\/\/blog.metu.edu.tr\/bipek\/files\/2022\/10\/WhatsApp-Image-2022-10-17-at-8.49.50-PM-225x300.jpeg\" alt=\"\" class=\"wp-image-68\" srcset=\"https:\/\/blog.metu.edu.tr\/bipek\/files\/2022\/10\/WhatsApp-Image-2022-10-17-at-8.49.50-PM-225x300.jpeg 225w, https:\/\/blog.metu.edu.tr\/bipek\/files\/2022\/10\/WhatsApp-Image-2022-10-17-at-8.49.50-PM-624x832.jpeg 624w, https:\/\/blog.metu.edu.tr\/bipek\/files\/2022\/10\/WhatsApp-Image-2022-10-17-at-8.49.50-PM.jpeg 768w\" sizes=\"auto, (max-width: 225px) 100vw, 225px\" \/><\/figure>\n<\/div>","protected":false},"excerpt":{"rendered":"<p>May 2024 April 2024 September 2023 September 2022 May 2022<\/p>\n","protected":false},"author":8489,"featured_media":0,"parent":0,"menu_order":0,"comment_status":"closed","ping_status":"closed","template":"","meta":{"footnotes":"","_links_to":"","_links_to_target":""},"class_list":["post-61","page","type-page","status-publish","hentry"],"_links":{"self":[{"href":"https:\/\/blog.metu.edu.tr\/bipek\/wp-json\/wp\/v2\/pages\/61","targetHints":{"allow":["GET"]}}],"collection":[{"href":"https:\/\/blog.metu.edu.tr\/bipek\/wp-json\/wp\/v2\/pages"}],"about":[{"href":"https:\/\/blog.metu.edu.tr\/bipek\/wp-json\/wp\/v2\/types\/page"}],"author":[{"embeddable":true,"href":"https:\/\/blog.metu.edu.tr\/bipek\/wp-json\/wp\/v2\/users\/8489"}],"replies":[{"embeddable":true,"href":"https:\/\/blog.metu.edu.tr\/bipek\/wp-json\/wp\/v2\/comments?post=61"}],"version-history":[{"count":0,"href":"https:\/\/blog.metu.edu.tr\/bipek\/wp-json\/wp\/v2\/pages\/61\/revisions"}],"wp:attachment":[{"href":"https:\/\/blog.metu.edu.tr\/bipek\/wp-json\/wp\/v2\/media?parent=61"}],"curies":[{"name":"wp","href":"https:\/\/api.w.org\/{rel}","templated":true}]}}