{"id":42,"date":"2022-10-17T10:13:03","date_gmt":"2022-10-17T10:13:03","guid":{"rendered":"https:\/\/blog.metu.edu.tr\/bipek\/?page_id=42"},"modified":"2026-04-13T10:03:55","modified_gmt":"2026-04-13T10:03:55","slug":"publications","status":"publish","type":"page","link":"https:\/\/blog.metu.edu.tr\/bipek\/publications\/","title":{"rendered":"PUBLICATIONS"},"content":{"rendered":"\n<p><strong>2026<\/strong><\/p>\n\n\n\n<ul class=\"wp-block-list\">\n<li>Osmanaga, S.; Kaya, Y.; Onal, I.; Ipek, B. The promotional effect of gallium loading on the bifunctional Cu\u2013Ga\/\u03b3-Al<sub>2<\/sub>O<sub>3<\/sub>&nbsp;catalyst for CO<sub>2<\/sub>&nbsp;hydrogenation to methanol and dimethyl ether at atmospheric pressure. Reaction Chemistry and Engineering 2026. <a href=\"https:\/\/pubs.rsc.org\/en\/content\/articlelanding\/2026\/re\/d5re00481k\">https:\/\/pubs.rsc.org\/en\/content\/articlelanding\/2026\/re\/d5re00481k<\/a><\/li>\n<\/ul>\n\n\n\n<p><strong>2025<\/strong><\/p>\n\n\n\n<ul class=\"wp-block-list\">\n<li>Kizil, A.; Osmanaga, S.; Onal, I.; Ipek, B. Effect of La<sub>2<\/sub>O<sub>3<\/sub> and CeO<sub>2<\/sub> promoters on the CO<sub>2<\/sub> methanation activity of mesoporous Ni\/BEA, Ni\/ZSM-5 and Ni\/US-Y and optimum hydrophobicity for Ni-CeO<sub>2<\/sub>\/BEA. Microporous and Mesoporous Materials 2025, 396, 113737. <a href=\"https:\/\/www.sciencedirect.com\/science\/article\/pii\/S1387181125002525\">https:\/\/www.sciencedirect.com\/science\/article\/pii\/S1387181125002525<\/a><\/li>\n\n\n\n<li>Yilmaz. A; Ozbek; M.O.; Al., F.; Celik, G.; Ipek, B. Continuous selective oxidation of methane to methanol on H<sup>+<\/sup>-ferrierite having a sheet-like morphology. Chemical Communications 2025, 61, 10099. <a href=\"https:\/\/pubs.rsc.org\/en\/content\/articlelanding\/2025\/cc\/d5cc00719d\">https:\/\/pubs.rsc.org\/en\/content\/articlelanding\/2025\/cc\/d5cc00719d<\/a><\/li>\n<\/ul>\n\n\n\n<p><strong>2023<\/strong><\/p>\n\n\n\n<ul class=\"wp-block-list\">\n<li>Gokce, I.; Ozbek, M.O.; Ipek, B. Conditions for higher methanol selectivity for partial CH<sub>4<\/sub>&nbsp;oxidation over Fe-MOR using N<sub>2<\/sub>O as the oxidant and comparison to Fe-SSZ-13, Fe-SSZ-39, Fe-FER, and Fe-ZSM-5. Journal of Catalysis 2023, 427, 115113. <a href=\"https:\/\/www.sciencedirect.com\/science\/article\/abs\/pii\/S0021951723003585\">https:\/\/www.sciencedirect.com\/science\/article\/abs\/pii\/S0021951723003585<\/a><\/li>\n\n\n\n<li>Ali, M.; Dilek, F. B.; Ipek, B. Preparation of chabazite based Fenton-like heterogeneous catalyst and its organic micropollutant removal performance. Sustainable Chemistry and Pharmacy 2023, 31, 100928.<a href=\"https:\/\/www.sciencedirect.com\/science\/article\/pii\/S2352554122003321?via%3Dihub\">https:\/\/www.sciencedirect.com\/science\/article\/pii\/S2352554122003321?via%3Dihub<\/a><\/li>\n<\/ul>\n\n\n\n<p><strong>2022<\/strong><\/p>\n\n\n\n<ul class=\"wp-block-list\">\n<li>Sarohan, N.; Ozbek, M.O.; Kaya, Y.; Abdellatief, M.; Ipek, B. Hydrogen adsorption on Co<sup>2+<\/sup>&#8211; and Ni<sup>2+<\/sup>&#8211; exchanged -US-Y and -ZSM-5. A combined sorption, DR UV\u2013Vis, synchrotron XRD and DFT study. International Journal of Hydrogen Energy 2022, 47(75), 32181-32201.<a rel=\"noreferrer noopener\" href=\"https:\/\/doi.org\/10.1016\/j.ijhydene.2022.07.130\" target=\"_blank\">https:\/\/doi.org\/10.1016\/j.ijhydene.2022.07.130<\/a><\/li>\n\n\n\n<li>Ozbek, M.O.; Ipek, B. A Theoretical Investigation of Cu<sup>+<\/sup>, Ni<sub>2+<\/sub> and Co<sup>2+<\/sup>-exchanged Zeolites for Hydrogen Storage. ChemPhysChem 2022, 23(20), e202200272. <a rel=\"noreferrer noopener\" href=\"https:\/\/doi.org\/10.1002\/cphc.202200272\" target=\"_blank\">https:\/\/doi.org\/10.1002\/cphc.202200272<\/a><\/li>\n\n\n\n<li>Mendes, P. S. F.; Vucetic, N.; Valverde-Gonzalez, A.; Delporte, M.; Goncalves, L. P. L.; Isapour, G.; Khatamirad, M.; Kinnaer, M.; Lindenthal, L.; Pointecouteau, R.; Santos, A.; Schrenk, F.; Thijs, B.; Ipek, B.; Van der Werren, M.; Wu, X.; Moioli, E. Conference Report: YEuCat Better Together &#8211; Collaborative Catalysis in a Changing World.&nbsp;Chemcatchem, 14(15). <a rel=\"noreferrer noopener\" href=\"https:\/\/doi.org\/10.1002\/cctc.202200166\" target=\"_blank\">https:\/\/doi.org\/10.1002\/cctc.202200166<\/a><\/li>\n<\/ul>\n\n\n\n<p><strong>2021<\/strong><\/p>\n\n\n\n<ul class=\"wp-block-list\">\n<li>Memioglu, O.; Ipek, B. A potential catalyst for continuous methane partial oxidation to methanol using N<sub>2<\/sub>O: Cu-SSZ-39.&nbsp;Chemical Communications&nbsp;2021,&nbsp;57&nbsp;(11), 1364-1367.<a rel=\"noreferrer noopener\" href=\"https:\/\/doi.org\/10.1039\/D0CC06534J\" target=\"_blank\">https:\/\/doi.org\/10.1039\/D0CC06534J<\/a><\/li>\n\n\n\n<li>Yalcin, B. K.; Ipek, B. Fluoride-free synthesis of mesoporous [Al] -[B]-ZSM-5 using cetyltrimethylammonium bromide and methanol-to-olefin activity with high propene selectivity.&nbsp;Applied Catalysis a-General&nbsp;2021,&nbsp;610, 117915. <a rel=\"noreferrer noopener\" href=\"https:\/\/doi.org\/10.1016\/j.apcata.2020.117915\" target=\"_blank\">https:\/\/doi.org\/10.1016\/j.apcata.2020.117915<\/a><\/li>\n\n\n\n<li>Tuygun, C.; Ipek, B. CO<sub>2<\/sub> hydrogenation to methanol and dimethyl ether at atmospheric pressure using Cu-Ho-Ga\/gamma-Al<sub>2<\/sub>O<sub>3<\/sub> and Cu-Ho-Ga\/ZSM-5: Experimental study and thermodynamic analysis.&nbsp;Turkish Journal of Chemistry&nbsp;2021,&nbsp;45&nbsp;(1), 231-247. <a rel=\"noreferrer noopener\" href=\"https:\/\/journals.tubitak.gov.tr\/chem\/vol45\/iss1\/23\/\" target=\"_blank\">http:\/\/10.3906\/kim-2009-66<\/a><\/li>\n<\/ul>\n\n\n\n<p><strong>2020<\/strong><\/p>\n\n\n\n<ul class=\"wp-block-list\">\n<li>Ipek, B.; Altiparmak, I. Remarkable isosteric heat of hydrogen adsorption on Cu(I)-exchanged SSZ-39.&nbsp;International Journal of Hydrogen Energy&nbsp;2020,&nbsp;45&nbsp;(60), 34972-34982. <a rel=\"noreferrer noopener\" href=\"https:\/\/doi.org\/10.1016\/j.ijhydene.2020.03.083\" target=\"_blank\">https:\/\/doi.org\/10.1016\/j.ijhydene.2020.03.083<\/a><\/li>\n\n\n\n<li>Yalcin, B. K.; Ipek, B. One-step synthesis of hierarchical [B]-ZSM-5 using cetyltrimethylammonium bromide as mesoporogen.&nbsp;Turkish Journal of Chemistry&nbsp;2020,&nbsp;44&nbsp;(3), 841-858. <a href=\"https:\/\/journals.tubitak.gov.tr\/chem\/vol44\/iss3\/23\/\" target=\"_blank\" rel=\"noreferrer noopener\">https:\/\/journals.tubitak.gov.tr\/chem\/vol44\/iss3\/23\/<\/a><\/li>\n<\/ul>\n\n\n\n<p><strong>2019<\/strong><\/p>\n\n\n\n<ul class=\"wp-block-list\">\n<li>Altiparmak, I.; Karakaya, B.; Uner, D.; Ipek, B. H<sub>2<\/sub> adsorption on Cu(I)-ZSM-5: Exploration of Cu(I)-exchange in solution.&nbsp;International Journal of Hydrogen Energy&nbsp;2019,&nbsp;44&nbsp;(34), 18866-18874. <a rel=\"noreferrer noopener\" href=\"https:\/\/doi.org\/10.1016\/j.ijhydene.2018.10.111\" target=\"_blank\">https:\/\/doi.org\/10.1016\/j.ijhydene.2018.10.111<\/a><\/li>\n<\/ul>\n\n\n\n<p><strong>2018<\/strong><\/p>\n\n\n\n<ul class=\"wp-block-list\">\n<li>Ipek, B.; Pollock, R. A.; Brown, C. M.; Uner, D.; Lobo, R. F. H<sub>2<\/sub> Adsorption on Cu(I)-SSZ-13.&nbsp;Journal of Physical Chemistry C&nbsp;2018,&nbsp;122&nbsp;(1), 540-548. <a href=\"https:\/\/doi.org\/10.1021\/acs.jpcc.7b09963\" target=\"_blank\" rel=\"noreferrer noopener\">https:\/\/doi.org\/10.1021\/acs.jpcc.7b09963<\/a><\/li>\n<\/ul>\n\n\n\n<p><strong>2017<\/strong><\/p>\n\n\n\n<ul class=\"wp-block-list\">\n<li>Ipek, B.; Wulfers, M. J.; Kim, H.; Goltl, F.; Hermans, I.; Smith, J. P.; Booksh, K. S.; Brown, C. M.; Lobo, R. F. Formation of Cu<sub>2<\/sub>O<sub>2<\/sub> <sup>(2+) <\/sup>and Cu<sub>2<\/sub>O <sup>(2+)<\/sup> toward C-H Bond Activation in Cu-SSZ-13 and Cu-SSZ-39.&nbsp;ACS Catalysis&nbsp;2017,&nbsp;7&nbsp;(7), 4291-4303. <a rel=\"noreferrer noopener\" href=\"https:\/\/doi.org\/10.1021\/acscatal.6b03005\" target=\"_blank\">https:\/\/doi.org\/10.1021\/acscatal.6b03005<\/a><\/li>\n<\/ul>\n\n\n\n<p><strong>2016<\/strong><\/p>\n\n\n\n<ul class=\"wp-block-list\">\n<li>Ipek, B.; Lobo, R. F. Catalytic conversion of methane to methanol on Cu-SSZ-13 using N<sub>2<\/sub>O as oxidant.&nbsp;Chemical Communications&nbsp;2016,&nbsp;52&nbsp;(91), 13401-13404. <a href=\"https:\/\/doi.org\/10.1039\/C6CC07893A\" target=\"_blank\" rel=\"noreferrer noopener\">https:\/\/doi.org\/10.1039\/C6CC07893A<\/a><\/li>\n<\/ul>\n\n\n\n<p><strong>2015<\/strong><\/p>\n\n\n\n<ul class=\"wp-block-list\">\n<li>Wulfers, M. J.; Teketel, S.; Ipek, B.; Lobo, R. F. Conversion of methane to methanol on copper-containing small-pore zeolites and zeotypes.&nbsp;Chemical Communications&nbsp;2015,&nbsp;51&nbsp;(21), 4447-4450. <a rel=\"noreferrer noopener\" href=\"http:\/\/DOI\thttps:\/\/doi.org\/10.1039\/C4CC09645B\" target=\"_blank\">http:\/\/DOI https:\/\/doi.org\/10.1039\/C4CC09645B<\/a><\/li>\n\n\n\n<li>Chen, T.; Foley, B. J.; Ipek, B.; Tyagi, M.; Copley, J. R. D.; Brown, C. M.; Choi, J. J.; Lee, S. H. Rotational dynamics of organic cations in the CH<sub>3<\/sub>NH<sub>3<\/sub>PbI<sub>3<\/sub> perovskite.&nbsp;Physical Chemistry Chemical Physics&nbsp;2015,&nbsp;17&nbsp;(46), 31278-31286. <a rel=\"noreferrer noopener\" href=\"http:\/\/DOI\thttps:\/\/doi.org\/10.1039\/C5CP05348J\" target=\"_blank\">http:\/\/DOI https:\/\/doi.org\/10.1039\/C5CP05348J<\/a><\/li>\n<\/ul>\n\n\n\n<p><strong>2011<\/strong><\/p>\n\n\n\n<ul class=\"wp-block-list\">\n<li>Uner, D.; Oymak, M. M.; Ipek, B. CO<sub>2<\/sub> utilisation by photocatalytic conversion to methane and methanol.&nbsp;International Journal of Global Warming&nbsp;2011,&nbsp;3&nbsp;(1-2), 142-162. <a rel=\"noreferrer noopener\" href=\"https:\/\/www.inderscience.com\/info\/inarticle.php?artid=38376\" target=\"_blank\">https:\/\/www.inderscience.com\/info\/inarticle.php?artid=38376<\/a><\/li>\n<\/ul>\n\n\n\n<p><strong>BOOK CHAPTERS<\/strong><\/p>\n\n\n\n<ul class=\"wp-block-list\">\n<li>Bahar Ipek and Deniz Uner (2019). On the Limits of Photocatalytic Water Splitting, Water Chemistry, Dr Murat Eyvaz (Ed.), ISBN: 978-1-78985-558-6, InTech, <a href=\"https:\/\/www.intechopen.com\/chapters\/69592\">DOI: 10.5772\/intechopen.89235<\/a><\/li>\n\n\n\n<li>Bahar Ipek and Deniz Uner (2012). Artificial Photosynthesis from a Chemical Engineering Perspective, Artificial Photosynthesis, Dr Mohammad Najafpour (Ed.), ISBN: 978-953-307-966-0, InTech, <a href=\"https:\/\/www.intechopen.com\/chapters\/29422\">DOI: 10.5772\/26909<\/a><\/li>\n<\/ul>\n\n\n\n<p><strong>CONFERENCE PRESENTATIONS<\/strong><\/p>\n\n\n\n<ul class=\"wp-block-list\">\n<li>Yilmaz, A.A., Ozbek, M.O., Al, F., Celik, G., Ipek, B. Methane to Methanol Conversion on Transition Metal-Free Ferrierite having a sheet-like Morphology. American Chemical Society Spring 2026 Meeting, Atlanta, GA USA, March 2026<\/li>\n\n\n\n<li>Akin, S.S., Duruk, I., Dericioglu, C.B., G\u00f6lboylu, S.C., Ipek, B., Akata B. Oxalic Acid as a Multifunctional Agent for Iron Recovery and Catalytic Fe-FAU Zeolite Synthesis from Class C and Class F Fly Ash, 16<sup>th<\/sup> European Congress on Catalysis, Trondheim, Norway; September 2025<\/li>\n\n\n\n<li>Akin, S.S., Duruk, I., Dericioglu, C.B., G\u00f6lboylu, S.C., Ipek, B., Akata B. Utilization of Turkish Fly Ash Sources as a candidate zeolite catalyst for partial oxidation of Methane to Methanol. 19<sup>th<\/sup> Nanoscience and Nanotechnology Conference, Ankara, T\u00fcrkiye; August 2025<\/li>\n\n\n\n<li>Osmanaga, S., Kaya, Y., \u00d6nal, I., Ipek, B. Theoretical Investigation of CO<sub>2<\/sub> hydrogenation to CH<sub>4<\/sub> on Ce\/Ni(100) and Ce\/Ni(110). 9<sup>th<\/sup> National Catalysis Congress, \u00c7anakkale, T\u00fcrkiye; September 2023<\/li>\n\n\n\n<li>Kizil, A., Ipek, B. Development of Mesoporous Nickel-Zeolites and Effect of La<sub>2<\/sub>O<sub>3<\/sub> and CeO<sub>2<\/sub> Promotion for CO<sub>2<\/sub> Conversion to Methane. 9<sup>th<\/sup> National Catalysis Congress, \u00c7anakkale, T\u00fcrkiye; September 2023<\/li>\n\n\n\n<li>Yilmaz, A. A., Ipek, B. Effect of Cu loading on Continuous Methane to Methanol Partial Oxidation activity on Cu-FER and CuSSZ-39. 9<sup>th<\/sup> National Catalysis Congress, \u00c7anakkale, T\u00fcrkiye; September 2023<\/li>\n\n\n\n<li>Kizil, A., Ipek, B. Effect of La<sub>2<\/sub>O<sub>3<\/sub> and CeO<sub>2<\/sub> Promotion on CO<sub>2<\/sub> Conversion to Methane Using Mesoporous ZSM-5, US-Y and BEA Supported Ni-Catalysts. 15<sup>th<\/sup> European Congress on Catalysis, Praha, Czech Republic; August 2023<\/li>\n\n\n\n<li>Yilmaz, A. A., Ipek, B. Continuous Methane to Methanol Partial Oxidation Using Cu-Ferrierite. 15<sup> th<\/sup> European Congress on Catalysis, Praha, Czech Republic; August 2023<\/li>\n\n\n\n<li>Gokce I, Ozbek M.O., Ipek B. Active Site Candidates for Direct Methane to Methanol Conversion on Fe-MOR. In: 19th Asian Chemical Congress, \u0130stanbul, T\u00fcrkiye; July 2023<\/li>\n\n\n\n<li>Kizil A., Ipek B. Development of Mesoporous Nickel-Zeolites for CO<sub>2<\/sub> Conversion to Methane. In: 19th Asian Chemical Congress, \u0130stanbul, T\u00fcrkiye; July 2023<\/li>\n\n\n\n<li>Akyildiz, E., Ipek, B., \u00c7elik, G. Ni Loaded on Dealuminated Mordenites for Aqueous-phase and Gas-phase Hydrodechlorination of Trichloroethylene, 16<sup>th<\/sup> Nanoscience and Nanotechnology Conference, Ankara, T\u00fcrkiye; September 2022<\/li>\n\n\n\n<li>Sarohan, N., Ozbek M.O., Ipek B. Effect of Co<sup>2+<\/sup> And Ni<sup>2+<\/sup> Cations on H<sub>2<\/sub> Storage Properties of Zeolites. In: 20th International Zeolite Conference, Valencia, Spain, July 2022, <a rel=\"noreferrer noopener\" href=\"https:\/\/izc2022.com\/\" target=\"_blank\">https:\/\/izc2022.com\/<\/a><\/li>\n\n\n\n<li>Sarohan N., Ozbek M.O., Kaya Y., Ipek B. High H<sub>2<\/sub> Uptake on Co(II)- and Ni(II)- exchanged ZSM-5 and US-Y having Optimal Heat of Adsorption Values, 23rd World Hydrogen Energy Conference, \u0130stanbul, T\u00fcrkiye; June 2022, <a rel=\"noreferrer noopener\" href=\"https:\/\/whecistanbul.org\/\" target=\"_blank\">https:\/\/whecistanbul.org\/<\/a><\/li>\n\n\n\n<li>Gokce I, Ipek B. Catalytic Conversion of Methane to Methanol over Iron-Exchanged Zeolites. In: 8th National Catalysis Congress. Ankara, T\u00fcrkiye; September 2021<\/li>\n\n\n\n<li>Osmanaga S, Ipek B. Carbon Dioxide Hydrogenation to Methanol over Cu\/Ga<sub>x<\/sub>O<sub>y<\/sub>\/\u03b3-Al<sub>2<\/sub>O<sub>3<\/sub> under Ambient Pressure. In: 8th National Catalysis Congress. Ankara, T\u00fcrkiye; September 2021<\/li>\n\n\n\n<li>Osmanaga S, Ipek B. Atmosferik Bas\u0131n\u00e7ta Bak\u0131r ve Galyum i\u00e7eren Kataliz\u00f6rlerle Karbondioksit Hidrojenlenmesi ile Metanol Eldesi. In: 14th National Chemical Engineering Conference.  Konya, T\u00fcrkiye; June 2021<\/li>\n\n\n\n<li>Sarohan N, Ipek B. The Optimal Isosteric Heat of H<sub>2<\/sub> Adsorption on Co(II)- and Ni(II)- exchanged ZSM-5 and US-Y. In: 5th International Hydrogen Technologies Congress. Ni\u011fde, T\u00fcrkiye; May 2021<\/li>\n\n\n\n<li>Gokce I, Ipek B. Effect of Mesoporosity in Continuous Methane Conversion to Methanol using Cu- and Fe-exchanged zeolites. In: American Chemical Society Spring 2021 Meeting. USA; April 2021<\/li>\n\n\n\n<li>Memioglu O, Ipek B. Continuous methanol production from methane on Cu-SSZ-39 and Cu-mordenite. In: 11th International Conference on Environmental Catalysis. Manchester, UK; September 2020<\/li>\n\n\n\n<li>Ipek B. Mesoporous SSZ-13 synthesis via accelerated hydrolysis and condensation of tetraethyl orthosilicate. In: 2020 EFCATS Summer School. Piran, Slovenia; September 2020<\/li>\n\n\n\n<li>Karakaya B, Ipek B. Synthesis of nano [B]-ZSM-5 for Methanol to Propylene Reaction. In: 14th European Congress on Catalysis. Aachen, Germany; August 2019<\/li>\n\n\n\n<li>Altiparmak I, Ipek B, Uner D. Hydrogen Storage at Ambient Temperature Using Cu(I)-SSZ-39. In: 4th International Hydrogen Technologies Congress. Edirne, Turkey; June 2019<\/li>\n\n\n\n<li>Ipek B, Lobo RF. Continuous Methanol Production from Methane Using N<sub>2<\/sub>O as Oxidant. In: 7th National Catalysis Congress. Denizli, Turkiye; September 2018<\/li>\n\n\n\n<li>Memioglu \u00d6., Ipek B. Design of Mesoporous Small-Pore Zeolites for Direct Conversion of Methane to Methanol In:  7th National Catalysis Congress, Denizli, T\u00fcrkiye; September 2018<\/li>\n\n\n\n<li>Karakaya B, Ipek B. MEZO-G\u00d6ZENEKL\u0130 [B]-ZSM-5 ve [Al]-ZSM-5 SENTEZ\u0130. In: 13th National Chemical Engineering Conference. Van, T\u00fcrkiye; September 2018<\/li>\n\n\n\n<li>Karakaya B., Ipek B., Synthesis of Mesoporous [B]-ZSM-5 and [Al]-ZSM-5 Using Soft Templates. In: 9th Eastern Mediterranean Chemical Engineering Conference, Ankara, T\u00fcrkiye; September 2018<\/li>\n\n\n\n<li>Altiparmak, I., Ipek B., Cl-free Cu(I)-exchange of Zeolites in Liquid Media. In: 9th Eastern Mediterranean Chemical Engineering Conference, Ankara, T\u00fcrkiye; September 2018<\/li>\n\n\n\n<li>Ipek B, Lobo RF. Catalytic Methane Conversion to Methanol on Cu-SSZ-13. In: The 8th Tokyo Conference on Advanced Catalytic Science and Technology. Tokyo, Japan; August 2018<\/li>\n\n\n\n<li>Altiparmak I, Karakaya B, Ipek B. H<sub>2<\/sub> Adsorption on Cu(I)-ZSM-5: Exploration of Cu(I)-Exchange in Solution. In: 3rd International Hydrogen Technologies Congress. Antalya, T\u00fcrkiye; March 2018<\/li>\n\n\n\n<li>Ipek B, Wulfers MJ, Kim H, G\u00f6ltl F, Brown CM, Lobo RF. [Cu2Oy]2+ Formation in SSZ-13 for Methane Conversion to Methanol. In: 13th Nanoscience and Nanotechnology Conference. Antalya, T\u00fcrkiye; October 2017<\/li>\n\n\n\n<li>Karakaya B., Ipek B. Mesoporous ZSM-5 Synthesis. In: 4th Anatolian School of Catalysis, \u0130zmir, T\u00fcrkiye; September 2017<\/li>\n\n\n\n<li>Altiparmak I., Ipek B., Hydrogen Adsorption on Cu(I)-Zeolites. In: 4th Anatolian School of Catalysis, \u0130zmir, T\u00fcrkiye; September 2017<\/li>\n\n\n\n<li>Ipek B, Wulfers MJ, Smith JP, Booksh KS, Brown CM, Lobo RF. Oxidation of Copper-exchanged Small-Pore Zeolites and the Active Site for Methane Conversion. In: The International Chemical Congress of Pacific Basin Societies. Honolulu, HI, USA; December 2015<\/li>\n\n\n\n<li>Ipek B, Wulfers MJ, Smith JP, Booksh KS, Brown CM, Lobo RF. Oxidation of Cu-SSZ-13 And Active Site Characterization for Methane Conversion. In: 250th American Chemical Society National Meeting. Boston, MA, USA; August 2015<\/li>\n\n\n\n<li>Ipek B, Wulfers MJ, Teketel S, Smith JP, Booksh KS, Lobo RF. Methane to Methanol Conversion on Cu-SSZ-13, -SSZ-16 and -SSZ-39. In: 24th North American Catalysis Society Meeting. Pittsburg, PA, USA; June 2015<\/li>\n\n\n\n<li>Ipek B, Wulfers MJ, Teketel S, Lobo RF. Methane to Methanol Conversion on Copper- Containing Small-Pore Zeolites. In: 249th American Chemical Society National Meeting. Denver, CO, USA; March 2015<\/li>\n\n\n\n<li>Ipek B, Brown CM, Lobo RF. Hydrogen adsorption by Cu(I)-Y, -SSZ-13 and \u2013ZK-5. In: 17th International Zeolite Conference. Moscow, Russia; July 2013<\/li>\n\n\n\n<li>Ipek B, Brown CM, Lobo RF. Hydrogen Adsorption by Cu(I) Zeolites at Ambient Temperatures. In: 23rd North American Catalysis Society Meeting. Lousville, KY, USA; June 2013<\/li>\n\n\n\n<li>Ipek B, Uner D. A Microkinetic Analysis to Elucidate the Role of Cu or Pt In Photocatalytic H<sub>2 <\/sub>Evolution Reactions. In: EFCATS Summer School. Kerkrade, Netherlands; June 2011<\/li>\n\n\n\n<li>Ipek B, Uner D. Transport Processes in Liquid Phase Photocatalytic Reaction Tests. In: 6th EFCATS Summer School. Izmir, T\u00fcrkiye; September 2010<\/li>\n\n\n\n<li>Ipek B, Uner D. Photocatalytic CO<sub>2<\/sub> Reduction in liquid media using Cu\/TiO<sub>2<\/sub>. In: 6th Chemical Engineering Conference for Collaborative Research in Eastern Mediterranean Countries. Antalya, T\u00fcrkiye; March 2010<\/li>\n\n\n\n<li>Oymak MM, Ipek B, Uner D. CO<sub>2<\/sub> utilization by photocatalytic conversion to lower hydrocarbons and alcohols. In: Global Conference on Global Warming. Istanbul, T\u00fcrkiye; July 2009<\/li>\n<\/ul>\n","protected":false},"excerpt":{"rendered":"<p>2026 2025 2023 2022 2021 2020 2019 2018 2017 2016 2015 2011 BOOK CHAPTERS CONFERENCE PRESENTATIONS<\/p>\n","protected":false},"author":8489,"featured_media":0,"parent":0,"menu_order":0,"comment_status":"closed","ping_status":"closed","template":"","meta":{"footnotes":"","_links_to":"","_links_to_target":""},"class_list":["post-42","page","type-page","status-publish","hentry"],"_links":{"self":[{"href":"https:\/\/blog.metu.edu.tr\/bipek\/wp-json\/wp\/v2\/pages\/42","targetHints":{"allow":["GET"]}}],"collection":[{"href":"https:\/\/blog.metu.edu.tr\/bipek\/wp-json\/wp\/v2\/pages"}],"about":[{"href":"https:\/\/blog.metu.edu.tr\/bipek\/wp-json\/wp\/v2\/types\/page"}],"author":[{"embeddable":true,"href":"https:\/\/blog.metu.edu.tr\/bipek\/wp-json\/wp\/v2\/users\/8489"}],"replies":[{"embeddable":true,"href":"https:\/\/blog.metu.edu.tr\/bipek\/wp-json\/wp\/v2\/comments?post=42"}],"version-history":[{"count":0,"href":"https:\/\/blog.metu.edu.tr\/bipek\/wp-json\/wp\/v2\/pages\/42\/revisions"}],"wp:attachment":[{"href":"https:\/\/blog.metu.edu.tr\/bipek\/wp-json\/wp\/v2\/media?parent=42"}],"curies":[{"name":"wp","href":"https:\/\/api.w.org\/{rel}","templated":true}]}}