{"id":39,"date":"2022-10-17T10:10:24","date_gmt":"2022-10-17T10:10:24","guid":{"rendered":"https:\/\/blog.metu.edu.tr\/bipek\/?page_id=39"},"modified":"2025-09-26T12:49:50","modified_gmt":"2025-09-26T12:49:50","slug":"alumni","status":"publish","type":"page","link":"https:\/\/blog.metu.edu.tr\/bipek\/people\/alumni\/","title":{"rendered":"ALUMNI"},"content":{"rendered":"\n<p><strong>Post-Doctoral Researcher<\/strong><\/p>\n\n\n\n<ul class=\"wp-block-list\">\n<li>Yasemin Kaya, &#8220;DFT Calculations on methanol formation mechanism on Ga<sub>2<\/sub>O<sub>3<\/sub> surfaces&#8221;<\/li>\n<\/ul>\n\n\n\n<p><strong>Ph.D. Students<\/strong><\/p>\n\n\n\n<ul class=\"wp-block-list\">\n<li>Ali Mohsin, Thesis Title: &#8220;Development of a New Heterogeneous Catalyst for the Use in Fenton-like Process Toward the Removal of Pesticides From Water&#8221;, August 2022 (Co-advised, Advisor: Prof. Dr. Filiz B. Dilek)<\/li>\n<\/ul>\n\n\n\n<p><strong>MSc. Students<\/strong><\/p>\n\n\n\n<ul class=\"wp-block-list\">\n<li>A. Azad Y\u0131lmaz, Thesis Title: &#8220;Methane to Methanol Partial Oxidation Using Cu-Ferrierite&#8221;, July 2024<\/li>\n\n\n\n<li>Asena K\u0131z\u0131l, Thesis Title: &#8220;Development of Mesoporous Ni-Zeolites for Carbon Dioxide Conversion to Methane&#8221;, June 2024<\/li>\n\n\n\n<li>Enes Aky\u0131ld\u0131z, Thesis Title: &#8220;Acid-modified &amp;Nickel exchanged Mordenite for gas-phase Hydrodechlorination of Trichloroethylene&#8221;, June 2023 (Co-advised, Advisor: Assist Prof Dr. G\u00f6khan \u00c7elik)<\/li>\n\n\n\n<li>\u0130klim G\u00f6k\u00e7e, Thesis Title: &#8220;Direct Conversion of Methane to Methanol Over Iron-Exchanged Zeolites&#8221;, August 2022<\/li>\n\n\n\n<li>Nurkan Sarohan, Thesis Title: &#8220;Hydrogen Adsorption on Co<sup>2+<\/sup>-, Ni<sup>2+<\/sup>&#8211; Exchanged Zeolites ZSM-5 And US-Y&#8221;, August 2022<\/li>\n\n\n\n<li>Cezar Aagha, Thesis Title: &#8220;CO<sub>2<\/sub> Hydrogenation to Methanol Over Supported Copper and Gallium Based Catalysts at the Atmospheric Pressure&#8221;, August 2022<\/li>\n\n\n\n<li>\u00d6zg\u00fcn Memio\u011flu, Thesis Title: &#8220;Design of Mesoporous Small-Pore Zeolites for Direct Conversion of Methane to Methanol&#8221;, July 2020<\/li>\n\n\n\n<li>B\u00fc\u015fra Karakaya Yal\u00e7\u0131n, Thesis Title: &#8220;Synthesis of Mesoporous [Al]-[B]-ZSM-5, -SSZ-13 and \u2013SSZ-39 for Methanol to Olefins Process&#8221;, January 2020<\/li>\n\n\n\n<li>\u0130smihan Alt\u0131parmak, Thesis Title: &#8220;Hydrogen Adsorption on Cu(I)-Exchanged Zeolites&#8221;, January 2019<\/li>\n<\/ul>\n\n\n\n<hr class=\"wp-block-separator has-alpha-channel-opacity\" \/>\n\n\n\n<p><strong>Undergraduate Students<\/strong><\/p>\n\n\n\n<ul class=\"wp-block-list\">\n<li>Zehra Tatar, Project Title: &#8220;Synthesis of [Ga]-ZSM-5 for direct CO<sub>2<\/sub> conversion to aromatics&#8221;, Fall and Spring 2024-2025 (Co-advised, Advisor: Assoc. Prof Dr. Cerag Dilek)<\/li>\n\n\n\n<li>A. F\u0131rat Budak, Project Title: &#8220;Synthesis of [Ga]-CHA for direct CO<sub>2<\/sub> conversion to olefins&#8221;, Fall and Spring 2024-2025 (Co-advised, Advisor: Assoc. Prof Dr. Cerag Dilek)<\/li>\n\n\n\n<li>Sude Kucukcakiroglu, Project Title: &#8220;Synthesis of high Al content CHA for H<sub>2<\/sub> adsorption&#8221;, Fall and Spring 2024-2025<\/li>\n\n\n\n<li>\u0130rem \u00d6zer, Project Title: &#8220;Synthesis of Co<sup>2+<\/sup>&#8211; And Ni<sup>2+<\/sup>-KFI for H<sub>2<\/sub> adsorption&#8221;, Fall and Spring 2024-2025<\/li>\n\n\n\n<li>Elif Okuyucu, Project Title: &#8220;Synthesis of Ni<sup>2+<\/sup>-Ferrierite@Ni-MOF-74 composite for hydrogen storage&#8221; Fall and Spring 2024-2025<\/li>\n\n\n\n<li>\u0130lhan Duruk, Project Title: &#8220;Development of Fe-FAU catalysts from fly-ash for direct methane oxidation to methanol&#8221;, Fall and Spring 2024-2025 (Co-advised, Advisor: Prof Dr. Burcu Akata)<\/li>\n\n\n\n<li>Can Barkin Dericioglu, Project Title: &#8220;Synthesis of catalysts from iron extracted fly ash for methane to methanol conversion&#8221;, Fall and Spring 2024-2025 (Co-advised, Advisor: Prof Dr. Burcu Akata)<\/li>\n\n\n\n<li>Yagmur On, Project Title: &#8220;Ozone decomposition on \u03b3-alumina supported cobalt and nickel&#8221;, Fall and Spring 2024-2025 (Co-advised, Advisor: Assist. Prof Dr. Necip Uner)<\/li>\n\n\n\n<li>Sultan Muslu, Project Title: &#8220;Ozone decomposition using silica-supported cobalt and nickel oxide catalysts and the effect of humidity on catalyst lifetime&#8221;, Fall and Spring 2024-2025 (Co-advised, Advisor: Assist. Prof Dr. Necip Uner)<\/li>\n\n\n\n<li>Sinan \u00dc\u00e7ok, Project Title: &#8220;One-pot synthesis of Ni-BEA zeolite for CO<sub>2<\/sub> methanation&#8221;, Spring 2023-2024<\/li>\n\n\n\n<li>H\u00fcseyin Berkan Kaplan, Project Title: &#8220;Synthesis of Ni-Containing Novel Zeolites for Sabatier Reaction&#8221;, Fall 2023-2024<\/li>\n\n\n\n<li>G\u00fcven A\u00e7\u0131kal\u0131n, Project Title: &#8220;Design of mesoporous zeolites for metal nanoparticle encapsulation in CO<sub>2<\/sub> utilization&#8221;, Fall 2021-2022, Spring 2021-2022<\/li>\n\n\n\n<li>A. Azad Y\u0131lmaz, Project Title: &#8220;Effect of K and La promoters on carbon dioxide hydrogenation to methanol using Cu containing catalysts&#8221;, Spring 2020-2021; Project Title: &#8220;Investigation of CO<sub>2<\/sub> hydrogenation to methanol steps on active catalysts at atmospheric pressure&#8221;, Fall 2020-2021<\/li>\n\n\n\n<li>Ece Naz Co\u015fgun, Project Title: &#8220;Investigation of Adsorption Enthalpy and Pore Volume Effects on CO<sub>2<\/sub> Storage Capacities of Porous Adsorbents&#8221;, Fall 2020-2021<\/li>\n\n\n\n<li>Hussein Mohamed Osman, Project Title: &#8220;The effect of pore size, pore volume and adsorption enthalpy on H<sub>2<\/sub> storage capacity of adsorbent materials&#8221;, Fall 2020-2021<\/li>\n\n\n\n<li>G\u00f6ktu\u011f Er\u00e7ak\u0131r, Project Title: &#8220;Theoretical Calculation of H<sub>2<\/sub> binding energy on Ni(II) and Co(II)-exchanged Zeolite Y and ZSM-5&#8243;, Fall 2020-2021<\/li>\n\n\n\n<li>Baran \u00d6\u011f\u00fct, Project Title: &#8220;Thermodynamic analysis of CO<sub>2<\/sub> hydrogenation to methane at atmospheric pressure&#8221;, Fall 2020-2021<\/li>\n\n\n\n<li>Enes Aky\u0131ld\u0131z, Project Title: &#8220;Application of Cu-Mordenite and Cu-SSZ-39 on direct catalytic conversion of methane to methanol&#8221;, Fall 2019-2020; Project Title: &#8220;Review on the Direct Oxidation of Methane to Methanol by Copper Loaded Zeolites&#8221;, Spring 2019-2020<\/li>\n\n\n\n<li>Can Y\u0131lmaz, Project Title: &#8220;H<sub>2<\/sub> Adsorption on Co, Ni-exchanged ZSM-5 zeolite&#8221;, Fall 2019-2020<\/li>\n\n\n\n<li>Cansu Tuygun, Project Title: &#8220;Synthesis of holmium containing copper catalysts for CO<sub>2<\/sub> Hydrogenation&#8221;, Fall 2019-2020<\/li>\n\n\n\n<li>Melis \u00d6zdemir, Project Title: &#8220;Effect of mechanical stirrers in Cu(II)-exchange of zeolites&#8221;, Fall 2018-2019; Project Title: &#8220;Synthesis and application of Fe-Mordenite, Fe-SSZ-13, Fe-SSZ-39 on direct conversion of methane to methanol&#8221;, Spring 2018-2019<\/li>\n\n\n\n<li>Do\u011fa Tekba\u015f, Project Title: &#8220;H<sub>2<\/sub> Adsorption on Fe, Co, Ni-exchanged USY zeolite&#8221;, Fall 2018-2019; Project Title: &#8220;CO<sub>2<\/sub> Adsorption on Fe, Co, Ni, Mg, Ca-exchanged USY zeolite&#8221;, Spring 2018-2019<\/li>\n\n\n\n<li>Muhammad Waleed Khan, Project Title: &#8220;Mass transfer limitations in photocatalytic water splitting reaction&#8221;, Spring 2017-2018<\/li>\n<\/ul>\n\n\n\n<p><a id=\"_msocom_1\"><\/a><\/p>\n\n\n\n<p><\/p>\n","protected":false},"excerpt":{"rendered":"<p>Post-Doctoral Researcher Ph.D. Students MSc. Students Undergraduate Students<\/p>\n","protected":false},"author":8489,"featured_media":0,"parent":26,"menu_order":3,"comment_status":"closed","ping_status":"closed","template":"","meta":{"footnotes":"","_links_to":"","_links_to_target":""},"class_list":["post-39","page","type-page","status-publish","hentry"],"_links":{"self":[{"href":"https:\/\/blog.metu.edu.tr\/bipek\/wp-json\/wp\/v2\/pages\/39","targetHints":{"allow":["GET"]}}],"collection":[{"href":"https:\/\/blog.metu.edu.tr\/bipek\/wp-json\/wp\/v2\/pages"}],"about":[{"href":"https:\/\/blog.metu.edu.tr\/bipek\/wp-json\/wp\/v2\/types\/page"}],"author":[{"embeddable":true,"href":"https:\/\/blog.metu.edu.tr\/bipek\/wp-json\/wp\/v2\/users\/8489"}],"replies":[{"embeddable":true,"href":"https:\/\/blog.metu.edu.tr\/bipek\/wp-json\/wp\/v2\/comments?post=39"}],"version-history":[{"count":0,"href":"https:\/\/blog.metu.edu.tr\/bipek\/wp-json\/wp\/v2\/pages\/39\/revisions"}],"up":[{"embeddable":true,"href":"https:\/\/blog.metu.edu.tr\/bipek\/wp-json\/wp\/v2\/pages\/26"}],"wp:attachment":[{"href":"https:\/\/blog.metu.edu.tr\/bipek\/wp-json\/wp\/v2\/media?parent=39"}],"curies":[{"name":"wp","href":"https:\/\/api.w.org\/{rel}","templated":true}]}}