{"id":266,"date":"2021-09-24T13:17:15","date_gmt":"2021-09-24T13:17:15","guid":{"rendered":"https:\/\/blog.metu.edu.tr\/bayer\/?page_id=266"},"modified":"2021-09-30T13:10:32","modified_gmt":"2021-09-30T13:10:32","slug":"iletisim","status":"publish","type":"page","link":"https:\/\/blog.metu.edu.tr\/bayer\/iletisim\/","title":{"rendered":"\u0130leti\u015fim"},"content":{"rendered":"<p><b> <u> <\/p>\n<h1 style=\"font-size:32px\">\u0130leti\u015fim <\/h1>\n<p><\/b> <\/u><\/p>\n<p><b>Adres:<\/b><br \/>\nIs\u0131l-\u00c7evre M\u00fchendisli\u011fi Laboratuvar\u0131<br \/>\nMakina M\u00fchendisli\u011fi A Binas\u0131<br \/>\nOrta Do\u011fu Teknik \u00dcniversitesi<br \/>\nDumlup\u0131nar Blv. No: 1, 06800 \u00c7ankaya, Ankara<\/p>\n<p><b>E-posta:<\/b> <a href=\"mailto:bayer@metu.edu.tr\">bayer@metu.edu.tr<\/a><\/p>\n<p><b>Telefon:<\/b> 0312 210 2578<\/p>\n","protected":false},"excerpt":{"rendered":"<p>\u0130leti\u015fim Adres: Is\u0131l-\u00c7evre M\u00fchendisli\u011fi Laboratuvar\u0131 Makina M\u00fchendisli\u011fi A Binas\u0131 Orta Do\u011fu Teknik \u00dcniversitesi Dumlup\u0131nar Blv. No: 1, 06800 \u00c7ankaya, Ankara E-posta: bayer@metu.edu.tr Telefon: 0312 210 2578<\/p>\n","protected":false},"author":7827,"featured_media":0,"parent":0,"menu_order":6,"comment_status":"closed","ping_status":"closed","template":"","meta":{"footnotes":"","_links_to":"","_links_to_target":""},"class_list":["post-266","page","type-page","status-publish","hentry"],"_links":{"self":[{"href":"https:\/\/blog.metu.edu.tr\/bayer\/wp-json\/wp\/v2\/pages\/266","targetHints":{"allow":["GET"]}}],"collection":[{"href":"https:\/\/blog.metu.edu.tr\/bayer\/wp-json\/wp\/v2\/pages"}],"about":[{"href":"https:\/\/blog.metu.edu.tr\/bayer\/wp-json\/wp\/v2\/types\/page"}],"author":[{"embeddable":true,"href":"https:\/\/blog.metu.edu.tr\/bayer\/wp-json\/wp\/v2\/users\/7827"}],"replies":[{"embeddable":true,"href":"https:\/\/blog.metu.edu.tr\/bayer\/wp-json\/wp\/v2\/comments?post=266"}],"version-history":[{"count":0,"href":"https:\/\/blog.metu.edu.tr\/bayer\/wp-json\/wp\/v2\/pages\/266\/revisions"}],"wp:attachment":[{"href":"https:\/\/blog.metu.edu.tr\/bayer\/wp-json\/wp\/v2\/media?parent=266"}],"curies":[{"name":"wp","href":"https:\/\/api.w.org\/{rel}","templated":true}]}}