{"id":254,"date":"2021-09-24T11:21:44","date_gmt":"2021-09-24T11:21:44","guid":{"rendered":"https:\/\/blog.metu.edu.tr\/bayer\/?page_id=254"},"modified":"2023-01-10T10:34:25","modified_gmt":"2023-01-10T10:34:25","slug":"arastirma","status":"publish","type":"page","link":"https:\/\/blog.metu.edu.tr\/bayer\/arastirma\/","title":{"rendered":"Ara\u015ft\u0131rma Konular\u0131"},"content":{"rendered":"\n<table id=\"tablepress-4\" class=\"tablepress tablepress-id-4\">\n<tbody class=\"row-striping row-hover\">\n<tr class=\"row-1\">\n\t<td class=\"column-1\"><div style=\"margin: 20px 0 0 10px\"><br \/>\n<b> <u>Klasik So\u011futma Problemleri \u00dczerine Deneysel \u00c7al\u0131\u015fmalar<\/b> <\/u><br \/>\n<br \/>\nLaboratuvar \u00e7al\u0131\u015fmalar\u0131 kapsam\u0131nda, geni\u015fletilmi\u015f y\u00fczeylerde so\u011futma problemleri, buzdolab\u0131 performans analizleri, kanal i\u00e7i ak\u0131\u015f karakteristi\u011fi gibi klasik so\u011futma problemleri ile alakal\u0131 deney d\u00fczenekleri kurulmakta ve bu alanlarda akademik ara\u015ft\u0131rmalar ger\u00e7ekle\u015ftirilmektedir.<br \/>\n<\/div><\/td><td class=\"column-2\"><figure><br \/>\n<img decoding=\"async\" src=\"https:\/\/blog.metu.edu.tr\/e253383\/files\/2021\/10\/Exp-scaled.jpg\" class=\"RF\" alt=\"electric_machines\" \/><br \/>\n<figcaption><h1 style=\"font-size:12px;text-align: center\">Kanal Ak\u0131\u015f\u0131 (Sol) ve Buzdolab\u0131 (Sa\u011f) Ara\u015ft\u0131rmalar\u0131 \u0130\u00e7in Deney D\u00fczenekleri<\/h1><\/figcaption><br \/>\n<\/figure><\/td>\n<\/tr>\n<tr class=\"row-2\">\n\t<td class=\"column-1\"><figure><br \/>\n<img decoding=\"async\" src=\"https:\/\/blog.metu.edu.tr\/bayer\/files\/2021\/10\/Microchannel.png\" class=\"RF\" alt=\"microchannel\" \/><figcaption><h1 style=\"font-size:12px;text-align: center\"> Mini-mikro Kanallar \u00dczerine Say\u0131sal ve Deneysel \u00c7al\u0131\u015fmalar<\/h1><\/figcaption><br \/>\n<\/figure><\/td><td class=\"column-2\"><div style=\"margin: 20px 0 0 10px\"><br \/>\n<b> <u> Mini-mikro Kanallar<\/b> <\/u> <br \/>\n<br \/>\nElektronik so\u011futmas\u0131nda hayati bir role sahip olan mini ve mikro \u00f6l\u00e7ekli kanallar vas\u0131tas\u0131yla hava ve s\u0131v\u0131 tabanl\u0131 so\u011futma teknikleri \u00fczerine deneysel ve say\u0131sal \u00e7al\u0131\u015fmalar\u0131 i\u00e7eren bir\u00e7ok konu i\u015flenmektedir. \u0130kincil ak\u0131\u015flar ve t\u00fcrb\u00fclans gibi \u00e7e\u015fitli ak\u0131\u015fkanlar dinami\u011fi ilkelerini kullanan yeni ve etkili tasar\u0131mlar ara\u015ft\u0131r\u0131lmaktad\u0131r. <br \/>\n<div><\/td>\n<\/tr>\n<tr class=\"row-3\">\n\t<td class=\"column-1\"><div style=\"margin: 20px 0 0 0px\"><br \/>\n<b> <u>S\u0131v\u0131-kat\u0131 Etkile\u015fimi<\/b> <\/u><br \/>\n<p style=\"padding-right:10px\"><br \/>\nKat\u0131 ve ak\u0131\u015fkan davran\u0131\u015flar\u0131n\u0131n e\u015fle\u015ftirilmesi, hesaplamal\u0131 ak\u0131\u015fkanlar dinami\u011finin zorlu ancak \u00e7e\u015fitli avantajlara sahip bir alan\u0131d\u0131r. Laboratuvarda esnek girdap \u00fcrete\u00e7leri ve koroner arter benze\u015fimleri gibi s\u0131v\u0131-kat\u0131 etkile\u015fimi ile ilgili problemler \u00fczerine \u00e7al\u0131\u015fmalar ger\u00e7ekle\u015ftirilmektedir. <\/p><br \/>\n<\/div><\/td><td class=\"column-2\"><figure><br \/>\n<img decoding=\"async\" src=\"https:\/\/blog.metu.edu.tr\/bayer\/files\/2021\/10\/FSI.png\" class=\"RF\" alt=\"FSI\/\" \/><figcaption><h1 style=\"font-size:12px;text-align: center\">Mikro-kanallarda S\u0131v\u0131-kat\u0131 Etkile\u015fimi Uygulamas\u0131<\/h1><\/figcaption><br \/>\n<\/figure><\/td>\n<\/tr>\n<tr class=\"row-4\">\n\t<td class=\"column-1\"><figure><br \/>\n<img decoding=\"async\" src=\"https:\/\/blog.metu.edu.tr\/bayer\/files\/2021\/10\/Magma-1.png\" class=\"RF\" alt=\"magma\" \/><figcaption><h1 style=\"font-size:12px;text-align: center\">Magma Odalar\u0131nda S\u0131cakl\u0131k Temelli Stres Da\u011f\u0131l\u0131m\u0131<\/h1><\/figcaption><br \/>\n<\/figure><\/td><td class=\"column-2\"><div style=\"margin: 20px 0 0 10px\"><br \/>\n<b> <u>B\u00fcy\u00fck \u00d6l\u00e7ekte Is\u0131l Problemler<\/b> <\/u><br \/>\n<br \/>\nIs\u0131 transferi ve CFD uygulamalar\u0131, yer alt\u0131ndaki magma odalar\u0131 gibi b\u00fcy\u00fck \u00f6l\u00e7ekli modellere i\u00e7in de uygulanabilecek \u015fekilde geni\u015fletilebilmektedir. Pontificia Universidad Catholica de Chile, National Research Council of Spain ve  Eski\u015fehir Osmangazi \u00dcniversitesi'nden ara\u015ft\u0131rmac\u0131lar\u0131n yer ald\u0131\u011f\u0131 uluslararas\u0131 bir grupla birlikte magma odalar\u0131n\u0131n \u0131s\u0131l ve mekanik \u00f6zellikleri \u00fczerine kilometreler \u00f6l\u00e7e\u011finde \u00e7e\u015fitli \u00e7al\u0131\u015fmalar yap\u0131lmaktad\u0131r.<br \/>\n<\/div><\/td>\n<\/tr>\n<tr class=\"row-5\">\n\t<td class=\"column-1\"><div style=\"margin: 20px 0 0 0px\"><br \/>\n<b> <u>Manyetik So\u011futma<\/b> <\/u><br \/>\n<br \/>\nG\u00fcn\u00fcm\u00fczde manyetik so\u011futma teknolojisi, geleneksel so\u011futma sistemlerinin yan\u0131nda g\u00fc\u00e7l\u00fc bir alternatif olarak durmaktad\u0131r. Eski\u015fehir Osmangazi \u00dcniversitesi'nden Prof. Dr. Suat Pat'\u0131n yard\u0131m\u0131yla yeni manyetokalorik malzemeler \u00fczerine \u00e7al\u0131\u015f\u0131lmakta ve termodinamik performanslar\u0131 de\u011ferlendirilmektedir. <br \/>\n<\/div><\/td><td class=\"column-2\"><figure><br \/>\n<img decoding=\"async\" src=\"https:\/\/blog.metu.edu.tr\/e253383\/files\/2021\/10\/Magnetic.png\" class=\"RF\" alt=\"magnetic\" \/><figcaption><h1 style=\"font-size:12px;text-align: center\">Manyetik Ericsson \u00c7evrimi ve \u00dcretilmi\u015f Manyetokalorik \u0130nce Filmler<\/h1><\/figcaption><br \/>\n<\/figure><\/td>\n<\/tr>\n<tr class=\"row-6\">\n\t<td class=\"column-1\"><figure><br \/>\n<img decoding=\"async\" src=\"https:\/\/blog.metu.edu.tr\/e253383\/files\/2021\/10\/Electromagnetic.png\" class=\"RF\" alt=\"electric_machines\" \/><figcaption><h1 style=\"font-size:12px;text-align: center\">Bir Elektrikli Motorun \u00d6rnek Geometrisi ve Sonlu Elemanlar Analizi<\/h1><\/figcaption><br \/>\n<\/figure><\/td><td class=\"column-2\"><div style=\"margin: 20px 0 0 10px\"><br \/>\n<b> <u>Elektrik Makinalar\u0131n\u0131n Is\u0131l Analiz ve Tasar\u0131m\u0131<\/b> <\/u><br \/>\n<br \/>\nElektromanyetik kay\u0131plardan kaynaklanan a\u015f\u0131r\u0131 \u0131s\u0131nma, verimlili\u011fi ve uzun \u00f6m\u00fcrl\u00fcl\u00fc\u011f\u00fc do\u011frudan etkiledi\u011fi i\u00e7in elektrikli makinalar i\u00e7in \u00f6nemli bir sorundur. Laboratuvarda disiplinler aras\u0131 bir ekiple farkl\u0131 elektrikli motor ve jenerat\u00f6rlerin \u0131s\u0131l analizi ve so\u011futma sistemi tasar\u0131m\u0131 \u00fczerine \u00e7e\u015fitli say\u0131sal \u00e7al\u0131\u015fmalar yap\u0131lmaktad\u0131r. <br \/>\n<\/div><\/td>\n<\/tr>\n<tr class=\"row-7\">\n\t<td class=\"column-1\"><div style=\"margin: 20px 0 0 10px\"><br \/>\n<b> <u>Is\u0131l Enerji Depolama<\/b> <\/u><br \/>\n<br \/>\nBir \u0131s\u0131l enerji depolama \u00fcnitesi tasarlamak, do\u011fal konveksiyon ve iletim gibi farkl\u0131 \u0131s\u0131 transfer modlar\u0131 hakk\u0131nda ciddi bir bilgi birikimine sahip olmay\u0131 gerektirmektedir. Bu laboratuvarda, farkl\u0131 s\u0131cakl\u0131k aral\u0131klar\u0131nda \u00e7al\u0131\u015fan \u0131s\u0131l enerji depolama sistemlerinin performans\u0131n\u0131 iyile\u015ftirmek i\u00e7in yeni teknikler tasarlamak \u00fczerine kapsaml\u0131 deneysel ve say\u0131sal ara\u015ft\u0131rmalar yap\u0131lmaktad\u0131r.<br \/>\n<\/div><\/td><td class=\"column-2\"><figure><br \/>\n<img decoding=\"async\" src=\"https:\/\/blog.metu.edu.tr\/e253383\/files\/2022\/11\/solidification.gif\" class=\"RF\" alt=\"TES\" \/><figcaption><h1 style=\"font-size:12px;text-align: center\"> Bir Borulu Gizil Termal Enerji Depolama Tank\u0131ndaki FDM'nin Kat\u0131la\u015fma S\u00fcreci<\/h1><\/figcaption><br \/>\n<\/figure><\/td>\n<\/tr>\n<tr class=\"row-8\">\n\t<td class=\"column-1\"><figure><br \/>\n<img decoding=\"async\" src=\"https:\/\/blog.metu.edu.tr\/e253383\/files\/2021\/11\/ezgif.com-gif-maker.gif\" class=\"RF\" alt=\"electric_machines\" \/><br \/>\n<figcaption><h1 style=\"font-size:12px;text-align: center\">Bir Koroner Arterin FSI Benze\u015fimi<\/h1><\/figcaption><br \/>\n<\/figure><\/td><td class=\"column-2\"><div style=\"margin: 20px 0 0 10px\"><br \/>\n<b> <u>Biyoak\u0131\u015fkan Analizleri<\/b> <\/u><br \/>\n<br \/>\nSafra ve kan ak\u0131\u015f\u0131 gibi biyolojik ak\u0131\u015f mekanizmalar\u0131n\u0131 anlamak, ak\u0131\u015f\u0131n ve ak\u0131\u015f\u0131 \u00e7evreleyen dokunun karma\u015f\u0131k say\u0131sal modellemelerini de i\u00e7ermektedir. FSI benze\u015fimleri, bu hedefe yakla\u015fmam\u0131za yard\u0131mc\u0131 olabilecek en \u00f6nemli ara\u00e7lardand\u0131r. Laboratuvar\u0131m\u0131zda koroner hastal\u0131klar gibi \u00f6l\u00fcmc\u00fcl komplikasyonlar \u00fczerine CFD \u00e7al\u0131\u015fmalar\u0131 ger\u00e7ekle\u015ftirilmektedir.<br \/>\n<\/div><\/td>\n<\/tr>\n<\/tbody>\n<\/table>\n<!-- #tablepress-4 from cache -->\n","protected":false},"excerpt":{"rendered":"","protected":false},"author":7840,"featured_media":0,"parent":0,"menu_order":2,"comment_status":"closed","ping_status":"closed","template":"","meta":{"footnotes":"","_links_to":"","_links_to_target":""},"class_list":["post-254","page","type-page","status-publish","hentry"],"_links":{"self":[{"href":"https:\/\/blog.metu.edu.tr\/bayer\/wp-json\/wp\/v2\/pages\/254","targetHints":{"allow":["GET"]}}],"collection":[{"href":"https:\/\/blog.metu.edu.tr\/bayer\/wp-json\/wp\/v2\/pages"}],"about":[{"href":"https:\/\/blog.metu.edu.tr\/bayer\/wp-json\/wp\/v2\/types\/page"}],"author":[{"embeddable":true,"href":"https:\/\/blog.metu.edu.tr\/bayer\/wp-json\/wp\/v2\/users\/7840"}],"replies":[{"embeddable":true,"href":"https:\/\/blog.metu.edu.tr\/bayer\/wp-json\/wp\/v2\/comments?post=254"}],"version-history":[{"count":0,"href":"https:\/\/blog.metu.edu.tr\/bayer\/wp-json\/wp\/v2\/pages\/254\/revisions"}],"wp:attachment":[{"href":"https:\/\/blog.metu.edu.tr\/bayer\/wp-json\/wp\/v2\/media?parent=254"}],"curies":[{"name":"wp","href":"https:\/\/api.w.org\/{rel}","templated":true}]}}