{"id":251,"date":"2021-09-24T11:17:29","date_gmt":"2021-09-24T11:17:29","guid":{"rendered":"https:\/\/blog.metu.edu.tr\/bayer\/?page_id=251"},"modified":"2022-08-15T08:15:48","modified_gmt":"2022-08-15T08:15:48","slug":"hakkinda","status":"publish","type":"page","link":"https:\/\/blog.metu.edu.tr\/bayer\/hakkinda\/","title":{"rendered":"Dr. Bayer Hakk\u0131nda"},"content":{"rendered":"<p><img loading=\"lazy\" decoding=\"async\" src=\"https:\/\/blog.metu.edu.tr\/bayer\/files\/2021\/09\/Dr.-Ozgur-Bayer-3.jpeg\" alt=\"\" width=\"1600\" height=\"1066\" class=\"aligncenter size-full wp-image-279\" srcset=\"https:\/\/blog.metu.edu.tr\/bayer\/files\/2021\/09\/Dr.-Ozgur-Bayer-3.jpeg 1600w, https:\/\/blog.metu.edu.tr\/bayer\/files\/2021\/09\/Dr.-Ozgur-Bayer-3-300x200.jpeg 300w, https:\/\/blog.metu.edu.tr\/bayer\/files\/2021\/09\/Dr.-Ozgur-Bayer-3-1024x682.jpeg 1024w, https:\/\/blog.metu.edu.tr\/bayer\/files\/2021\/09\/Dr.-Ozgur-Bayer-3-768x512.jpeg 768w, https:\/\/blog.metu.edu.tr\/bayer\/files\/2021\/09\/Dr.-Ozgur-Bayer-3-1536x1023.jpeg 1536w, https:\/\/blog.metu.edu.tr\/bayer\/files\/2021\/09\/Dr.-Ozgur-Bayer-3-272x182.jpeg 272w\" sizes=\"auto, (max-width: 1600px) 100vw, 1600px\" \/><\/p>\n<p><b> <u> <\/p>\n<h1 style=\"font-size:32px\">Do\u00e7. Dr. \u00d6zg\u00fcr Bayer <\/h1>\n<p><\/b> <\/u><\/p>\n<p>Lisans, y\u00fcksek lisans ve doktora (en y\u00fcksek onur derecesiyle) derecelerini s\u0131ras\u0131yla 2000, 2002 ve 2009 y\u0131llar\u0131nda Orta Do\u011fu Teknik \u00dcniversitesi Makina M\u00fchendisli\u011fi b\u00f6l\u00fcm\u00fcnden ald\u0131. Temmuz 2009&#8217;dan A\u011fustos 2010&#8217;a kadar Kentucky \u00dcniversitesi&#8217;nde Radyasyon Transferi Laboratuvar\u0131&#8217;nda doktora sonras\u0131 ara\u015ft\u0131rmac\u0131 olarak \u00e7al\u0131\u015ft\u0131 ve \u00e7ok say\u0131da ara\u015ft\u0131rma projesine kat\u0131ld\u0131. Ba\u015fl\u0131ca ilgi alanlar\u0131, CFD tabanl\u0131 konvektif ve \u0131\u015f\u0131n\u0131msal \u0131s\u0131 transferi, \u0131\u015f\u0131n\u0131ml\u0131 so\u011futma, HVAC uygulamalar\u0131 ve analizleri, termoak\u0131\u015fkanlar \u00fczerinde deneyler ve enerji ile ilgili termal, ekolojik ve sistemsel benze\u015fimlerdir.<\/p>\n<p>Alm\u0131la Bayer ile evli olup, \u0130nci Duru ve Deniz isminde iki \u00e7ocuk babas\u0131d\u0131r.<\/p>\n<p><b>Telefon:<\/b> 0312 210 2578<\/p>\n<p><b>E-posta:<\/b> <a href=\"mailto:bayer@metu.edu.tr\">bayer@metu.edu.tr<\/a><\/p>\n","protected":false},"excerpt":{"rendered":"<p>Do\u00e7. Dr. \u00d6zg\u00fcr Bayer Lisans, y\u00fcksek lisans ve doktora (en y\u00fcksek onur derecesiyle) derecelerini s\u0131ras\u0131yla 2000, 2002 ve 2009 y\u0131llar\u0131nda Orta Do\u011fu Teknik \u00dcniversitesi Makina M\u00fchendisli\u011fi b\u00f6l\u00fcm\u00fcnden ald\u0131. Temmuz 2009&#8217;dan A\u011fustos 2010&#8217;a kadar Kentucky \u00dcniversitesi&#8217;nde Radyasyon Transferi Laboratuvar\u0131&#8217;nda doktora sonras\u0131 <a class=\"more-link\" href=\"https:\/\/blog.metu.edu.tr\/bayer\/hakkinda\/\">Read More &#8230;<\/a><\/p>\n","protected":false},"author":7840,"featured_media":0,"parent":0,"menu_order":1,"comment_status":"closed","ping_status":"closed","template":"","meta":{"footnotes":"","_links_to":"","_links_to_target":""},"class_list":["post-251","page","type-page","status-publish","hentry"],"_links":{"self":[{"href":"https:\/\/blog.metu.edu.tr\/bayer\/wp-json\/wp\/v2\/pages\/251","targetHints":{"allow":["GET"]}}],"collection":[{"href":"https:\/\/blog.metu.edu.tr\/bayer\/wp-json\/wp\/v2\/pages"}],"about":[{"href":"https:\/\/blog.metu.edu.tr\/bayer\/wp-json\/wp\/v2\/types\/page"}],"author":[{"embeddable":true,"href":"https:\/\/blog.metu.edu.tr\/bayer\/wp-json\/wp\/v2\/users\/7840"}],"replies":[{"embeddable":true,"href":"https:\/\/blog.metu.edu.tr\/bayer\/wp-json\/wp\/v2\/comments?post=251"}],"version-history":[{"count":0,"href":"https:\/\/blog.metu.edu.tr\/bayer\/wp-json\/wp\/v2\/pages\/251\/revisions"}],"wp:attachment":[{"href":"https:\/\/blog.metu.edu.tr\/bayer\/wp-json\/wp\/v2\/media?parent=251"}],"curies":[{"name":"wp","href":"https:\/\/api.w.org\/{rel}","templated":true}]}}