{"id":247,"date":"2021-09-24T11:12:16","date_gmt":"2021-09-24T11:12:16","guid":{"rendered":"https:\/\/blog.metu.edu.tr\/bayer\/?page_id=247"},"modified":"2025-10-13T14:07:29","modified_gmt":"2025-10-13T14:07:29","slug":"anasayfa","status":"publish","type":"page","link":"https:\/\/blog.metu.edu.tr\/bayer\/","title":{"rendered":"Anasayfa"},"content":{"rendered":"<p><i>Dr. Bayer&#8217;s Research Group<\/i>, \u00e7al\u0131\u015fmalar\u0131n\u0131 Orta Do\u011fu Teknik \u00dcniversitesi (ODT\u00dc) Makina M\u00fchendisli\u011fi B\u00f6l\u00fcm\u00fc&#8217;nde Dr. \u00d6zg\u00fcr Bayer&#8217;in dan\u0131\u015fmanl\u0131\u011f\u0131nda y\u00fcr\u00fcten bir ara\u015ft\u0131rma grubudur. B\u00fcy\u00fck boyutlu elektrikli makinalar\u0131n so\u011futulmas\u0131, elektronik so\u011futma, mikrokanallarda ak\u0131\u015fkan davran\u0131\u015f\u0131 ve \u0131s\u0131 transferi, jeolojik yap\u0131lar\u0131n \u0131s\u0131l \u00f6zellikleri, s\u0131v\u0131-kat\u0131 etkile\u015fim problemleri ve biyoak\u0131\u015fkanlar dahil olmak \u00fczere \u0131s\u0131 transferi ve s\u0131v\u0131 ak\u0131\u015f\u0131 \u00fczerine \u00e7e\u015fitli \u00e7al\u0131\u015fmalar ger\u00e7ekle\u015ftirilmektedir. <\/p>\n<p>S\u00f6z konusu \u00e7al\u0131\u015fmalar, laboratuvar ortam\u0131nda ger\u00e7ekle\u015ftirilen \u00e7e\u015fitli kontroll\u00fc deney uygulamalar\u0131n\u0131, ara\u015ft\u0131rma grubu b\u00fcnyesinde kurulu hesaplama g\u00fcc\u00fc yard\u0131m\u0131 ile ger\u00e7ekle\u015ftirilen hidrodinamik ve \u0131s\u0131l say\u0131sal modelleme ve benze\u015fimleri ve m\u00fchendislik bilimlerindeki temel fenomenlere dair bilimsel ara\u015ft\u0131rmalar\u0131 kapsamaktad\u0131r. Yap\u0131lan \u00e7al\u0131\u015fmalar a\u011f\u0131rl\u0131kl\u0131 olarak y\u00fcksek lisans veya doktora d\u00fczeyinde akademik ara\u015ft\u0131rmalar olmakla birlikte, lisans \u00f6\u011frencileri de bu \u00e7al\u0131\u015fmalara katk\u0131 sa\u011flamaktad\u0131r.<\/p>\n<p>Ara\u015ft\u0131rmalar esnas\u0131nda elde edilen bulgular, uluslararas\u0131 prestijli dergilerde yay\u0131nlar, sayg\u0131n bilimsel kongre ve konferanslarda sunumlar, ulusal veya uluslararas\u0131 \u00f6l\u00e7ekte farkl\u0131 disiplinlerden ara\u015ft\u0131rmac\u0131lar\u0131n yer ald\u0131\u011f\u0131 Avrupa Birli\u011fi veya T\u00dcB\u0130TAK projeleri \u015feklinde sunulmaktad\u0131r.<\/p>\n<p><b><u> DUYURULAR <\/u><\/b><br \/>\nDr. \u00d6zg\u00fcr Bayer, \u0130stanbul&#8217;da ger\u00e7ekle\u015fecek INTERNATIONAL SYMPOSIUM ON LOW-CARBON THERMAL ENERGY SCIENCE AND TECHNOLOGY (LCET-2025) sempozyumunda, 17.10.2025 tarihinde, \u00e7a\u011fr\u0131l\u0131 konu\u015fmac\u0131 olarak &#8220;Innovative strategies for PCM-based energy storage: From scientific insights to industrial practice&#8221; ba\u015fl\u0131kl\u0131 bir sunum ger\u00e7ekle\u015ftirecektir.<\/p>\n<p>10-12 Eyl\u00fcl tarihlerinde Adana&#8217;da ger\u00e7ekle\u015fen Uluslararas\u0131 Kat\u0131l\u0131ml\u0131 25. Is\u0131 Bilimi ve Tekni\u011fi Kongresi&#8217;nde ara\u015ft\u0131rma grubumuz ad\u0131na 2 adet bildiri sunulmu\u015ftur.<\/p>\n","protected":false},"excerpt":{"rendered":"<p>Dr. Bayer&#8217;s Research Group, \u00e7al\u0131\u015fmalar\u0131n\u0131 Orta Do\u011fu Teknik \u00dcniversitesi (ODT\u00dc) Makina M\u00fchendisli\u011fi B\u00f6l\u00fcm\u00fc&#8217;nde Dr. \u00d6zg\u00fcr Bayer&#8217;in dan\u0131\u015fmanl\u0131\u011f\u0131nda y\u00fcr\u00fcten bir ara\u015ft\u0131rma grubudur. B\u00fcy\u00fck boyutlu elektrikli makinalar\u0131n so\u011futulmas\u0131, elektronik so\u011futma, mikrokanallarda ak\u0131\u015fkan davran\u0131\u015f\u0131 ve \u0131s\u0131 transferi, jeolojik yap\u0131lar\u0131n \u0131s\u0131l \u00f6zellikleri, s\u0131v\u0131-kat\u0131 etkile\u015fim <a class=\"more-link\" href=\"https:\/\/blog.metu.edu.tr\/bayer\/\">Read More &#8230;<\/a><\/p>\n","protected":false},"author":7840,"featured_media":0,"parent":0,"menu_order":1,"comment_status":"closed","ping_status":"closed","template":"","meta":{"footnotes":"","_links_to":"","_links_to_target":""},"class_list":["post-247","page","type-page","status-publish","hentry"],"_links":{"self":[{"href":"https:\/\/blog.metu.edu.tr\/bayer\/wp-json\/wp\/v2\/pages\/247","targetHints":{"allow":["GET"]}}],"collection":[{"href":"https:\/\/blog.metu.edu.tr\/bayer\/wp-json\/wp\/v2\/pages"}],"about":[{"href":"https:\/\/blog.metu.edu.tr\/bayer\/wp-json\/wp\/v2\/types\/page"}],"author":[{"embeddable":true,"href":"https:\/\/blog.metu.edu.tr\/bayer\/wp-json\/wp\/v2\/users\/7840"}],"replies":[{"embeddable":true,"href":"https:\/\/blog.metu.edu.tr\/bayer\/wp-json\/wp\/v2\/comments?post=247"}],"version-history":[{"count":0,"href":"https:\/\/blog.metu.edu.tr\/bayer\/wp-json\/wp\/v2\/pages\/247\/revisions"}],"wp:attachment":[{"href":"https:\/\/blog.metu.edu.tr\/bayer\/wp-json\/wp\/v2\/media?parent=247"}],"curies":[{"name":"wp","href":"https:\/\/api.w.org\/{rel}","templated":true}]}}