{"id":348,"date":"2021-10-01T11:37:34","date_gmt":"2021-10-01T11:37:34","guid":{"rendered":"https:\/\/blog.metu.edu.tr\/bayer\/?page_id=348"},"modified":"2025-03-12T18:23:37","modified_gmt":"2025-03-12T18:23:37","slug":"events","status":"publish","type":"page","link":"https:\/\/blog.metu.edu.tr\/bayer\/en\/events\/","title":{"rendered":"Events"},"content":{"rendered":"<p><img decoding=\"async\" src=\"https:\/\/blog.metu.edu.tr\/myalcin\/files\/2025\/03\/Screenshot-2025-03-12-211732.png\" alt=\"LCET-25\" \/><\/p>\n<h1 style=\"color:black;font-size:18px\"><a href=\"https:\/\/www.ichmt.org\/lcet-2025\">International Symposium on Low-Carbon Thermal Energy Science and Technology, LCET-25 <\/a>. \u0130stanbul, T\u00fcrkiye<\/h1>\n<p><\/br><br \/>\n<img decoding=\"async\" src=\"https:\/\/blog.metu.edu.tr\/myalcin\/files\/2024\/06\/CHT24.png\" alt=\"CHT-24\" \/><\/p>\n<h1 style=\"color:black;font-size:18px\"><a href=\"https:\/\/www.ichmt.org\/cht-24\">9<sup>th<\/sup> International Symposium on Advances in Computational Heat Transfer, THMT-23 <\/a>. \u0130stanbul, T\u00fcrkiye<\/h1>\n<p><\/br><br \/>\n<img decoding=\"async\" src=\"https:\/\/blog.metu.edu.tr\/e253383\/files\/2022\/11\/THMT_23-scaled.jpeg\" alt=\"THMT-23\" \/><\/p>\n<h1 style=\"color:black;font-size:18px\"><a href=\"http:\/\/www.thmt-23.org\/\">10<sup>th<\/sup> International Symposium on Turbulance, Heat and Mass Transfer, THMT-23 <\/a>. Rome, Italy<\/h1>\n<p><\/br><br \/>\n<img decoding=\"async\" src=\"https:\/\/blog.metu.edu.tr\/e253383\/files\/2022\/11\/RAD-23.png\" alt=\"RAD-23\" \/><\/p>\n<h1 style=\"color:black;font-size:18px\"><a href=\"https:\/\/www.ichmt.org\/rad-23\">10<sup>th<\/sup> International Symposium on Radiative Transfer, RAD-23 <\/a>. Thessaloniki, Greece<\/h1>\n<p><\/br><\/p>\n","protected":false},"excerpt":{"rendered":"<p>International Symposium on Low-Carbon Thermal Energy Science and Technology, LCET-25 . \u0130stanbul, T\u00fcrkiye 9th International Symposium on Advances in Computational Heat Transfer, THMT-23 . \u0130stanbul, T\u00fcrkiye 10th International Symposium on Turbulance, Heat and Mass Transfer, THMT-23 . Rome, Italy 10th <a class=\"more-link\" href=\"https:\/\/blog.metu.edu.tr\/bayer\/en\/events\/\">Read More &#8230;<\/a><\/p>\n","protected":false},"author":7827,"featured_media":0,"parent":0,"menu_order":5,"comment_status":"closed","ping_status":"closed","template":"","meta":{"footnotes":"","_links_to":"","_links_to_target":""},"class_list":["post-348","page","type-page","status-publish","hentry"],"_links":{"self":[{"href":"https:\/\/blog.metu.edu.tr\/bayer\/en\/wp-json\/wp\/v2\/pages\/348","targetHints":{"allow":["GET"]}}],"collection":[{"href":"https:\/\/blog.metu.edu.tr\/bayer\/en\/wp-json\/wp\/v2\/pages"}],"about":[{"href":"https:\/\/blog.metu.edu.tr\/bayer\/en\/wp-json\/wp\/v2\/types\/page"}],"author":[{"embeddable":true,"href":"https:\/\/blog.metu.edu.tr\/bayer\/en\/wp-json\/wp\/v2\/users\/7827"}],"replies":[{"embeddable":true,"href":"https:\/\/blog.metu.edu.tr\/bayer\/en\/wp-json\/wp\/v2\/comments?post=348"}],"version-history":[{"count":0,"href":"https:\/\/blog.metu.edu.tr\/bayer\/en\/wp-json\/wp\/v2\/pages\/348\/revisions"}],"wp:attachment":[{"href":"https:\/\/blog.metu.edu.tr\/bayer\/en\/wp-json\/wp\/v2\/media?parent=348"}],"curies":[{"name":"wp","href":"https:\/\/api.w.org\/{rel}","templated":true}]}}