{"id":340,"date":"2021-09-30T11:41:08","date_gmt":"2021-09-30T11:41:08","guid":{"rendered":"https:\/\/blog.metu.edu.tr\/bayer\/?page_id=340"},"modified":"2025-08-22T06:46:55","modified_gmt":"2025-08-22T06:46:55","slug":"people","status":"publish","type":"page","link":"https:\/\/blog.metu.edu.tr\/bayer\/en\/people\/","title":{"rendered":"People"},"content":{"rendered":"\n<table id=\"tablepress-2\" class=\"tablepress tablepress-id-2\">\n<tbody class=\"row-striping row-hover\">\n<tr class=\"row-1\">\n\t<td class=\"column-1\"><img loading=\"lazy\" decoding=\"async\" src=\"https:\/\/blog.metu.edu.tr\/e253383\/files\/2022\/07\/Houman-Adl.jpeg\" alt=\"\" width=\"300\" height=\"300\" class=\"aligncenter size-medium wp-image-326\" \/><\/td><td class=\"column-2\"><b><u>Houman Farshineh Adl<\/b><\/u><br \/>\n<br \/>\nHe studied BSc in Mechanical Engineering at Sharif University of Technology and he continued his studies at University of Tehran as MSc student. Currently, he is a PhD candidate in Mechanical Engineering at Middle East Technical University. His main interests are phase change materials (PCMs) and their heat transfer characteristics, Computational Fluid Dynamics (CFD), and involvement of compressibility of fluids while using CFD.<br \/>\n<br \/>\n<br \/>\n<b>Thesis Title:<\/b> Effect of Forced Convection and Compressibility on Transient Behavior of PCM in a Cavity<\/td>\n<\/tr>\n<tr class=\"row-2\">\n\t<td class=\"column-1\"><img loading=\"lazy\" decoding=\"async\" src=\"https:\/\/blog.metu.edu.tr\/myalcin\/files\/2024\/05\/Talip-Mollahuseyinoglu1.png\" alt=\"\" width=\"300\" height=\"300\" class=\"aligncenter size-medium wp-image-305\" \/><\/td><td class=\"column-2\"><b><u>Talip Mollah\u00fcseyino\u011flu<\/b><\/u><br \/>\n<br \/>\nHe graduated from Middle East Technical University in 2023. He started his master's degree in 2024. His areas of interest are heat transfer and fluid dynamics.<br \/>\n<br \/>\n<b>Thesis Title:<\/b> Investigation of a Heat Sink with Phase Change Material for Transient Electronic Cooling<br \/>\n<\/td>\n<\/tr>\n<\/tbody>\n<\/table>\n<!-- #tablepress-2 from cache -->\n<p><\/br><br \/>\n<b><u>Undergraduate Students<\/u><\/b><\/p>\n<p>Furkan Azman, Kutay \u00d6z\u015fahiner, Anar Alizadeh, \u00d6mer Faruk Do\u011frul, Ay\u015fenur Din\u00e7er, U\u011fur Ozan Baygeldi, Ali Al-Bdaer, Omar Atoui, Muhammad Ebrahim Chaudhry, Kayra Akkurt<\/p>\n<p><b><u>Research Group Past Members<\/u><\/b><\/p>\n<p>Selin Erdo\u011fan<br \/>\n<i>MSc, METU, 2024<\/i><\/p>\n<p>\u00c7etin Ak\u00e7ay<br \/>\n<i>MSc, METU, 2024<\/i><\/p>\n<p>Elyas Salamatbakhsh<br \/>\n<i>MSc, METU, 2024<\/i><\/p>\n<p>Nursel G\u00fcler<br \/>\n<i>MSc, METU, 2024<\/i><\/p>\n<p>Seyedmohsen Baghaei Oskouei<br \/>\n<i>MSc, METU, 2023<\/i><\/p>\n<p>Abdurrahman Ate\u015f<br \/>\n<i>MSc, METU, 2022<\/i><\/p>\n<p>\u0130rem Karakaya<br \/>\n<i>MSc, METU, 2022<\/i><\/p>\n<p>Ay\u015fe U\u011fur<br \/>\n<i>MSc, METU, 2022<\/i><\/p>\n<p>Deniz P\u0131narl\u0131<br \/>\n<i>MSc, METU, 2022<\/i><\/p>\n","protected":false},"excerpt":{"rendered":"<p>Undergraduate Students Furkan Azman, Kutay \u00d6z\u015fahiner, Anar Alizadeh, \u00d6mer Faruk Do\u011frul, Ay\u015fenur Din\u00e7er, U\u011fur Ozan Baygeldi, Ali Al-Bdaer, Omar Atoui, Muhammad Ebrahim Chaudhry, Kayra Akkurt Research Group Past Members Selin Erdo\u011fan MSc, METU, 2024 \u00c7etin Ak\u00e7ay MSc, METU, 2024 Elyas <a class=\"more-link\" href=\"https:\/\/blog.metu.edu.tr\/bayer\/en\/people\/\">Read More &#8230;<\/a><\/p>\n","protected":false},"author":7827,"featured_media":0,"parent":0,"menu_order":3,"comment_status":"closed","ping_status":"closed","template":"","meta":{"footnotes":"","_links_to":"","_links_to_target":""},"class_list":["post-340","page","type-page","status-publish","hentry"],"_links":{"self":[{"href":"https:\/\/blog.metu.edu.tr\/bayer\/en\/wp-json\/wp\/v2\/pages\/340","targetHints":{"allow":["GET"]}}],"collection":[{"href":"https:\/\/blog.metu.edu.tr\/bayer\/en\/wp-json\/wp\/v2\/pages"}],"about":[{"href":"https:\/\/blog.metu.edu.tr\/bayer\/en\/wp-json\/wp\/v2\/types\/page"}],"author":[{"embeddable":true,"href":"https:\/\/blog.metu.edu.tr\/bayer\/en\/wp-json\/wp\/v2\/users\/7827"}],"replies":[{"embeddable":true,"href":"https:\/\/blog.metu.edu.tr\/bayer\/en\/wp-json\/wp\/v2\/comments?post=340"}],"version-history":[{"count":0,"href":"https:\/\/blog.metu.edu.tr\/bayer\/en\/wp-json\/wp\/v2\/pages\/340\/revisions"}],"wp:attachment":[{"href":"https:\/\/blog.metu.edu.tr\/bayer\/en\/wp-json\/wp\/v2\/media?parent=340"}],"curies":[{"name":"wp","href":"https:\/\/api.w.org\/{rel}","templated":true}]}}