{"id":36,"date":"2018-01-27T01:59:26","date_gmt":"2018-01-27T01:59:26","guid":{"rendered":"http:\/\/blog.metu.edu.tr\/barutcu\/?page_id=36"},"modified":"2026-02-04T17:43:28","modified_gmt":"2026-02-04T17:43:28","slug":"education","status":"publish","type":"page","link":"https:\/\/blog.metu.edu.tr\/barutcu\/education\/","title":{"rendered":"Education"},"content":{"rendered":"<ul>\n<li>2018-Postdoc, Department of Counseling and Educational\u00a0 Psychology, Indiana University, Bloomington, Indiana, USA.<\/li>\n<li>2015- Ph.D., Educational Sciences, Psychological Counseling and Guidance, Middle East Technical University, Ankara, T\u00fcrkiye.<\/li>\n<li>2009 &#8211; M. S., Educational Sciences, Psychological Counseling and Guidance, Middle East Technical University, Ankara, T\u00fcrkiye.<\/li>\n<li>2006 &#8211; B. S., Undergraduate Program in Science Education, Bo\u011fazi\u00e7i University, Istanbul, T\u00fcrkiye.<\/li>\n<li>2006 &#8211; B. S., Undergraduate Program in\u00a0 Math Education, Bo\u011fazi\u00e7i University, Istanbul, T\u00fcrkiye.<\/li>\n<\/ul>\n","protected":false},"excerpt":{"rendered":"<p>2018-Postdoc, Department of Counseling and Educational\u00a0 Psychology, Indiana University, Bloomington, Indiana, USA. 2015- Ph.D., Educational Sciences, Psychological Counseling and Guidance, Middle East Technical University, Ankara, T\u00fcrkiye. 2009 &#8211; M. S., Educational Sciences, Psychological Counseling and Guidance, Middle East Technical University, Ankara, T\u00fcrkiye. 2006 &#8211; B. S., Undergraduate Program in Science Education, Bo\u011fazi\u00e7i University, Istanbul, T\u00fcrkiye. [&hellip;]<\/p>\n","protected":false},"author":5306,"featured_media":0,"parent":0,"menu_order":0,"comment_status":"closed","ping_status":"closed","template":"","meta":{"footnotes":"","_links_to":"","_links_to_target":""},"class_list":["post-36","page","type-page","status-publish","hentry"],"_links":{"self":[{"href":"https:\/\/blog.metu.edu.tr\/barutcu\/wp-json\/wp\/v2\/pages\/36","targetHints":{"allow":["GET"]}}],"collection":[{"href":"https:\/\/blog.metu.edu.tr\/barutcu\/wp-json\/wp\/v2\/pages"}],"about":[{"href":"https:\/\/blog.metu.edu.tr\/barutcu\/wp-json\/wp\/v2\/types\/page"}],"author":[{"embeddable":true,"href":"https:\/\/blog.metu.edu.tr\/barutcu\/wp-json\/wp\/v2\/users\/5306"}],"replies":[{"embeddable":true,"href":"https:\/\/blog.metu.edu.tr\/barutcu\/wp-json\/wp\/v2\/comments?post=36"}],"version-history":[{"count":0,"href":"https:\/\/blog.metu.edu.tr\/barutcu\/wp-json\/wp\/v2\/pages\/36\/revisions"}],"wp:attachment":[{"href":"https:\/\/blog.metu.edu.tr\/barutcu\/wp-json\/wp\/v2\/media?parent=36"}],"curies":[{"name":"wp","href":"https:\/\/api.w.org\/{rel}","templated":true}]}}