{"id":24,"date":"2018-01-26T18:42:30","date_gmt":"2018-01-26T18:42:30","guid":{"rendered":"http:\/\/blog.metu.edu.tr\/barutcu\/?page_id=24"},"modified":"2021-03-19T12:39:47","modified_gmt":"2021-03-19T12:39:47","slug":"contact","status":"publish","type":"page","link":"https:\/\/blog.metu.edu.tr\/barutcu\/contact\/","title":{"rendered":"Contact"},"content":{"rendered":"<p><strong>Funda Barut\u00e7u Y\u0131ld\u0131r\u0131m, PhD<\/strong><br \/>\nMiddle East Technical University, Faculty of Education, Department of Educational Sciences, Psychological Counseling and Guidance Program,\u00a0Ankara, TURKEY<br \/>\nbarutcu@metu.edu.tr<\/p>\n","protected":false},"excerpt":{"rendered":"<p>Funda Barut\u00e7u Y\u0131ld\u0131r\u0131m, PhD Middle East Technical University, Faculty of Education, Department of Educational Sciences, Psychological Counseling and Guidance Program,\u00a0Ankara, TURKEY barutcu@metu.edu.tr<\/p>\n","protected":false},"author":5306,"featured_media":0,"parent":0,"menu_order":0,"comment_status":"closed","ping_status":"closed","template":"","meta":{"footnotes":"","_links_to":"","_links_to_target":""},"class_list":["post-24","page","type-page","status-publish","hentry"],"_links":{"self":[{"href":"https:\/\/blog.metu.edu.tr\/barutcu\/wp-json\/wp\/v2\/pages\/24","targetHints":{"allow":["GET"]}}],"collection":[{"href":"https:\/\/blog.metu.edu.tr\/barutcu\/wp-json\/wp\/v2\/pages"}],"about":[{"href":"https:\/\/blog.metu.edu.tr\/barutcu\/wp-json\/wp\/v2\/types\/page"}],"author":[{"embeddable":true,"href":"https:\/\/blog.metu.edu.tr\/barutcu\/wp-json\/wp\/v2\/users\/5306"}],"replies":[{"embeddable":true,"href":"https:\/\/blog.metu.edu.tr\/barutcu\/wp-json\/wp\/v2\/comments?post=24"}],"version-history":[{"count":0,"href":"https:\/\/blog.metu.edu.tr\/barutcu\/wp-json\/wp\/v2\/pages\/24\/revisions"}],"wp:attachment":[{"href":"https:\/\/blog.metu.edu.tr\/barutcu\/wp-json\/wp\/v2\/media?parent=24"}],"curies":[{"name":"wp","href":"https:\/\/api.w.org\/{rel}","templated":true}]}}