{"id":23,"date":"2018-01-26T18:42:29","date_gmt":"2018-01-26T18:42:29","guid":{"rendered":"http:\/\/blog.metu.edu.tr\/barutcu\/?page_id=23"},"modified":"2025-06-28T11:36:31","modified_gmt":"2025-06-28T11:36:31","slug":"awards","status":"publish","type":"page","link":"https:\/\/blog.metu.edu.tr\/barutcu\/awards\/","title":{"rendered":"Thesis Students"},"content":{"rendered":"\n<div class=\"wp-block-media-text is-stacked-on-mobile\" style=\"grid-template-columns:26% auto\"><figure class=\"wp-block-media-text__media\"><img loading=\"lazy\" decoding=\"async\" width=\"769\" height=\"1024\" src=\"https:\/\/blog.metu.edu.tr\/barutcu\/files\/2025\/01\/a82ed63d-25fc-4e34-9042-ab6b02351e66-1-769x1024.jpeg\" alt=\"\" class=\"wp-image-109 size-full\" srcset=\"https:\/\/blog.metu.edu.tr\/barutcu\/files\/2025\/01\/a82ed63d-25fc-4e34-9042-ab6b02351e66-1-769x1024.jpeg 769w, https:\/\/blog.metu.edu.tr\/barutcu\/files\/2025\/01\/a82ed63d-25fc-4e34-9042-ab6b02351e66-1-225x300.jpeg 225w, https:\/\/blog.metu.edu.tr\/barutcu\/files\/2025\/01\/a82ed63d-25fc-4e34-9042-ab6b02351e66-1-768x1023.jpeg 768w, https:\/\/blog.metu.edu.tr\/barutcu\/files\/2025\/01\/a82ed63d-25fc-4e34-9042-ab6b02351e66-1-1153x1536.jpeg 1153w, https:\/\/blog.metu.edu.tr\/barutcu\/files\/2025\/01\/a82ed63d-25fc-4e34-9042-ab6b02351e66-1.jpeg 1537w\" sizes=\"auto, (max-width: 769px) 100vw, 769px\" \/><\/figure><div class=\"wp-block-media-text__content\">\n<p>1. Nureda Ta\u015fkesen, 2022, <em>M<\/em>.Sc., <strong><a href=\"https:\/\/avesis.metu.edu.tr\/yonetilen-tez\/200748b0-cad6-48d9-a60d-3bd4246351b7\/insecure-attachment-and-relationship-satisfaction-testing-the-buffering-roles-of-mindfulness-self-compassion-and-cognitive-defusion\" target=\"_blank\" rel=\"noreferrer noopener\">Insecure Attachment and Relationship Satisfaction: Testing the Buffering Roles of Mindfulness, Self-Compassion, and Cognitive Defusion<\/a><\/strong><\/p>\n<\/div><\/div>\n\n\n\n<p><\/p>\n\n\n\n<div class=\"wp-block-media-text is-stacked-on-mobile\" style=\"grid-template-columns:26% auto\"><figure class=\"wp-block-media-text__media\"><img loading=\"lazy\" decoding=\"async\" width=\"1024\" height=\"966\" src=\"https:\/\/blog.metu.edu.tr\/barutcu\/files\/2025\/06\/Ekran-Resmi-2025-06-28-14.32.17-1024x966.png\" alt=\"\" class=\"wp-image-128 size-full\" srcset=\"https:\/\/blog.metu.edu.tr\/barutcu\/files\/2025\/06\/Ekran-Resmi-2025-06-28-14.32.17-1024x966.png 1024w, https:\/\/blog.metu.edu.tr\/barutcu\/files\/2025\/06\/Ekran-Resmi-2025-06-28-14.32.17-300x283.png 300w, https:\/\/blog.metu.edu.tr\/barutcu\/files\/2025\/06\/Ekran-Resmi-2025-06-28-14.32.17-768x724.png 768w, https:\/\/blog.metu.edu.tr\/barutcu\/files\/2025\/06\/Ekran-Resmi-2025-06-28-14.32.17.png 1088w\" sizes=\"auto, (max-width: 1024px) 100vw, 1024px\" \/><\/figure><div class=\"wp-block-media-text__content\">\n<p>2. Metin Pulat, 2022, <em>M<\/em>.Sc., <a href=\"https:\/\/avesis.metu.edu.tr\/advisingtheses\/details\/d4c2ff44-af8c-4a60-8579-8c843f900d8d\/online-counseling-what-do-clients-and-psychological-counselors-experience-and-think\"><strong>Online Counseling: What do Clients and Psychological Counselors Experience and Think?<\/strong><\/a><\/p>\n<\/div><\/div>\n\n\n\n<p><\/p>\n\n\n\n<div class=\"wp-block-media-text is-stacked-on-mobile\" style=\"grid-template-columns:26% auto\"><figure class=\"wp-block-media-text__media\"><img loading=\"lazy\" decoding=\"async\" width=\"768\" height=\"1024\" src=\"https:\/\/blog.metu.edu.tr\/barutcu\/files\/2025\/01\/PHOTO-2023-01-20-19-52-38-2.jpg\" alt=\"\" class=\"wp-image-112 size-full\" srcset=\"https:\/\/blog.metu.edu.tr\/barutcu\/files\/2025\/01\/PHOTO-2023-01-20-19-52-38-2.jpg 768w, https:\/\/blog.metu.edu.tr\/barutcu\/files\/2025\/01\/PHOTO-2023-01-20-19-52-38-2-225x300.jpg 225w\" sizes=\"auto, (max-width: 768px) 100vw, 768px\" \/><\/figure><div class=\"wp-block-media-text__content\">\n<p>3. Azize B\u00fc\u015fra \u00d6zbilgin \u0130\u015fildak, 2023, <em>M<\/em>.Sc., <a href=\"https:\/\/avesis.metu.edu.tr\/yonetilen-tez\/ed61816b-46ac-4c00-9822-66f34f74ab40\/predictor-roles-of-self-compassion-parental-reflective-functioning-and-perfectionism-on-parental-stress\" target=\"_blank\" rel=\"noreferrer noopener\"><strong>Predictor Roles of Self-Compassion, Parental Reflective Functioning, and Perfectionism on Parental Stress<\/strong><\/a><\/p>\n<\/div><\/div>\n\n\n\n<p><\/p>\n\n\n\n<div class=\"wp-block-media-text is-stacked-on-mobile\" style=\"grid-template-columns:26% auto\"><figure class=\"wp-block-media-text__media\"><img loading=\"lazy\" decoding=\"async\" width=\"768\" height=\"1024\" src=\"https:\/\/blog.metu.edu.tr\/barutcu\/files\/2025\/01\/perim.mezuniyet-1-768x1024.jpg\" alt=\"\" class=\"wp-image-111 size-full\" srcset=\"https:\/\/blog.metu.edu.tr\/barutcu\/files\/2025\/01\/perim.mezuniyet-1-768x1024.jpg 768w, https:\/\/blog.metu.edu.tr\/barutcu\/files\/2025\/01\/perim.mezuniyet-1-225x300.jpg 225w, https:\/\/blog.metu.edu.tr\/barutcu\/files\/2025\/01\/perim.mezuniyet-1-1152x1536.jpg 1152w, https:\/\/blog.metu.edu.tr\/barutcu\/files\/2025\/01\/perim.mezuniyet-1.jpg 1500w\" sizes=\"auto, (max-width: 768px) 100vw, 768px\" \/><\/figure><div class=\"wp-block-media-text__content\">\n<p>4. Perim Uyar, 2023, <em>M<\/em>.Sc., <a href=\"https:\/\/avesis.metu.edu.tr\/advisingtheses\/details\/f72805da-80a7-49a1-822a-ddcd8509ab9e\/the-mediating-role-of-self-efficacy-in-romantic-relationships-in-the-relationship-between-self-compassion-and-romantic-relationship-satisfaction\" target=\"_blank\" rel=\"noreferrer noopener\"><strong>The Mediating Role of Self-efficacy in Romantic Relationships in the Relationship Between Self-compassion and Romantic Relationship Satisfaction<\/strong><\/a><\/p>\n<\/div><\/div>\n\n\n\n<p><\/p>\n\n\n\n<div class=\"wp-block-media-text is-stacked-on-mobile is-image-fill-element\" style=\"grid-template-columns:26% auto\"><figure class=\"wp-block-media-text__media\"><img loading=\"lazy\" decoding=\"async\" width=\"853\" height=\"1024\" src=\"https:\/\/blog.metu.edu.tr\/barutcu\/files\/2025\/01\/6a014f0a-0a8a-4db9-9aaa-c3dd6a557763-853x1024.jpg\" alt=\"\" class=\"wp-image-116 size-full\" style=\"object-position:50% 50%\" srcset=\"https:\/\/blog.metu.edu.tr\/barutcu\/files\/2025\/01\/6a014f0a-0a8a-4db9-9aaa-c3dd6a557763-853x1024.jpg 853w, https:\/\/blog.metu.edu.tr\/barutcu\/files\/2025\/01\/6a014f0a-0a8a-4db9-9aaa-c3dd6a557763-250x300.jpg 250w, https:\/\/blog.metu.edu.tr\/barutcu\/files\/2025\/01\/6a014f0a-0a8a-4db9-9aaa-c3dd6a557763-768x922.jpg 768w, https:\/\/blog.metu.edu.tr\/barutcu\/files\/2025\/01\/6a014f0a-0a8a-4db9-9aaa-c3dd6a557763-1279x1536.jpg 1279w, https:\/\/blog.metu.edu.tr\/barutcu\/files\/2025\/01\/6a014f0a-0a8a-4db9-9aaa-c3dd6a557763-1706x2048.jpg 1706w, https:\/\/blog.metu.edu.tr\/barutcu\/files\/2025\/01\/6a014f0a-0a8a-4db9-9aaa-c3dd6a557763.jpg 1933w\" sizes=\"auto, (max-width: 853px) 100vw, 853px\" \/><\/figure><div class=\"wp-block-media-text__content\">\n<p>5. Ece Nur Boranl\u0131, 2024, <em>M<\/em>.Sc., <a href=\"https:\/\/avesis.metu.edu.tr\/yonetilen-tez\/981d4034-c4bd-43b9-86eb-865b55be88a8\/while-putting-on-the-shoes-a-qualitative-study-on-experiences-in-the-pre-departure-phase-of-migration\" target=\"_blank\" rel=\"noreferrer noopener\"><strong>While Putting on the Shoes: A Qualitative  Study on Experiences in the Pre-Departure of Migration <\/strong><\/a><\/p>\n<\/div><\/div>\n\n\n\n<p><\/p>\n\n\n\n<div class=\"wp-block-media-text is-stacked-on-mobile is-image-fill-element\" style=\"grid-template-columns:26% auto\"><figure class=\"wp-block-media-text__media\"><img loading=\"lazy\" decoding=\"async\" width=\"644\" height=\"810\" src=\"https:\/\/blog.metu.edu.tr\/barutcu\/files\/2025\/01\/259c68e3-6aca-458b-9858-c3c344a48e03-2.jpg\" alt=\"\" class=\"wp-image-117 size-full\" style=\"object-position:50% 50%\" srcset=\"https:\/\/blog.metu.edu.tr\/barutcu\/files\/2025\/01\/259c68e3-6aca-458b-9858-c3c344a48e03-2.jpg 644w, https:\/\/blog.metu.edu.tr\/barutcu\/files\/2025\/01\/259c68e3-6aca-458b-9858-c3c344a48e03-2-239x300.jpg 239w\" sizes=\"auto, (max-width: 644px) 100vw, 644px\" \/><\/figure><div class=\"wp-block-media-text__content\">\n<p>6. Gizem Ekici, 2024, <em>M<\/em>.Sc., <a href=\"https:\/\/avesis.metu.edu.tr\/yonetilen-tez\/c1f61390-bf33-4f52-88c7-4f6ae4bdcf6a\/the-relationship-between-mindfulness-and-counseling-self-efficacy-among-counselor-trainees-mediating-roles-of-self-compassion-and-anxiety\" target=\"_blank\" rel=\"noreferrer noopener\"><strong>The Relationship Between Mindfulness and Counseling Self-Efficacy Among Counselor Trainees: Mediating Roles of Self-Compassion and Anxiety<\/strong><\/a><\/p>\n<\/div><\/div>\n\n\n\n<div class=\"wp-block-media-text is-stacked-on-mobile\"><figure class=\"wp-block-media-text__media\"><\/figure><div class=\"wp-block-media-text__content\">\n<p><\/p>\n<\/div><\/div>\n\n\n\n<div class=\"wp-block-media-text is-stacked-on-mobile\" style=\"grid-template-columns:26% auto\"><figure class=\"wp-block-media-text__media\"><img loading=\"lazy\" decoding=\"async\" width=\"548\" height=\"622\" src=\"https:\/\/blog.metu.edu.tr\/barutcu\/files\/2025\/06\/Ekran-Resmi-2025-06-28-14.21.46.png\" alt=\"\" class=\"wp-image-127 size-full\" srcset=\"https:\/\/blog.metu.edu.tr\/barutcu\/files\/2025\/06\/Ekran-Resmi-2025-06-28-14.21.46.png 548w, https:\/\/blog.metu.edu.tr\/barutcu\/files\/2025\/06\/Ekran-Resmi-2025-06-28-14.21.46-264x300.png 264w\" sizes=\"auto, (max-width: 548px) 100vw, 548px\" \/><\/figure><div class=\"wp-block-media-text__content\">\n<p>7. Gizem Tellio\u011flu, 2025, <em>M<\/em>.Sc.,The Predictive Role of Relationship Maintenance Behaviors, Irrational Relationship Beliefs, Reappraisal, and Suppression in Long-Distance Relationship Satisfaction<\/p>\n<\/div><\/div>\n\n\n\n<p><\/p>\n","protected":false},"excerpt":{"rendered":"<p>1. Nureda Ta\u015fkesen, 2022, M.Sc., Insecure Attachment and Relationship Satisfaction: Testing the Buffering Roles of Mindfulness, Self-Compassion, and Cognitive Defusion 2. Metin Pulat, 2022, M.Sc., Online Counseling: What do Clients and Psychological Counselors Experience and Think? 3. Azize B\u00fc\u015fra \u00d6zbilgin \u0130\u015fildak, 2023, M.Sc., Predictor Roles of Self-Compassion, Parental Reflective Functioning, and Perfectionism on Parental Stress [&hellip;]<\/p>\n","protected":false},"author":5306,"featured_media":0,"parent":0,"menu_order":0,"comment_status":"closed","ping_status":"closed","template":"","meta":{"footnotes":"","_links_to":"","_links_to_target":""},"class_list":["post-23","page","type-page","status-publish","hentry"],"_links":{"self":[{"href":"https:\/\/blog.metu.edu.tr\/barutcu\/wp-json\/wp\/v2\/pages\/23","targetHints":{"allow":["GET"]}}],"collection":[{"href":"https:\/\/blog.metu.edu.tr\/barutcu\/wp-json\/wp\/v2\/pages"}],"about":[{"href":"https:\/\/blog.metu.edu.tr\/barutcu\/wp-json\/wp\/v2\/types\/page"}],"author":[{"embeddable":true,"href":"https:\/\/blog.metu.edu.tr\/barutcu\/wp-json\/wp\/v2\/users\/5306"}],"replies":[{"embeddable":true,"href":"https:\/\/blog.metu.edu.tr\/barutcu\/wp-json\/wp\/v2\/comments?post=23"}],"version-history":[{"count":0,"href":"https:\/\/blog.metu.edu.tr\/barutcu\/wp-json\/wp\/v2\/pages\/23\/revisions"}],"wp:attachment":[{"href":"https:\/\/blog.metu.edu.tr\/barutcu\/wp-json\/wp\/v2\/media?parent=23"}],"curies":[{"name":"wp","href":"https:\/\/api.w.org\/{rel}","templated":true}]}}