{"id":22,"date":"2018-01-26T18:42:29","date_gmt":"2018-01-26T18:42:29","guid":{"rendered":"http:\/\/blog.metu.edu.tr\/barutcu\/?page_id=22"},"modified":"2026-02-05T14:08:01","modified_gmt":"2026-02-05T14:08:01","slug":"projects","status":"publish","type":"page","link":"https:\/\/blog.metu.edu.tr\/barutcu\/projects\/","title":{"rendered":"Projects"},"content":{"rendered":"<p><strong>Year, Project Code, Procject Name, Granted by, Position in the Project<\/strong><\/p>\n<ul>\n<li>2025-2026, 2024-1-NO02-KA220-YOU-0002445, MEtaverse Futures: Education Beyond Realms (MEFER), Erasmus Project, Researcher<\/li>\n<li>2024-2028, CA23153, Digital Mental Health for Young People (YouthDMH), COST European Cooperation in Science &amp; Technology, Researcher<\/li>\n<li>2023-2027, CA22156, Transformations International Experience and Research Network for Sustainable Futures(TransformERS), COST European Cooperation in Science &amp; Technology, Researcher\u00a0<\/li>\n<li>2025, T\u00dcB\u0130TAK 2237-A, Kapsay\u0131c\u0131 Bir \u00d6\u011frenme Ortam\u0131n\u0131n Te\u015fvik Edilmesinde Resimli Hikaye Kitaplar\u0131 -II [Picture Storybooks in Promoting an Inclusive Learning Environment], The Scientific and Technological Research Council of Turkey, Educator<\/li>\n<li>2024, T\u00dcB\u0130TAK 2237-A, \u00d6\u011fretmen G\u00fc\u00e7lendirme Arac\u0131 Olarak Eylem Ara\u015ft\u0131rmas\u0131-II [Action Research as an Teacher Empowerment Tool-II], The Scientific and Technological Research Council of Turkey, Educator<\/li>\n<li>2023, T\u00dcB\u0130TAK 2237-A, Kapsay\u0131c\u0131 Bir \u00d6\u011frenme Ortam\u0131n\u0131n Te\u015fvik Edilmesinde Resimli Hikaye Kitaplar\u0131\u00a0 [Picture Storybooks in Promoting an Inclusive Learning Environment], The Scientific and Technological Research Council of Turkey, Educator<\/li>\n<li>2016-2017, ODTU- BAP-08-11-2016-005, Ara\u015ft\u0131rma g\u00f6revlilerine y\u00f6nelik etkili \u00f6\u011fretim program\u0131 geli\u015ftirilmesi [Development of an effecting teaching program for research assistant] Scientific Research Projects, Middle East Technical University, Researcher<\/li>\n<li>2011-2012, ODTU-BAP\u201308-11-2011-008, \u00dcniversite ya\u015fam\u0131na kat\u0131l\u0131m d\u00fczeyleri ODT\u00dc \u00f6\u011frencilerinin ba\u015far\u0131lar\u0131n\u0131 nas\u0131l etkiliyor? [How do student engagement\u00a0 levels affect METU students\u2019 achievement?] Scientific Research Projects, Middle East Technical University, Researcher<\/li>\n<li>2010-2011, T\u00dcB\u0130TAK 110B037 , YazUzaY [Summer Space Camp for children with low SES], The Scientific and Technological Research Council of Turkey, Specialist<\/li>\n<li>2008-2009, T\u00dcB\u0130TAK 108B044, Minik \u00f6\u011fretmenler bilime dokunuyor [Little teachers are engaging with science], The Scientific and Technological Research Council of Turkey, Educator<\/li>\n<li>2007-2009, T\u00dcB\u0130TAK SOBAG 107K034, K\u0131zlar\u0131n\u0131 okutmayan ebeveynlerin k\u0131zlar\u0131n e\u011fitimine ili\u015fkin tutumlar\u0131 [An exploration of parental attitudes towards girls\u2019 education], The Scientific and Technological Research Council of Turkey, Scholarship Holder<\/li>\n<\/ul>\n\n\n<p><\/p>\n","protected":false},"excerpt":{"rendered":"<p>Year, Project Code, Procject Name, Granted by, Position in the Project 2025-2026, 2024-1-NO02-KA220-YOU-0002445, MEtaverse Futures: Education Beyond Realms (MEFER), Erasmus Project, Researcher 2024-2028, CA23153, Digital Mental Health for Young People (YouthDMH), COST European Cooperation in Science &amp; Technology, Researcher 2023-2027, CA22156, Transformations International Experience and Research Network for Sustainable Futures(TransformERS), COST European Cooperation in Science [&hellip;]<\/p>\n","protected":false},"author":5306,"featured_media":0,"parent":0,"menu_order":0,"comment_status":"closed","ping_status":"closed","template":"","meta":{"footnotes":"","_links_to":"","_links_to_target":""},"class_list":["post-22","page","type-page","status-publish","hentry"],"_links":{"self":[{"href":"https:\/\/blog.metu.edu.tr\/barutcu\/wp-json\/wp\/v2\/pages\/22","targetHints":{"allow":["GET"]}}],"collection":[{"href":"https:\/\/blog.metu.edu.tr\/barutcu\/wp-json\/wp\/v2\/pages"}],"about":[{"href":"https:\/\/blog.metu.edu.tr\/barutcu\/wp-json\/wp\/v2\/types\/page"}],"author":[{"embeddable":true,"href":"https:\/\/blog.metu.edu.tr\/barutcu\/wp-json\/wp\/v2\/users\/5306"}],"replies":[{"embeddable":true,"href":"https:\/\/blog.metu.edu.tr\/barutcu\/wp-json\/wp\/v2\/comments?post=22"}],"version-history":[{"count":0,"href":"https:\/\/blog.metu.edu.tr\/barutcu\/wp-json\/wp\/v2\/pages\/22\/revisions"}],"wp:attachment":[{"href":"https:\/\/blog.metu.edu.tr\/barutcu\/wp-json\/wp\/v2\/media?parent=22"}],"curies":[{"name":"wp","href":"https:\/\/api.w.org\/{rel}","templated":true}]}}