{"id":222,"date":"2019-04-18T13:06:14","date_gmt":"2019-04-18T13:06:14","guid":{"rendered":"http:\/\/blog.metu.edu.tr\/bali\/?page_id=222"},"modified":"2019-10-20T15:30:34","modified_gmt":"2019-10-20T15:30:34","slug":"deg-2019-2020-sonbahar-donemi-basvuru-sayfasi","status":"publish","type":"page","link":"https:\/\/blog.metu.edu.tr\/bali\/deg-2019-2020-sonbahar-donemi-basvuru-sayfasi\/","title":{"rendered":"DEG 2019-2020 SONBAHAR D\u00d6NEM\u0130 BA\u015eVURU SAYFASI"},"content":{"rendered":"<h3><span style=\"color: #ff6600\">DEG 2019-2020 BA\u015eVURULARI KAPANMI\u015eTIR. \u0130LG\u0130N\u0130Z \u0130\u00c7\u0130N TE\u015eEKK\u00dcRLER. DEG 2020 \u0130LKBAHAR BA\u015eVURULARI YAKINDA BURADA OLACAK.<\/span><\/h3>\n<p>Merhaba \u00f6n\u00fcm\u00fczdeki d\u00f6nem a\u00e7\u0131lacak gruplar\u0131n ba\u015fvuru s\u00fcre\u00e7leri hakk\u0131nda bilgi almak i\u00e7in l\u00fctfen a\u015fa\u011f\u0131daki formu doldurun.<\/p>\n<p>Ba\u015fvuru formunu doldurduktan sizi dahil oldu\u011funuz grubun\u00a0 (\u00d6\u011frenci\/Personel\/Mezun)e-posta haberle\u015fme grubuna dahil edece\u011fim. Daha sonra geli\u015fmeleri bu grup \u00fczerinden takip edebilirsiniz.<\/p>\n<p>G\u00f6r\u00fc\u015fmek dile\u011fiyle. Sevgiler. Selamlar.<\/p>\n<p>Dr. Ali Bayramo\u011flu<\/p>\n<p><img loading=\"lazy\" decoding=\"async\" class=\"alignnone wp-image-254 size-medium\" src=\"https:\/\/blog.metu.edu.tr\/bali\/files\/2019\/09\/A3_CHE_FOREST_Flyer-213x300.jpg\" alt=\"\" width=\"213\" height=\"300\" srcset=\"https:\/\/blog.metu.edu.tr\/bali\/files\/2019\/09\/A3_CHE_FOREST_Flyer-213x300.jpg 213w, https:\/\/blog.metu.edu.tr\/bali\/files\/2019\/09\/A3_CHE_FOREST_Flyer-768x1080.jpg 768w, https:\/\/blog.metu.edu.tr\/bali\/files\/2019\/09\/A3_CHE_FOREST_Flyer-728x1024.jpg 728w\" sizes=\"auto, (max-width: 213px) 100vw, 213px\" \/><\/p>\n<p>BA\u015eVURU FORMU A\u015eA\u011eIDADIR<\/p>\n<h2>ODT\u00dc DEG HAKKINDA<\/h2>\n<p>Bu d\u00f6nem a\u00e7\u0131lacak olan Davran\u0131\u015fsal Esneme grubu anda olma becerilerine, yani &#8220;<em><strong>AYNAG\u00d6N\u00dcL<\/strong><\/em>&#8220;e odaklanacakt\u0131r. \u201cAnda olmak\u201d, pek \u00e7ok farkl\u0131 k\u00fclt\u00fcrde farkl\u0131 isimlerle ele al\u0131nm\u0131\u015ft\u0131r: Sati, Mindfulness, Carpe Diem.<\/p>\n<p>Davran\u0131\u015fsal Esneme (DE); yeni nesil davran\u0131\u015f terapileri, ba\u011flamsal bilim felsefesi ve Anadolu k\u00fclt\u00fcr\u00fcn\u00fc sentezleyen bir psikoloji \u00fcslubudur.<strong>\u00a0Aynag\u00f6n\u00fcl\u00a0<\/strong>ise DE\u2019nin anda olma becerilerinin ortak ismidir.<\/p>\n<p>DE, ana ak\u0131m psikolojilerin aksine duygusal ac\u0131y\u0131 ( \u00f6rn. h\u00fcz\u00fcn, kayg\u0131, belirsizlik, stres) yok etmek yerine\u00a0<strong>duygusal ac\u0131y\u0131 kabul etme<\/strong>yi ve ki\u015finin duygusal ac\u0131yla temas etme becerilerini art\u0131rmay\u0131 hedefler.<\/p>\n<p>DE, d\u00fc\u015f\u00fcncelerin\/duygular\u0131n davran\u0131\u015flar\u0131n nedeni olmad\u0131\u011f\u0131n\u0131 ve d\u00fc\u015f\u00fcncelerimizi\/duygular\u0131m\u0131z\u0131 kontrol edemeyece\u011fimizi varsayar. DE, genel olarak i\u00e7 d\u00fcnyadaki deneyimleri <strong>kabul <\/strong>etmeyi \u00f6\u011fretirken ki\u015fiye hayat\u0131n\u0131n\u00a0<strong>kontrol<\/strong>\u00fcn\u00fc olabildi\u011fince ele almas\u0131nda yard\u0131m eder.<\/p>\n<p><em><strong>Bu \u00e7al\u0131\u015fma grubunun haftada bir defa 90 dakika olacak \u015fekilde 8 hafta s\u00fcrmesi planlanmaktad\u0131r.<\/strong><\/em><\/p>\n<p><em><strong>Kat\u0131l\u0131m kontenjanla s\u0131n\u0131rl\u0131d\u0131r.<\/strong><\/em><\/p>\n<p>DE GRUBU ODT\u00dc SA\u011eLIK VE REHBERL\u0130K MERKEZ\u0130N\u0130N ODT\u00dc \u00d6\u011eRENC\u0130LER\u0130 \u0130\u00c7\u0130N SUNDU\u011eU \u00dcCRETS\u0130Z B\u0130R H\u0130ZMETT\u0130R. \u00c7EVREN\u0130ZDE ODT\u00dc \u00d6\u011eRENC\u0130S\u0130 OLAN VE B\u00d6YLE B\u0130R GRUBA KATILMAK \u0130STEYECEK K\u0130\u015e\u0130LERLE BU SAYFAYI PAYLA\u015eAB\u0130L\u0130RS\u0130N\u0130Z.<\/p>\n<p>DE, yayg\u0131n kullan\u0131lan psikoloji yakla\u015f\u0131mlar\u0131ndan kimi temel konularda farkl\u0131l\u0131klar g\u00f6stermektedir. Bu sebeple, kat\u0131l\u0131mc\u0131lar\u0131n internet \u00fczerinden DE ile ilgili kimi temel bilgileri \u00f6n g\u00f6r\u00fc\u015fmeye gelmeden \u00f6nce g\u00f6zden ge\u00e7irmesi \u00f6nerilmektedir.<\/p>\n<h3>L\u00fctfen ba\u015fvuru \u00f6ncesinde DEG hakk\u0131ndaki bilgileri g\u00f6zden ge\u00e7irin.<\/h3>\n<h3><a href=\"https:\/\/blog.metu.edu.tr\/bali\/deg-ilkbahar-2019-seminer-programi\/\">Bu konuda DEG SEM\u0130NER (\u0130LKBAHAR 2019) sayfas\u0131 e\u011fitim i\u00e7eri\u011fi hakk\u0131nda zengin bilgi sunacakt\u0131r.<\/a><\/h3>\n<h3><a href=\"https:\/\/blog.metu.edu.tr\/bali\/odtu-ogrencileri-icin-acik-mektup\/\">ODT\u00dc \u00d6\u011eRENC\u0130LER\u0130 \u0130\u00c7\u0130N A\u00c7IK MEKTUP SAYFASINA GER\u0130 D\u00d6N<\/a><\/h3>\n<h2><a href=\"https:\/\/blog.metu.edu.tr\/bali\/\"><span style=\"color: #3366ff\">ANASAYFAYA D\u00d6N<\/span><\/a><\/h2>\n<p>Gruba kat\u0131lacak ki\u015filerin Davran\u0131\u015fsal Esneme ile ilgili temel bilgilere ula\u015fabilecekleri internet kaynaklar\u0131 a\u015fa\u011f\u0131dad\u0131r:<\/p>\n<p><a href=\"https:\/\/www.instagram.com\/aynagonul\/\"><img loading=\"lazy\" decoding=\"async\" class=\"alignnone size-medium wp-image-20\" src=\"https:\/\/blog.metu.edu.tr\/bali\/files\/2018\/08\/instagram-insights-300x195.jpg\" alt=\"\" width=\"300\" height=\"195\" \/>\u00a0<\/a><\/p>\n<p><a href=\"https:\/\/www.instagram.com\/aynagonul\/\">Instagram: @aynagonul<\/a><\/p>\n<p><a href=\"https:\/\/www.facebook.com\/dralibayramoglu\/\"><img loading=\"lazy\" decoding=\"async\" class=\"alignnone size-medium wp-image-21\" src=\"https:\/\/blog.metu.edu.tr\/bali\/files\/2018\/08\/1200px-Facebook_New_Logo_2015.svg_-300x113.png\" alt=\"\" width=\"300\" height=\"113\" \/><\/a><\/p>\n<p><a href=\"https:\/\/www.facebook.com\/dralibayramoglu\/\">Facebook: @dralibayramoglu<\/a><\/p>\n<p>Web:\u00a0<a href=\"http:\/\/www.aynagonul.com\/\">www.aynagonul.com<\/a><\/p>\n<p>Blog:\u00a0<a href=\"http:\/\/blog.metu.edu.tr\/bali\">blog.metu.edu.tr\/bali<\/a><\/p>\n<p><a href=\"https:\/\/blog.metu.edu.tr\/bali\/\">Davran\u0131\u015fsal Esneme ile ilgilenen ki\u015filer, en kapsaml\u0131 bilgiye kitaptan ula\u015fabilir. Kitapla ilgili detayl\u0131 bilgiye buradan ula\u015fabilirsiniz.<\/a><\/p>\n<p><a href=\"https:\/\/blog.metu.edu.tr\/bali\/\"><img loading=\"lazy\" decoding=\"async\" class=\"alignnone size-medium wp-image-19\" src=\"https:\/\/blog.metu.edu.tr\/bali\/files\/2018\/08\/Baska1DunyaMumkun_Kapak_k-196x300.jpg\" alt=\"\" width=\"196\" height=\"300\" srcset=\"https:\/\/blog.metu.edu.tr\/bali\/files\/2018\/08\/Baska1DunyaMumkun_Kapak_k-196x300.jpg 196w, https:\/\/blog.metu.edu.tr\/bali\/files\/2018\/08\/Baska1DunyaMumkun_Kapak_k.jpg 536w\" sizes=\"auto, (max-width: 196px) 100vw, 196px\" \/><\/a><\/p>\n<p>G\u00f6r\u00fc\u015fmek \u00fczere,<\/p>\n<p>Sevgiler. Selamlar.<\/p>\n<p>Dr. Ali Bayramo\u011flu<\/p>\n<p>Klinik Psikolog<\/p>\n<p>Orta Do\u011fu Teknik \u00dcniversitesi<\/p>\n<p>Sa\u011fl\u0131k ve Rehberlik Merkezi<\/p>\n<h3><img loading=\"lazy\" decoding=\"async\" class=\"alignnone wp-image-171 size-medium\" src=\"https:\/\/blog.metu.edu.tr\/bali\/files\/2019\/01\/ALI_BLACK_2019_BLOG-300x300.jpg\" alt=\"\" width=\"300\" height=\"300\" srcset=\"https:\/\/blog.metu.edu.tr\/bali\/files\/2019\/01\/ALI_BLACK_2019_BLOG-300x300.jpg 300w, https:\/\/blog.metu.edu.tr\/bali\/files\/2019\/01\/ALI_BLACK_2019_BLOG-150x150.jpg 150w, https:\/\/blog.metu.edu.tr\/bali\/files\/2019\/01\/ALI_BLACK_2019_BLOG-768x768.jpg 768w, https:\/\/blog.metu.edu.tr\/bali\/files\/2019\/01\/ALI_BLACK_2019_BLOG-1024x1024.jpg 1024w, https:\/\/blog.metu.edu.tr\/bali\/files\/2019\/01\/ALI_BLACK_2019_BLOG.jpg 1080w\" sizes=\"auto, (max-width: 300px) 100vw, 300px\" \/><\/h3>\n<div><\/div>\n<h2>Dr. Ali Bayramo\u011flu<\/h2>\n<p><em><strong><span class=\"_4yxo _4yxp\">Dr. Ali Bayramo\u011flu<\/span><\/strong><\/em><span class=\"_4yxp\"><em><strong>,<\/strong><\/em> psi<\/span><span class=\"_4yxp\">koloji lisans ve klinik psikoloji alan\u0131nda b\u00fct\u00fcnle\u015fik doktora e\u011fitimlerini Orta Do\u011fu Teknik \u00dcniversitesi (ODT\u00dc) Psikoloji B\u00f6l\u00fcm\u00fc\u2019nde tamamlam\u0131\u015ft\u0131r. ODT\u00dc Sa\u011fl\u0131k ve Rehberlik Merkezi\u2019nde klinik psikolog olarak \u00e7al\u0131\u015fmaktad\u0131r. Ba\u015fta Mesnevi ve Nasreddin Hoca f\u0131kralar\u0131 olmak \u00fczere kendi k\u00fclt\u00fcr\u00fcm\u00fcz\u00fcn bilgi birikimini ba\u011flamsal bilim felsefesi ve 3. dalga davran\u0131\u015f\u00e7\u0131l\u0131\u011f\u0131n g\u00f6zl\u00fc\u011f\u00fcyle yeniden okuyup psikoterapide yeni bir \u00fcslup olarak <\/span><span class=\"_4yxo _4yxp\">\u201cDavran\u0131\u015fsal Esneme\u201d <\/span><span class=\"_4yxp\">ve <\/span><span class=\"_4yxo _4yxp\">Aynag\u00f6n\u00fcl <\/span><span class=\"_4yxp\">\u00fczerine \u00e7al\u0131\u015fmaktad\u0131r. <\/span> Sistemli \u00f6\u011freti haline getirmeye \u00e7al\u0131\u015ft\u0131\u011f\u0131 m\u00fcdahale y\u00f6ntemini <span class=\"_4yxo\">\u201cDavran\u0131\u015fsal Esneme\u201d (DE) <\/span>olarak adland\u0131rmaktad\u0131r. Haz\u0131rlam\u0131\u015f oldu\u011fu kitap ile gerek kulland\u0131\u011f\u0131 dil gerekse geli\u015ftirdi\u011fi al\u0131\u015ft\u0131rmalar ile herhangi bir kimsenin <span class=\"_4yxo\">DE<\/span>\u2019yi kendi kendine \u00f6\u011frenmesine yard\u0131mc\u0131 olmay\u0131 ama\u00e7lamaktad\u0131r. \u00c7eviri kitaplara alternatif olarak kendi dilimizde, kendi deyimlerimizi ve deneyimlerimizi kullanarak yeni bir kendi kendine \u00f6\u011frenme bi\u00e7imini okuyucuya sunmaktad\u0131r. Ki\u015filerin davran\u0131\u015fsal kat\u0131l\u0131klar\u0131n\u0131 gev\u015fetebilecekleri, davran\u0131\u015fsal bir esneme ihtimalini okuyucuya sunmaktad\u0131r. Ayr\u0131ca kitapta verilen bilgiler, kitapta bulunan ve g\u00fcnl\u00fck hayatta uygulanabilecek 42 al\u0131\u015ft\u0131rma ile desteklenmi\u015ftir.<\/p>\n<h2><span style=\"color: #3366ff\"><a style=\"color: #3366ff\" href=\"https:\/\/blog.metu.edu.tr\/bali\/\">ANASAYFAYA D\u00d6N<\/a><\/span><\/h2>\n","protected":false},"excerpt":{"rendered":"<p>DEG 2019-2020 BA\u015eVURULARI KAPANMI\u015eTIR. \u0130LG\u0130N\u0130Z \u0130\u00c7\u0130N TE\u015eEKK\u00dcRLER. DEG 2020 \u0130LKBAHAR BA\u015eVURULARI YAKINDA BURADA OLACAK. Merhaba \u00f6n\u00fcm\u00fczdeki d\u00f6nem a\u00e7\u0131lacak gruplar\u0131n ba\u015fvuru s\u00fcre\u00e7leri hakk\u0131nda bilgi almak i\u00e7in l\u00fctfen a\u015fa\u011f\u0131daki formu doldurun. Ba\u015fvuru formunu doldurduktan sizi dahil oldu\u011funuz grubun\u00a0 (\u00d6\u011frenci\/Personel\/Mezun)e-posta haberle\u015fme grubuna dahil edece\u011fim. Daha sonra geli\u015fmeleri bu grup \u00fczerinden takip edebilirsiniz. G\u00f6r\u00fc\u015fmek dile\u011fiyle. Sevgiler. Selamlar. Dr. Ali [&hellip;]<\/p>\n","protected":false},"author":5675,"featured_media":0,"parent":0,"menu_order":0,"comment_status":"closed","ping_status":"closed","template":"","meta":{"footnotes":"","_links_to":"","_links_to_target":""},"class_list":["post-222","page","type-page","status-publish","hentry"],"_links":{"self":[{"href":"https:\/\/blog.metu.edu.tr\/bali\/wp-json\/wp\/v2\/pages\/222","targetHints":{"allow":["GET"]}}],"collection":[{"href":"https:\/\/blog.metu.edu.tr\/bali\/wp-json\/wp\/v2\/pages"}],"about":[{"href":"https:\/\/blog.metu.edu.tr\/bali\/wp-json\/wp\/v2\/types\/page"}],"author":[{"embeddable":true,"href":"https:\/\/blog.metu.edu.tr\/bali\/wp-json\/wp\/v2\/users\/5675"}],"replies":[{"embeddable":true,"href":"https:\/\/blog.metu.edu.tr\/bali\/wp-json\/wp\/v2\/comments?post=222"}],"version-history":[{"count":0,"href":"https:\/\/blog.metu.edu.tr\/bali\/wp-json\/wp\/v2\/pages\/222\/revisions"}],"wp:attachment":[{"href":"https:\/\/blog.metu.edu.tr\/bali\/wp-json\/wp\/v2\/media?parent=222"}],"curies":[{"name":"wp","href":"https:\/\/api.w.org\/{rel}","templated":true}]}}