{"id":116,"date":"2018-10-28T13:44:57","date_gmt":"2018-10-28T13:44:57","guid":{"rendered":"http:\/\/blog.metu.edu.tr\/bali\/?page_id=116"},"modified":"2018-10-28T16:07:11","modified_gmt":"2018-10-28T16:07:11","slug":"odtu-deg-hos-geldiniz","status":"publish","type":"page","link":"https:\/\/blog.metu.edu.tr\/bali\/odtu-deg-hos-geldiniz\/","title":{"rendered":"ODT\u00dc DEG &#8211; HO\u015e GELD\u0130N\u0130Z!"},"content":{"rendered":"<h3><span style=\"color: #333333\">[<\/span>\u00d6NEML\u0130:<span style=\"color: #333333\"> SALI GRUBU&#8217;nun haz\u0131rl\u0131k e-postalar\u0131 30 Ekim Sal\u0131 g\u00fcn\u00fc g\u00f6nderilecektir.]\u00a0<\/span><\/h3>\n<h2>A\u00c7IK MEKTUP: <span style=\"color: #333333\">De\u011fi\u015fim, ters k\u00f6\u015fe gelecek.<\/span><\/h2>\n<div id=\":ue\" class=\"ii gt\">\n<div id=\":uf\" class=\"a3s aXjCH \" role=\"gridcell\">\n<div dir=\"ltr\">\n<div dir=\"ltr\">\n<div dir=\"ltr\">\n<div dir=\"ltr\">De\u011fi\u015fim; olduk\u00e7a sa\u00e7ma, mant\u0131ks\u0131z ve \u00e7ocuk\u00e7a gelecek. Buna haz\u0131rl\u0131kl\u0131 olal\u0131m. De\u011fi\u015fim, ters k\u00f6\u015fe gelecek. Belli bir mant\u0131kla ya\u015fad\u0131\u011f\u0131m\u0131z duygusal \u0131zd\u0131raptan ayn\u0131 mant\u0131kla kurtulamay\u0131z.<\/div>\n<div dir=\"ltr\"><\/div>\n<div dir=\"ltr\">Bu d\u00f6nem (31 Ekim 2018 \u00c7ar\u015famba) ODT\u00dc \u00f6\u011frencileri i\u00e7in <em><strong>Davran\u0131\u015fsal Esneme Gruplar\u0131 (DEG)<\/strong><\/em> ba\u015fl\u0131yor. \u0130lk d\u00f6nem bir test s\u00fcr\u00fc\u015f\u00fc yapaca\u011f\u0131z. Ancak yo\u011fun ilgi nedeniyle bir de\u011fil 3 grupla ba\u015flayaca\u011f\u0131z. Toplam 60 p\u0131r\u0131l p\u0131r\u0131l gen\u00e7 ile bir yolculu\u011fa \u00e7\u0131kaca\u011f\u0131z. \u00d6n\u00fcm\u00fczdeki d\u00f6nem talebe g\u00f6re grup say\u0131lar\u0131n\u0131 art\u0131rmay\u0131 hedeflemekteyim.<\/div>\n<div dir=\"ltr\"><\/div>\n<div dir=\"ltr\">Bu bilgileri sadece k\u0131z\u0131ma de\u011fil, ba\u015fkalar\u0131n\u0131n evlatlar\u0131na da \u00f6\u011fretece\u011fimi s\u00f6ylemi\u015ftim. \u015eimdi s\u00f6z\u00fcm\u00fc tutuyorum.<\/div>\n<div dir=\"ltr\"><\/div>\n<div dir=\"ltr\">DEG, ODT\u00dc Sa\u011fl\u0131k ve Rehberlik Merkezi b\u00fcnyesinde \u00f6\u011frencilerimize &#8220;\u00fccretsiz&#8221; verilen bir hizmettir.<\/div>\n<div dir=\"ltr\"><\/div>\n<div dir=\"ltr\">Kamp\u00fcs d\u0131\u015f\u0131ndaki gen\u00e7ler de blog sayfamdan seminerlerin haz\u0131rl\u0131k \u00f6devlerini takip edebilirler:<\/div>\n<div dir=\"ltr\"><\/div>\n<\/div>\n<\/div>\n<\/div>\n<\/div>\n<\/div>\n<div dir=\"ltr\"><a href=\"http:\/\/blog.metu.edu.tr\/bali\/degkaynak\/\">http:\/\/blog.metu.edu.tr\/bali\/degkaynak\/<\/a><\/div>\n<div id=\":ue\" class=\"ii gt\">\n<div id=\":uf\" class=\"a3s aXjCH \" role=\"gridcell\">\n<div dir=\"ltr\">\n<div dir=\"ltr\">\n<div dir=\"ltr\">\n<div dir=\"ltr\"><\/div>\n<div dir=\"ltr\"><\/div>\n<div dir=\"ltr\">Ayr\u0131ca DE&#8217;nin temellerini \u00f6\u011frenmek isteyen herkes, ayn\u0131 ba\u011flant\u0131dan doktora tezimi bir e-kitap olarak indirip tezimden ve kaynak\u00e7as\u0131ndan faydalanabilir:<\/div>\n<\/div>\n<\/div>\n<div dir=\"ltr\">(Kamp\u00fcs a\u011f\u0131 d\u0131\u015f\u0131ndan ba\u011flananlar PennState \u00dcniversitesinin ba\u011flant\u0131s\u0131ndan tezimi e-kitap olarak indirebilirler)<\/div>\n<div dir=\"ltr\"><\/div>\n<\/div>\n<\/div>\n<\/div>\n<div dir=\"ltr\"><a href=\"http:\/\/citeseerx.ist.psu.edu\/viewdoc\/download?doi=10.1.1.634.503&amp;rep=rep1&amp;type=pdf\">Bayramo\u011flu, Ali (2011). Self-Compassion in relation to psychopathology. Ankara, METU.<\/a><\/div>\n<div id=\":ue\" class=\"ii gt\">\n<div id=\":uf\" class=\"a3s aXjCH \" role=\"gridcell\">\n<div dir=\"ltr\"><\/div>\n<div dir=\"ltr\">\n<div dir=\"ltr\">\n<div dir=\"ltr\">\n<div dir=\"ltr\">(ODT\u00dc K\u00fct\u00fcphanesinden tezi hem elektronik kopya olarak indirebilirsiniz hem de k\u00fct\u00fcphanede bas\u0131l\u0131 kopya olarak inceleyebilirsiniz.Doktora tezim \u0130ngilizce olsa da tezin sonunda T\u00fcrk\u00e7e bir \u00f6zet de bulunmaktad\u0131r. Ayr\u0131ca tezimin kaynak\u00e7a k\u0131sm\u0131nda konu hakk\u0131ndaki \u00f6nemli makaleler ve kitaplarla ilgili bilgilere ula\u015fabilirsiniz. ODT\u00dc K\u00fct\u00fcphanesinden ya da kamp\u00fcs a\u011f\u0131 i\u00e7indeki bilgisayarlardan bu kaynaklar\u0131n pek \u00e7o\u011funa eri\u015febilirsiniz.)<\/div>\n<div dir=\"ltr\"><\/div>\n<div dir=\"ltr\">Ayr\u0131ca Instagram sayfamda, nereyse 80 sayfaya yak\u0131n, DE yaz\u0131lar\u0131na isteyen herkes ula\u015fabilir. DEG&#8217;de anlataca\u011f\u0131m bilgilerin ve uygulayaca\u011f\u0131m al\u0131\u015ft\u0131rmalar\u0131n neredeyse hepsine isteyen herkes kitab\u0131mdan ula\u015fabilir. (Kitap hakk\u0131nda detayl\u0131 bir bilgi i\u00e7in kitap kapa\u011f\u0131na t\u0131klayabilirsiniz.)<\/div>\n<div dir=\"ltr\"><\/div>\n<\/div>\n<h4><a href=\"http:\/\/blog.metu.edu.tr\/bali\/\">Kitap: Dr. Ali Bayramo\u011flu, &#8220;Ba\u015fka Bir D\u00fcnya M\u00fcmk\u00fcn&#8221;, Do\u011fan Novus, 2018<\/a><\/h4>\n<p><a href=\"https:\/\/blog.metu.edu.tr\/bali\/\"><img loading=\"lazy\" decoding=\"async\" class=\"alignnone size-medium wp-image-19\" src=\"https:\/\/blog.metu.edu.tr\/bali\/files\/2018\/08\/Baska1DunyaMumkun_Kapak_k-196x300.jpg\" alt=\"\" width=\"196\" height=\"300\" srcset=\"https:\/\/blog.metu.edu.tr\/bali\/files\/2018\/08\/Baska1DunyaMumkun_Kapak_k-196x300.jpg 196w, https:\/\/blog.metu.edu.tr\/bali\/files\/2018\/08\/Baska1DunyaMumkun_Kapak_k.jpg 536w\" sizes=\"auto, (max-width: 196px) 100vw, 196px\" \/><\/a><\/p>\n<div dir=\"ltr\"><\/div>\n<div dir=\"ltr\">\n<div dir=\"ltr\"><a href=\"https:\/\/www.instagram.com\/aynagonul\/\"><img loading=\"lazy\" decoding=\"async\" class=\"alignnone size-medium wp-image-20\" src=\"https:\/\/blog.metu.edu.tr\/bali\/files\/2018\/08\/instagram-insights-300x195.jpg\" alt=\"\" width=\"300\" height=\"195\" \/><\/a><\/div>\n<\/div>\n<\/div>\n<div dir=\"ltr\">\n<p><a href=\"https:\/\/www.instagram.com\/aynagonul\/\">Instagram: @aynagonul<\/a><\/p>\n<p><a href=\"https:\/\/www.facebook.com\/dralibayramoglu\/\"><img loading=\"lazy\" decoding=\"async\" class=\"alignnone size-medium wp-image-21\" src=\"https:\/\/blog.metu.edu.tr\/bali\/files\/2018\/08\/1200px-Facebook_New_Logo_2015.svg_-300x113.png\" alt=\"\" width=\"300\" height=\"113\" \/><\/a><\/p>\n<p><a href=\"https:\/\/www.facebook.com\/dralibayramoglu\/\">Facebook: @dralibayramoglu<\/a><\/p>\n<\/div>\n<div dir=\"ltr\">\n<div dir=\"ltr\">\n<h3>DEG I. OTURUM<\/h3>\n<div dir=\"ltr\">DEG 1. Oturumu bir &#8220;FELSEF\u0130 YIKIM&#8221; oturumu olacak. Yeni davran\u0131\u015flar ve yeni bir hayat i\u00e7in yeni bir ba\u015flang\u0131\u00e7 noktas\u0131na ihtiyac\u0131m\u0131z var. Belki de\u011fi\u015fmesi gereken sadece biz de\u011filizdir. Belki psikoloji biliminin de de\u011fi\u015fmesi gerekiyordur.<\/div>\n<div dir=\"ltr\"><\/div>\n<\/div>\n<\/div>\n<div dir=\"ltr\">1. Oturumun haz\u0131rl\u0131k \u00e7al\u0131\u015fmalar\u0131na a\u015fa\u011f\u0131daki sayfadan ula\u015fabilirsiniz:<\/div>\n<\/div>\n<div dir=\"ltr\"><a href=\"http:\/\/blog.metu.edu.tr\/bali\/degkaynak\/\">http:\/\/blog.metu.edu.tr\/bali\/degkaynak\/<\/a><\/div>\n<div dir=\"ltr\">\n<div dir=\"ltr\">\n<div dir=\"ltr\">\n<div dir=\"ltr\"><\/div>\n<div dir=\"ltr\"><em><strong>Bug\u00fcn Cumhuriyet Bayram\u0131n\u0131 b\u00f6yle kutlamak istedim. Atat\u00fcrk ve yol arkada\u015flar\u0131, dedelerimiz ve ninelerimiz bizim i\u00e7in canlar\u0131n\u0131 ortaya koydular. Bug\u00fcn ise bizler al\u0131n terimizi ve eme\u011fimizi ortaya koymal\u0131y\u0131z. Davran\u0131\u015fsal Esneme (DE), kimsenin m\u00fclk\u00fc olmayan bir a\u00e7\u0131k kaynak bilgi olsun istedim. DE, bu \u00fclkenin ayd\u0131nl\u0131k gelece\u011fine arma\u011fan olsun. Bu cumhuriyet a\u011fac\u0131n\u0131n bir meyvesidir o. Dilerim, bu meyvenin tohumunu bu topraklar ba\u011fr\u0131na basar. Dilerim DE, bir a\u011fa\u00e7 gibi bu topraklardan f\u0131\u015fk\u0131r\u0131r. Arma\u011fan olsun. Sevgiler. Selamlar.<\/strong><\/em><\/div>\n<\/div>\n<div dir=\"ltr\"><em><strong>Dr. Ali Bayramo\u011flu<\/strong><\/em><\/div>\n<\/div>\n<\/div>\n<\/div>\n<div dir=\"ltr\"><\/div>\n<div id=\":uf\" class=\"a3s aXjCH \" role=\"gridcell\">\n<div dir=\"ltr\">\n<div dir=\"ltr\">\n<div dir=\"ltr\">\n<div dir=\"ltr\">B\u015eKAA 1 DNY\u00dcA MMK\u00dc\u00dcN.<\/div>\n<\/div>\n<\/div>\n<\/div>\n<\/div>\n<\/div>\n<p>https:\/\/www.instagram.com\/p\/Bpe5F5Pj2q9\/<\/p>\n<div class=\"gs\">\n<div class=\"\">\n<div id=\":ue\" class=\"ii gt\">\n<div id=\":uf\" class=\"a3s aXjCH \" role=\"gridcell\">\n<div dir=\"ltr\">\n<div dir=\"ltr\">\n<div dir=\"ltr\"><\/div>\n<\/div>\n<\/div>\n<\/div>\n<\/div>\n<div id=\":ue\" class=\"ii gt\">\n<div id=\":uf\" class=\"a3s aXjCH \" role=\"gridcell\">\n<div dir=\"ltr\">\n<div dir=\"ltr\">\n<div dir=\"ltr\">\n<div dir=\"ltr\"><\/div>\n<div dir=\"ltr\"><\/div>\n<div dir=\"ltr\"><\/div>\n<div dir=\"ltr\"><\/div>\n<\/div>\n<div dir=\"ltr\"><\/div>\n<div dir=\"ltr\">\n<div dir=\"ltr\"><\/div>\n<div dir=\"ltr\"><\/div>\n<\/div>\n<\/div>\n<\/div>\n<div class=\"yj6qo\"><\/div>\n<div class=\"adL\"><\/div>\n<\/div>\n<\/div>\n<div class=\"hi\"><\/div>\n<\/div>\n<\/div>\n","protected":false},"excerpt":{"rendered":"<p>[\u00d6NEML\u0130: SALI GRUBU&#8217;nun haz\u0131rl\u0131k e-postalar\u0131 30 Ekim Sal\u0131 g\u00fcn\u00fc g\u00f6nderilecektir.]\u00a0 A\u00c7IK MEKTUP: De\u011fi\u015fim, ters k\u00f6\u015fe gelecek. De\u011fi\u015fim; olduk\u00e7a sa\u00e7ma, mant\u0131ks\u0131z ve \u00e7ocuk\u00e7a gelecek. Buna haz\u0131rl\u0131kl\u0131 olal\u0131m. De\u011fi\u015fim, ters k\u00f6\u015fe gelecek. Belli bir mant\u0131kla ya\u015fad\u0131\u011f\u0131m\u0131z duygusal \u0131zd\u0131raptan ayn\u0131 mant\u0131kla kurtulamay\u0131z. Bu d\u00f6nem (31 Ekim 2018 \u00c7ar\u015famba) ODT\u00dc \u00f6\u011frencileri i\u00e7in Davran\u0131\u015fsal Esneme Gruplar\u0131 (DEG) ba\u015fl\u0131yor. \u0130lk d\u00f6nem [&hellip;]<\/p>\n","protected":false},"author":5675,"featured_media":0,"parent":0,"menu_order":0,"comment_status":"closed","ping_status":"closed","template":"","meta":{"footnotes":"","_links_to":"","_links_to_target":""},"class_list":["post-116","page","type-page","status-publish","hentry"],"_links":{"self":[{"href":"https:\/\/blog.metu.edu.tr\/bali\/wp-json\/wp\/v2\/pages\/116","targetHints":{"allow":["GET"]}}],"collection":[{"href":"https:\/\/blog.metu.edu.tr\/bali\/wp-json\/wp\/v2\/pages"}],"about":[{"href":"https:\/\/blog.metu.edu.tr\/bali\/wp-json\/wp\/v2\/types\/page"}],"author":[{"embeddable":true,"href":"https:\/\/blog.metu.edu.tr\/bali\/wp-json\/wp\/v2\/users\/5675"}],"replies":[{"embeddable":true,"href":"https:\/\/blog.metu.edu.tr\/bali\/wp-json\/wp\/v2\/comments?post=116"}],"version-history":[{"count":0,"href":"https:\/\/blog.metu.edu.tr\/bali\/wp-json\/wp\/v2\/pages\/116\/revisions"}],"wp:attachment":[{"href":"https:\/\/blog.metu.edu.tr\/bali\/wp-json\/wp\/v2\/media?parent=116"}],"curies":[{"name":"wp","href":"https:\/\/api.w.org\/{rel}","templated":true}]}}