{"id":145,"date":"2022-11-02T15:24:22","date_gmt":"2022-11-02T15:24:22","guid":{"rendered":"https:\/\/blog.metu.edu.tr\/ayseguls\/?page_id=145"},"modified":"2022-11-02T17:33:09","modified_gmt":"2022-11-02T17:33:09","slug":"group-2","status":"publish","type":"page","link":"https:\/\/blog.metu.edu.tr\/ayseguls\/projects\/group-2\/","title":{"rendered":"GROUP 2"},"content":{"rendered":"\n<p>Members<\/p>\n\n\n\n<ul class=\"wp-block-list\"><li>Meri\u00e7 ALTINTA\u015e KAPTAN<\/li><li>Sofia BORUSHKINA<\/li><li>Nilay Nida CAN<\/li><li>Ecem ENGIN<\/li><li>Asl\u0131 Selin \u00d6ZZADE<\/li><\/ul>\n\n\n\n<figure class=\"wp-block-image size-full is-resized\"><img loading=\"lazy\" decoding=\"async\" src=\"https:\/\/blog.metu.edu.tr\/ayseguls\/files\/2022\/11\/group2_1-2.jpg\" alt=\"\" class=\"wp-image-193\" width=\"399\" height=\"267\" srcset=\"https:\/\/blog.metu.edu.tr\/ayseguls\/files\/2022\/11\/group2_1-2.jpg 797w, https:\/\/blog.metu.edu.tr\/ayseguls\/files\/2022\/11\/group2_1-2-300x201.jpg 300w, https:\/\/blog.metu.edu.tr\/ayseguls\/files\/2022\/11\/group2_1-2-768x515.jpg 768w, https:\/\/blog.metu.edu.tr\/ayseguls\/files\/2022\/11\/group2_1-2-624x418.jpg 624w, https:\/\/blog.metu.edu.tr\/ayseguls\/files\/2022\/11\/group2_1-2-272x182.jpg 272w, https:\/\/blog.metu.edu.tr\/ayseguls\/files\/2022\/11\/group2_1-2-720x480.jpg 720w\" sizes=\"auto, (max-width: 399px) 100vw, 399px\" \/><\/figure>\n\n\n\n<p><\/p>\n\n\n\n<p><\/p>\n","protected":false},"excerpt":{"rendered":"<p>Members Meri\u00e7 ALTINTA\u015e KAPTAN Sofia BORUSHKINA Nilay Nida CAN Ecem ENGIN Asl\u0131 Selin \u00d6ZZADE<\/p>\n","protected":false},"author":8482,"featured_media":0,"parent":141,"menu_order":0,"comment_status":"closed","ping_status":"closed","template":"","meta":{"footnotes":"","_links_to":"","_links_to_target":""},"class_list":["post-145","page","type-page","status-publish","hentry"],"_links":{"self":[{"href":"https:\/\/blog.metu.edu.tr\/ayseguls\/wp-json\/wp\/v2\/pages\/145","targetHints":{"allow":["GET"]}}],"collection":[{"href":"https:\/\/blog.metu.edu.tr\/ayseguls\/wp-json\/wp\/v2\/pages"}],"about":[{"href":"https:\/\/blog.metu.edu.tr\/ayseguls\/wp-json\/wp\/v2\/types\/page"}],"author":[{"embeddable":true,"href":"https:\/\/blog.metu.edu.tr\/ayseguls\/wp-json\/wp\/v2\/users\/8482"}],"replies":[{"embeddable":true,"href":"https:\/\/blog.metu.edu.tr\/ayseguls\/wp-json\/wp\/v2\/comments?post=145"}],"version-history":[{"count":0,"href":"https:\/\/blog.metu.edu.tr\/ayseguls\/wp-json\/wp\/v2\/pages\/145\/revisions"}],"up":[{"embeddable":true,"href":"https:\/\/blog.metu.edu.tr\/ayseguls\/wp-json\/wp\/v2\/pages\/141"}],"wp:attachment":[{"href":"https:\/\/blog.metu.edu.tr\/ayseguls\/wp-json\/wp\/v2\/media?parent=145"}],"curies":[{"name":"wp","href":"https:\/\/api.w.org\/{rel}","templated":true}]}}