{"id":144,"date":"2022-11-02T15:24:13","date_gmt":"2022-11-02T15:24:13","guid":{"rendered":"https:\/\/blog.metu.edu.tr\/ayseguls\/?page_id=144"},"modified":"2022-11-02T17:33:05","modified_gmt":"2022-11-02T17:33:05","slug":"group-1","status":"publish","type":"page","link":"https:\/\/blog.metu.edu.tr\/ayseguls\/projects\/group-1\/","title":{"rendered":"GROUP 1"},"content":{"rendered":"\n<p><strong>Members<\/strong><\/p>\n\n\n\n<ul class=\"wp-block-list\"><li>Nurten M\u00fcge AYLA<\/li><li>Claus DANIELSEN-BECH<\/li><li>Lora NICOLOAU<\/li><li>Ay\u015feg\u00fcl SARI<\/li><li>Hamdi TEK\u0130N<\/li><li>Fatmanur TOK<\/li><\/ul>\n\n\n\n<figure class=\"wp-block-image size-large is-resized is-style-default\"><img loading=\"lazy\" decoding=\"async\" src=\"https:\/\/blog.metu.edu.tr\/ayseguls\/files\/2022\/11\/group1_2-edited.jpg\" alt=\"\" class=\"wp-image-166\" width=\"424\" height=\"424\" srcset=\"https:\/\/blog.metu.edu.tr\/ayseguls\/files\/2022\/11\/group1_2-edited.jpg 848w, https:\/\/blog.metu.edu.tr\/ayseguls\/files\/2022\/11\/group1_2-edited-300x300.jpg 300w, https:\/\/blog.metu.edu.tr\/ayseguls\/files\/2022\/11\/group1_2-edited-150x150.jpg 150w, https:\/\/blog.metu.edu.tr\/ayseguls\/files\/2022\/11\/group1_2-edited-768x768.jpg 768w, https:\/\/blog.metu.edu.tr\/ayseguls\/files\/2022\/11\/group1_2-edited-624x624.jpg 624w, https:\/\/blog.metu.edu.tr\/ayseguls\/files\/2022\/11\/group1_2-edited-375x375.jpg 375w\" sizes=\"auto, (max-width: 424px) 100vw, 424px\" \/><\/figure>\n\n\n\n<p>Within the scope of the MCMH Workshop, participants were first expected to explore the area all together and then to approach the problems and opportunities from different aspects. To do so, 5 different groups are created which were consisting of 5 to 7 members including the international and local participants. During the field trip, among many complementary subjects, Group 1 interested itself in the Community Engagement which is a value constructed many years ago in Umitkoy Sitesi and is nowadays at the risk of diminishment. The reason behind this decision of Group 1 is related to the intangible values of the area which require a great deal of effort and long time to be formed.<\/p>\n\n\n\n<figure class=\"wp-block-image size-large is-resized\"><img loading=\"lazy\" decoding=\"async\" src=\"https:\/\/blog.metu.edu.tr\/ayseguls\/files\/2022\/11\/group1_1-1024x745.jpg\" alt=\"\" class=\"wp-image-167\" width=\"512\" height=\"373\" srcset=\"https:\/\/blog.metu.edu.tr\/ayseguls\/files\/2022\/11\/group1_1-1024x745.jpg 1024w, https:\/\/blog.metu.edu.tr\/ayseguls\/files\/2022\/11\/group1_1-300x218.jpg 300w, https:\/\/blog.metu.edu.tr\/ayseguls\/files\/2022\/11\/group1_1-768x559.jpg 768w, https:\/\/blog.metu.edu.tr\/ayseguls\/files\/2022\/11\/group1_1-624x454.jpg 624w, https:\/\/blog.metu.edu.tr\/ayseguls\/files\/2022\/11\/group1_1.jpg 1170w\" sizes=\"auto, (max-width: 512px) 100vw, 512px\" \/><\/figure>\n","protected":false},"excerpt":{"rendered":"<p>Members Nurten M\u00fcge AYLA Claus DANIELSEN-BECH Lora NICOLOAU Ay\u015feg\u00fcl SARI Hamdi TEK\u0130N Fatmanur TOK Within the scope of the MCMH Workshop, participants were first expected to explore the area all together and then to approach the problems and opportunities from different aspects. To do so, 5 different groups are created which were consisting of 5 [&hellip;]<\/p>\n","protected":false},"author":8482,"featured_media":0,"parent":141,"menu_order":0,"comment_status":"closed","ping_status":"closed","template":"","meta":{"footnotes":"","_links_to":"","_links_to_target":""},"class_list":["post-144","page","type-page","status-publish","hentry"],"_links":{"self":[{"href":"https:\/\/blog.metu.edu.tr\/ayseguls\/wp-json\/wp\/v2\/pages\/144","targetHints":{"allow":["GET"]}}],"collection":[{"href":"https:\/\/blog.metu.edu.tr\/ayseguls\/wp-json\/wp\/v2\/pages"}],"about":[{"href":"https:\/\/blog.metu.edu.tr\/ayseguls\/wp-json\/wp\/v2\/types\/page"}],"author":[{"embeddable":true,"href":"https:\/\/blog.metu.edu.tr\/ayseguls\/wp-json\/wp\/v2\/users\/8482"}],"replies":[{"embeddable":true,"href":"https:\/\/blog.metu.edu.tr\/ayseguls\/wp-json\/wp\/v2\/comments?post=144"}],"version-history":[{"count":0,"href":"https:\/\/blog.metu.edu.tr\/ayseguls\/wp-json\/wp\/v2\/pages\/144\/revisions"}],"up":[{"embeddable":true,"href":"https:\/\/blog.metu.edu.tr\/ayseguls\/wp-json\/wp\/v2\/pages\/141"}],"wp:attachment":[{"href":"https:\/\/blog.metu.edu.tr\/ayseguls\/wp-json\/wp\/v2\/media?parent=144"}],"curies":[{"name":"wp","href":"https:\/\/api.w.org\/{rel}","templated":true}]}}