{"id":3,"date":"2010-03-09T11:48:02","date_gmt":"2010-03-09T09:48:02","guid":{"rendered":"http:\/\/blog.metu.edu.tr\/ayda\/hakkinda\/"},"modified":"2010-03-09T11:48:02","modified_gmt":"2010-03-09T09:48:02","slug":"hakkinda","status":"publish","type":"page","link":"https:\/\/blog.metu.edu.tr\/ayda\/hakkinda\/","title":{"rendered":"Hakk\u0131nda"},"content":{"rendered":"<p>Bu bir WordPress sayfas\u0131 \u00f6rne\u011fidir, bunu kendiniz ya da siteniz hakk\u0131nda bilgiler girerek ziyaret\u00e7ilerinizin sizi tan\u0131mas\u0131n\u0131 sa\u011flayabilirsiniz. Bu \u015fekilde istedi\u011finiz kadar sayfa ya da alt sayfa olu\u015fturabilir ve t\u00fcm i\u00e7eri\u011fi WordPress&#8217;in i\u00e7inden y\u00f6netebilirsiniz.<\/p>\n","protected":false},"excerpt":{"rendered":"<p>Bu bir WordPress sayfas\u0131 \u00f6rne\u011fidir, bunu kendiniz ya da siteniz hakk\u0131nda bilgiler girerek ziyaret\u00e7ilerinizin sizi tan\u0131mas\u0131n\u0131 sa\u011flayabilirsiniz. Bu \u015fekilde istedi\u011finiz kadar sayfa ya da alt sayfa olu\u015fturabilir ve t\u00fcm i\u00e7eri\u011fi WordPress&#8217;in i\u00e7inden y\u00f6netebilirsiniz.<\/p>\n","protected":false},"author":20,"featured_media":0,"parent":0,"menu_order":0,"comment_status":"open","ping_status":"open","template":"","meta":{"footnotes":"","_links_to":"","_links_to_target":""},"class_list":["post-3","page","type-page","status-publish","hentry"],"_links":{"self":[{"href":"https:\/\/blog.metu.edu.tr\/ayda\/wp-json\/wp\/v2\/pages\/3","targetHints":{"allow":["GET"]}}],"collection":[{"href":"https:\/\/blog.metu.edu.tr\/ayda\/wp-json\/wp\/v2\/pages"}],"about":[{"href":"https:\/\/blog.metu.edu.tr\/ayda\/wp-json\/wp\/v2\/types\/page"}],"author":[{"embeddable":true,"href":"https:\/\/blog.metu.edu.tr\/ayda\/wp-json\/wp\/v2\/users\/20"}],"replies":[{"embeddable":true,"href":"https:\/\/blog.metu.edu.tr\/ayda\/wp-json\/wp\/v2\/comments?post=3"}],"version-history":[{"count":0,"href":"https:\/\/blog.metu.edu.tr\/ayda\/wp-json\/wp\/v2\/pages\/3\/revisions"}],"wp:attachment":[{"href":"https:\/\/blog.metu.edu.tr\/ayda\/wp-json\/wp\/v2\/media?parent=3"}],"curies":[{"name":"wp","href":"https:\/\/api.w.org\/{rel}","templated":true}]}}