{"id":11,"date":"2015-04-30T21:36:57","date_gmt":"2015-04-30T18:36:57","guid":{"rendered":"http:\/\/blog.metu.edu.tr\/atemizel\/?page_id=11"},"modified":"2026-04-17T08:28:57","modified_gmt":"2026-04-17T05:28:57","slug":"professional-activities","status":"publish","type":"page","link":"https:\/\/blog.metu.edu.tr\/atemizel\/professional-activities\/","title":{"rendered":"Activities"},"content":{"rendered":"<p><strong>Conference Organisation, Expert Evaluation and Reviewing<\/strong><\/p>\n<ul>\n<li>Expert Evaluator &#8211; JIMCO Technology Ventures, 2022-<\/li>\n<li>EU EUREKA program expert evaluator, 2011-<\/li>\n<li>EU H2020 program expert evaluator, 2016, 2017.<\/li>\n<li>Area Chair (Design and Implementation of Signal Processing Systems Track) of European Signal Processing Conference (EUSIPCO) 2015.<\/li>\n<li>Organizing member of IEEE Sig. Proc. Society Summer School on Game Audio, 2012.<\/li>\n<li>Area Chair (Design and Implementation of Sig. Proc. Systems Track) of EUSIPCO 2011.<\/li>\n<li>Organising member and one of the chairs of the IEEE Int. Conf. on Pervasive Services 2007.<\/li>\n<li>Organising member and one of the chairs of the IEEE Signal Processing, Communication and Applications Conference (SIU) 2008.<\/li>\n<li>Ad-hoc reviewer for the following journals:\n<ul>\n<li style=\"list-style-type: none\">\n<ul>\n<li style=\"list-style-type: none\">\n<ul>\n<li>IEEE Transactions on Circuits and Systems for Video Technology<\/li>\n<li>IET Computer Vision<\/li>\n<li>IEEE Geoscience and Remote Sensing Letters<\/li>\n<li>Springer Pattern Analysis and Applications Journal<\/li>\n<li>IET Transactions on Image Processing<\/li>\n<li>IEEE Signal Processing Letters<\/li>\n<li>SPIE Journal of Optical Engineering<\/li>\n<li>IET Electronics Letters<\/li>\n<li>EURASIP Journal on Advances in Signal Processing<\/li>\n<li>IEEE Transactions on Image Processing<\/li>\n<li>European Transactions on Communications<\/li>\n<li>IEEE JSTARS<\/li>\n<li>Signal, Image and Video Processing<\/li>\n<\/ul>\n<\/li>\n<\/ul>\n<\/li>\n<\/ul>\n<\/li>\n<\/ul>\n<p><strong>Seminars and Invited Talks<\/strong><\/p>\n<ul>\n<li>Bridging the Scientific Data Gap: Generative Synthesis and Robust Generalization, AI4S Symposium, Doha, Qatar, Jan. 2026.<\/li>\n<li>Mastering Transformers: From Building Blocks to Real-World Applications, Organized jointly by NCC T\u00fcrkiye and NCC Czech Republic, 11-13 Sept 2023.<\/li>\n<li>K\u00fc\u00e7\u00fck Nesne Tespiti i\u00e7in Dilimleme Temelli \u0130nce Ayarlama ve \u00c7\u0131karsama ve Derin \u00d6\u011frenme E\u011fitiminde Sentetik Veri Kullan\u0131m\u0131, Nesne Tespiti Probleminde G\u00fcncel \u0130lerlemeler, Nov. 2022.<\/li>\n<li>Design and Deployment of Machine Learning Systems, 3rd Workshop on High Performance Computing &amp; Applications, Mar. 2022.<\/li>\n<li>Vulnerabilities of Deep Networks and Adversarial Attacks, METU ImageLab Seminar, June 2021.<\/li>\n<li>Derin \u00d6\u011frenme Sistemleri Geli\u015ftirme\/Konu\u015fland\u0131rma Patformlar\u0131 ve Model Optimizasyonu, Sabanc\u0131 \u00dcniversitesi-Bilim Akademisi Yapay \u00d6\u011frenme Yaz Okulu 2021<\/li>\n<li>Deep Learning for Computer Vision Workshop, National Taiwan University, Taipei, 17 Sept 2019.<\/li>\n<li>Deep Learning, METU Continuing Education Centre, Ankara, 27-29 May 2019.<\/li>\n<li>Deep Learning Fundamentals for Computer Vision, Artificial Intelligence and Image Processing Days, Ankara University, 4 May 2019.<\/li>\n<li>Deep Learning Workshop, At\u0131l\u0131m University, 16 February 2019.<\/li>\n<li>Deep Learning in Computer Vision \u2013 (IEEE AP\/MTT\/EMC\/ED Turkey Seminars), 14 December 2018, <a href=\"http:\/\/blog.metu.edu.tr\/atemizel\/2019\/01\/09\/deep-learning-in-computer-vision-seminar-video-recording-ieee-ap-mtt-emc-ed-turkey-seminars\">Video Recording of the Seminar<\/a>.<\/li>\n<li><a class=\"hoverZoomLink\" href=\"https:\/\/blog.metu.edu.tr\/atemizel\/files\/2018\/09\/Pic2.png\">Deep Learning Fundamentals For Computer Vision<\/a>, Bilgi Teknolojileri ve \u0130leti\u015fim Kurumu &#8211; BTK &#8211; ICT, 26 September 2018.<\/li>\n<li><a class=\"hoverZoomLink\" href=\"https:\/\/blog.metu.edu.tr\/atemizel\/files\/2018\/09\/Workshop1_22092018jpeg.jpeg\">Deep Learning Fundamentals For Computer Vision<\/a>, METU, 22 September 2018.<\/li>\n<li>Deep Learning Fundamentals Workshop, University of Ljubljana-Slovenia, 8 Jan. 2018<\/li>\n<li>CUDA and GPU Programming Workshop, Aselsan, 25-27 June 2018<\/li>\n<li>Deep Learning in Computer Vision,\u00a0METU-Turkey, 13 Apr. 2018<\/li>\n<li>First-Person Activity Recognition using Video and Audio Features, University of Ljubljana-Slovenia, 9 Jan. 2018<\/li>\n<li>Deep Learning Fundamentals Workshop, University of Ljubljana-Slovenia, 8 Jan. 2018<\/li>\n<li>CUDA and GPU Programming Workshop, Khalifa University-UAE, 4-7 Dec. 2017<\/li>\n<li>Deep Learning Fundamentals Workshop, Bilkent University-Turkey, 19 November 2017<\/li>\n<li>Deep Learning Fundamentals Workshop, METU-Turkey, 20 October 2017<\/li>\n<li>Invited Speaker for EUSIPCO satellite workshop- <a href=\"http:\/\/iwcim.itu.edu.tr\/index.html\">International Workshop on Computational Intelligence for Multimedia Understanding (IWCIM)<\/a>, Kos Island-Greece, 2 Sept 2017.<\/li>\n<li><span style=\"font-weight: 400\">Multimodal Egocentric Activity Recognition, ISCTE, Lisbon-Portugal, 10 July 2017.<\/span><\/li>\n<li>Multimodal Egocentric Activity Recognition, University of Bristol-UK, 7 Feb 2017.<\/li>\n<li>Multimodal First-Person Activity Recognition and Summarization, University of Birmingham-UK, 18 May 2016<\/li>\n<li>Intermediate-Advanced GPU Programming Seminar, 4-5 Dec. 2014. <a href=\"https:\/\/www.dropbox.com\/sh\/e6obdq5dhh5kcor\/AACOt0L0I3V3snm6uIQXgQWma\">seminar slides<\/a><\/li>\n<li>GPU Programming and Optimization, Microsoft, Lisbon-Portugal, 15 July 2014.<\/li>\n<li>Advanced GPU Programming Seminar, 29 Apr. 2014.<\/li>\n<li>Advanced GPU Programming Seminar, 23-25 Oct. 2013.<\/li>\n<li>Introduction to General Purpose GPU Programming, 25 Feb. 2011.<\/li>\n<\/ul>\n","protected":false},"excerpt":{"rendered":"<p>Conference Organisation, Expert Evaluation and Reviewing Expert Evaluator &#8211; JIMCO Technology Ventures, 2022- EU EUREKA program expert evaluator, 2011- EU H2020 program expert evaluator, 2016, 2017. Area Chair (Design and Implementation of Signal Processing Systems Track) of European Signal Processing Conference (EUSIPCO) 2015. Organizing member of IEEE Sig. Proc. Society Summer School on Game Audio, [&hellip;]<\/p>\n","protected":false},"author":2096,"featured_media":0,"parent":0,"menu_order":0,"comment_status":"closed","ping_status":"closed","template":"","meta":{"footnotes":"","_links_to":"","_links_to_target":""},"class_list":["post-11","page","type-page","status-publish","hentry"],"_links":{"self":[{"href":"https:\/\/blog.metu.edu.tr\/atemizel\/wp-json\/wp\/v2\/pages\/11","targetHints":{"allow":["GET"]}}],"collection":[{"href":"https:\/\/blog.metu.edu.tr\/atemizel\/wp-json\/wp\/v2\/pages"}],"about":[{"href":"https:\/\/blog.metu.edu.tr\/atemizel\/wp-json\/wp\/v2\/types\/page"}],"author":[{"embeddable":true,"href":"https:\/\/blog.metu.edu.tr\/atemizel\/wp-json\/wp\/v2\/users\/2096"}],"replies":[{"embeddable":true,"href":"https:\/\/blog.metu.edu.tr\/atemizel\/wp-json\/wp\/v2\/comments?post=11"}],"version-history":[{"count":0,"href":"https:\/\/blog.metu.edu.tr\/atemizel\/wp-json\/wp\/v2\/pages\/11\/revisions"}],"wp:attachment":[{"href":"https:\/\/blog.metu.edu.tr\/atemizel\/wp-json\/wp\/v2\/media?parent=11"}],"curies":[{"name":"wp","href":"https:\/\/api.w.org\/{rel}","templated":true}]}}