{"id":2,"date":"2010-02-19T10:41:21","date_gmt":"2010-02-19T08:41:21","guid":{"rendered":"http:\/\/blog.metu.edu.tr\/aslanbas\/hakkinda\/"},"modified":"2010-02-19T10:41:21","modified_gmt":"2010-02-19T08:41:21","slug":"hakkinda","status":"publish","type":"page","link":"https:\/\/blog.metu.edu.tr\/aslanbas\/hakkinda\/","title":{"rendered":"Hakk\u0131nda"},"content":{"rendered":"<p><img loading=\"lazy\" decoding=\"async\" class=\"alignnone size-full wp-image-8\" src=\"http:\/\/blog.metu.edu.tr\/aslanbas\/files\/2010\/02\/thumbnail32.jpg\" alt=\"thumbnail[3]\" width=\"96\" height=\"56\" \/>yabanc\u0131 Diller Y\u00fcksek Okulu temel ingilizce b\u00f6lumu<\/p>\n","protected":false},"excerpt":{"rendered":"<p>yabanc\u0131 Diller Y\u00fcksek Okulu temel ingilizce b\u00f6lumu<\/p>\n","protected":false},"author":17,"featured_media":0,"parent":0,"menu_order":0,"comment_status":"open","ping_status":"open","template":"","meta":{"footnotes":"","_links_to":"","_links_to_target":""},"class_list":["post-2","page","type-page","status-publish","hentry"],"_links":{"self":[{"href":"https:\/\/blog.metu.edu.tr\/aslanbas\/wp-json\/wp\/v2\/pages\/2","targetHints":{"allow":["GET"]}}],"collection":[{"href":"https:\/\/blog.metu.edu.tr\/aslanbas\/wp-json\/wp\/v2\/pages"}],"about":[{"href":"https:\/\/blog.metu.edu.tr\/aslanbas\/wp-json\/wp\/v2\/types\/page"}],"author":[{"embeddable":true,"href":"https:\/\/blog.metu.edu.tr\/aslanbas\/wp-json\/wp\/v2\/users\/17"}],"replies":[{"embeddable":true,"href":"https:\/\/blog.metu.edu.tr\/aslanbas\/wp-json\/wp\/v2\/comments?post=2"}],"version-history":[{"count":0,"href":"https:\/\/blog.metu.edu.tr\/aslanbas\/wp-json\/wp\/v2\/pages\/2\/revisions"}],"wp:attachment":[{"href":"https:\/\/blog.metu.edu.tr\/aslanbas\/wp-json\/wp\/v2\/media?parent=2"}],"curies":[{"name":"wp","href":"https:\/\/api.w.org\/{rel}","templated":true}]}}